{"id":1148,"date":"2017-01-31T12:19:32","date_gmt":"2017-01-31T11:19:32","guid":{"rendered":"http:\/\/neuro-spine-center.com.w0158a2a.kasserver.com\/nsc\/?page_id=1148"},"modified":"2019-01-08T22:58:02","modified_gmt":"2019-01-08T21:58:02","slug":"gaestebuch-2017","status":"publish","type":"page","link":"https:\/\/www.al-hami.de\/nsc\/gaestebuch-2017\/","title":{"rendered":"G\u00e4stebuch 2017"},"content":{"rendered":"<div id='av-layout-grid-1' class='av-layout-grid-container entry-content-wrapper main_color av-flex-cells    avia-builder-el-0  el_before_av_section  avia-builder-el-first  container_wrap sidebar_right' style=' '  >\n<div class=\"flex_cell no_margin av_one_half  avia-builder-el-1  el_before_av_cell_one_half  avia-builder-el-first   avia-full-stretch av-zero-padding \" style='height:500px; min-height:500px;background:url(https:\/\/www.al-hami.de\/nsc\/wp-content\/uploads\/wissenswertes.jpg) top left no-repeat scroll; vertical-align:middle; padding:0px; background-color:#19839a; '><div class='flex_cell_inner' ><\/div><\/div><div class=\"flex_cell no_margin av_one_half  avia-builder-el-2  el_after_av_cell_one_half  avia-builder-el-last   \" style='height:500px; min-height:500px;vertical-align:middle; padding:80px; background-color:#19839a; '><div class='flex_cell_inner' ><p><div style='padding-bottom:25px; color:#ffffff;font-size:34px;' class='av-special-heading av-special-heading-h3 custom-color-heading blockquote modern-quote  avia-builder-el-3  el_before_av_textblock  avia-builder-el-first  av-inherit-size '><h3 class='av-special-heading-tag '  itemprop=\"headline\"  >G\u00e4stebuch 2017<\/h3><div class='special-heading-border'><div class='special-heading-inner-border' style='border-color:#ffffff'><\/div><\/div><\/div><br \/>\n<section class=\"av_textblock_section \"  itemscope=\"itemscope\" itemtype=\"https:\/\/schema.org\/CreativeWork\" ><div class='avia_textblock  av_inherit_color '  style='color:#ffffff; '  itemprop=\"text\" ><p>Wir bedanken uns bei allen Patienten f\u00fcr das entgegengesetzte Vertrauen. Ihre Gesundheit und Ihr Wohlbefinden ist der wahre Lohn unserer Arbeit.<\/p>\n<\/div><\/section><\/p>\n<\/div><\/div><\/div><div id='av_section_1' class='avia-section main_color avia-section-huge avia-no-border-styling avia-bg-style-scroll  avia-builder-el-5  el_after_av_layout_row  el_before_av_textblock   container_wrap sidebar_right' style=' '  ><div class='container' ><div class='template-page content  av-content-small alpha units'><div class='post-entry post-entry-type-page post-entry-1148'><div class='entry-content-wrapper clearfix'>\n<div class='flex_column_table av-equal-height-column-flextable -flextable' style='margin-top:-200px; margin-bottom:0px; '><div class=\"flex_column av_one_third  no_margin flex_column_table_cell av-equal-height-column av-align-top first  avia-builder-el-6  el_before_av_one_third  avia-builder-el-first  \" style='padding:40px; border-radius:0px; '><\/div><div class=\"flex_column av_one_third  no_margin flex_column_table_cell av-equal-height-column av-align-top   avia-builder-el-7  el_after_av_one_third  el_before_av_one_third  \" style='padding:40px; background-color:#27a1bc; border-radius:0px; '><p><span class=\"av_font_icon avia_animate_when_visible avia-icon-animate  av-icon-style-  avia-icon-pos-center \" style=\"color:#ffffff; border-color:#ffffff;\"><span class='av-icon-char' style='font-size:60px;line-height:60px;' aria-hidden='true' data-av_icon='\ue836' data-av_iconfont='entypo-fontello' ><\/span><\/span><br \/>\n<div style='height:20px' class='hr hr-invisible   avia-builder-el-9  el_after_av_font_icon  el_before_av_textblock '><span class='hr-inner ' ><span class='hr-inner-style'><\/span><\/span><\/div><br \/>\n<section class=\"av_textblock_section \"  itemscope=\"itemscope\" itemtype=\"https:\/\/schema.org\/CreativeWork\" ><div class='avia_textblock  av_inherit_color '  style='color:#ffffff; '  itemprop=\"text\" ><h4 style=\"text-align: center;\">Sie haben das Wort<\/h4>\n<p style=\"text-align: center;\">Haben Sie Anregungen, Vorschl\u00e4ge, W\u00fcnsche, Lob aber auch Kritik, so w\u00fcrden wir uns \u00fcber einen Eintrag in unser G\u00e4stebuch freuen. Nur so haben wir die M\u00f6glichkeit uns stetig, zum Wohle der Patienten, zu verbessern.<\/p>\n<\/div><\/section><\/p><\/div><div class=\"flex_column av_one_third  no_margin flex_column_table_cell av-equal-height-column av-align-top   avia-builder-el-11  el_after_av_one_third  el_before_av_hr  \" style='padding:40px; border-radius:0px; '><\/div><\/div><!--close column table wrapper. Autoclose: 1 --><div style='height:20px' class='hr hr-invisible   avia-builder-el-12  el_after_av_one_third  el_before_av_textblock '><span class='hr-inner ' ><span class='hr-inner-style'><\/span><\/span><\/div>\n<section class=\"av_textblock_section \"  itemscope=\"itemscope\" itemtype=\"https:\/\/schema.org\/CreativeWork\" ><div class='avia_textblock  '   itemprop=\"text\" ><p>Unter folgenden Links finden Sie die G\u00e4steb\u00fccher aus den vergangenen Jahren:<br \/>\n<a href=\"\/nsc\/gaestebuch-2019\/\" target=\"_self\">2019<\/a> |<a href=\"\/nsc\/gaestebuch-2018\/\" target=\"_self\">2018<\/a> | <a href=\"\/nsc\/gaestebuch-2017\/\" target=\"_self\">2017<\/a> | <a href=\"\/nsc\/gaestebuch-2016\/\" target=\"_self\">2016<\/a> | <a href=\"\/nsc\/gaestebuch-2015\/\" target=\"_self\">2015<\/a> | <a href=\"\/nsc\/gaestebuch-2014\/\" target=\"_self\">2014<\/a> | <a href=\"\/nsc\/gaestebuch-2013\/\" target=\"_self\">2013<\/a> | <a href=\"\/nsc\/gaestebuch-2012\/\" target=\"_self\">2012<\/a> | <a href=\"\/nsc\/gaestebuch-2011\/\" target=\"_self\">2011<\/a> | <a href=\"\/nsc\/gaestebuch-2010\/\" target=\"_self\">2010<\/a> | <a href=\"\/nsc\/gaestebuch-2009\/\" target=\"_self\">2009<\/a> | <a href=\"\/nsc\/gaestebuch-2008\/\" target=\"_self\">2008<\/a> | <a href=\"\/nsc\/gaestebuch-2007\/\" target=\"_self\">2007<\/a> | <a href=\"\/nsc\/gaestebuch-2006\/\" target=\"_self\">2006<\/a> | <a href=\"\/nsc\/gaestebuch-2005\/\" target=\"_self\">2005<\/a><\/p>\n<\/div><\/section>\n<\/div><\/div><\/div><!-- close content main div --><\/div><\/div><div id='after_section_1' class='main_color av_default_container_wrap container_wrap sidebar_right' style=' '  ><div class='container' ><div class='template-page content  av-content-small alpha units'><div class='post-entry post-entry-type-page post-entry-1148'><div class='entry-content-wrapper clearfix'><\/p>\n<section class=\"av_textblock_section \"  itemscope=\"itemscope\" itemtype=\"https:\/\/schema.org\/CreativeWork\" ><div class='avia_textblock  '   itemprop=\"text\" ><div class=\"gwolle-gb\"><div class=\"gwolle_gb_messages_top_container\"><\/div>\n\t\t\t<div class=\"gwolle-gb-write-button\">\n\t\t\t\t<input type=\"button\" name=\"gwolle-gb-write-button\" class=\"button btn btn-default \" value=\"&raquo; Neuen Eintrag schreiben\" \/>\n\t\t\t<\/div>\n\t\t\t<form action=\"#\" method=\"POST\" class=\"gwolle-gb-write gwolle-gb-hide gwolle-gb-float gwolle_gb_form_ajax gwolle-gb-form-ajax\">\n\t\t\t\t<h3>Einen neuen Eintrag f\u00fcr das G\u00e4stebuch schreiben<\/h3>\n\t\t\t\t<button type=\"button\" class=\"gb-notice-dismiss\">x<span class=\"screen-reader-text\">Dieses Formular ausblenden<\/span><\/button>\n\t\t\t\n\t\t\t\t<input type=\"hidden\" name=\"gwolle_gb_function\" class=\"gwolle_gb_function\" value=\"add_entry\" \/><input type=\"hidden\" name=\"gwolle_gb_book_id\" class=\"gwolle_gb_book_id\" value=\"13\" \/><div class=\"gwolle_gb_605d611dd0599d223844f0f164db1eda\">\n\t\t\t\t<div class=\"label\"><label for=\"gwolle_gb_605d611dd0599d223844f0f164db1eda\" class=\"text-info\">Name *<\/label><\/div>\n\t\t\t\t<div class=\"input\"><input class=\"wp-exclude-emoji gwolle_gb_605d611dd0599d223844f0f164db1eda\" value=\"\" type=\"text\" name=\"gwolle_gb_605d611dd0599d223844f0f164db1eda\" required \/><\/div>\n\t\t\t<\/div>\n\t\t\t<div class=\"clearBoth\">&nbsp;<\/div><div class=\"gwolle_gb_7ccaca6cccbcb6a41595626e43f4fa9b\">\n\t\t\t\t\t<div class=\"label\"><label for=\"gwolle_gb_7ccaca6cccbcb6a41595626e43f4fa9b\" class=\"text-info\">Ort<\/label><\/div>\n\t\t\t\t\t<div class=\"input\"><input class=\"wp-exclude-emoji gwolle_gb_7ccaca6cccbcb6a41595626e43f4fa9b\" value=\"\" type=\"text\" name=\"gwolle_gb_7ccaca6cccbcb6a41595626e43f4fa9b\" \/><\/div>\n\t\t\t\t<\/div>\n\t\t\t\t<div class=\"clearBoth\">&nbsp;<\/div><div class=\"gwolle_gb_8352e5b37d35a09d5ea56b0b087016e5\">\n\t\t\t\t<div class=\"label\"><label for=\"gwolle_gb_8352e5b37d35a09d5ea56b0b087016e5\" class=\"text-info\">E-Mail *<\/label><\/div>\n\t\t\t\t<div class=\"input\"><input class=\"gwolle_gb_8352e5b37d35a09d5ea56b0b087016e5\" value=\"\" type=\"text\" name=\"gwolle_gb_8352e5b37d35a09d5ea56b0b087016e5\" required \/><\/div>\n\t\t\t<\/div>\n\t\t\t<div class=\"clearBoth\">&nbsp;<\/div><div class=\"gwolle_gb_725fb5b81fdab6b2c212b9970dc16a5b\">\n\t\t\t\t<div class=\"label\"><label for=\"gwolle_gb_725fb5b81fdab6b2c212b9970dc16a5b\" class=\"text-info\">Website<\/label><\/div>\n\t\t\t\t<div class=\"input\"><input class=\"gwolle_gb_725fb5b81fdab6b2c212b9970dc16a5b\" value=\"\" type=\"text\" name=\"gwolle_gb_725fb5b81fdab6b2c212b9970dc16a5b\" \/><\/div>\n\t\t\t<\/div>\n\t\t\t<div class=\"clearBoth\">&nbsp;<\/div>\n\t\t\t<div class=\"gwolle_gb_eebab8d4ae5112a2b4f082beec77b3ef\" style=\"display:none;\">\n\t\t\t\t<div class=\"label\">\n\t\t\t\t\t<label for=\"gwolle_gb_eebab8d4ae5112a2b4f082beec77b3ef\" class=\"text-primary\">Hier nichts eingeben<\/label>\n\t\t\t\t\t<label for=\"gwolle_gb_cc138dedda8871225ec2cdb9e0b91f08\" class=\"text-primary\">Hier nichts eingeben<\/label>\n\t\t\t\t<\/div>\n\t\t\t\t<div class=\"input\">\n\t\t\t\t\t<input value=\"63\" type=\"text\" name=\"gwolle_gb_eebab8d4ae5112a2b4f082beec77b3ef\" class=\"gwolle_gb_eebab8d4ae5112a2b4f082beec77b3ef\" \/>\n\t\t\t\t\t<input value=\"\" type=\"text\" name=\"gwolle_gb_cc138dedda8871225ec2cdb9e0b91f08\" class=\"gwolle_gb_cc138dedda8871225ec2cdb9e0b91f08\" \/>\n\t\t\t\t<\/div>\n\t\t\t<\/div>\n\t\t\t<div class=\"clearBoth\"><\/div>\n\t\t\t<div class=\"gwolle_gb_c15124ca096a531079f1de0cb7b38cf7\" style=\"display:none;\">\n\t\t\t\t<div class=\"label\">\n\t\t\t\t\t<label for=\"gwolle_gb_c15124ca096a531079f1de0cb7b38cf7\" class=\"text-primary\">Hier nichts eingeben<\/label>\n\t\t\t\t\t<label for=\"gwolle_gb_a1df69a0a56924a6b022b82d59fe4667\" class=\"text-primary\">Hier nichts eingeben<\/label>\n\t\t\t\t<\/div>\n\t\t\t\t<div class=\"input\">\n\t\t\t\t\t<input value=\"59257\" type=\"text\" name=\"gwolle_gb_c15124ca096a531079f1de0cb7b38cf7\" class=\"gwolle_gb_c15124ca096a531079f1de0cb7b38cf7\" \/>\n\t\t\t\t\t<input value=\"59257\" type=\"text\" name=\"gwolle_gb_a1df69a0a56924a6b022b82d59fe4667\" class=\"gwolle_gb_a1df69a0a56924a6b022b82d59fe4667\" \/>\n\t\t\t\t<\/div>\n\t\t\t<\/div>\n\t\t\t<div class=\"clearBoth\"><\/div><div class=\"gwolle_gb_content\">\n\t\t\t\t<div class=\"label\"><label for=\"gwolle_gb_content\" class=\"text-info\">G\u00e4stebucheintrag *<\/label><\/div>\n\t\t\t\t<div class=\"input\"><textarea name=\"gwolle_gb_content\" class=\"gwolle_gb_content wp-exclude-emoji\" required ><\/textarea><\/div>\n\t\t\t\t<\/div>\n\t\t\t<div class=\"clearBoth\">&nbsp;<\/div><input type=\"hidden\" class=\"gwolle_gb_e39eedcb076580731e85ab862f9cec48\" name=\"gwolle_gb_e39eedcb076580731e85ab862f9cec48\" value=\"7731f8ece0\" \/>\n\t\t\t<div class=\"gwolle_gb_messages_bottom_container\"><\/div>\n\n\t\t\t<noscript><div class=\"no-js\">Warnung: Dieses Formular kann nur verwendet werden, wenn in deinem Browser JavaScript aktiviert ist.<\/div><\/noscript>\n\n\t\t\t<div class=\"gwolle_gb_submit\">\n\t\t\t\t<div class=\"label gwolle-gb-invisible text-muted\">&nbsp;<\/div>\n\t\t\t\t<div class=\"input\">\n\t\t\t\t\t<input type=\"submit\" name=\"gwolle_gb_submit\" class=\"gwolle_gb_submit button btn btn-primary \" value=\"Absenden\" \/>\n\t\t\t\t\t<span class=\"gwolle_gb_submit_ajax_icon\"><\/span>\n\t\t\t\n\t\t\t\t<\/div>\n\t\t\t<\/div>\n\t\t\t<div class=\"clearBoth\">&nbsp;<\/div>\n\n\t\t\t<div class=\"gwolle_gb_notice\">\n\t\t\t\tMit * gekennzeichnete Felder sind erforderlich.<br \/>\r\nDeine E-Mail-Adresse wird nicht ver\u00f6ffentlicht.<br \/>\r\nEs ist m\u00f6glich, dass dein Eintrag im G\u00e4stebuch erst sichtbar ist, nachdem wir ihn \u00fcberpr\u00fcft haben.<br \/>\r\nWir behalten uns vor, Eintr\u00e4ge zu bearbeiten, zu l\u00f6schen oder nicht zu ver\u00f6ffentlichen.\n\t\t\t<\/div><\/form>\n\t\t\t\t<div class=\"page-navigation\">\n\t\t\t\t\t<span class=\"screen-reader-text\">Guestbook list navigation<\/span><span class=\"page-numbers current\">1<\/span><a href=\"https:\/\/www.al-hami.de\/nsc\/gaestebuch-2017\/?pageNum=2\" title=\"Seite 2\">2<\/a><a href=\"https:\/\/www.al-hami.de\/nsc\/gaestebuch-2017\/?pageNum=3\" title=\"Seite 3\">3<\/a><a href=\"https:\/\/www.al-hami.de\/nsc\/gaestebuch-2017\/?pageNum=4\" title=\"Seite 4\">4<\/a><a href=\"https:\/\/www.al-hami.de\/nsc\/gaestebuch-2017\/?pageNum=5\" title=\"Seite 5\">5<\/a><span class=\"page-numbers dots\">...<\/span><a href=\"https:\/\/www.al-hami.de\/nsc\/gaestebuch-2017\/?pageNum=8\" title=\"Seite 8\">8<\/a><a href=\"https:\/\/www.al-hami.de\/nsc\/gaestebuch-2017\/?pageNum=2\" title=\"N\u00e4chste Seite\" rel=\"next\">&rarr;<\/a><\/div>\n\t\t<div class=\"gwolle-gb-read \" data-book_id=\"13\"><div id=\"gwolle-gb-total\">154 Eintr\u00e4ge<\/div><!-- Gwolle-GB Entry: Custom Template Loaded -->\n\t\t\t\t<div class=\"gb-entry gb-entry_9228 gb-entry-count_1 gwolle_gb_uneven gwolle-gb-uneven gwolle_gb_first gwolle-gb-first\">\n\t\t\t\t\t<div class=\"gb-author-info\">\n\t\t\t\t\t<\/div>\n\t\t\t\t\t<div class=\"gb-entry-content\">&bdquo;Ich bin total \u00fcberw\u00e4ltigt. Der Aufenthalt wurde mir sehr angenehm gemacht. Top \u00c4rzte, Top-Team, Top-Ambiente! Verpflegung ***** Niveau. Es ist ein Mund-um-Sorglos-Paket! Man denkt ja immer Krankenhaus, oh Gott. Aber diese Klinik ist Spitze. Es wird sich noch Zeit f\u00fcr die Patienten genommen. Ich w\u00fcnsche Ihrem Team alles Liebe. Bleiben Sie gesund.<span>&rdquo; , 21.12.2017<\/span>\n\t\t\t\t\t<\/div>\n\t\t\t<\/div>\n\t\t\t<div class=\"gb-entry gb-entry_9227 gb-entry-count_2 gwolle_gb_even gwolle-gb-even\">\n\t\t\t\t\t<div class=\"gb-author-info\">\n\t\t\t\t\t<\/div>\n\t\t\t\t\t<div class=\"gb-entry-content\">&bdquo;Danke f\u00fcr die tolle Betreuung und Pflege!<span>&rdquo; , 21.12.2017<\/span>\n\t\t\t\t\t<\/div>\n\t\t\t<\/div>\n\t\t\t<div class=\"gb-entry gb-entry_9226 gb-entry-count_3 gwolle_gb_uneven gwolle-gb-uneven\">\n\t\t\t\t\t<div class=\"gb-author-info\">\n\t\t\t\t\t<\/div>\n\t\t\t\t\t<div class=\"gb-entry-content\">&bdquo;Es gibt keine Verbesserungsvorschl\u00e4ge, weil alles Top ist! Es ist alles sehr gut organisiert. Das Personal sehr freundlich und hilfsbereit. Habe mich sehr wohl gef\u00fchlt.<span>&rdquo; , 21.12.2017<\/span>\n\t\t\t\t\t<\/div>\n\t\t\t<\/div>\n\t\t\t<div class=\"gb-entry gb-entry_9225 gb-entry-count_4 gwolle_gb_even gwolle-gb-even\">\n\t\t\t\t\t<div class=\"gb-author-info\">\n\t\t\t\t\t<\/div>\n\t\t\t\t\t<div class=\"gb-entry-content\">&bdquo;Dieses Jahr war ich das 2. Mal zu einer Lendenwirbels\u00e4ulen OP in dem Neuro-Spine-Center Fulda. Ich war noch nie in einem so gut organisierten, sauberen und insgesamt freundlichen Krankenhaus. Ich bin auf einer Empfehlung einer Freundin hierher gekommen, wof\u00fcr ich Ihr sehr dankbar war und bin. Auch ich kann diese Klinik weiterempfehlen. Den \u00c4rzten und dem Pflegepersonal meine Hochachtung und allerbesten Dank!<span>&rdquo; , 21.12.2017<\/span>\n\t\t\t\t\t<\/div>\n\t\t\t<\/div>\n\t\t\t<div class=\"gb-entry gb-entry_9224 gb-entry-count_5 gwolle_gb_uneven gwolle-gb-uneven\">\n\t\t\t\t\t<div class=\"gb-author-info\">\n\t\t\t\t\t<\/div>\n\t\t\t\t\t<div class=\"gb-entry-content\">&bdquo;Sehr gut!! Man f\u00fchlt sich vom ersten Moment gut aufgehoben. Das ganze Personal super freundlich.<span>&rdquo; , 21.12.2017<\/span>\n\t\t\t\t\t<\/div>\n\t\t\t<\/div>\n\t\t\t<div class=\"gb-entry gb-entry_9223 gb-entry-count_6 gwolle_gb_even gwolle-gb-even\">\n\t\t\t\t\t<div class=\"gb-author-info\">\n\t\t\t\t\t<\/div>\n\t\t\t\t\t<div class=\"gb-entry-content\">&bdquo;Das Personal und die \u00c4rzte sind super lieb zuvorkommend. Der Aufenthalt war super hier. Bitte bleibt wie ihr seid. Es war sehr sch\u00f6n hier. Danke f\u00fcr die Zeit.<span>&rdquo; , 21.12.2017<\/span>\n\t\t\t\t\t<\/div>\n\t\t\t<\/div>\n\t\t\t<div class=\"gb-entry gb-entry_9222 gb-entry-count_7 gwolle_gb_uneven gwolle-gb-uneven\">\n\t\t\t\t\t<div class=\"gb-author-info\">\n\t\t\t\t\t<\/div>\n\t\t\t\t\t<div class=\"gb-entry-content\">&bdquo;Zimmer nicht optimal!<span>&rdquo; , 21.12.2017<\/span>\n\t\t\t\t\t<\/div>\n\t\t\t<\/div>\n\t\t\t<div class=\"gb-entry gb-entry_9221 gb-entry-count_8 gwolle_gb_even gwolle-gb-even\">\n\t\t\t\t\t<div class=\"gb-author-info\">\n\t\t\t\t\t<\/div>\n\t\t\t\t\t<div class=\"gb-entry-content\">&bdquo;Es gibt absolut nichts negatives zu berichten. Alles von der Sprechstunde bis zur Entlassung, sowie die Freundlichkeit des Personals. Sehr gut! Ich kann die Klinik nur weiterempfehlen.<span>&rdquo; , 21.12.2017<\/span>\n\t\t\t\t\t<\/div>\n\t\t\t<\/div>\n\t\t\t<div class=\"gb-entry gb-entry_9220 gb-entry-count_9 gwolle_gb_uneven gwolle-gb-uneven\">\n\t\t\t\t\t<div class=\"gb-author-info\">\n\t\t\t\t\t<\/div>\n\t\t\t\t\t<div class=\"gb-entry-content\">&bdquo;Ich bin sehr zufrieden, sonst w\u00e4re ich nicht schon das sechste Mal hier operiert worden. Alles Spitze!<span>&rdquo; , 21.12.2017<\/span>\n\t\t\t\t\t<\/div>\n\t\t\t<\/div>\n\t\t\t<div class=\"gb-entry gb-entry_9218 gb-entry-count_10 gwolle_gb_even gwolle-gb-even\">\n\t\t\t\t\t<div class=\"gb-author-info\">\n\t\t\t\t\t<\/div>\n\t\t\t\t\t<div class=\"gb-entry-content\">&bdquo;In Ihrer Klinik habe ich mich sehr wohl gef\u00fchlt. Die \u00e4rztliche und pflegerische Versorgung war optimal!<span>&rdquo; , 20.12.2017<\/span>\n\t\t\t\t\t<\/div>\n\t\t\t<\/div>\n\t\t\t<div class=\"gb-entry gb-entry_9217 gb-entry-count_11 gwolle_gb_uneven gwolle-gb-uneven\">\n\t\t\t\t\t<div class=\"gb-author-info\">\n\t\t\t\t\t<\/div>\n\t\t\t\t\t<div class=\"gb-entry-content\">&bdquo;Ich bin rundum Zufrieden und w\u00fcrde jederzeit wieder kommen.<span>&rdquo; , 20.12.2017<\/span>\n\t\t\t\t\t<\/div>\n\t\t\t<\/div>\n\t\t\t<div class=\"gb-entry gb-entry_9216 gb-entry-count_12 gwolle_gb_even gwolle-gb-even\">\n\t\t\t\t\t<div class=\"gb-author-info\">\n\t\t\t\t\t<\/div>\n\t\t\t\t\t<div class=\"gb-entry-content\">&bdquo;Im Rahmen der Gewinnausrichtung in anderen H\u00e4usern ist NSC eine Insel der Menschheit und Kompetenz. Gerne wieder. Macht weiter so! Vielen Dank!<span>&rdquo; , 20.12.2017<\/span>\n\t\t\t\t\t<\/div>\n\t\t\t<\/div>\n\t\t\t<div class=\"gb-entry gb-entry_9215 gb-entry-count_13 gwolle_gb_uneven gwolle-gb-uneven\">\n\t\t\t\t\t<div class=\"gb-author-info\">\n\t\t\t\t\t<\/div>\n\t\t\t\t\t<div class=\"gb-entry-content\">&bdquo;Gerade weil es eine OP war, f\u00fchlte ich mich sehr wohl und sehr gut aufgehoben. Die \u00c4rzte und das Stationspersonal sind durch weg freundlich. Es wird alles gut verst\u00e4ndlich erkl\u00e4rt und man kommt sich nicht als l\u00e4stigen Patient vor. Behaltet alles so bei wie es ist! Ganz Toll und Danke f\u00fcr alles.<span>&rdquo; , 20.12.2017<\/span>\n\t\t\t\t\t<\/div>\n\t\t\t<\/div>\n\t\t\t<div class=\"gb-entry gb-entry_9214 gb-entry-count_14 gwolle_gb_even gwolle-gb-even\">\n\t\t\t\t\t<div class=\"gb-author-info\">\n\t\t\t\t\t<\/div>\n\t\t\t\t\t<div class=\"gb-entry-content\">&bdquo;Wenn es ein Hotel w\u00e4re, w\u00fcrde ich es wieder buchen. Alles Super. Die Praxis wird mich auf jeden Fall so schnell nicht los, wenn ich wieder was haben sollte.<span>&rdquo; , 20.12.2017<\/span>\n\t\t\t\t\t<\/div>\n\t\t\t<\/div>\n\t\t\t<div class=\"gb-entry gb-entry_9213 gb-entry-count_15 gwolle_gb_uneven gwolle-gb-uneven\">\n\t\t\t\t\t<div class=\"gb-author-info\">\n\t\t\t\t\t<\/div>\n\t\t\t\t\t<div class=\"gb-entry-content\">&bdquo;Hier wird man wie ein Mensch und nicht wie eine Nummer behandelt! \r\nDies ist in der heutigen Zeit leider viel zu selten der Fall. Vielen Dank! Weiter so!<span>&rdquo; , 20.12.2017<\/span>\n\t\t\t\t\t<\/div>\n\t\t\t<\/div>\n\t\t\t<div class=\"gb-entry gb-entry_9212 gb-entry-count_16 gwolle_gb_even gwolle-gb-even\">\n\t\t\t\t\t<div class=\"gb-author-info\">\n\t\t\t\t\t<\/div>\n\t\t\t\t\t<div class=\"gb-entry-content\">&bdquo;Daumen hoch! Besser geht es schon fast nicht mehr. Ich war sehr zufrieden und werde diese Klinik gerne weiterempfehlen. 5 Sterne! Danke f\u00fcr alles.<span>&rdquo; , 20.12.2017<\/span>\n\t\t\t\t\t<\/div>\n\t\t\t<\/div>\n\t\t\t<div class=\"gb-entry gb-entry_9211 gb-entry-count_17 gwolle_gb_uneven gwolle-gb-uneven\">\n\t\t\t\t\t<div class=\"gb-author-info\">\n\t\t\t\t\t<\/div>\n\t\t\t\t\t<div class=\"gb-entry-content\">&bdquo;W\u00fcrde mich immer wieder hier operieren lassen! Bin einfach zufrieden und f\u00fchle mich hier bestens aufgehoben!<span>&rdquo; , 29.11.2017<\/span>\n\t\t\t\t\t<\/div>\n\t\t\t<\/div>\n\t\t\t<div class=\"gb-entry gb-entry_9210 gb-entry-count_18 gwolle_gb_even gwolle-gb-even\">\n\t\t\t\t\t<div class=\"gb-author-info\">\n\t\t\t\t\t<\/div>\n\t\t\t\t\t<div class=\"gb-entry-content\">&bdquo;Das Personal macht ganz tolle Arbeit<span>&rdquo; , 29.11.2017<\/span>\n\t\t\t\t\t<\/div>\n\t\t\t<\/div>\n\t\t\t<div class=\"gb-entry gb-entry_9209 gb-entry-count_19 gwolle_gb_uneven gwolle-gb-uneven\">\n\t\t\t\t\t<div class=\"gb-author-info\">\n\t\t\t\t\t<\/div>\n\t\t\t\t\t<div class=\"gb-entry-content\">&bdquo;Ich f\u00fchlte mich hier sehr gut betreut und aufgehoben. Die gro\u00dfe F\u00fcrsorge des super netten Teams sowie die Aufmerksamkeit der kompetenten Schwestern und \u00c4rzte gaben mir -  wenn auch nur in diesen 3 sch\u00f6nen Tagen meines Aufenthaltes, viel Kraft und Lebensqualit\u00e4t zur\u00fcck. Danke!!!<span>&rdquo; , 28.11.2017<\/span>\n\t\t\t\t\t<\/div>\n\t\t\t<\/div>\n\t\t\t<div class=\"gb-entry gb-entry_9208 gb-entry-count_20 gwolle_gb_even gwolle-gb-even\">\n\t\t\t\t\t<div class=\"gb-author-info\">\n\t\t\t\t\t<\/div>\n\t\t\t\t\t<div class=\"gb-entry-content\">&bdquo;Ich habe mich sehr gut aufgehoben gef\u00fchlt und werde mich zuk\u00fcnftig nur noch an das Team von Dr. Al - Hami bei Beschwerden meiner Wirbels\u00e4ule wenden.<span>&rdquo; , 28.11.2017<\/span>\n\t\t\t\t\t<\/div>\n\t\t\t<\/div>\n\t\t\t<\/div>\n\t\t\t\t<div class=\"page-navigation\">\n\t\t\t\t\t<span class=\"screen-reader-text\">Guestbook list navigation<\/span><span class=\"page-numbers current\">1<\/span><a href=\"https:\/\/www.al-hami.de\/nsc\/gaestebuch-2017\/?pageNum=2\" title=\"Seite 2\">2<\/a><a href=\"https:\/\/www.al-hami.de\/nsc\/gaestebuch-2017\/?pageNum=3\" title=\"Seite 3\">3<\/a><a href=\"https:\/\/www.al-hami.de\/nsc\/gaestebuch-2017\/?pageNum=4\" title=\"Seite 4\">4<\/a><a href=\"https:\/\/www.al-hami.de\/nsc\/gaestebuch-2017\/?pageNum=5\" title=\"Seite 5\">5<\/a><span class=\"page-numbers dots\">...<\/span><a href=\"https:\/\/www.al-hami.de\/nsc\/gaestebuch-2017\/?pageNum=8\" title=\"Seite 8\">8<\/a><a href=\"https:\/\/www.al-hami.de\/nsc\/gaestebuch-2017\/?pageNum=2\" title=\"N\u00e4chste Seite\" rel=\"next\">&rarr;<\/a><\/div>\n\t\t<\/div>\n<\/div><\/section>\n","protected":false},"excerpt":{"rendered":"","protected":false},"author":8,"featured_media":0,"parent":0,"menu_order":100,"comment_status":"closed","ping_status":"closed","template":"","meta":[],"_links":{"self":[{"href":"https:\/\/www.al-hami.de\/nsc\/wp-json\/wp\/v2\/pages\/1148"}],"collection":[{"href":"https:\/\/www.al-hami.de\/nsc\/wp-json\/wp\/v2\/pages"}],"about":[{"href":"https:\/\/www.al-hami.de\/nsc\/wp-json\/wp\/v2\/types\/page"}],"author":[{"embeddable":true,"href":"https:\/\/www.al-hami.de\/nsc\/wp-json\/wp\/v2\/users\/8"}],"replies":[{"embeddable":true,"href":"https:\/\/www.al-hami.de\/nsc\/wp-json\/wp\/v2\/comments?post=1148"}],"version-history":[{"count":23,"href":"https:\/\/www.al-hami.de\/nsc\/wp-json\/wp\/v2\/pages\/1148\/revisions"}],"predecessor-version":[{"id":4812,"href":"https:\/\/www.al-hami.de\/nsc\/wp-json\/wp\/v2\/pages\/1148\/revisions\/4812"}],"wp:attachment":[{"href":"https:\/\/www.al-hami.de\/nsc\/wp-json\/wp\/v2\/media?parent=1148"}],"curies":[{"name":"wp","href":"https:\/\/api.w.org\/{rel}","templated":true}]}}