{"id":1162,"date":"2017-01-31T13:13:45","date_gmt":"2017-01-31T12:13:45","guid":{"rendered":"http:\/\/neuro-spine-center.com.w0158a2a.kasserver.com\/nsc\/?page_id=1162"},"modified":"2019-01-08T22:56:48","modified_gmt":"2019-01-08T21:56:48","slug":"gaestebuch-2016","status":"publish","type":"page","link":"https:\/\/www.al-hami.de\/nsc\/gaestebuch-2016\/","title":{"rendered":"G\u00e4stebuch 2016"},"content":{"rendered":"<div id='av-layout-grid-1' class='av-layout-grid-container entry-content-wrapper main_color av-flex-cells    avia-builder-el-0  el_before_av_section  avia-builder-el-first  container_wrap sidebar_right' style=' '  >\n<div class=\"flex_cell no_margin av_one_half  avia-builder-el-1  el_before_av_cell_one_half  avia-builder-el-first   avia-full-stretch av-zero-padding \" style='height:500px; min-height:500px;background:url(https:\/\/www.al-hami.de\/nsc\/wp-content\/uploads\/wissenswertes.jpg) top left no-repeat scroll; vertical-align:middle; padding:0px; background-color:#19839a; '><div class='flex_cell_inner' ><\/div><\/div><div class=\"flex_cell no_margin av_one_half  avia-builder-el-2  el_after_av_cell_one_half  avia-builder-el-last   \" style='height:500px; min-height:500px;vertical-align:middle; padding:80px; background-color:#19839a; '><div class='flex_cell_inner' ><p><div style='padding-bottom:25px; color:#ffffff;font-size:34px;' class='av-special-heading av-special-heading-h3 custom-color-heading blockquote modern-quote  avia-builder-el-3  el_before_av_textblock  avia-builder-el-first   av-inherit-size '><h3 class='av-special-heading-tag '  itemprop=\"headline\"  >G\u00e4stebuch 2016<\/h3><div class='special-heading-border'><div class='special-heading-inner-border' style='border-color:#ffffff'><\/div><\/div><\/div><br \/>\n<section class=\"av_textblock_section \"  itemscope=\"itemscope\" itemtype=\"https:\/\/schema.org\/CreativeWork\" ><div class='avia_textblock  av_inherit_color '  style='color:#ffffff; '  itemprop=\"text\" ><p>Wir bedanken uns bei allen Patienten f\u00fcr das entgegengesetzte Vertrauen. Ihre Gesundheit und Ihr Wohlbefinden ist der wahre Lohn unserer Arbeit.<\/p>\n<\/div><\/section><\/p>\n<\/div><\/div>\n<\/div>\n<div id='av_section_1' class='avia-section main_color avia-section-huge avia-no-border-styling avia-bg-style-scroll  avia-builder-el-5  el_after_av_layout_row  el_before_av_textblock   container_wrap sidebar_right' style=' '  ><div class='container' ><div class='template-page content  av-content-small alpha units'><div class='post-entry post-entry-type-page post-entry-1162'><div class='entry-content-wrapper clearfix'>\n<div class='flex_column_table av-equal-height-column-flextable -flextable' style='margin-top:-200px; margin-bottom:0px; '><div class=\"flex_column av_one_third  no_margin flex_column_table_cell av-equal-height-column av-align-top first  avia-builder-el-6  el_before_av_one_third  avia-builder-el-first  \" style='padding:40px; border-radius:0px; '><\/div><div class=\"flex_column av_one_third  no_margin flex_column_table_cell av-equal-height-column av-align-top   avia-builder-el-7  el_after_av_one_third  el_before_av_one_third  \" style='padding:40px; background-color:#27a1bc; border-radius:0px; '><p><span class=\"av_font_icon avia_animate_when_visible avia-icon-animate  av-icon-style-  avia-icon-pos-center \" style=\"color:#ffffff; border-color:#ffffff;\"><span class='av-icon-char' style='font-size:60px;line-height:60px;' aria-hidden='true' data-av_icon='\ue836' data-av_iconfont='entypo-fontello' ><\/span><\/span><br \/>\n<div style='height:20px' class='hr hr-invisible   avia-builder-el-9  el_after_av_font_icon  el_before_av_textblock '><span class='hr-inner ' ><span class='hr-inner-style'><\/span><\/span><\/div><br \/>\n<section class=\"av_textblock_section \"  itemscope=\"itemscope\" itemtype=\"https:\/\/schema.org\/CreativeWork\" ><div class='avia_textblock  av_inherit_color '  style='color:#ffffff; '  itemprop=\"text\" ><h4 style=\"text-align: center;\">Sie haben das Wort<\/h4>\n<p style=\"text-align: center;\">Haben Sie Anregungen, Vorschl\u00e4ge, W\u00fcnsche, Lob aber auch Kritik, so w\u00fcrden wir uns \u00fcber einen Eintrag in unser G\u00e4stebuch freuen. Nur so haben wir die M\u00f6glichkeit uns stetig, zum Wohle der Patienten, zu verbessern.<\/p>\n<\/div><\/section><\/p><\/div><div class=\"flex_column av_one_third  no_margin flex_column_table_cell av-equal-height-column av-align-top   avia-builder-el-11  el_after_av_one_third  el_before_av_hr  \" style='padding:40px; border-radius:0px; '><\/div><\/div><!--close column table wrapper. Autoclose: 1 --><div style='height:20px' class='hr hr-invisible   avia-builder-el-12  el_after_av_one_third  el_before_av_textblock '><span class='hr-inner ' ><span class='hr-inner-style'><\/span><\/span><\/div>\n<section class=\"av_textblock_section \"  itemscope=\"itemscope\" itemtype=\"https:\/\/schema.org\/CreativeWork\" ><div class='avia_textblock  '   itemprop=\"text\" ><p>Unter folgenden Links finden Sie die G\u00e4steb\u00fccher aus den vergangenen Jahren:<br \/>\n<a href=\"\/nsc\/gaestebuch-2019\/\" target=\"_self\">2019<\/a> |<a href=\"\/nsc\/gaestebuch-2018\/\" target=\"_self\">2018<\/a> | <a href=\"\/nsc\/gaestebuch-2017\/\" target=\"_self\">2017<\/a> | <a href=\"\/nsc\/gaestebuch-2016\/\" target=\"_self\">2016<\/a> | <a href=\"\/nsc\/gaestebuch-2015\/\" target=\"_self\">2015<\/a> | <a href=\"\/nsc\/gaestebuch-2014\/\" target=\"_self\">2014<\/a> | <a href=\"\/nsc\/gaestebuch-2013\/\" target=\"_self\">2013<\/a> | <a href=\"\/nsc\/gaestebuch-2012\/\" target=\"_self\">2012<\/a> | <a href=\"\/nsc\/gaestebuch-2011\/\" target=\"_self\">2011<\/a> | <a href=\"\/nsc\/gaestebuch-2010\/\" target=\"_self\">2010<\/a> | <a href=\"\/nsc\/gaestebuch-2009\/\" target=\"_self\">2009<\/a> | <a href=\"\/nsc\/gaestebuch-2008\/\" target=\"_self\">2008<\/a> | <a href=\"\/nsc\/gaestebuch-2007\/\" target=\"_self\">2007<\/a> | <a href=\"\/nsc\/gaestebuch-2006\/\" target=\"_self\">2006<\/a> | <a href=\"\/nsc\/gaestebuch-2005\/\" target=\"_self\">2005<\/a><\/p>\n<\/div><\/section>\n<div style='height:1px; margin-top:-120px'  class='hr hr-invisible   avia-builder-el-14  el_after_av_textblock  avia-builder-el-last '><span class='hr-inner ' ><span class='hr-inner-style'><\/span><\/span><\/div>\n<\/div><\/div><\/div><!-- close content main div --><\/div><\/div><div id='after_section_1' class='main_color av_default_container_wrap container_wrap sidebar_right' style=' '  ><div class='container' ><div class='template-page content  av-content-small alpha units'><div class='post-entry post-entry-type-page post-entry-1162'><div class='entry-content-wrapper clearfix'><section class=\"av_textblock_section \"  itemscope=\"itemscope\" itemtype=\"https:\/\/schema.org\/CreativeWork\" ><div class='avia_textblock  '   itemprop=\"text\" ><div class=\"gwolle-gb\">\n\t\t\t\t<div class=\"page-navigation\">\n\t\t\t\t\t<span class=\"screen-reader-text\">Guestbook list navigation<\/span><span class=\"page-numbers current\">1<\/span><a href=\"https:\/\/www.al-hami.de\/nsc\/gaestebuch-2016\/?pageNum=2\" title=\"Seite 2\">2<\/a><a href=\"https:\/\/www.al-hami.de\/nsc\/gaestebuch-2016\/?pageNum=3\" title=\"Seite 3\">3<\/a><a href=\"https:\/\/www.al-hami.de\/nsc\/gaestebuch-2016\/?pageNum=4\" title=\"Seite 4\">4<\/a><a href=\"https:\/\/www.al-hami.de\/nsc\/gaestebuch-2016\/?pageNum=5\" title=\"Seite 5\">5<\/a><span class=\"page-numbers dots\">...<\/span><a href=\"https:\/\/www.al-hami.de\/nsc\/gaestebuch-2016\/?pageNum=32\" title=\"Seite 32\">32<\/a><a href=\"https:\/\/www.al-hami.de\/nsc\/gaestebuch-2016\/?pageNum=2\" title=\"N\u00e4chste Seite\" rel=\"next\">&rarr;<\/a><\/div>\n\t\t<div class=\"gwolle-gb-read \" data-book_id=\"12\"><div id=\"gwolle-gb-total\">629 Eintr\u00e4ge<\/div><!-- Gwolle-GB Entry: Custom Template Loaded -->\n\t\t\t\t<div class=\"gb-entry gb-entry_9045 gb-entry-count_1 gwolle_gb_uneven gwolle-gb-uneven gwolle_gb_first gwolle-gb-first\">\n\t\t\t\t\t<div class=\"gb-author-info\">\n\t\t\t\t\t<\/div>\n\t\t\t\t\t<div class=\"gb-entry-content\">&bdquo;Vollkommen zufrieden, egal ob im NSC oder in der Praxis!\r\nVielen Dank auch an Fr. Dr. David f\u00fcr die sehr gute Aufkl\u00e4rung!<span>&rdquo; - K\u00f6hler,C., 22.12.2016<\/span>\n\t\t\t\t\t<\/div>\n\t\t\t<\/div>\n\t\t\t<div class=\"gb-entry gb-entry_9044 gb-entry-count_2 gwolle_gb_even gwolle-gb-even\">\n\t\t\t\t\t<div class=\"gb-author-info\">\n\t\t\t\t\t<\/div>\n\t\t\t\t\t<div class=\"gb-entry-content\">&bdquo;Ich war das erste Mal im Neuro-Spine-Center. Es hat mit sehr gut gefallen. Keine Krankenhausatmosph\u00e4re. Das Personal ist sehr nett. Man wird schnell motiviert, schnell wieder aufzustehen. Ich f\u00fchlte mich recht fit und bin zwei Tage nach der OP wieder nach Hause.<span>&rdquo; - Hedrich, G., 16.12.2016<\/span>\n\t\t\t\t\t<\/div>\n\t\t\t<\/div>\n\t\t\t<div class=\"gb-entry gb-entry_9043 gb-entry-count_3 gwolle_gb_uneven gwolle-gb-uneven\">\n\t\t\t\t\t<div class=\"gb-author-info\">\n\t\t\t\t\t<\/div>\n\t\t\t\t\t<div class=\"gb-entry-content\">&bdquo;Ich habe mich hier sehr gut aufgehoben und versorgt gef\u00fchlt ! Das Pflegepersonal sowie die \u00c4rzte sind sehr zuvorkommend und nett.\r\nDie Zimmer sind sehr gro\u00df + ger\u00e4umig, jedoch bei 2-er Belegung ist es sinnvoll, f\u00fcr jeden Patienten einen Fernseher anzubringen, da die Geschm\u00e4cker bekanntlich verschieden sind + man sich nicht immer einig wird....\r\nAnsonsten bin ich sehr zufrieden gewesen + w\u00fcrde die Klink\r\nauf jeden Fall weiterempfehlen...  Alles T O P !!!<span>&rdquo; - Ralf Lotz, 13.12.2016<\/span>\n\t\t\t\t\t<\/div>\n\t\t\t<\/div>\n\t\t\t<div class=\"gb-entry gb-entry_9042 gb-entry-count_4 gwolle_gb_even gwolle-gb-even\">\n\t\t\t\t\t<div class=\"gb-author-info\">\n\t\t\t\t\t<\/div>\n\t\t\t\t\t<div class=\"gb-entry-content\">&bdquo;Bin mit allem sehr zufrieden. W\u00fcrde jederzeit wiederkommen. Kein Arzt wie hier hat mich jemals so behandelt und betreut.\r\nIch w\u00fcnsche dem gesamten Neuro-Spine-Center Dr.Al-Hami besinnliche Weihnachten und einen guten Rutsch ins neue Jahr.\r\n        Mit freundlichen Gr\u00fc\u00dfen Ute Listmann<span>&rdquo; - Listmann U., 13.12.2016<\/span>\n\t\t\t\t\t<\/div>\n\t\t\t<\/div>\n\t\t\t<div class=\"gb-entry gb-entry_9041 gb-entry-count_5 gwolle_gb_uneven gwolle-gb-uneven\">\n\t\t\t\t\t<div class=\"gb-author-info\">\n\t\t\t\t\t<\/div>\n\t\t\t\t\t<div class=\"gb-entry-content\">&bdquo;Ich m\u00f6chte mich nochmal f\u00fcr die kompetente und f\u00fcrsorgliche Betreuung und den angenehmen Aufenthalt bei allen Mitarbeitern bedanken. Ich w\u00fcnsche den gesamten Team eine sch\u00f6ne und besinnliche Weihnachtszeit und alles Gute f\u00fcr das neue Jahr.<span>&rdquo; - Rita K., 13.12.2016<\/span>\n\t\t\t\t\t<\/div>\n\t\t\t<\/div>\n\t\t\t<div class=\"gb-entry gb-entry_9040 gb-entry-count_6 gwolle_gb_even gwolle-gb-even\">\n\t\t\t\t\t<div class=\"gb-author-info\">\n\t\t\t\t\t<\/div>\n\t\t\t\t\t<div class=\"gb-entry-content\">&bdquo;Ich f\u00fchlte mich im Neuro-Spine-Center von Beginn an gut aufgehoben. Das gesamte Personal ist fachlich kompetent und die Abl\u00e4ufe aller Bereiche gut aufeinander abgestimmt.\r\nIch bin froh das ich mich f\u00fcr diese Klinik entschieden habe und kann sie guten Gewissen weiterempfehlen.<span>&rdquo; - Anonym, 12.12.2016<\/span>\n\t\t\t\t\t<\/div>\n\t\t\t<\/div>\n\t\t\t<div class=\"gb-entry gb-entry_9039 gb-entry-count_7 gwolle_gb_uneven gwolle-gb-uneven\">\n\t\t\t\t\t<div class=\"gb-author-info\">\n\t\t\t\t\t<\/div>\n\t\t\t\t\t<div class=\"gb-entry-content\">&bdquo;Ich erfuhr eine sehr kompetente und sehr zielgerichtete Beratung \u00fcber die angemessene Behandlung.\r\nVor allem den Umst\u00e4nden entsprechend, die sofortige und richtige station\u00e4re Aufnahme f\u00fcr die OP.\r\nDas Neuro-Spine-Center auszuw\u00e4hlen, war die absolut richtige Entscheidung ! \r\nIch war rundum bestens aufgehoben !<span>&rdquo; - Dieter Krah, 12.12.2016<\/span>\n\t\t\t\t\t<\/div>\n\t\t\t<\/div>\n\t\t\t<div class=\"gb-entry gb-entry_9038 gb-entry-count_8 gwolle_gb_even gwolle-gb-even\">\n\t\t\t\t\t<div class=\"gb-author-info\">\n\t\t\t\t\t<\/div>\n\t\t\t\t\t<div class=\"gb-entry-content\">&bdquo;Diese Klinik ist mit Abstand die Beste, in der ich behandelt wurde, kann das Neuro-Spine-Center nur weiterempfehlen.<span>&rdquo; - Schmidt, 12.12.2016<\/span>\n\t\t\t\t\t<\/div>\n\t\t\t<\/div>\n\t\t\t<div class=\"gb-entry gb-entry_9034 gb-entry-count_9 gwolle_gb_uneven gwolle-gb-uneven\">\n\t\t\t\t\t<div class=\"gb-author-info\">\n\t\t\t\t\t<\/div>\n\t\t\t\t\t<div class=\"gb-entry-content\">&bdquo;Alle Vorg\u00e4nge von Anfang bis Ende in dieser vorbildlichen\r\nGesundheitseinrichtung sind gepr\u00e4gt von F\u00fcrsorge, Herzlichkeit und sehr guter Betreuung der Patienten. \r\nDaf\u00fcr ganz herzlichen Dank !<span>&rdquo; - G\u00fcnther Schmidt, 09.12.2016<\/span>\n\t\t\t\t\t<\/div>\n\t\t\t<\/div>\n\t\t\t<div class=\"gb-entry gb-entry_9036 gb-entry-count_10 gwolle_gb_even gwolle-gb-even\">\n\t\t\t\t\t<div class=\"gb-author-info\">\n\t\t\t\t\t<\/div>\n\t\t\t\t\t<div class=\"gb-entry-content\">&bdquo;War im gro\u00dfen und Ganzen sehr zufrieden mit Vorbehandlung und Nachbehandlung etwas st\u00f6rend war der Zimmerwechsel kurz vor der OP sowohl \u00c4rzte als auch Schwestern sehr freundlich, habe mich gut betreut gef\u00fcllt, famili\u00e4r.\r\nVielen Dank f\u00fcr den angenehmen Aufenthalt.<span>&rdquo; - Krollmann, 09.12.2016<\/span>\n\t\t\t\t\t<\/div>\n\t\t\t<\/div>\n\t\t\t<div class=\"gb-entry gb-entry_9035 gb-entry-count_11 gwolle_gb_uneven gwolle-gb-uneven\">\n\t\t\t\t\t<div class=\"gb-author-info\">\n\t\t\t\t\t<\/div>\n\t\t\t\t\t<div class=\"gb-entry-content\">&bdquo;Ich w\u00fcrde jedem Patienten raten, Ihren Neuro-Spine-Center aufzusuchen und sich beraten zu lassen.\r\nAuch eine eventuelle OP ist wirklich empfehlenswert, ich bin jedenfalls sehr zufrieden.<span>&rdquo; - Anonym, 09.12.2016<\/span>\n\t\t\t\t\t<\/div>\n\t\t\t<\/div>\n\t\t\t<div class=\"gb-entry gb-entry_9033 gb-entry-count_12 gwolle_gb_even gwolle-gb-even\">\n\t\t\t\t\t<div class=\"gb-author-info\">\n\t\t\t\t\t<\/div>\n\t\t\t\t\t<div class=\"gb-entry-content\">&bdquo;Die Betreuung war sehr Patientenspezifisch .\r\nSowohl als Team der \u00c4rzte, als auch das Team des Pflegepersonal l\u00e4sst keine W\u00fcnsche offen.\r\nIch habe mich in den besten H\u00e4nden gef\u00fchlt und w\u00fcrde diese Klinik immer weiterempfehlen.\r\nTrotz der vielen Arbeit des Personals kam keine Hektik auf. Jede Frage wurde beantwortet. Der Klinikaufenthalt war von Ruhe und Genesung gepr\u00e4gt. An alle Mitarbeiter auch das Reinigungspersonal meinen herzlichen Dank.<span>&rdquo; - Ursula Schmidt, 09.12.2016<\/span>\n\t\t\t\t\t<\/div>\n\t\t\t<\/div>\n\t\t\t<div class=\"gb-entry gb-entry_9037 gb-entry-count_13 gwolle_gb_uneven gwolle-gb-uneven\">\n\t\t\t\t\t<div class=\"gb-author-info\">\n\t\t\t\t\t<\/div>\n\t\t\t\t\t<div class=\"gb-entry-content\">&bdquo;Ich empfind das setzten der Infusionsnadel viel zu fr\u00fch, daf\u00fcr das ich erst abends in den OP kam.<span>&rdquo; - Keine Angabe, 09.12.2016<\/span>\n\t\t\t\t\t<\/div>\n\t\t\t<\/div>\n\t\t\t<div class=\"gb-entry gb-entry_9032 gb-entry-count_14 gwolle_gb_even gwolle-gb-even\">\n\t\t\t\t\t<div class=\"gb-author-info\">\n\t\t\t\t\t<\/div>\n\t\t\t\t\t<div class=\"gb-entry-content\">&bdquo;Ich bedanke mich sehr bei den Schwestern und \u00c4rzten.\r\nHier wird zugeh\u00f6rt, man wird gut beraten und betreut.\r\nIch w\u00fcrde jeden raten, der Probleme hat mit seiner Wirbels\u00e4ule, diese Klinik aufzusuchen.\r\nEs gibt sicherlich viele gute Kliniken, welche ich auch schon kennengelernt habe, aber diese ist die absolute Spitze.    Vielen Dank f\u00fcr alles !!!<span>&rdquo; - Umbreit, 08.12.2016<\/span>\n\t\t\t\t\t<\/div>\n\t\t\t<\/div>\n\t\t\t<div class=\"gb-entry gb-entry_9031 gb-entry-count_15 gwolle_gb_uneven gwolle-gb-uneven\">\n\t\t\t\t\t<div class=\"gb-author-info\">\n\t\t\t\t\t<\/div>\n\t\t\t\t\t<div class=\"gb-entry-content\">&bdquo;Eine Klinik, die nicht nur in fachlicher Kompetenz, sondern auch in der Patientenbetreuung nach der OP ein Zeichen setzt und sich von anderen Kliniken absetzt.\r\nDie Unterbringung der Patienten ist vorbildlich und sollte ein Ma\u00dfstab f\u00fcr andere Krankenh\u00e4user sein.\r\nDas Personal ist sehr freundlich und hilfsbereit. Man nimmt sich viel Zeit bei den Patientengespr\u00e4chen, sodass man den Eindruck gewinnt, hier als Mensch und nicht als Kassenpatient behandelt zu werden. Man kann das Neuro-Spine-Center nur weiterempfehlen. Ich w\u00fcrde falls erforderlich f\u00fcr eine weiter Behandlung wieder kommen.<span>&rdquo; - Herterich, 08.12.2016<\/span>\n\t\t\t\t\t<\/div>\n\t\t\t<\/div>\n\t\t\t<div class=\"gb-entry gb-entry_9030 gb-entry-count_16 gwolle_gb_even gwolle-gb-even\">\n\t\t\t\t\t<div class=\"gb-author-info\">\n\t\t\t\t\t<\/div>\n\t\t\t\t\t<div class=\"gb-entry-content\">&bdquo;Ich wei\u00df gar nicht, wo ich anfangen soll. Es gibt nichts, was man hier besser machen kann.\r\nMir hat das ganze Umfeld viel von Familie und Vertrauen vermittelt. Ich war vom ersten Gespr\u00e4ch bis zur Entlassung in guten H\u00e4nden. Die Angst wurde mir durch die aufkl\u00e4renden guten Gespr\u00e4che mit den \u00c4rzten genommen. Mein ganz gro\u00dfes Dankesch\u00f6n an Herr Dr.Eid, welcher mich operiert hat, den h\u00fcbschen Schwestern und allen, die sich um mich gek\u00fcmmert haben. Ihr ward super nett.<span>&rdquo; - R. Witt-Mu\u00dfbach, 07.12.2016<\/span>\n\t\t\t\t\t<\/div>\n\t\t\t<\/div>\n\t\t\t<div class=\"gb-entry gb-entry_9029 gb-entry-count_17 gwolle_gb_uneven gwolle-gb-uneven\">\n\t\t\t\t\t<div class=\"gb-author-info\">\n\t\t\t\t\t<\/div>\n\t\t\t\t\t<div class=\"gb-entry-content\">&bdquo;Zum ersten mal hier, war ich freudig \u00dcberrascht, in welch einem angenehmen Ambiente man hier empfangen und betreut wird. Dies ist ein 5 Sterne Plus- Haus.\r\nAlles perfekt, von der Aufnahme bis zur Entlassung.<span>&rdquo; - Ziegler, 07.12.2016<\/span>\n\t\t\t\t\t<\/div>\n\t\t\t<\/div>\n\t\t\t<div class=\"gb-entry gb-entry_9028 gb-entry-count_18 gwolle_gb_even gwolle-gb-even\">\n\t\t\t\t\t<div class=\"gb-author-info\">\n\t\t\t\t\t<\/div>\n\t\t\t\t\t<div class=\"gb-entry-content\">&bdquo;Danke nochmal f\u00fcr alles. So eine Hilfe h\u00e4tte ich in Berlin nicht bekommen.\r\n\r\nLG Tim<span>&rdquo; - Tim Bruch, 06.12.2016<\/span>\n\t\t\t\t\t<\/div>\n\t\t\t<\/div>\n\t\t\t<div class=\"gb-entry gb-entry_9027 gb-entry-count_19 gwolle_gb_uneven gwolle-gb-uneven\">\n\t\t\t\t\t<div class=\"gb-author-info\">\n\t\t\t\t\t<\/div>\n\t\t\t\t\t<div class=\"gb-entry-content\">&bdquo;Der Wohlf\u00fchlfaktor im Neuro-Spine-Center ist sehr hoch. Auch war ich \u00fcberrascht \u00fcber die schnelle Bewegungsfreiheit und Schmerzlinderung.\r\nSehr gut hat mir auch die r\u00e4umliche Aufteilung der Zimmer.<span>&rdquo; - Vollmann, 06.12.2016<\/span>\n\t\t\t\t\t<\/div>\n\t\t\t<\/div>\n\t\t\t<div class=\"gb-entry gb-entry_9026 gb-entry-count_20 gwolle_gb_even gwolle-gb-even\">\n\t\t\t\t\t<div class=\"gb-author-info\">\n\t\t\t\t\t<\/div>\n\t\t\t\t\t<div class=\"gb-entry-content\">&bdquo;Das Neuro-Spine-Center Team hat einen perfekt aufgenommen, alles bestens erkl\u00e4rt und es war alles zu meiner besten Zufriedenheit.<span>&rdquo; - Anonym, 06.12.2016<\/span>\n\t\t\t\t\t<\/div>\n\t\t\t<\/div>\n\t\t\t<\/div>\n\t\t\t\t<div class=\"page-navigation\">\n\t\t\t\t\t<span class=\"screen-reader-text\">Guestbook list navigation<\/span><span class=\"page-numbers current\">1<\/span><a href=\"https:\/\/www.al-hami.de\/nsc\/gaestebuch-2016\/?pageNum=2\" title=\"Seite 2\">2<\/a><a href=\"https:\/\/www.al-hami.de\/nsc\/gaestebuch-2016\/?pageNum=3\" title=\"Seite 3\">3<\/a><a href=\"https:\/\/www.al-hami.de\/nsc\/gaestebuch-2016\/?pageNum=4\" title=\"Seite 4\">4<\/a><a href=\"https:\/\/www.al-hami.de\/nsc\/gaestebuch-2016\/?pageNum=5\" title=\"Seite 5\">5<\/a><span class=\"page-numbers dots\">...<\/span><a href=\"https:\/\/www.al-hami.de\/nsc\/gaestebuch-2016\/?pageNum=32\" title=\"Seite 32\">32<\/a><a href=\"https:\/\/www.al-hami.de\/nsc\/gaestebuch-2016\/?pageNum=2\" title=\"N\u00e4chste Seite\" rel=\"next\">&rarr;<\/a><\/div>\n\t\t<\/div>\n<\/div><\/section><\/p>\n","protected":false},"excerpt":{"rendered":"","protected":false},"author":8,"featured_media":0,"parent":0,"menu_order":211,"comment_status":"closed","ping_status":"closed","template":"","meta":[],"_links":{"self":[{"href":"https:\/\/www.al-hami.de\/nsc\/wp-json\/wp\/v2\/pages\/1162"}],"collection":[{"href":"https:\/\/www.al-hami.de\/nsc\/wp-json\/wp\/v2\/pages"}],"about":[{"href":"https:\/\/www.al-hami.de\/nsc\/wp-json\/wp\/v2\/types\/page"}],"author":[{"embeddable":true,"href":"https:\/\/www.al-hami.de\/nsc\/wp-json\/wp\/v2\/users\/8"}],"replies":[{"embeddable":true,"href":"https:\/\/www.al-hami.de\/nsc\/wp-json\/wp\/v2\/comments?post=1162"}],"version-history":[{"count":13,"href":"https:\/\/www.al-hami.de\/nsc\/wp-json\/wp\/v2\/pages\/1162\/revisions"}],"predecessor-version":[{"id":4811,"href":"https:\/\/www.al-hami.de\/nsc\/wp-json\/wp\/v2\/pages\/1162\/revisions\/4811"}],"wp:attachment":[{"href":"https:\/\/www.al-hami.de\/nsc\/wp-json\/wp\/v2\/media?parent=1162"}],"curies":[{"name":"wp","href":"https:\/\/api.w.org\/{rel}","templated":true}]}}