{"id":1170,"date":"2017-01-31T13:24:17","date_gmt":"2017-01-31T12:24:17","guid":{"rendered":"http:\/\/neuro-spine-center.com.w0158a2a.kasserver.com\/nsc\/?page_id=1170"},"modified":"2019-01-08T22:56:23","modified_gmt":"2019-01-08T21:56:23","slug":"gaestebuch-2015","status":"publish","type":"page","link":"https:\/\/www.al-hami.de\/nsc\/gaestebuch-2015\/","title":{"rendered":"G\u00e4stebuch 2015"},"content":{"rendered":"<div id='av-layout-grid-1' class='av-layout-grid-container entry-content-wrapper main_color av-flex-cells    avia-builder-el-0  el_before_av_section  avia-builder-el-first  container_wrap sidebar_right' style=' '  >\n<div class=\"flex_cell no_margin av_one_half  avia-builder-el-1  el_before_av_cell_one_half  avia-builder-el-first   avia-full-stretch av-zero-padding \" style='height:500px; min-height:500px;background:url(https:\/\/www.al-hami.de\/nsc\/wp-content\/uploads\/wissenswertes.jpg) top left no-repeat scroll; vertical-align:middle; padding:0px; background-color:#19839a; '><div class='flex_cell_inner' ><\/div><\/div><div class=\"flex_cell no_margin av_one_half  avia-builder-el-2  el_after_av_cell_one_half  avia-builder-el-last   \" style='height:500px; min-height:500px;vertical-align:middle; padding:80px; background-color:#19839a; '><div class='flex_cell_inner' ><p><div style='padding-bottom:25px; color:#ffffff;font-size:34px;' class='av-special-heading av-special-heading-h3 custom-color-heading blockquote modern-quote  avia-builder-el-3  el_before_av_textblock  avia-builder-el-first   av-inherit-size '><h3 class='av-special-heading-tag '  itemprop=\"headline\"  >G\u00e4stebuch 2015<\/h3><div class='special-heading-border'><div class='special-heading-inner-border' style='border-color:#ffffff'><\/div><\/div><\/div><br \/>\n<section class=\"av_textblock_section \"  itemscope=\"itemscope\" itemtype=\"https:\/\/schema.org\/CreativeWork\" ><div class='avia_textblock  av_inherit_color '  style='color:#ffffff; '  itemprop=\"text\" ><p>Wir bedanken uns bei allen Patienten f\u00fcr das entgegengesetzte Vertrauen. Ihre Gesundheit und Ihr Wohlbefinden ist der wahre Lohn unserer Arbeit.<\/p>\n<\/div><\/section><\/p>\n<\/div><\/div>\n<\/div>\n<div id='av_section_1' class='avia-section main_color avia-section-huge avia-no-border-styling avia-bg-style-scroll  avia-builder-el-5  el_after_av_layout_row  el_before_av_textblock   container_wrap sidebar_right' style=' '  ><div class='container' ><div class='template-page content  av-content-small alpha units'><div class='post-entry post-entry-type-page post-entry-1170'><div class='entry-content-wrapper clearfix'>\n<div class='flex_column_table av-equal-height-column-flextable -flextable' style='margin-top:-200px; margin-bottom:0px; '><div class=\"flex_column av_one_third  no_margin flex_column_table_cell av-equal-height-column av-align-top first  avia-builder-el-6  el_before_av_one_third  avia-builder-el-first  \" style='padding:40px; border-radius:0px; '><\/div><div class=\"flex_column av_one_third  no_margin flex_column_table_cell av-equal-height-column av-align-top   avia-builder-el-7  el_after_av_one_third  el_before_av_one_third  \" style='padding:40px; background-color:#27a1bc; border-radius:0px; '><p><span class=\"av_font_icon avia_animate_when_visible avia-icon-animate  av-icon-style-  avia-icon-pos-center \" style=\"color:#ffffff; border-color:#ffffff;\"><span class='av-icon-char' style='font-size:60px;line-height:60px;' aria-hidden='true' data-av_icon='\ue836' data-av_iconfont='entypo-fontello' ><\/span><\/span><br \/>\n<div style='height:20px' class='hr hr-invisible   avia-builder-el-9  el_after_av_font_icon  el_before_av_textblock '><span class='hr-inner ' ><span class='hr-inner-style'><\/span><\/span><\/div><br \/>\n<section class=\"av_textblock_section \"  itemscope=\"itemscope\" itemtype=\"https:\/\/schema.org\/CreativeWork\" ><div class='avia_textblock  av_inherit_color '  style='color:#ffffff; '  itemprop=\"text\" ><h4 style=\"text-align: center;\">Sie haben das Wort<\/h4>\n<p style=\"text-align: center;\">Haben Sie Anregungen, Vorschl\u00e4ge, W\u00fcnsche, Lob aber auch Kritik, so w\u00fcrden wir uns \u00fcber einen Eintrag in unser G\u00e4stebuch freuen. Nur so haben wir die M\u00f6glichkeit uns stetig, zum Wohle der Patienten, zu verbessern.<\/p>\n<\/div><\/section><\/p><\/div><div class=\"flex_column av_one_third  no_margin flex_column_table_cell av-equal-height-column av-align-top   avia-builder-el-11  el_after_av_one_third  el_before_av_hr  \" style='padding:40px; border-radius:0px; '><\/div><\/div><!--close column table wrapper. Autoclose: 1 --><div style='height:20px' class='hr hr-invisible   avia-builder-el-12  el_after_av_one_third  el_before_av_textblock '><span class='hr-inner ' ><span class='hr-inner-style'><\/span><\/span><\/div>\n<section class=\"av_textblock_section \"  itemscope=\"itemscope\" itemtype=\"https:\/\/schema.org\/CreativeWork\" ><div class='avia_textblock  '   itemprop=\"text\" ><p>Unter folgenden Links finden Sie die G\u00e4steb\u00fccher aus den vergangenen Jahren:<br \/>\n<a href=\"\/nsc\/gaestebuch-2019\/\" target=\"_self\">2019<\/a> |<a href=\"\/nsc\/gaestebuch-2018\/\" target=\"_self\">2018<\/a> | <a href=\"\/nsc\/gaestebuch-2017\/\" target=\"_self\">2017<\/a> | <a href=\"\/nsc\/gaestebuch-2016\/\" target=\"_self\">2016<\/a> | <a href=\"\/nsc\/gaestebuch-2015\/\" target=\"_self\">2015<\/a> | <a href=\"\/nsc\/gaestebuch-2014\/\" target=\"_self\">2014<\/a> | <a href=\"\/nsc\/gaestebuch-2013\/\" target=\"_self\">2013<\/a> | <a href=\"\/nsc\/gaestebuch-2012\/\" target=\"_self\">2012<\/a> | <a href=\"\/nsc\/gaestebuch-2011\/\" target=\"_self\">2011<\/a> | <a href=\"\/nsc\/gaestebuch-2010\/\" target=\"_self\">2010<\/a> | <a href=\"\/nsc\/gaestebuch-2009\/\" target=\"_self\">2009<\/a> | <a href=\"\/nsc\/gaestebuch-2008\/\" target=\"_self\">2008<\/a> | <a href=\"\/nsc\/gaestebuch-2007\/\" target=\"_self\">2007<\/a> | <a href=\"\/nsc\/gaestebuch-2006\/\" target=\"_self\">2006<\/a> | <a href=\"\/nsc\/gaestebuch-2005\/\" target=\"_self\">2005<\/a><\/p>\n<\/div><\/section>\n<div style='height:1px; margin-top:-120px'  class='hr hr-invisible   avia-builder-el-14  el_after_av_textblock  avia-builder-el-last '><span class='hr-inner ' ><span class='hr-inner-style'><\/span><\/span><\/div>\n<\/div><\/div><\/div><!-- close content main div --><\/div><\/div><div id='after_section_1' class='main_color av_default_container_wrap container_wrap sidebar_right' style=' '  ><div class='container' ><div class='template-page content  av-content-small alpha units'><div class='post-entry post-entry-type-page post-entry-1170'><div class='entry-content-wrapper clearfix'><section class=\"av_textblock_section \"  itemscope=\"itemscope\" itemtype=\"https:\/\/schema.org\/CreativeWork\" ><div class='avia_textblock  '   itemprop=\"text\" ><div class=\"gwolle-gb\">\n\t\t\t\t<div class=\"page-navigation\">\n\t\t\t\t\t<span class=\"screen-reader-text\">Guestbook list navigation<\/span><span class=\"page-numbers current\">1<\/span><a href=\"https:\/\/www.al-hami.de\/nsc\/gaestebuch-2015\/?pageNum=2\" title=\"Seite 2\">2<\/a><a href=\"https:\/\/www.al-hami.de\/nsc\/gaestebuch-2015\/?pageNum=3\" title=\"Seite 3\">3<\/a><a href=\"https:\/\/www.al-hami.de\/nsc\/gaestebuch-2015\/?pageNum=4\" title=\"Seite 4\">4<\/a><a href=\"https:\/\/www.al-hami.de\/nsc\/gaestebuch-2015\/?pageNum=5\" title=\"Seite 5\">5<\/a><span class=\"page-numbers dots\">...<\/span><a href=\"https:\/\/www.al-hami.de\/nsc\/gaestebuch-2015\/?pageNum=36\" title=\"Seite 36\">36<\/a><a href=\"https:\/\/www.al-hami.de\/nsc\/gaestebuch-2015\/?pageNum=2\" title=\"N\u00e4chste Seite\" rel=\"next\">&rarr;<\/a><\/div>\n\t\t<div class=\"gwolle-gb-read \" data-book_id=\"11\"><div id=\"gwolle-gb-total\">708 Eintr\u00e4ge<\/div><!-- Gwolle-GB Entry: Custom Template Loaded -->\n\t\t\t\t<div class=\"gb-entry gb-entry_8414 gb-entry-count_1 gwolle_gb_uneven gwolle-gb-uneven gwolle_gb_first gwolle-gb-first\">\n\t\t\t\t\t<div class=\"gb-author-info\">\n\t\t\t\t\t<\/div>\n\t\t\t\t\t<div class=\"gb-entry-content\">&bdquo;Liebes Team des  Neuro-Spine-Center, ich habe mich hier sehr wohl gef\u00fchlt. Aufgehoben und geborgen ohne dieses Krankenhausflair.\r\nW\u00fcrde jederzeit wiederkommen, was ich nat\u00fcrlich nicht hoffe.\r\nWerde das Neuro-Spine-Center auf jeden Fall weiterempfehlen.\r\n Liebe Gr\u00fc\u00dfe und weiterhin Viel Erfolg.<span>&rdquo; - Grosch, 18.12.2015<\/span>\n\t\t\t\t\t<\/div>\n\t\t\t<\/div>\n\t\t\t<div class=\"gb-entry gb-entry_8415 gb-entry-count_2 gwolle_gb_even gwolle-gb-even\">\n\t\t\t\t\t<div class=\"gb-author-info\">\n\t\t\t\t\t<\/div>\n\t\t\t\t\t<div class=\"gb-entry-content\">&bdquo;Ich war super gut bei Dr.Al-Hami in der Klinik aufgenommen.\r\nEs hat alles gestimmt, von der Freundlichkeit, Arzt Kompetenz bis hin zur Sauberkeit und gutes Essen.\r\nDaumen hoch auf das Neuro-Spine-Center Dr.Al-Hami.<span>&rdquo; - Gerstung M., 18.12.2015<\/span>\n\t\t\t\t\t<\/div>\n\t\t\t<\/div>\n\t\t\t<div class=\"gb-entry gb-entry_8416 gb-entry-count_3 gwolle_gb_uneven gwolle-gb-uneven\">\n\t\t\t\t\t<div class=\"gb-author-info\">\n\t\t\t\t\t<\/div>\n\t\t\t\t\t<div class=\"gb-entry-content\">&bdquo;Ein ruhiges Krankenhaus, kompetent und immer seinen Patient bedacht. Herzlichen Dank.<span>&rdquo; - Anonym, 18.12.2015<\/span>\n\t\t\t\t\t<\/div>\n\t\t\t<\/div>\n\t\t\t<div class=\"gb-entry gb-entry_8411 gb-entry-count_4 gwolle_gb_even gwolle-gb-even\">\n\t\t\t\t\t<div class=\"gb-author-info\">\n\t\t\t\t\t<\/div>\n\t\t\t\t\t<div class=\"gb-entry-content\">&bdquo;Da dies bereits mein 4.Aufenthalt im NSC ist braucht es keine weiteren Erkl\u00e4rungen.\r\nIch f\u00fchlte mich immer sehr wohl hier.<span>&rdquo; - S.Schmidt, 17.12.2015<\/span>\n\t\t\t\t\t<\/div>\n\t\t\t<\/div>\n\t\t\t<div class=\"gb-entry gb-entry_8412 gb-entry-count_5 gwolle_gb_uneven gwolle-gb-uneven\">\n\t\t\t\t\t<div class=\"gb-author-info\">\n\t\t\t\t\t<\/div>\n\t\t\t\t\t<div class=\"gb-entry-content\">&bdquo;Das Neuro-Spine-Center mit Dr.Al-Hami und seinem Team ist das Beste was mir passieren konnte.\r\nSchon lange hatte ich akute Beschwerden und in meiner Heimat konnte oder hat mir niemand eitergeholfen.\r\nJahrelange Physiotherapie und Tabletten aller Art, halfen mir nicht weiter.\r\nNach einem Tag nach der OP merkte ich schon es hat sich was ver\u00e4ndert, es wird besser und gut.\r\nIch gehe mit einem ganz neuem Lebensgef\u00fchl nach Hause.\r\nVielen Dank Dr.Al-Hami und dem gesamten Team !!!<span>&rdquo; - Arnreich, 17.12.2015<\/span>\n\t\t\t\t\t<\/div>\n\t\t\t<\/div>\n\t\t\t<div class=\"gb-entry gb-entry_8413 gb-entry-count_6 gwolle_gb_even gwolle-gb-even\">\n\t\t\t\t\t<div class=\"gb-author-info\">\n\t\t\t\t\t<\/div>\n\t\t\t\t\t<div class=\"gb-entry-content\">&bdquo;Ich war sehr positiv \u00fcberrascht schon gleich schmerzfrei zu sein. Ich bin sehr zufrieden mit dem Neuro-Spine-Center.<span>&rdquo; - M.Lother, 17.12.2015<\/span>\n\t\t\t\t\t<\/div>\n\t\t\t<\/div>\n\t\t\t<div class=\"gb-entry gb-entry_8410 gb-entry-count_7 gwolle_gb_uneven gwolle-gb-uneven\">\n\t\t\t\t\t<div class=\"gb-author-info\">\n\t\t\t\t\t<\/div>\n\t\t\t\t\t<div class=\"gb-entry-content\">&bdquo;Ich kam auf Empfehlung einer guten Freundin hierher. Ich  war mit allem sehr zufrieden und kann nach meiner Erfahrung und guten Gewissens das Neuro-Spine-Center Dr.Al-Hami weiterempfehlen.<span>&rdquo; - Sch\u00e4fer, 16.12.2015<\/span>\n\t\t\t\t\t<\/div>\n\t\t\t<\/div>\n\t\t\t<div class=\"gb-entry gb-entry_8409 gb-entry-count_8 gwolle_gb_even gwolle-gb-even\">\n\t\t\t\t\t<div class=\"gb-author-info\">\n\t\t\t\t\t<\/div>\n\t\t\t\t\t<div class=\"gb-entry-content\">&bdquo;Die pers\u00f6nliche Betreuung vor und nach der OP und der morgendlichen Visite durch Dr. Al-Hami haben mir sehr gut gefallen. Die OP scheint gelungen zu sein, keine Schmerzen, kann besser laufen als vorher. Das Ergebnis wird sich aber erst in ein paar Wochen einstellen.\r\nWas mir nicht gefallen hat ist das man am OP-Tag f\u00fcr 7.00 Uhr einbestellt wird und dann fast den ganzen Tag sinnlos rumliegt bis man endlich dran kommt. Ein OP-Plan w\u00e4re sinnvoll.<span>&rdquo; - J.Fey, 16.12.2015<\/span>\n\t\t\t\t\t<\/div>\n\t\t\t<\/div>\n\t\t\t<div class=\"gb-entry gb-entry_8408 gb-entry-count_9 gwolle_gb_uneven gwolle-gb-uneven\">\n\t\t\t\t\t<div class=\"gb-author-info\">\n\t\t\t\t\t<\/div>\n\t\t\t\t\t<div class=\"gb-entry-content\">&bdquo;Hier gibt es nichts zu bem\u00e4ngeln, die \u00c4rzte, die Schwestern,\r\ndie Reinigungskr\u00e4fte alle sehr nett.<span>&rdquo; - Keine Angabe, 15.12.2015<\/span>\n\t\t\t\t\t<\/div>\n\t\t\t<\/div>\n\t\t\t<div class=\"gb-entry gb-entry_8407 gb-entry-count_10 gwolle_gb_even gwolle-gb-even\">\n\t\t\t\t\t<div class=\"gb-author-info\">\n\t\t\t\t\t<\/div>\n\t\t\t\t\t<div class=\"gb-entry-content\">&bdquo;Einen angenehmeren Krankenhausaufenthalt gibt es nicht.\r\nIhre Klinik kann man nur weiterempfehlen. Ich w\u00fcsste nichts\r\nwas man noch verbessern k\u00f6nnte. Tolle Klinik !!!<span>&rdquo; - Anonym, 14.12.2015<\/span>\n\t\t\t\t\t<\/div>\n\t\t\t<\/div>\n\t\t\t<div class=\"gb-entry gb-entry_8406 gb-entry-count_11 gwolle_gb_uneven gwolle-gb-uneven\">\n\t\t\t\t\t<div class=\"gb-author-info\">\n\t\t\t\t\t<\/div>\n\t\t\t\t\t<div class=\"gb-entry-content\">&bdquo;Ich befand mich vom 9.-12.12.15 hier im Neuro-Spine-Center,\r\nbereits im Juni war ich schon einmal hier und w\u00fcrde es immer wieder tun.\r\nIch f\u00fchlte mich hier sehr wohl und geborgen, alle sind zuvorkommend und nett. Dr.Al Hami hat mir meine Schmerzen genommen und ich bin ihm daf\u00fcr sehr dankbar !<span>&rdquo; - Sylvia Taubert, 14.12.2015<\/span>\n\t\t\t\t\t<\/div>\n\t\t\t<\/div>\n\t\t\t<div class=\"gb-entry gb-entry_8405 gb-entry-count_12 gwolle_gb_even gwolle-gb-even\">\n\t\t\t\t\t<div class=\"gb-author-info\">\n\t\t\t\t\t<\/div>\n\t\t\t\t\t<div class=\"gb-entry-content\">&bdquo;Ich mit meinen gerade mal 19 Jahren, kann sagen, dass ich von Anfang an verst\u00e4ndlich und freundlich alles erkl\u00e4rt bekommen habe. Ich habe mich w\u00e4hrend dem Aufenthalt super wohlgef\u00fchlt. Und kann nur sagen super kompetentes Team, dass ich jedem weiterempfehlen w\u00fcrde.\r\nEin gro\u00dfes Dankesch\u00f6n an Frau Dr. David f\u00fcr die Aufkl\u00e4rung und kompetente Beratung, sowie an Herr Dr.Dittmann und nat\u00fcrlich an Dr. Al-Hami und das ganze Team !\r\n                             Vielen Dank !<span>&rdquo; - Sophia Faust, 12.12.2015<\/span>\n\t\t\t\t\t<\/div>\n\t\t\t<\/div>\n\t\t\t<div class=\"gb-entry gb-entry_8404 gb-entry-count_13 gwolle_gb_uneven gwolle-gb-uneven\">\n\t\t\t\t\t<div class=\"gb-author-info\">\n\t\t\t\t\t<\/div>\n\t\t\t\t\t<div class=\"gb-entry-content\">&bdquo;Es waren alle sehr freundlich hier und das Essen war sehr lecker, auch Frau Vogel hat mich sehr gut beraten und tolle \u00dcbungen gezeigt die sehr hilfreich sind und die Massage und w\u00e4rme war sehr angenehm kann ich nur weiterempfehlen, auch die R\u00e4ume sehr zum wohlf\u00fchlen. W\u00fcrde immer wieder hier her kommen wenn es n\u00f6tig w\u00e4re, das Neuro-Spine-Center kann man nur weiterempfehlen.<span>&rdquo; - Marschalleck, 12.12.2015<\/span>\n\t\t\t\t\t<\/div>\n\t\t\t<\/div>\n\t\t\t<div class=\"gb-entry gb-entry_8403 gb-entry-count_14 gwolle_gb_even gwolle-gb-even\">\n\t\t\t\t\t<div class=\"gb-author-info\">\n\t\t\t\t\t<\/div>\n\t\t\t\t\t<div class=\"gb-entry-content\">&bdquo;Dank dem Team von Dr. Al-Hami kann ich endlich wieder meinen Arm und Schulter richtig bewegen.\r\nNach den andere \u00c4rzte immer nur schnell zur Spritze greifen und sagen (das wird schon wieder) hat man mich bei Dr.Al-Hami gleich richtig untersucht und hatte einen Bandscheibenvorfall festgestellt und operiert.\r\nMan wird von den \u00c4rzten und den Krankenschwester Team sehr freundlich behandelt, und man kann jederzeit um Hilfe fragen ohne das man schr\u00e4g von der Seite angeschaut wird.<span>&rdquo; - J.Bott, 11.12.2015<\/span>\n\t\t\t\t\t<\/div>\n\t\t\t<\/div>\n\t\t\t<div class=\"gb-entry gb-entry_8401 gb-entry-count_15 gwolle_gb_uneven gwolle-gb-uneven\">\n\t\t\t\t\t<div class=\"gb-author-info\">\n\t\t\t\t\t<\/div>\n\t\t\t\t\t<div class=\"gb-entry-content\">&bdquo;Ihr seid ein verdammt gutes Team.\r\nSch\u00f6n, da\u00df es euch gibt.\r\nIch w\u00fcrde immer wieder zu Euch kommen und ich werde Euch nicht vergessen.\r\n                     Vielen Dank daf\u00fcr !!!<span>&rdquo; - Cravaack Janet, 11.12.2015<\/span>\n\t\t\t\t\t<\/div>\n\t\t\t<\/div>\n\t\t\t<div class=\"gb-entry gb-entry_8402 gb-entry-count_16 gwolle_gb_even gwolle-gb-even\">\n\t\t\t\t\t<div class=\"gb-author-info\">\n\t\t\t\t\t<\/div>\n\t\t\t\t\t<div class=\"gb-entry-content\">&bdquo;Ich wurde zum 2.Mal im Neuro-Spine-Center operiert und kann mich nur recht herzlich bedanken. Ich f\u00fchlte mich hier am rechten Platz. Sollte ich noch einmal in die Lage kommen ,da\u00df mir eine Operation bevorsteht, komme ich wieder auf eine Behandlung in das Neuro-Spine-Center zur\u00fcck.\r\nMeine Empfehlung f\u00fcr das Neuro-Spine-Center ist Ihnen Gewiss, Recht vielen Dank und einen besonderen Dank Dr.Eid<span>&rdquo; - Birgit Klimm, 11.12.2015<\/span>\n\t\t\t\t\t<\/div>\n\t\t\t<\/div>\n\t\t\t<div class=\"gb-entry gb-entry_7711 gb-entry-count_17 gwolle_gb_uneven gwolle-gb-uneven\">\n\t\t\t\t\t<div class=\"gb-author-info\">\n\t\t\t\t\t<\/div>\n\t\t\t\t\t<div class=\"gb-entry-content\">&bdquo;In dieser Klinik wird der Mensch noch als Mensch behandelt.\r\nBesonders gut entsteht ein Vertrauensverh\u00e4ltnis zwischen Personal und Patient.\r\nMan geht liebevoll mit allen Patienten um und ist um ihr Wohl besorgt.\r\n          Ein herzliches DANKE an Alle die uns Pflegten.<span>&rdquo; - Monika Mohr, 10.12.2015<\/span>\n\t\t\t\t\t<\/div>\n\t\t\t<\/div>\n\t\t\t<div class=\"gb-entry gb-entry_8400 gb-entry-count_18 gwolle_gb_even gwolle-gb-even\">\n\t\t\t\t\t<div class=\"gb-author-info\">\n\t\t\t\t\t<\/div>\n\t\t\t\t\t<div class=\"gb-entry-content\">&bdquo;Man f\u00fchlt sich gut aufgehoben und es entsteht schnell ein gutes Vertrauensverh\u00e4ltnis, zwischen den Pflegepersonal und dem \u00c4rzte Team. Ich bin gl\u00fccklich, das ich meinen Alltag wieder besser gestallten kann. Ich w\u00fcnsche Dr.Al-Hami Dr.Eid weiterhin sehr gute Erfolge damit sie noch vielen Menschen helfen k\u00f6nnen.<span>&rdquo; - Inge V\u00f6lkel, 10.12.2015<\/span>\n\t\t\t\t\t<\/div>\n\t\t\t<\/div>\n\t\t\t<div class=\"gb-entry gb-entry_7710 gb-entry-count_19 gwolle_gb_uneven gwolle-gb-uneven\">\n\t\t\t\t\t<div class=\"gb-author-info\">\n\t\t\t\t\t<\/div>\n\t\t\t\t\t<div class=\"gb-entry-content\">&bdquo;An das gesamte Team Neuro-Spine-Center Dr.Al-Hami. Ich wurde am 07.12.15 hier operiert. Das gesamte Klima stimmt einwandfrei. Gesamte Personal ist sehr freundlich und hilfsbereit. Krankenzimmer sind einfach Klasse. Ich werde sie weiter empfehlen, was ich nat\u00fcrlich schon gemacht habe.\r\nGanz Herzliches Dankesch\u00f6n an das gesamte Team.  \r\nWeiter so! Sie haben 1+ verdient.<span>&rdquo; - Keine Angabe, 10.12.2015<\/span>\n\t\t\t\t\t<\/div>\n\t\t\t<\/div>\n\t\t\t<div class=\"gb-entry gb-entry_8195 gb-entry-count_20 gwolle_gb_even gwolle-gb-even\">\n\t\t\t\t\t<div class=\"gb-author-info\">\n\t\t\t\t\t<\/div>\n\t\t\t\t\t<div class=\"gb-entry-content\">&bdquo;Ohne den medizinischen Erfolg der OP jetzt schon abschlie\u00dfend bewerten zu k\u00f6nnen, bin ich von Ihrem Haus begeistert. Kompetent und zuvorkommend behandelt, f\u00fchlt man sich in seiner Individualit\u00e4t ernst genommen.\r\nFreundlichkeit und Ruhe zeichnen das Handeln des Personals aus. Man f\u00fchlt sich sehr gut aufgehoben, weil man menschlich behandelt wird. Dies ist in unserem Gesundheitsindustrie nicht selbstverst\u00e4ndlich.\r\nBei Ihnen merkt man, das der Begriff &#034; Beruf&#034; von Berufung kommt. DANKE !!!<span>&rdquo; - Quell, 09.12.2015<\/span>\n\t\t\t\t\t<\/div>\n\t\t\t<\/div>\n\t\t\t<\/div>\n\t\t\t\t<div class=\"page-navigation\">\n\t\t\t\t\t<span class=\"screen-reader-text\">Guestbook list navigation<\/span><span class=\"page-numbers current\">1<\/span><a href=\"https:\/\/www.al-hami.de\/nsc\/gaestebuch-2015\/?pageNum=2\" title=\"Seite 2\">2<\/a><a href=\"https:\/\/www.al-hami.de\/nsc\/gaestebuch-2015\/?pageNum=3\" title=\"Seite 3\">3<\/a><a href=\"https:\/\/www.al-hami.de\/nsc\/gaestebuch-2015\/?pageNum=4\" title=\"Seite 4\">4<\/a><a href=\"https:\/\/www.al-hami.de\/nsc\/gaestebuch-2015\/?pageNum=5\" title=\"Seite 5\">5<\/a><span class=\"page-numbers dots\">...<\/span><a href=\"https:\/\/www.al-hami.de\/nsc\/gaestebuch-2015\/?pageNum=36\" title=\"Seite 36\">36<\/a><a href=\"https:\/\/www.al-hami.de\/nsc\/gaestebuch-2015\/?pageNum=2\" title=\"N\u00e4chste Seite\" rel=\"next\">&rarr;<\/a><\/div>\n\t\t<\/div>\n<\/div><\/section><\/p>\n","protected":false},"excerpt":{"rendered":"","protected":false},"author":8,"featured_media":0,"parent":0,"menu_order":210,"comment_status":"closed","ping_status":"closed","template":"","meta":[],"_links":{"self":[{"href":"https:\/\/www.al-hami.de\/nsc\/wp-json\/wp\/v2\/pages\/1170"}],"collection":[{"href":"https:\/\/www.al-hami.de\/nsc\/wp-json\/wp\/v2\/pages"}],"about":[{"href":"https:\/\/www.al-hami.de\/nsc\/wp-json\/wp\/v2\/types\/page"}],"author":[{"embeddable":true,"href":"https:\/\/www.al-hami.de\/nsc\/wp-json\/wp\/v2\/users\/8"}],"replies":[{"embeddable":true,"href":"https:\/\/www.al-hami.de\/nsc\/wp-json\/wp\/v2\/comments?post=1170"}],"version-history":[{"count":6,"href":"https:\/\/www.al-hami.de\/nsc\/wp-json\/wp\/v2\/pages\/1170\/revisions"}],"predecessor-version":[{"id":4814,"href":"https:\/\/www.al-hami.de\/nsc\/wp-json\/wp\/v2\/pages\/1170\/revisions\/4814"}],"wp:attachment":[{"href":"https:\/\/www.al-hami.de\/nsc\/wp-json\/wp\/v2\/media?parent=1170"}],"curies":[{"name":"wp","href":"https:\/\/api.w.org\/{rel}","templated":true}]}}