{"id":1176,"date":"2017-01-31T13:25:47","date_gmt":"2017-01-31T12:25:47","guid":{"rendered":"http:\/\/neuro-spine-center.com.w0158a2a.kasserver.com\/nsc\/?page_id=1176"},"modified":"2020-01-08T11:35:52","modified_gmt":"2020-01-08T10:35:52","slug":"gaestebuch-2012","status":"publish","type":"page","link":"https:\/\/www.al-hami.de\/nsc\/gaestebuch-2012\/","title":{"rendered":"G\u00e4stebuch 2012"},"content":{"rendered":"<div id='av-layout-grid-1' class='av-layout-grid-container entry-content-wrapper main_color av-flex-cells    avia-builder-el-0  el_before_av_section  avia-builder-el-first  container_wrap sidebar_right' style=' '  >\n<div class=\"flex_cell no_margin av_one_half  avia-builder-el-1  el_before_av_cell_one_half  avia-builder-el-first   avia-full-stretch av-zero-padding \" style='height:500px; min-height:500px;background:url(https:\/\/www.al-hami.de\/nsc\/wp-content\/uploads\/wissenswertes.jpg) top left no-repeat scroll; vertical-align:middle; padding:0px; background-color:#19839a; '><div class='flex_cell_inner' ><\/div><\/div><div class=\"flex_cell no_margin av_one_half  avia-builder-el-2  el_after_av_cell_one_half  avia-builder-el-last   \" style='height:500px; min-height:500px;vertical-align:middle; padding:80px; background-color:#19839a; '><div class='flex_cell_inner' ><p><div style='padding-bottom:25px; color:#ffffff;font-size:34px;' class='av-special-heading av-special-heading-h3 custom-color-heading blockquote modern-quote  avia-builder-el-3  el_before_av_textblock  avia-builder-el-first   av-inherit-size '><h3 class='av-special-heading-tag '  itemprop=\"headline\"  >G\u00e4stebuch 2012<\/h3><div class='special-heading-border'><div class='special-heading-inner-border' style='border-color:#ffffff'><\/div><\/div><\/div><br \/>\n<section class=\"av_textblock_section \"  itemscope=\"itemscope\" itemtype=\"https:\/\/schema.org\/CreativeWork\" ><div class='avia_textblock  av_inherit_color '  style='color:#ffffff; '  itemprop=\"text\" ><p>Wir bedanken uns bei allen Patienten f\u00fcr das entgegengesetzte Vertrauen. Ihre Gesundheit und Ihr Wohlbefinden ist der wahre Lohn unserer Arbeit.<\/p>\n<\/div><\/section><\/p>\n<\/div><\/div>\n<\/div>\n<div id='av_section_1' class='avia-section main_color avia-section-huge avia-no-border-styling avia-bg-style-scroll  avia-builder-el-5  el_after_av_layout_row  el_before_av_textblock   container_wrap sidebar_right' style=' '  ><div class='container' ><div class='template-page content  av-content-small alpha units'><div class='post-entry post-entry-type-page post-entry-1176'><div class='entry-content-wrapper clearfix'>\n<div class='flex_column_table av-equal-height-column-flextable -flextable' style='margin-top:-200px; margin-bottom:0px; '><div class=\"flex_column av_one_third  no_margin flex_column_table_cell av-equal-height-column av-align-top first  avia-builder-el-6  el_before_av_one_third  avia-builder-el-first  \" style='padding:40px; border-radius:0px; '><\/div><div class=\"flex_column av_one_third  no_margin flex_column_table_cell av-equal-height-column av-align-top   avia-builder-el-7  el_after_av_one_third  el_before_av_one_third  \" style='padding:40px; background-color:#27a1bc; border-radius:0px; '><p><span class=\"av_font_icon avia_animate_when_visible avia-icon-animate  av-icon-style-  avia-icon-pos-center \" style=\"color:#ffffff; border-color:#ffffff;\"><span class='av-icon-char' style='font-size:60px;line-height:60px;' aria-hidden='true' data-av_icon='\ue836' data-av_iconfont='entypo-fontello' ><\/span><\/span><br \/>\n<div style='height:20px' class='hr hr-invisible   avia-builder-el-9  el_after_av_font_icon  el_before_av_textblock '><span class='hr-inner ' ><span class='hr-inner-style'><\/span><\/span><\/div><br \/>\n<section class=\"av_textblock_section \"  itemscope=\"itemscope\" itemtype=\"https:\/\/schema.org\/CreativeWork\" ><div class='avia_textblock  av_inherit_color '  style='color:#ffffff; '  itemprop=\"text\" ><h4 style=\"text-align: center;\">Sie haben das Wort<\/h4>\n<p style=\"text-align: center;\">Haben Sie Anregungen, Vorschl\u00e4ge, W\u00fcnsche, Lob aber auch Kritik, so w\u00fcrden wir uns \u00fcber einen Eintrag in unser G\u00e4stebuch freuen. Nur so haben wir die M\u00f6glichkeit uns stetig, zum Wohle der Patienten, zu verbessern.<\/p>\n<\/div><\/section><\/p><\/div><div class=\"flex_column av_one_third  no_margin flex_column_table_cell av-equal-height-column av-align-top   avia-builder-el-11  el_after_av_one_third  el_before_av_hr  \" style='padding:40px; border-radius:0px; '><\/div><\/div><!--close column table wrapper. Autoclose: 1 --><div style='height:20px' class='hr hr-invisible   avia-builder-el-12  el_after_av_one_third  el_before_av_textblock '><span class='hr-inner ' ><span class='hr-inner-style'><\/span><\/span><\/div>\n<section class=\"av_textblock_section \"  itemscope=\"itemscope\" itemtype=\"https:\/\/schema.org\/CreativeWork\" ><div class='avia_textblock  '   itemprop=\"text\" ><p>Unter folgenden Links finden Sie die G\u00e4steb\u00fccher aus den vergangenen Jahren:<br \/>\n<a href=\"\/nsc\/gaestebuch-2020\/\" target=\"_self\" rel=\"noopener noreferrer\">2020<\/a> |<a href=\"\/nsc\/gaestebuch-2019\/\" target=\"_self\" rel=\"noopener noreferrer\">2019<\/a> |<a href=\"\/nsc\/gaestebuch-2018\/\" target=\"_self\" rel=\"noopener noreferrer\">2018<\/a> | <a href=\"\/nsc\/gaestebuch-2017\/\" target=\"_self\" rel=\"noopener noreferrer\">2017<\/a> | <a href=\"\/nsc\/gaestebuch-2016\/\" target=\"_self\" rel=\"noopener noreferrer\">2016<\/a> | <a href=\"\/nsc\/gaestebuch-2015\/\" target=\"_self\" rel=\"noopener noreferrer\">2015<\/a> | <a href=\"\/nsc\/gaestebuch-2014\/\" target=\"_self\" rel=\"noopener noreferrer\">2014<\/a> | <a href=\"\/nsc\/gaestebuch-2013\/\" target=\"_self\" rel=\"noopener noreferrer\">2013<\/a> | <a href=\"\/nsc\/gaestebuch-2012\/\" target=\"_self\" rel=\"noopener noreferrer\">2012<\/a> | <a href=\"\/nsc\/gaestebuch-2011\/\" target=\"_self\" rel=\"noopener noreferrer\">2011<\/a> | <a href=\"\/nsc\/gaestebuch-2010\/\" target=\"_self\" rel=\"noopener noreferrer\">2010<\/a> | <a href=\"\/nsc\/gaestebuch-2009\/\" target=\"_self\" rel=\"noopener noreferrer\">2009<\/a> | <a href=\"\/nsc\/gaestebuch-2008\/\" target=\"_self\" rel=\"noopener noreferrer\">2008<\/a> | <a href=\"\/nsc\/gaestebuch-2007\/\" target=\"_self\" rel=\"noopener noreferrer\">2007<\/a> | <a href=\"\/nsc\/gaestebuch-2006\/\" target=\"_self\" rel=\"noopener noreferrer\">2006<\/a> | <a href=\"\/nsc\/gaestebuch-2005\/\" target=\"_self\" rel=\"noopener noreferrer\">2005<\/a><\/p>\n<\/div><\/section>\n<div style='height:1px; margin-top:-120px'  class='hr hr-invisible   avia-builder-el-14  el_after_av_textblock  avia-builder-el-last '><span class='hr-inner ' ><span class='hr-inner-style'><\/span><\/span><\/div>\n<\/div><\/div><\/div><!-- close content main div --><\/div><\/div><div id='after_section_1' class='main_color av_default_container_wrap container_wrap sidebar_right' style=' '  ><div class='container' ><div class='template-page content  av-content-small alpha units'><div class='post-entry post-entry-type-page post-entry-1176'><div class='entry-content-wrapper clearfix'><section class=\"av_textblock_section \"  itemscope=\"itemscope\" itemtype=\"https:\/\/schema.org\/CreativeWork\" ><div class='avia_textblock  '   itemprop=\"text\" ><div class=\"gwolle-gb\">\n\t\t\t\t<div class=\"page-navigation\">\n\t\t\t\t\t<span class=\"screen-reader-text\">Guestbook list navigation<\/span><span class=\"page-numbers current\">1<\/span><a href=\"https:\/\/www.al-hami.de\/nsc\/gaestebuch-2012\/?pageNum=2\" title=\"Seite 2\">2<\/a><a href=\"https:\/\/www.al-hami.de\/nsc\/gaestebuch-2012\/?pageNum=3\" title=\"Seite 3\">3<\/a><a href=\"https:\/\/www.al-hami.de\/nsc\/gaestebuch-2012\/?pageNum=4\" title=\"Seite 4\">4<\/a><a href=\"https:\/\/www.al-hami.de\/nsc\/gaestebuch-2012\/?pageNum=5\" title=\"Seite 5\">5<\/a><span class=\"page-numbers dots\">...<\/span><a href=\"https:\/\/www.al-hami.de\/nsc\/gaestebuch-2012\/?pageNum=38\" title=\"Seite 38\">38<\/a><a href=\"https:\/\/www.al-hami.de\/nsc\/gaestebuch-2012\/?pageNum=2\" title=\"N\u00e4chste Seite\" rel=\"next\">&rarr;<\/a><\/div>\n\t\t<div class=\"gwolle-gb-read \" data-book_id=\"8\"><div id=\"gwolle-gb-total\">746 Eintr\u00e4ge<\/div><!-- Gwolle-GB Entry: Custom Template Loaded -->\n\t\t\t\t<div class=\"gb-entry gb-entry_5129 gb-entry-count_1 gwolle_gb_uneven gwolle-gb-uneven gwolle_gb_first gwolle-gb-first\">\n\t\t\t\t\t<div class=\"gb-author-info\">\n\t\t\t\t\t<\/div>\n\t\t\t\t\t<div class=\"gb-entry-content\">&bdquo;Ich habe mich hier sehr wohl gef\u00fchlt und war sehr gut umsorgt. Ich empfehle die Klinik sehr gerne weiter. Die F\u00fcrsorglichkeit des gesamten Personals tr\u00e4gt erheblich zur Genesung bei. Vielen Dank den behandelnden \u00c4rzten f\u00fcr die gute Arbeit. Ich w\u00fcnsche sch\u00f6ne Feiertage und etwas Erholung.<span>&rdquo; - Anonym, 21.12.2012<\/span>\n\t\t\t\t\t<\/div>\n\t\t\t<\/div>\n\t\t\t<div class=\"gb-entry gb-entry_5128 gb-entry-count_2 gwolle_gb_even gwolle-gb-even\">\n\t\t\t\t\t<div class=\"gb-author-info\">\n\t\t\t\t\t<\/div>\n\t\t\t\t\t<div class=\"gb-entry-content\">&bdquo;Ich m\u00f6chte mich von ganzen Herzen f\u00fcr die liebevolle Betreuung bedanken und w\u00fcnsche dem gesamten Team f\u00fcr die Zukunft weiterhin viel Erfolg. \r\nHaus Rosenthal h\u00e4tte gesagt: \u201eIhr seid spitze!\u201c<span>&rdquo; - Anonym, 20.12.2012<\/span>\n\t\t\t\t\t<\/div>\n\t\t\t<\/div>\n\t\t\t<div class=\"gb-entry gb-entry_5125 gb-entry-count_3 gwolle_gb_uneven gwolle-gb-uneven\">\n\t\t\t\t\t<div class=\"gb-author-info\">\n\t\t\t\t\t<\/div>\n\t\t\t\t\t<div class=\"gb-entry-content\">&bdquo;Ich bin froh, dass mein Hausarzt mich hierher schickte. Ich f\u00fchlte mich gut aufgehoben. Die \u00c4rzte, Schwestern, Pfleger das ganze Personal top. Kann man nur weiterempfehlen.<span>&rdquo; - Horvath, 20.12.2012<\/span>\n\t\t\t\t\t<\/div>\n\t\t\t<\/div>\n\t\t\t<div class=\"gb-entry gb-entry_5126 gb-entry-count_4 gwolle_gb_even gwolle-gb-even\">\n\t\t\t\t\t<div class=\"gb-author-info\">\n\t\t\t\t\t<\/div>\n\t\t\t\t\t<div class=\"gb-entry-content\">&bdquo;M\u00f6chte mich bim gesamten Team herzlich bedanken. Sie haben mir ein St\u00fcck Lebensqualit\u00e4t wieder gegeben. Es war f\u00fcr mich eine positive Erfahrung eines Krankenhausaufenthaltes.<span>&rdquo; - Anonym, 20.12.2012<\/span>\n\t\t\t\t\t<\/div>\n\t\t\t<\/div>\n\t\t\t<div class=\"gb-entry gb-entry_5123 gb-entry-count_5 gwolle_gb_uneven gwolle-gb-uneven\">\n\t\t\t\t\t<div class=\"gb-author-info\">\n\t\t\t\t\t<\/div>\n\t\t\t\t\t<div class=\"gb-entry-content\">&bdquo;Ich bedanke mich ganz herzlich f\u00fcr die wundervolle Betreuung und die vorbildliche Operation. Ich danke Gott f\u00fcr den Tag als ich mich aufgrund der Empfehlung von einer ehemaligen Patientin daf\u00fcr entschieden habe mich bei Ihnen operieren zu lassen. Ich bin rundum zufrieden und bereue die Entscheidung keineswegs. Um alles Positive zu erw\u00e4hnen reicht der Platz bei weitem nicht. Etwas Negatives kann ich mit Ihnen gar nicht in Verbindung bringen. Ich bedanke mich f\u00fcr alles. Durch Sie habe ich wieder neuen Lebensmut gesch\u00f6pft und blicke positiv in eine scherzfreie Zukunft mit meinen Kindern, meiner Familie und Freunden.<span>&rdquo; - Mari Safi, 20.12.2012<\/span>\n\t\t\t\t\t<\/div>\n\t\t\t<\/div>\n\t\t\t<div class=\"gb-entry gb-entry_5127 gb-entry-count_6 gwolle_gb_even gwolle-gb-even\">\n\t\t\t\t\t<div class=\"gb-author-info\">\n\t\t\t\t\t<\/div>\n\t\t\t\t\t<div class=\"gb-entry-content\">&bdquo;Ich bedanke mich vielmals beim gesamten Team des Neuro-Spine-Center Dr. Al-Hami f\u00fcr die hervorragende Behandlung. Kurzfristig wurden mir die Schmerzen genommen, sodass ich ohne Schmerzen die Heimreise antreten kann. Das Neuro-Spine-Center kann man ohne wenn und aber nur weiterempfehlen. Ich w\u00fcnsche dem gesamten Team ein frohes und gesegnetes Weihnachtsfest und alles Gute f\u00fcr das neue Jahr!<span>&rdquo; - Anonym, 20.12.2012<\/span>\n\t\t\t\t\t<\/div>\n\t\t\t<\/div>\n\t\t\t<div class=\"gb-entry gb-entry_5124 gb-entry-count_7 gwolle_gb_uneven gwolle-gb-uneven\">\n\t\t\t\t\t<div class=\"gb-author-info\">\n\t\t\t\t\t<\/div>\n\t\t\t\t\t<div class=\"gb-entry-content\">&bdquo;Ich bedanke mich herzlich f\u00fcr die sehr gute Betreuung und die sehr gute Operation. Laut Dr. P\u00f6llath werde ich wahrscheinlich noch einmal ein bis zwei OPs haben m\u00fcssen. Ich werde wieder kommen! Ich kann keineswegs negative Kritik \u00e4u\u00dfern. Ich war absolut rundum zufrieden! Danke an das Team und Herrn Dr. P\u00f6llath.<span>&rdquo; - M. Auth, 19.12.2012<\/span>\n\t\t\t\t\t<\/div>\n\t\t\t<\/div>\n\t\t\t<div class=\"gb-entry gb-entry_5118 gb-entry-count_8 gwolle_gb_even gwolle-gb-even\">\n\t\t\t\t\t<div class=\"gb-author-info\">\n\t\t\t\t\t<\/div>\n\t\t\t\t\t<div class=\"gb-entry-content\">&bdquo;Ich war voriges schon mal hier. Bin sehr zufrieden gewesen, deshalb bin ich wieder hergekommen und w\u00fcrde auch immer wieder kommen. Man kann es jedem empfehlen.<span>&rdquo; - Konrad L., 19.12.2012<\/span>\n\t\t\t\t\t<\/div>\n\t\t\t<\/div>\n\t\t\t<div class=\"gb-entry gb-entry_5122 gb-entry-count_9 gwolle_gb_uneven gwolle-gb-uneven\">\n\t\t\t\t\t<div class=\"gb-author-info\">\n\t\t\t\t\t<\/div>\n\t\t\t\t\t<div class=\"gb-entry-content\">&bdquo;Nach eineinhalb Jahren habe ich mich endlich zur OP durchgerungen. Kann zum heutigen Zeitpunkt sagen, dass ich es bereue mich nicht schon fr\u00fcher f\u00fcr die OP entschieden zu haben. Die akuten Schmerzen sind weg! Hurra!! Nachteil der OP, man merkt wieder Muskeln, die man vergessen hatte durch die \u201eSchonhaltung\u201c. Muskelkater im Ges\u00e4\u00df und Bein von 1 \u2013 10 \u201e8\u201c.\r\nW\u00fcrde das Neuro-Spine-Center jederzeit weiterempfehlen. Dienstleistung Gesamtnote: 1 !<span>&rdquo; - Y. G., 19.12.2012<\/span>\n\t\t\t\t\t<\/div>\n\t\t\t<\/div>\n\t\t\t<div class=\"gb-entry gb-entry_5120 gb-entry-count_10 gwolle_gb_even gwolle-gb-even\">\n\t\t\t\t\t<div class=\"gb-author-info\">\n\t\t\t\t\t<\/div>\n\t\t\t\t\t<div class=\"gb-entry-content\">&bdquo;Ich war schon zum zweiten Mal zur OP hier (Halswirbels\u00e4ule). Es ist bis jetzt alles gut verlaufen. Nach der 1. OP hatte ich keine Schmerzen mehr, die fand am 16.1.2012 statt. Die zweite jetzt am 18.12.2012: Bis jetzt auch keine Beschwerden. Immer ein anderer Halswirbel. Es hat mir sehr gut hier gefallen, ich w\u00fcrde Sie weiterempfehlen.<span>&rdquo; - Wilfriede G., 19.12.2012<\/span>\n\t\t\t\t\t<\/div>\n\t\t\t<\/div>\n\t\t\t<div class=\"gb-entry gb-entry_5119 gb-entry-count_11 gwolle_gb_uneven gwolle-gb-uneven\">\n\t\t\t\t\t<div class=\"gb-author-info\">\n\t\t\t\t\t<\/div>\n\t\t\t\t\t<div class=\"gb-entry-content\">&bdquo;Die Klinik Neuro-Spine-Center kann ich mit gutem Gewissen weiterempfehlen und werde es auch tun.<span>&rdquo; - Anonym, 19.12.2012<\/span>\n\t\t\t\t\t<\/div>\n\t\t\t<\/div>\n\t\t\t<div class=\"gb-entry gb-entry_5121 gb-entry-count_12 gwolle_gb_even gwolle-gb-even\">\n\t\t\t\t\t<div class=\"gb-author-info\">\n\t\t\t\t\t<\/div>\n\t\t\t\t\t<div class=\"gb-entry-content\">&bdquo;Ich habe mich rundum wohl und gut versorgt gef\u00fchlt. Es war auch mal ein pers\u00f6nliches Gespr\u00e4ch mit Angeh\u00f6rigen des Personals m\u00f6glich. Dadurch wurde die Betreuung noch pers\u00f6nlicher, was sich nat\u00fcrlich auch positiv auf die Heilung auswirkt. Danke!<span>&rdquo; - Anonym, 18.12.2012<\/span>\n\t\t\t\t\t<\/div>\n\t\t\t<\/div>\n\t\t\t<div class=\"gb-entry gb-entry_5117 gb-entry-count_13 gwolle_gb_uneven gwolle-gb-uneven\">\n\t\t\t\t\t<div class=\"gb-author-info\">\n\t\t\t\t\t<\/div>\n\t\t\t\t\t<div class=\"gb-entry-content\">&bdquo;Danke f\u00fcr den wirklich angenehmen Krankenhausaufenthalt\r\n- freundliche Mitarbeiter\r\n- leckeres Essen\r\n- angenehmes Ambiente\r\n= zum Wohlf\u00fchlen<span>&rdquo; - Anonym, 16.12.2012<\/span>\n\t\t\t\t\t<\/div>\n\t\t\t<\/div>\n\t\t\t<div class=\"gb-entry gb-entry_5115 gb-entry-count_14 gwolle_gb_even gwolle-gb-even\">\n\t\t\t\t\t<div class=\"gb-author-info\">\n\t\t\t\t\t<\/div>\n\t\t\t\t\t<div class=\"gb-entry-content\">&bdquo;F\u00fcr die gute Betreuung durch \u00c4rzte und das freundliche Stationsteam m\u00f6chte ich mich recht herzlich bedanken, Ich war sehr zufrieden und werde Ihre Klinik gerne weiterempfehlen.<span>&rdquo; - Anonym, 15.12.2012<\/span>\n\t\t\t\t\t<\/div>\n\t\t\t<\/div>\n\t\t\t<div class=\"gb-entry gb-entry_5112 gb-entry-count_15 gwolle_gb_uneven gwolle-gb-uneven\">\n\t\t\t\t\t<div class=\"gb-author-info\">\n\t\t\t\t\t<\/div>\n\t\t\t\t\t<div class=\"gb-entry-content\">&bdquo;Bin sehr zufrieden, werde es weiterempfehlen. Gro\u00dfen Dank an Dr. Eid f\u00fcr die gute Versorgung.<span>&rdquo; - M. Blumbach, 15.12.2012<\/span>\n\t\t\t\t\t<\/div>\n\t\t\t<\/div>\n\t\t\t<div class=\"gb-entry gb-entry_5111 gb-entry-count_16 gwolle_gb_even gwolle-gb-even\">\n\t\t\t\t\t<div class=\"gb-author-info\">\n\t\t\t\t\t<\/div>\n\t\t\t\t\t<div class=\"gb-entry-content\">&bdquo;Ich habe mich sehr wohl hier gef\u00fchlt und hatte fast das Gef\u00fchl (wenn die OP nicht gewesen w\u00e4re) ich bin im Urlaub in einem wundersch\u00f6nen Hotel.<span>&rdquo; - Saalfeld, 15.12.2012<\/span>\n\t\t\t\t\t<\/div>\n\t\t\t<\/div>\n\t\t\t<div class=\"gb-entry gb-entry_5109 gb-entry-count_17 gwolle_gb_uneven gwolle-gb-uneven\">\n\t\t\t\t\t<div class=\"gb-author-info\">\n\t\t\t\t\t<\/div>\n\t\t\t\t\t<div class=\"gb-entry-content\">&bdquo;Wartezeit vom Fertigmachen zur OP bis zum Abholen zur OP war f\u00fcr mich etwas zu lang.<span>&rdquo; - Manfred J., 15.12.2012<\/span>\n\t\t\t\t\t<\/div>\n\t\t\t<\/div>\n\t\t\t<div class=\"gb-entry gb-entry_5108 gb-entry-count_18 gwolle_gb_even gwolle-gb-even\">\n\t\t\t\t\t<div class=\"gb-author-info\">\n\t\t\t\t\t<\/div>\n\t\t\t\t\t<div class=\"gb-entry-content\">&bdquo;Das Neuro-Spine-Center ist auf jeden Fall zu empfehlen. Der Umgang mit den Patienten ist super. Sehr freundlich und eine gute Verpflegung. Zudem ist es sauber.<span>&rdquo; - Anonym, 15.12.2012<\/span>\n\t\t\t\t\t<\/div>\n\t\t\t<\/div>\n\t\t\t<div class=\"gb-entry gb-entry_5116 gb-entry-count_19 gwolle_gb_uneven gwolle-gb-uneven\">\n\t\t\t\t\t<div class=\"gb-author-info\">\n\t\t\t\t\t<\/div>\n\t\t\t\t\t<div class=\"gb-entry-content\">&bdquo;Wir sind mit der Klinik Al-Hami sehr zufrieden. Gute Ausstattung und nettes Personal. Besonders danken wir Dr. Eid. Wir w\u00fcnschen dem ganzen Personal Frohe Weihnachten!<span>&rdquo; - A. Trupp, 14.12.2012<\/span>\n\t\t\t\t\t<\/div>\n\t\t\t<\/div>\n\t\t\t<div class=\"gb-entry gb-entry_5113 gb-entry-count_20 gwolle_gb_even gwolle-gb-even\">\n\t\t\t\t\t<div class=\"gb-author-info\">\n\t\t\t\t\t<\/div>\n\t\t\t\t\t<div class=\"gb-entry-content\">&bdquo;In dieser Einrichtung stimmt einfach alles. Von der Behandlung in der Praxis durch Fr. Dr. David \u00fcber das Vorgespr\u00e4ch zur Narkose und OP. Nach der OP im Aufwachraum und anschlie\u00dfend auf Station war das Pflegepersonal sehr zuvorkommend und bem\u00fchten sich sehr um mich als Patient. In dieser Klinik stimmt einfach alles auf den Punkt. Ich werde diese Einrichtung sehr gerne weiterempfehlen. Nochmals bedanke ich mich f\u00fcr alles was hier f\u00fcr mich getan wurde.<span>&rdquo; - A. Knapp, 14.12.2012<\/span>\n\t\t\t\t\t<\/div>\n\t\t\t<\/div>\n\t\t\t<\/div>\n\t\t\t\t<div class=\"page-navigation\">\n\t\t\t\t\t<span class=\"screen-reader-text\">Guestbook list navigation<\/span><span class=\"page-numbers current\">1<\/span><a href=\"https:\/\/www.al-hami.de\/nsc\/gaestebuch-2012\/?pageNum=2\" title=\"Seite 2\">2<\/a><a href=\"https:\/\/www.al-hami.de\/nsc\/gaestebuch-2012\/?pageNum=3\" title=\"Seite 3\">3<\/a><a href=\"https:\/\/www.al-hami.de\/nsc\/gaestebuch-2012\/?pageNum=4\" title=\"Seite 4\">4<\/a><a href=\"https:\/\/www.al-hami.de\/nsc\/gaestebuch-2012\/?pageNum=5\" title=\"Seite 5\">5<\/a><span class=\"page-numbers dots\">...<\/span><a href=\"https:\/\/www.al-hami.de\/nsc\/gaestebuch-2012\/?pageNum=38\" title=\"Seite 38\">38<\/a><a href=\"https:\/\/www.al-hami.de\/nsc\/gaestebuch-2012\/?pageNum=2\" title=\"N\u00e4chste Seite\" rel=\"next\">&rarr;<\/a><\/div>\n\t\t<\/div>\n<\/div><\/section><\/p>\n","protected":false},"excerpt":{"rendered":"","protected":false},"author":8,"featured_media":0,"parent":0,"menu_order":207,"comment_status":"closed","ping_status":"closed","template":"","meta":[],"_links":{"self":[{"href":"https:\/\/www.al-hami.de\/nsc\/wp-json\/wp\/v2\/pages\/1176"}],"collection":[{"href":"https:\/\/www.al-hami.de\/nsc\/wp-json\/wp\/v2\/pages"}],"about":[{"href":"https:\/\/www.al-hami.de\/nsc\/wp-json\/wp\/v2\/types\/page"}],"author":[{"embeddable":true,"href":"https:\/\/www.al-hami.de\/nsc\/wp-json\/wp\/v2\/users\/8"}],"replies":[{"embeddable":true,"href":"https:\/\/www.al-hami.de\/nsc\/wp-json\/wp\/v2\/comments?post=1176"}],"version-history":[{"count":7,"href":"https:\/\/www.al-hami.de\/nsc\/wp-json\/wp\/v2\/pages\/1176\/revisions"}],"predecessor-version":[{"id":3646,"href":"https:\/\/www.al-hami.de\/nsc\/wp-json\/wp\/v2\/pages\/1176\/revisions\/3646"}],"wp:attachment":[{"href":"https:\/\/www.al-hami.de\/nsc\/wp-json\/wp\/v2\/media?parent=1176"}],"curies":[{"name":"wp","href":"https:\/\/api.w.org\/{rel}","templated":true}]}}