{"id":1178,"date":"2017-01-31T13:26:15","date_gmt":"2017-01-31T12:26:15","guid":{"rendered":"http:\/\/neuro-spine-center.com.w0158a2a.kasserver.com\/nsc\/?page_id=1178"},"modified":"2019-01-08T22:54:59","modified_gmt":"2019-01-08T21:54:59","slug":"gaestebuch-2011","status":"publish","type":"page","link":"https:\/\/www.al-hami.de\/nsc\/gaestebuch-2011\/","title":{"rendered":"G\u00e4stebuch 2011"},"content":{"rendered":"<div id='av-layout-grid-1' class='av-layout-grid-container entry-content-wrapper main_color av-flex-cells    avia-builder-el-0  el_before_av_section  avia-builder-el-first  container_wrap sidebar_right' style=' '  >\n<div class=\"flex_cell no_margin av_one_half  avia-builder-el-1  el_before_av_cell_one_half  avia-builder-el-first   avia-full-stretch av-zero-padding \" style='height:500px; min-height:500px;background:url(https:\/\/www.al-hami.de\/nsc\/wp-content\/uploads\/wissenswertes.jpg) top left no-repeat scroll; vertical-align:middle; padding:0px; background-color:#19839a; '><div class='flex_cell_inner' ><\/div><\/div><div class=\"flex_cell no_margin av_one_half  avia-builder-el-2  el_after_av_cell_one_half  avia-builder-el-last   \" style='height:500px; min-height:500px;vertical-align:middle; padding:80px; background-color:#19839a; '><div class='flex_cell_inner' ><p><div style='padding-bottom:25px; color:#ffffff;font-size:34px;' class='av-special-heading av-special-heading-h3 custom-color-heading blockquote modern-quote  avia-builder-el-3  el_before_av_textblock  avia-builder-el-first   av-inherit-size '><h3 class='av-special-heading-tag '  itemprop=\"headline\"  >G\u00e4stebuch 2011<\/h3><div class='special-heading-border'><div class='special-heading-inner-border' style='border-color:#ffffff'><\/div><\/div><\/div><br \/>\n<section class=\"av_textblock_section \"  itemscope=\"itemscope\" itemtype=\"https:\/\/schema.org\/CreativeWork\" ><div class='avia_textblock  av_inherit_color '  style='color:#ffffff; '  itemprop=\"text\" ><p>Wir bedanken uns bei allen Patienten f\u00fcr das entgegengesetzte Vertrauen. Ihre Gesundheit und Ihr Wohlbefinden ist der wahre Lohn unserer Arbeit.<\/p>\n<\/div><\/section><\/p>\n<\/div><\/div>\n<\/div>\n<div id='av_section_1' class='avia-section main_color avia-section-huge avia-no-border-styling avia-bg-style-scroll  avia-builder-el-5  el_after_av_layout_row  el_before_av_textblock   container_wrap sidebar_right' style=' '  ><div class='container' ><div class='template-page content  av-content-small alpha units'><div class='post-entry post-entry-type-page post-entry-1178'><div class='entry-content-wrapper clearfix'>\n<div class='flex_column_table av-equal-height-column-flextable -flextable' style='margin-top:-200px; margin-bottom:0px; '><div class=\"flex_column av_one_third  no_margin flex_column_table_cell av-equal-height-column av-align-top first  avia-builder-el-6  el_before_av_one_third  avia-builder-el-first  \" style='padding:40px; border-radius:0px; '><\/div><div class=\"flex_column av_one_third  no_margin flex_column_table_cell av-equal-height-column av-align-top   avia-builder-el-7  el_after_av_one_third  el_before_av_one_third  \" style='padding:40px; background-color:#27a1bc; border-radius:0px; '><p><span class=\"av_font_icon avia_animate_when_visible avia-icon-animate  av-icon-style-  avia-icon-pos-center \" style=\"color:#ffffff; border-color:#ffffff;\"><span class='av-icon-char' style='font-size:60px;line-height:60px;' aria-hidden='true' data-av_icon='\ue836' data-av_iconfont='entypo-fontello' ><\/span><\/span><br \/>\n<div style='height:20px' class='hr hr-invisible   avia-builder-el-9  el_after_av_font_icon  el_before_av_textblock '><span class='hr-inner ' ><span class='hr-inner-style'><\/span><\/span><\/div><br \/>\n<section class=\"av_textblock_section \"  itemscope=\"itemscope\" itemtype=\"https:\/\/schema.org\/CreativeWork\" ><div class='avia_textblock  av_inherit_color '  style='color:#ffffff; '  itemprop=\"text\" ><h4 style=\"text-align: center;\">Sie haben das Wort<\/h4>\n<p style=\"text-align: center;\">Haben Sie Anregungen, Vorschl\u00e4ge, W\u00fcnsche, Lob aber auch Kritik, so w\u00fcrden wir uns \u00fcber einen Eintrag in unser G\u00e4stebuch freuen. Nur so haben wir die M\u00f6glichkeit uns stetig, zum Wohle der Patienten, zu verbessern.<\/p>\n<\/div><\/section><\/p><\/div><div class=\"flex_column av_one_third  no_margin flex_column_table_cell av-equal-height-column av-align-top   avia-builder-el-11  el_after_av_one_third  el_before_av_hr  \" style='padding:40px; border-radius:0px; '><\/div><\/div><!--close column table wrapper. Autoclose: 1 --><div style='height:20px' class='hr hr-invisible   avia-builder-el-12  el_after_av_one_third  el_before_av_textblock '><span class='hr-inner ' ><span class='hr-inner-style'><\/span><\/span><\/div>\n<section class=\"av_textblock_section \"  itemscope=\"itemscope\" itemtype=\"https:\/\/schema.org\/CreativeWork\" ><div class='avia_textblock  '   itemprop=\"text\" ><p>Unter folgenden Links finden Sie die G\u00e4steb\u00fccher aus den vergangenen Jahren:<br \/>\n<a href=\"\/nsc\/gaestebuch-2019\/\" target=\"_self\">2019<\/a> |<a href=\"\/nsc\/gaestebuch-2018\/\" target=\"_self\">2018<\/a> | <a href=\"\/nsc\/gaestebuch-2017\/\" target=\"_self\">2017<\/a> | <a href=\"\/nsc\/gaestebuch-2016\/\" target=\"_self\">2016<\/a> | <a href=\"\/nsc\/gaestebuch-2015\/\" target=\"_self\">2015<\/a> | <a href=\"\/nsc\/gaestebuch-2014\/\" target=\"_self\">2014<\/a> | <a href=\"\/nsc\/gaestebuch-2013\/\" target=\"_self\">2013<\/a> | <a href=\"\/nsc\/gaestebuch-2012\/\" target=\"_self\">2012<\/a> | <a href=\"\/nsc\/gaestebuch-2011\/\" target=\"_self\">2011<\/a> | <a href=\"\/nsc\/gaestebuch-2010\/\" target=\"_self\">2010<\/a> | <a href=\"\/nsc\/gaestebuch-2009\/\" target=\"_self\">2009<\/a> | <a href=\"\/nsc\/gaestebuch-2008\/\" target=\"_self\">2008<\/a> | <a href=\"\/nsc\/gaestebuch-2007\/\" target=\"_self\">2007<\/a> | <a href=\"\/nsc\/gaestebuch-2006\/\" target=\"_self\">2006<\/a> | <a href=\"\/nsc\/gaestebuch-2005\/\" target=\"_self\">2005<\/a><\/p>\n<\/div><\/section>\n<div style='height:1px; margin-top:-120px'  class='hr hr-invisible   avia-builder-el-14  el_after_av_textblock  avia-builder-el-last '><span class='hr-inner ' ><span class='hr-inner-style'><\/span><\/span><\/div>\n<\/div><\/div><\/div><!-- close content main div --><\/div><\/div><div id='after_section_1' class='main_color av_default_container_wrap container_wrap sidebar_right' style=' '  ><div class='container' ><div class='template-page content  av-content-small alpha units'><div class='post-entry post-entry-type-page post-entry-1178'><div class='entry-content-wrapper clearfix'><section class=\"av_textblock_section \"  itemscope=\"itemscope\" itemtype=\"https:\/\/schema.org\/CreativeWork\" ><div class='avia_textblock  '   itemprop=\"text\" ><div class=\"gwolle-gb\">\n\t\t\t\t<div class=\"page-navigation\">\n\t\t\t\t\t<span class=\"screen-reader-text\">Guestbook list navigation<\/span><span class=\"page-numbers current\">1<\/span><a href=\"https:\/\/www.al-hami.de\/nsc\/gaestebuch-2011\/?pageNum=2\" title=\"Seite 2\">2<\/a><a href=\"https:\/\/www.al-hami.de\/nsc\/gaestebuch-2011\/?pageNum=3\" title=\"Seite 3\">3<\/a><a href=\"https:\/\/www.al-hami.de\/nsc\/gaestebuch-2011\/?pageNum=4\" title=\"Seite 4\">4<\/a><a href=\"https:\/\/www.al-hami.de\/nsc\/gaestebuch-2011\/?pageNum=5\" title=\"Seite 5\">5<\/a><span class=\"page-numbers dots\">...<\/span><a href=\"https:\/\/www.al-hami.de\/nsc\/gaestebuch-2011\/?pageNum=28\" title=\"Seite 28\">28<\/a><a href=\"https:\/\/www.al-hami.de\/nsc\/gaestebuch-2011\/?pageNum=2\" title=\"N\u00e4chste Seite\" rel=\"next\">&rarr;<\/a><\/div>\n\t\t<div class=\"gwolle-gb-read \" data-book_id=\"7\"><div id=\"gwolle-gb-total\">557 Eintr\u00e4ge<\/div><!-- Gwolle-GB Entry: Custom Template Loaded -->\n\t\t\t\t<div class=\"gb-entry gb-entry_4383 gb-entry-count_1 gwolle_gb_uneven gwolle-gb-uneven gwolle_gb_first gwolle-gb-first\">\n\t\t\t\t\t<div class=\"gb-author-info\">\n\t\t\t\t\t<\/div>\n\t\t\t\t\t<div class=\"gb-entry-content\">&bdquo;Da ich bereits zum zweiten Mal dieses Jahres hier bin, zeigt es doch Vertraulichkeit und Zuversicht zu dieser Klinik, den \u00c4rzten und dem gesamten Team. Positiv ist auch, dass nicht Krankenhausatmosph\u00e4re auftritt , ich f\u00fchlte mich wie im Urlaub in einem Hotel. Ich werde die Klinik jedem weiter empfehlen. Ich w\u00fcnsche allen, frohe Weihnachten und alles Gute.<span>&rdquo; - Hr. Eduward Schmidt, 16.12.2011<\/span>\n\t\t\t\t\t<\/div>\n\t\t\t<\/div>\n\t\t\t<div class=\"gb-entry gb-entry_4382 gb-entry-count_2 gwolle_gb_even gwolle-gb-even\">\n\t\t\t\t\t<div class=\"gb-author-info\">\n\t\t\t\t\t<\/div>\n\t\t\t\t\t<div class=\"gb-entry-content\">&bdquo;Ich m\u00f6chte mich recht Herzlich f\u00fcr die gute Beratung und aufschlussreichen Gespr\u00e4che bei Hr. Dr. Eid und Hr. Dr. Al- Hami bedanken. Auch ein gro\u00dfes Lob an das ganze Team. Ich m\u00f6chte mich Herzlich bedanken f\u00fcr die gute Betreuung f\u00fcr Leib und Seele.<span>&rdquo; - Hr. M\u00f6ller, 16.12.2011<\/span>\n\t\t\t\t\t<\/div>\n\t\t\t<\/div>\n\t\t\t<div class=\"gb-entry gb-entry_4381 gb-entry-count_3 gwolle_gb_uneven gwolle-gb-uneven\">\n\t\t\t\t\t<div class=\"gb-author-info\">\n\t\t\t\t\t<\/div>\n\t\t\t\t\t<div class=\"gb-entry-content\">&bdquo;Das Ambiente der Station ist einfach super gut. Bei der pflegerischen Betreuung stimmt einfach alles, man kann nichts bem\u00e4ngeln.<span>&rdquo; - Anonym, 16.12.2011<\/span>\n\t\t\t\t\t<\/div>\n\t\t\t<\/div>\n\t\t\t<div class=\"gb-entry gb-entry_4380 gb-entry-count_4 gwolle_gb_even gwolle-gb-even\">\n\t\t\t\t\t<div class=\"gb-author-info\">\n\t\t\t\t\t<\/div>\n\t\t\t\t\t<div class=\"gb-entry-content\">&bdquo;Es fehlen Zahnputzbecher, sowie eine Ablage f\u00fcr Kosmetikbeutel und Handt\u00fccher in der Dusche.<span>&rdquo; - Anonym, 16.12.2011<\/span>\n\t\t\t\t\t<\/div>\n\t\t\t<\/div>\n\t\t\t<div class=\"gb-entry gb-entry_4379 gb-entry-count_5 gwolle_gb_uneven gwolle-gb-uneven\">\n\t\t\t\t\t<div class=\"gb-author-info\">\n\t\t\t\t\t<\/div>\n\t\t\t\t\t<div class=\"gb-entry-content\">&bdquo;Auch der zweite Aufenthalt im Neuro- Spine- Center war genauso gut wie der erste, von daher macht bitte alle weiter so! Bleibt weiterhin so nett und freundlich. Ich w\u00fcnsche der gesamten Belegschaft, allen \u00c4rzten, Pflegern, sowie Schwestern ein sch\u00f6nes Weihnachtsfest und einen guten Rutsch. Bleiben Sie alle gesund.\r\nEine kleine Anregung h\u00e4tte ich noch: ich finde es gut, wenn nach den 6 Wochen noch eine Abschlussuntersuchung oder Gespr\u00e4ch statt finden w\u00fcrde.<span>&rdquo; - Fr. Jentsch, 16.12.2011<\/span>\n\t\t\t\t\t<\/div>\n\t\t\t<\/div>\n\t\t\t<div class=\"gb-entry gb-entry_4378 gb-entry-count_6 gwolle_gb_even gwolle-gb-even\">\n\t\t\t\t\t<div class=\"gb-author-info\">\n\t\t\t\t\t<\/div>\n\t\t\t\t\t<div class=\"gb-entry-content\">&bdquo;Schon einige Monate qu\u00e4lten mich heftige Schmerzen im rechten Arm. Manuelle Massagen brachte keine Abhilfe, erst die Aufzeichnungen der CD vom MRT zeigten die Ursache. Zwischen dem 5. und 6. Halswirbel wurde durch die Bandscheibe der Nerv eingeklemmt. Nach meinen Umfangreichen Recherchen konnte hier nur eine Operation helfen. Da es sich um einen sensiblen Bereich handelt, habe ich mich vertrauensvoll an meine Diabetologen gewandt, welcher mir die Adresse von Dr. Al- Hami gab. Mit der Terminabsprache, dem Aufnahmegespr\u00e4ch, der erfolgten OP, sowie dem Behandlungsergebnis bin ich sehr zufrieden.<span>&rdquo; - Hr. Schleicher, 16.12.2011<\/span>\n\t\t\t\t\t<\/div>\n\t\t\t<\/div>\n\t\t\t<div class=\"gb-entry gb-entry_4377 gb-entry-count_7 gwolle_gb_uneven gwolle-gb-uneven\">\n\t\t\t\t\t<div class=\"gb-author-info\">\n\t\t\t\t\t<\/div>\n\t\t\t\t\t<div class=\"gb-entry-content\">&bdquo;Da ich bereits am 21. Februar 2011 durch Dr. Al- Hami im HWS- Bereich erfolgreich operiert wurde, gab es f\u00fcr mich keinen anderen Entschluss, als hier die OP im LWS- Bereich durchf\u00fchren zu lassen. Dem ganzen Team des Hauses m\u00f6chte ich f\u00fcr die fachgerechte Behandlung in allen Bereichen danken. F\u00fcr meine Verwandten, Bekannten und Freunde kann ich das Neuro- Spine- Center jederzeit weiterempfehlen.<span>&rdquo; - Anonym, 16.12.2011<\/span>\n\t\t\t\t\t<\/div>\n\t\t\t<\/div>\n\t\t\t<div class=\"gb-entry gb-entry_4376 gb-entry-count_8 gwolle_gb_even gwolle-gb-even\">\n\t\t\t\t\t<div class=\"gb-author-info\">\n\t\t\t\t\t<\/div>\n\t\t\t\t\t<div class=\"gb-entry-content\">&bdquo;Liebes Team!!\r\nIch habe mich sehr wohl bei euch gef\u00fchlt. Ich wurde sehr gut und fachlich kompetent versorgt. Danke f\u00fcr alles.<span>&rdquo; - Fr. Piskorz, 16.12.2011<\/span>\n\t\t\t\t\t<\/div>\n\t\t\t<\/div>\n\t\t\t<div class=\"gb-entry gb-entry_4375 gb-entry-count_9 gwolle_gb_uneven gwolle-gb-uneven\">\n\t\t\t\t\t<div class=\"gb-author-info\">\n\t\t\t\t\t<\/div>\n\t\t\t\t\t<div class=\"gb-entry-content\">&bdquo;Von der Erstuntersuchung bei Dr. Al- Hami \u00fcber Risiken und Nebenwirkungen der OP bin ich sehr gut aufgekl\u00e4rt worden. Dem ganzen Team des Neuro- Spine- Centers ein gro\u00dfes Lob und vielen Dank f\u00fcr die gute Betreuung!<span>&rdquo; - Anonym, 16.12.2011<\/span>\n\t\t\t\t\t<\/div>\n\t\t\t<\/div>\n\t\t\t<div class=\"gb-entry gb-entry_4374 gb-entry-count_10 gwolle_gb_even gwolle-gb-even\">\n\t\t\t\t\t<div class=\"gb-author-info\">\n\t\t\t\t\t<\/div>\n\t\t\t\t\t<div class=\"gb-entry-content\">&bdquo;Es ist schon alles so perfekt, dass mir keine Verbesserungsvorschl\u00e4ge einfallen.\r\nVielen Dank an Dr. Al-Hami, Dr. Garlepp und das gesamte Team.\r\nIch bin immer sehr gerne gewandert und dank dieser Op kann ich es wahrscheinlich wieder tun.\r\nAllen die mit geholfen haben bin ich sehr dankbar!!<span>&rdquo; - Anonym, 15.12.2011<\/span>\n\t\t\t\t\t<\/div>\n\t\t\t<\/div>\n\t\t\t<div class=\"gb-entry gb-entry_4373 gb-entry-count_11 gwolle_gb_uneven gwolle-gb-uneven\">\n\t\t\t\t\t<div class=\"gb-author-info\">\n\t\t\t\t\t<\/div>\n\t\t\t\t\t<div class=\"gb-entry-content\">&bdquo;Ich war sehr zufrieden und habe mich gut aufgehoben gef\u00fchlt. Die Freundlichkeit des gesamten Teams wirkt sich sehr positiv auf die Genesung aus. Ich werde das NSC auf alle F\u00e4lle witerempfehlen.<span>&rdquo; - Einecke, Andrea, 15.12.2011<\/span>\n\t\t\t\t\t<\/div>\n\t\t\t<\/div>\n\t\t\t<div class=\"gb-entry gb-entry_4372 gb-entry-count_12 gwolle_gb_even gwolle-gb-even\">\n\t\t\t\t\t<div class=\"gb-author-info\">\n\t\t\t\t\t<\/div>\n\t\t\t\t\t<div class=\"gb-entry-content\">&bdquo;Ich bin ein neuer Mensch nach der Op und das verdanke ich Herrn Dr. Al-Hami und seinem Team.\r\n\r\nVielen, vielen Dank!!!<span>&rdquo; - Anonym, 15.12.2011<\/span>\n\t\t\t\t\t<\/div>\n\t\t\t<\/div>\n\t\t\t<div class=\"gb-entry gb-entry_4371 gb-entry-count_13 gwolle_gb_uneven gwolle-gb-uneven\">\n\t\t\t\t\t<div class=\"gb-author-info\">\n\t\t\t\t\t<\/div>\n\t\t\t\t\t<div class=\"gb-entry-content\">&bdquo;Die Organisation  ist vorbildlich.\r\nPositiv ist auch, dass nicht unbedingt Krankenhausatmosh\u00e4re auftritt. \r\n\r\nNegativ: Vielleicht mehr Zeit f\u00fcr Fragen einplanen.<span>&rdquo; - Hr. Welker, 15.12.2011<\/span>\n\t\t\t\t\t<\/div>\n\t\t\t<\/div>\n\t\t\t<div class=\"gb-entry gb-entry_4370 gb-entry-count_14 gwolle_gb_even gwolle-gb-even\">\n\t\t\t\t\t<div class=\"gb-author-info\">\n\t\t\t\t\t<\/div>\n\t\t\t\t\t<div class=\"gb-entry-content\">&bdquo;Bestimmt l\u00e4\u00dft es sich auch einrichten, dass die Schnarcher u. Nichtschnarcher getrennt untergebracht werden.<span>&rdquo; - Hr. Wehner, 15.12.2011<\/span>\n\t\t\t\t\t<\/div>\n\t\t\t<\/div>\n\t\t\t<div class=\"gb-entry gb-entry_4369 gb-entry-count_15 gwolle_gb_uneven gwolle-gb-uneven\">\n\t\t\t\t\t<div class=\"gb-author-info\">\n\t\t\t\t\t<\/div>\n\t\t\t\t\t<div class=\"gb-entry-content\">&bdquo;Es gibt nichts zu beanstanden. \r\nDie ganze Betreuung und Behandlung war hervorragend.\r\nAlle Punkte konnte ich erlich mit &#034;sehr gut&#034; ankreuzen. \r\nEs waren keine Kommentare dazu notwendig.\r\nUnd Hr.Dr. Al-Hami hat sich hervorragend gek\u00fcmmert,war 2-3 zur Visite anwesend.\r\nIch werde das NSC in jeder Weise weiterempfehlen. \r\nDanke f\u00fcr die Hilfe.<span>&rdquo; - Fr. Leiber, 10.12.2011<\/span>\n\t\t\t\t\t<\/div>\n\t\t\t<\/div>\n\t\t\t<div class=\"gb-entry gb-entry_4368 gb-entry-count_16 gwolle_gb_even gwolle-gb-even\">\n\t\t\t\t\t<div class=\"gb-author-info\">\n\t\t\t\t\t<\/div>\n\t\t\t\t\t<div class=\"gb-entry-content\">&bdquo;Alles war gut! \r\nSuper Betreuung, vor und nach der OP!\r\nAlles war zu meiner vollen Zufriedenheit.<span>&rdquo; - Fr. Dederer, 10.12.2011<\/span>\n\t\t\t\t\t<\/div>\n\t\t\t<\/div>\n\t\t\t<div class=\"gb-entry gb-entry_4367 gb-entry-count_17 gwolle_gb_uneven gwolle-gb-uneven\">\n\t\t\t\t\t<div class=\"gb-author-info\">\n\t\t\t\t\t<\/div>\n\t\t\t\t\t<div class=\"gb-entry-content\">&bdquo;Bei meiner OP vor zwei Jahren hat es mir damals schon sehr gut gefallen.Nach der Op hatte ich keine Probleme mehr.Ich hoffe jetzt nach meiner 2 ten OP das es genauso wird.Ich kann ihre Klinik nur weiterempfehlen.Die Unterkunft ist super,da\u00df Personal und die \u00c4rzte sind sehr freundlich.Weiter so.<span>&rdquo; - Anonym, 10.12.2011<\/span>\n\t\t\t\t\t<\/div>\n\t\t\t<\/div>\n\t\t\t<div class=\"gb-entry gb-entry_4366 gb-entry-count_18 gwolle_gb_even gwolle-gb-even\">\n\t\t\t\t\t<div class=\"gb-author-info\">\n\t\t\t\t\t<\/div>\n\t\t\t\t\t<div class=\"gb-entry-content\">&bdquo;Nach meiner 3.OP in ihrem Haus m\u00f6chte ich Herrn Dr.Al Hami und seinem Team &#034;Danke&#034; sagen.Das sch\u00f6ne gepflegte Ambiente,die gute Pflege der Fachkr\u00e4fte tragen dazu bei,da\u00df man sich trotz eines solchen Eingriffes sehr gut aufgehoben f\u00fchlt.Die schnelle Hilfe und anschlie\u00dfende Betreuung lassen den Heilungsprozess beschleunigt einsetzen.Man ist in ihrem Hause in besten H\u00e4nden.Alles Gute f\u00fcr sie und ihr Team.Ein gesegnetes Weihnachtsfest und viel Kraft f\u00fcr die neuen Aufgaben des kommenden Jahres.<span>&rdquo; - Fr.Pinsker, 10.12.2011<\/span>\n\t\t\t\t\t<\/div>\n\t\t\t<\/div>\n\t\t\t<div class=\"gb-entry gb-entry_4365 gb-entry-count_19 gwolle_gb_uneven gwolle-gb-uneven\">\n\t\t\t\t\t<div class=\"gb-author-info\">\n\t\t\t\t\t<\/div>\n\t\t\t\t\t<div class=\"gb-entry-content\">&bdquo;Die Klinik von Herr Dr.Al Hami ist f\u00fcr mich vorbildlich!!!\r\nDr.Al Hami ist ein sehr kompetenter,freundlicher und menschlicher Arzt,der nicht auf Kassenpatienten herrabschaut.Ich habe noch nie einen besseren erlebt.Seine Klinik f\u00fchrt er vorbildlich!Das Personal ist sehr gut ausgebildet und sehr freundlich.F\u00fcr mich alles in allem die Nr.1 in ihrem Fachgebiet.<span>&rdquo; - Fr.Kalwa, 10.12.2011<\/span>\n\t\t\t\t\t<\/div>\n\t\t\t<\/div>\n\t\t\t<div class=\"gb-entry gb-entry_4364 gb-entry-count_20 gwolle_gb_even gwolle-gb-even\">\n\t\t\t\t\t<div class=\"gb-author-info\">\n\t\t\t\t\t<\/div>\n\t\t\t\t\t<div class=\"gb-entry-content\">&bdquo;Liebes Team des Neuro-Spine-Centers,\r\n\r\nbei ihnen kommt man sich nicht vor,als ob man in einem Krankenhaus ist,der Vergleich geht eher Richtung Hotel.So kann man sich optimal erholen.Danke f\u00fcr die super gute Betreuung,die ich nur weiterempfehlen kann.<span>&rdquo; - Anonym, 09.12.2011<\/span>\n\t\t\t\t\t<\/div>\n\t\t\t<\/div>\n\t\t\t<\/div>\n\t\t\t\t<div class=\"page-navigation\">\n\t\t\t\t\t<span class=\"screen-reader-text\">Guestbook list navigation<\/span><span class=\"page-numbers current\">1<\/span><a href=\"https:\/\/www.al-hami.de\/nsc\/gaestebuch-2011\/?pageNum=2\" title=\"Seite 2\">2<\/a><a href=\"https:\/\/www.al-hami.de\/nsc\/gaestebuch-2011\/?pageNum=3\" title=\"Seite 3\">3<\/a><a href=\"https:\/\/www.al-hami.de\/nsc\/gaestebuch-2011\/?pageNum=4\" title=\"Seite 4\">4<\/a><a href=\"https:\/\/www.al-hami.de\/nsc\/gaestebuch-2011\/?pageNum=5\" title=\"Seite 5\">5<\/a><span class=\"page-numbers dots\">...<\/span><a href=\"https:\/\/www.al-hami.de\/nsc\/gaestebuch-2011\/?pageNum=28\" title=\"Seite 28\">28<\/a><a href=\"https:\/\/www.al-hami.de\/nsc\/gaestebuch-2011\/?pageNum=2\" title=\"N\u00e4chste Seite\" rel=\"next\">&rarr;<\/a><\/div>\n\t\t<\/div>\n<\/div><\/section><\/p>\n","protected":false},"excerpt":{"rendered":"","protected":false},"author":8,"featured_media":0,"parent":0,"menu_order":206,"comment_status":"closed","ping_status":"closed","template":"","meta":[],"_links":{"self":[{"href":"https:\/\/www.al-hami.de\/nsc\/wp-json\/wp\/v2\/pages\/1178"}],"collection":[{"href":"https:\/\/www.al-hami.de\/nsc\/wp-json\/wp\/v2\/pages"}],"about":[{"href":"https:\/\/www.al-hami.de\/nsc\/wp-json\/wp\/v2\/types\/page"}],"author":[{"embeddable":true,"href":"https:\/\/www.al-hami.de\/nsc\/wp-json\/wp\/v2\/users\/8"}],"replies":[{"embeddable":true,"href":"https:\/\/www.al-hami.de\/nsc\/wp-json\/wp\/v2\/comments?post=1178"}],"version-history":[{"count":6,"href":"https:\/\/www.al-hami.de\/nsc\/wp-json\/wp\/v2\/pages\/1178\/revisions"}],"predecessor-version":[{"id":2876,"href":"https:\/\/www.al-hami.de\/nsc\/wp-json\/wp\/v2\/pages\/1178\/revisions\/2876"}],"wp:attachment":[{"href":"https:\/\/www.al-hami.de\/nsc\/wp-json\/wp\/v2\/media?parent=1178"}],"curies":[{"name":"wp","href":"https:\/\/api.w.org\/{rel}","templated":true}]}}