{"id":1180,"date":"2017-01-31T13:26:49","date_gmt":"2017-01-31T12:26:49","guid":{"rendered":"http:\/\/neuro-spine-center.com.w0158a2a.kasserver.com\/nsc\/?page_id=1180"},"modified":"2019-01-08T22:54:37","modified_gmt":"2019-01-08T21:54:37","slug":"gaestebuch-2010","status":"publish","type":"page","link":"https:\/\/www.al-hami.de\/nsc\/gaestebuch-2010\/","title":{"rendered":"G\u00e4stebuch 2010"},"content":{"rendered":"<div id='av-layout-grid-1' class='av-layout-grid-container entry-content-wrapper main_color av-flex-cells    avia-builder-el-0  el_before_av_section  avia-builder-el-first  container_wrap sidebar_right' style=' '  >\n<div class=\"flex_cell no_margin av_one_half  avia-builder-el-1  el_before_av_cell_one_half  avia-builder-el-first   avia-full-stretch av-zero-padding \" style='height:500px; min-height:500px;background:url(https:\/\/www.al-hami.de\/nsc\/wp-content\/uploads\/wissenswertes.jpg) top left no-repeat scroll; vertical-align:middle; padding:0px; background-color:#19839a; '><div class='flex_cell_inner' ><\/div><\/div><div class=\"flex_cell no_margin av_one_half  avia-builder-el-2  el_after_av_cell_one_half  avia-builder-el-last   \" style='height:500px; min-height:500px;vertical-align:middle; padding:80px; background-color:#19839a; '><div class='flex_cell_inner' ><p><div style='padding-bottom:25px; color:#ffffff;font-size:34px;' class='av-special-heading av-special-heading-h3 custom-color-heading blockquote modern-quote  avia-builder-el-3  el_before_av_textblock  avia-builder-el-first   av-inherit-size '><h3 class='av-special-heading-tag '  itemprop=\"headline\"  >G\u00e4stebuch 2010<\/h3><div class='special-heading-border'><div class='special-heading-inner-border' style='border-color:#ffffff'><\/div><\/div><\/div><br \/>\n<section class=\"av_textblock_section \"  itemscope=\"itemscope\" itemtype=\"https:\/\/schema.org\/CreativeWork\" ><div class='avia_textblock  av_inherit_color '  style='color:#ffffff; '  itemprop=\"text\" ><p>Wir bedanken uns bei allen Patienten f\u00fcr das entgegengesetzte Vertrauen. Ihre Gesundheit und Ihr Wohlbefinden ist der wahre Lohn unserer Arbeit.<\/p>\n<\/div><\/section><\/p>\n<\/div><\/div>\n<\/div>\n<div id='av_section_1' class='avia-section main_color avia-section-huge avia-no-border-styling avia-bg-style-scroll  avia-builder-el-5  el_after_av_layout_row  el_before_av_textblock   container_wrap sidebar_right' style=' '  ><div class='container' ><div class='template-page content  av-content-small alpha units'><div class='post-entry post-entry-type-page post-entry-1180'><div class='entry-content-wrapper clearfix'>\n<div class='flex_column_table av-equal-height-column-flextable -flextable' style='margin-top:-200px; margin-bottom:0px; '><div class=\"flex_column av_one_third  no_margin flex_column_table_cell av-equal-height-column av-align-top first  avia-builder-el-6  el_before_av_one_third  avia-builder-el-first  \" style='padding:40px; border-radius:0px; '><\/div><div class=\"flex_column av_one_third  no_margin flex_column_table_cell av-equal-height-column av-align-top   avia-builder-el-7  el_after_av_one_third  el_before_av_one_third  \" style='padding:40px; background-color:#27a1bc; border-radius:0px; '><p><span class=\"av_font_icon avia_animate_when_visible avia-icon-animate  av-icon-style-  avia-icon-pos-center \" style=\"color:#ffffff; border-color:#ffffff;\"><span class='av-icon-char' style='font-size:60px;line-height:60px;' aria-hidden='true' data-av_icon='\ue836' data-av_iconfont='entypo-fontello' ><\/span><\/span><br \/>\n<div style='height:20px' class='hr hr-invisible   avia-builder-el-9  el_after_av_font_icon  el_before_av_textblock '><span class='hr-inner ' ><span class='hr-inner-style'><\/span><\/span><\/div><br \/>\n<section class=\"av_textblock_section \"  itemscope=\"itemscope\" itemtype=\"https:\/\/schema.org\/CreativeWork\" ><div class='avia_textblock  av_inherit_color '  style='color:#ffffff; '  itemprop=\"text\" ><h4 style=\"text-align: center;\">Sie haben das Wort<\/h4>\n<p style=\"text-align: center;\">Haben Sie Anregungen, Vorschl\u00e4ge, W\u00fcnsche, Lob aber auch Kritik, so w\u00fcrden wir uns \u00fcber einen Eintrag in unser G\u00e4stebuch freuen. Nur so haben wir die M\u00f6glichkeit uns stetig, zum Wohle der Patienten, zu verbessern.<\/p>\n<\/div><\/section><\/p><\/div><div class=\"flex_column av_one_third  no_margin flex_column_table_cell av-equal-height-column av-align-top   avia-builder-el-11  el_after_av_one_third  el_before_av_hr  \" style='padding:40px; border-radius:0px; '><\/div><\/div><!--close column table wrapper. Autoclose: 1 --><div style='height:20px' class='hr hr-invisible   avia-builder-el-12  el_after_av_one_third  el_before_av_textblock '><span class='hr-inner ' ><span class='hr-inner-style'><\/span><\/span><\/div>\n<section class=\"av_textblock_section \"  itemscope=\"itemscope\" itemtype=\"https:\/\/schema.org\/CreativeWork\" ><div class='avia_textblock  '   itemprop=\"text\" ><p>Unter folgenden Links finden Sie die G\u00e4steb\u00fccher aus den vergangenen Jahren:<br \/>\n<a href=\"\/nsc\/gaestebuch-2019\/\" target=\"_self\">2019<\/a> |<a href=\"\/nsc\/gaestebuch-2018\/\" target=\"_self\">2018<\/a> | <a href=\"\/nsc\/gaestebuch-2017\/\" target=\"_self\">2017<\/a> | <a href=\"\/nsc\/gaestebuch-2016\/\" target=\"_self\">2016<\/a> | <a href=\"\/nsc\/gaestebuch-2015\/\" target=\"_self\">2015<\/a> | <a href=\"\/nsc\/gaestebuch-2014\/\" target=\"_self\">2014<\/a> | <a href=\"\/nsc\/gaestebuch-2013\/\" target=\"_self\">2013<\/a> | <a href=\"\/nsc\/gaestebuch-2012\/\" target=\"_self\">2012<\/a> | <a href=\"\/nsc\/gaestebuch-2011\/\" target=\"_self\">2011<\/a> | <a href=\"\/nsc\/gaestebuch-2010\/\" target=\"_self\">2010<\/a> | <a href=\"\/nsc\/gaestebuch-2009\/\" target=\"_self\">2009<\/a> | <a href=\"\/nsc\/gaestebuch-2008\/\" target=\"_self\">2008<\/a> | <a href=\"\/nsc\/gaestebuch-2007\/\" target=\"_self\">2007<\/a> | <a href=\"\/nsc\/gaestebuch-2006\/\" target=\"_self\">2006<\/a> | <a href=\"\/nsc\/gaestebuch-2005\/\" target=\"_self\">2005<\/a><\/p>\n<\/div><\/section>\n<div style='height:1px; margin-top:-120px'  class='hr hr-invisible   avia-builder-el-14  el_after_av_textblock  avia-builder-el-last '><span class='hr-inner ' ><span class='hr-inner-style'><\/span><\/span><\/div>\n<\/div><\/div><\/div><!-- close content main div --><\/div><\/div><div id='after_section_1' class='main_color av_default_container_wrap container_wrap sidebar_right' style=' '  ><div class='container' ><div class='template-page content  av-content-small alpha units'><div class='post-entry post-entry-type-page post-entry-1180'><div class='entry-content-wrapper clearfix'><section class=\"av_textblock_section \"  itemscope=\"itemscope\" itemtype=\"https:\/\/schema.org\/CreativeWork\" ><div class='avia_textblock  '   itemprop=\"text\" ><div class=\"gwolle-gb\">\n\t\t\t\t<div class=\"page-navigation\">\n\t\t\t\t\t<span class=\"screen-reader-text\">Guestbook list navigation<\/span><span class=\"page-numbers current\">1<\/span><a href=\"https:\/\/www.al-hami.de\/nsc\/gaestebuch-2010\/?pageNum=2\" title=\"Seite 2\">2<\/a><a href=\"https:\/\/www.al-hami.de\/nsc\/gaestebuch-2010\/?pageNum=3\" title=\"Seite 3\">3<\/a><a href=\"https:\/\/www.al-hami.de\/nsc\/gaestebuch-2010\/?pageNum=4\" title=\"Seite 4\">4<\/a><a href=\"https:\/\/www.al-hami.de\/nsc\/gaestebuch-2010\/?pageNum=5\" title=\"Seite 5\">5<\/a><span class=\"page-numbers dots\">...<\/span><a href=\"https:\/\/www.al-hami.de\/nsc\/gaestebuch-2010\/?pageNum=25\" title=\"Seite 25\">25<\/a><a href=\"https:\/\/www.al-hami.de\/nsc\/gaestebuch-2010\/?pageNum=2\" title=\"N\u00e4chste Seite\" rel=\"next\">&rarr;<\/a><\/div>\n\t\t<div class=\"gwolle-gb-read \" data-book_id=\"6\"><div id=\"gwolle-gb-total\">492 Eintr\u00e4ge<\/div><!-- Gwolle-GB Entry: Custom Template Loaded -->\n\t\t\t\t<div class=\"gb-entry gb-entry_3826 gb-entry-count_1 gwolle_gb_uneven gwolle-gb-uneven gwolle_gb_first gwolle-gb-first\">\n\t\t\t\t\t<div class=\"gb-author-info\">\n\t\t\t\t\t<\/div>\n\t\t\t\t\t<div class=\"gb-entry-content\">&bdquo;Im NSC wird man sehr gut betreut. Man ist keine Nummer. Gesagt - Getan.\r\nAlle Anwendungen oder Ma\u00dfnahmen zur Genesung wurden sofort umgesetzt. Keine Wartezeiten, keine Ausreden, alles Top.\r\n\u00c4rzteteam sehr kompetent und freundlich, genauso wie das ganze Team an Krankenschwestern.\r\nMan ist sehr bem\u00fcht um den Patienten.\r\nIch kann das NSC jederzeit weiter empfehlen.<span>&rdquo; - B. Geiling, 15.12.2010<\/span>\n\t\t\t\t\t<\/div>\n\t\t\t<\/div>\n\t\t\t<div class=\"gb-entry gb-entry_3825 gb-entry-count_2 gwolle_gb_even gwolle-gb-even\">\n\t\t\t\t\t<div class=\"gb-author-info\">\n\t\t\t\t\t<\/div>\n\t\t\t\t\t<div class=\"gb-entry-content\">&bdquo;Vielen Dank f\u00fcr die liebevolle und sehr gute Pflege; das versorgen und umsorgen ohne, dass das Gef\u00fchl einer Krankenhausatmosph\u00e4re aufkommt.\r\nDas gesamte Personal ist ausgesprochen freundlich, aufmerksam und h\u00f6flich.<span>&rdquo; - L. Kort\u00fcm, 15.12.2010<\/span>\n\t\t\t\t\t<\/div>\n\t\t\t<\/div>\n\t\t\t<div class=\"gb-entry gb-entry_3824 gb-entry-count_3 gwolle_gb_uneven gwolle-gb-uneven\">\n\t\t\t\t\t<div class=\"gb-author-info\">\n\t\t\t\t\t<\/div>\n\t\t\t\t\t<div class=\"gb-entry-content\">&bdquo;Kann meinen Aufenthalt nur teilwei\u00dfe beurteilen, da lediglich eine Schmerztherapie erfolgt ist.\r\nAlle damit verbundenen Ma\u00dfnahmen und Gespr\u00e4che, sind f\u00fcr mich von positiven Inhalt.<span>&rdquo; - E. Spork, 15.12.2010<\/span>\n\t\t\t\t\t<\/div>\n\t\t\t<\/div>\n\t\t\t<div class=\"gb-entry gb-entry_3823 gb-entry-count_4 gwolle_gb_even gwolle-gb-even\">\n\t\t\t\t\t<div class=\"gb-author-info\">\n\t\t\t\t\t<\/div>\n\t\t\t\t\t<div class=\"gb-entry-content\">&bdquo;Ich bin sehr zufrieden mit der Aufnahme, OP und den Schwestern. Sehr nette Mitarbeiter im N.S.C.\r\nIch m\u00f6chte Sie auf jeden Fall weiter empfehlen.<span>&rdquo; - Herr Falkenhahn, 15.12.2010<\/span>\n\t\t\t\t\t<\/div>\n\t\t\t<\/div>\n\t\t\t<div class=\"gb-entry gb-entry_3822 gb-entry-count_5 gwolle_gb_uneven gwolle-gb-uneven\">\n\t\t\t\t\t<div class=\"gb-author-info\">\n\t\t\t\t\t<\/div>\n\t\t\t\t\t<div class=\"gb-entry-content\">&bdquo;Alles sehr sehr gut!!<span>&rdquo; - G. Schmidt, 15.12.2010<\/span>\n\t\t\t\t\t<\/div>\n\t\t\t<\/div>\n\t\t\t<div class=\"gb-entry gb-entry_3821 gb-entry-count_6 gwolle_gb_even gwolle-gb-even\">\n\t\t\t\t\t<div class=\"gb-author-info\">\n\t\t\t\t\t<\/div>\n\t\t\t\t\t<div class=\"gb-entry-content\">&bdquo;Ein gl\u00fccklicher Patient\r\nIch kann mich meiner letzten Beurteilung nur anschlie\u00dfen: Im NSC ist man keine Nummer, hier wird man pers\u00f6nlich einfach ausgezeichnet betreut!\r\nRundum sie beste Klinik die ich kennen gelernt habe!<span>&rdquo; - Christoph Hacker, 15.12.2010<\/span>\n\t\t\t\t\t<\/div>\n\t\t\t<\/div>\n\t\t\t<div class=\"gb-entry gb-entry_3820 gb-entry-count_7 gwolle_gb_uneven gwolle-gb-uneven\">\n\t\t\t\t\t<div class=\"gb-author-info\">\n\t\t\t\t\t<\/div>\n\t\t\t\t\t<div class=\"gb-entry-content\">&bdquo;Liebes Team,\r\nwie auch schon vor Jahren, f\u00fchle ich mich hier sehr wohl. Sowohl das \u00c4rzteteam, als auch das Stationsteam sind perfekt aufeinander abgestimmt und betreuen mich einzigartig.\r\nMeinen besonderen Dank m\u00f6chte ich an Samir Al-Hami, Nicole David, Schwester Christina und Anna-Lena D\u00f6ppner richten.\r\nIch Danke euch allen f\u00fcr eure phantastische Hilfe.\r\nLiebe Gr\u00fc\u00dfe undd vielen Dank.\r\nChristian Kirchner.<span>&rdquo; - Christian Kirchner, 15.12.2010<\/span>\n\t\t\t\t\t<\/div>\n\t\t\t<\/div>\n\t\t\t<div class=\"gb-entry gb-entry_3819 gb-entry-count_8 gwolle_gb_even gwolle-gb-even\">\n\t\t\t\t\t<div class=\"gb-author-info\">\n\t\t\t\t\t<\/div>\n\t\t\t\t\t<div class=\"gb-entry-content\">&bdquo;Alles bestens!<span>&rdquo; - Anonym, 15.12.2010<\/span>\n\t\t\t\t\t<\/div>\n\t\t\t<\/div>\n\t\t\t<div class=\"gb-entry gb-entry_3818 gb-entry-count_9 gwolle_gb_uneven gwolle-gb-uneven\">\n\t\t\t\t\t<div class=\"gb-author-info\">\n\t\t\t\t\t<\/div>\n\t\t\t\t\t<div class=\"gb-entry-content\">&bdquo;Nachdem ich bereits seit 6 Monaten Probleme mit einem diagnostizieten Bandscheibenvorfall habe, bin ich sehr dankbar f\u00fcr die Empfehlung eines Arbeitskollegen doch einmal das Neuro-Spine-Center in Fulda aufzusuchen. Vor meinem eintreffen hier, wurdenvon meiner Person mehrere \u00c4rzte und Kliniken aufgesucht um das Problem zu beheben. Dies blieb jedoch ohne Erfolg. Die 90 km Anfahrtsweg haben sich mehr als bezahlt gemacht. Bereits im Anschlu\u00df an die OP versp\u00fcrte ich eine gewaltige linderung meiner Schmerzen im linken Arm. Die Ausstattung der Zimmer sowie das gesamte Ambiente der Klinik tragen zu einem angenehmen Aufenthalt bei. Gleiches gilt f\u00fcr das komplette Peronal. Immer freundlich &amp; hilfsbereit ! \r\nSchon jetzt danke f\u00fcr alles und allen ein gesegnetes Weihnachtsfest und einen guten Start ins Jahr 2011.<span>&rdquo; - A. Lenz, 14.12.2010<\/span>\n\t\t\t\t\t<\/div>\n\t\t\t<\/div>\n\t\t\t<div class=\"gb-entry gb-entry_3817 gb-entry-count_10 gwolle_gb_even gwolle-gb-even\">\n\t\t\t\t\t<div class=\"gb-author-info\">\n\t\t\t\t\t<\/div>\n\t\t\t\t\t<div class=\"gb-entry-content\">&bdquo;Wenn ich nach einem 2-t\u00e4tigigen Krankenhausaufenthalt ein Fazit \u00fcber die Behandlung, die Vorbereitung und die Durchf\u00fchrung einer notwendigen Op an der HWS ziehe, dann mache ich das gerne!\r\nSowohl w\u00e4hrend der Sprechstunde bei Dr. Eid, dem An\u00e4sthesise- Vorgespr\u00e4ch mit Herr Garlepp, habe ich mich sehr wohl gef\u00fchlt!\r\nDas setzte ich fort bei der Aufnahme zur Op in der Klinik durch das medizinische Personal!\r\nAlso mein Fazit nach der erfolgten Op ist mit dem Pr\u00e4dikat &#034;vorz\u00fcglich&#034; zu bewerten!\r\nDazu stehe ich und werde das Neuro Spine Center unter Leitung von Herrn Dr. Al-Hami sehr gerne weiter empfehlen!!!!\r\n\u00dcbrigens das Essen hatte eine sehr gute Qualit\u00e4t!<span>&rdquo; - Ronald Winter, 11.12.2010<\/span>\n\t\t\t\t\t<\/div>\n\t\t\t<\/div>\n\t\t\t<div class=\"gb-entry gb-entry_3816 gb-entry-count_11 gwolle_gb_uneven gwolle-gb-uneven\">\n\t\t\t\t\t<div class=\"gb-author-info\">\n\t\t\t\t\t<\/div>\n\t\t\t\t\t<div class=\"gb-entry-content\">&bdquo;Meine verstorbene Frau wurde in den vergangenen zwie Jahren in f\u00fcnf bekannten Krankenh\u00e4usern behandelt.\r\nIn keinem dieser H\u00e4user habe ich eine so gute Behandlunh erfahren wie in diesem Haus!\r\nIn ALLEN Krankenh\u00e4usern waren zu wenig Pflegepersonal und die Patienten waren auf die Hilfe von Besuchern angewiesen!\r\nIch kann Ihr Haus nur Bestens weiter empfehlen!<span>&rdquo; - Friedrich Harre, 11.12.2010<\/span>\n\t\t\t\t\t<\/div>\n\t\t\t<\/div>\n\t\t\t<div class=\"gb-entry gb-entry_3815 gb-entry-count_12 gwolle_gb_even gwolle-gb-even\">\n\t\t\t\t\t<div class=\"gb-author-info\">\n\t\t\t\t\t<\/div>\n\t\t\t\t\t<div class=\"gb-entry-content\">&bdquo;Wenn man nach der Op in den Aufwachraum kommt, bekommt man \u00dcbungen gezeigt, wie man den Hals drehen soll und wie man den Hals \u00fcberhaupt bewegen soll!<span>&rdquo; - Gerhard Hartmann, 11.12.2010<\/span>\n\t\t\t\t\t<\/div>\n\t\t\t<\/div>\n\t\t\t<div class=\"gb-entry gb-entry_3814 gb-entry-count_13 gwolle_gb_uneven gwolle-gb-uneven\">\n\t\t\t\t\t<div class=\"gb-author-info\">\n\t\t\t\t\t<\/div>\n\t\t\t\t\t<div class=\"gb-entry-content\">&bdquo;Mit der Belegschaft war ich sehr zufreiden, wie mit allem anderen auch!\r\nDie Betreuung der \u00c4rzte war sehr gut!\r\nIch werde sie auf jeden Fall weiter empfehlen!!!<span>&rdquo; - Irmgard Jan\u00dfen, 10.12.2010<\/span>\n\t\t\t\t\t<\/div>\n\t\t\t<\/div>\n\t\t\t<div class=\"gb-entry gb-entry_3813 gb-entry-count_14 gwolle_gb_even gwolle-gb-even\">\n\t\t\t\t\t<div class=\"gb-author-info\">\n\t\t\t\t\t<\/div>\n\t\t\t\t\t<div class=\"gb-entry-content\">&bdquo;1.ausgezeichnete Aufnahme und Beratung\r\n 2. schnelle und grandiose Operation\r\n 3. das Neuro Spine Center mit seinem hervorragenden Team empfehle ich auf jeden Fall weiter!!!!<span>&rdquo; - Anonym, 10.12.2010<\/span>\n\t\t\t\t\t<\/div>\n\t\t\t<\/div>\n\t\t\t<div class=\"gb-entry gb-entry_3812 gb-entry-count_15 gwolle_gb_uneven gwolle-gb-uneven\">\n\t\t\t\t\t<div class=\"gb-author-info\">\n\t\t\t\t\t<\/div>\n\t\t\t\t\t<div class=\"gb-entry-content\">&bdquo;Ich f\u00fchlte mich in Ihrer Klinik sehr gut aufgehoben, auch was das Vorgespr\u00e4ch mit Dr. Al-Hami und Dr. Dittmann betrifft.\r\nMein besonderer Dank gilt den Schwestern, die in jeder Situation sehr freundlich und immer hilfsbereit waren!\r\n\r\nDank, dass mir geholfen wurde!!!<span>&rdquo; - Ilse Thiel, 10.12.2010<\/span>\n\t\t\t\t\t<\/div>\n\t\t\t<\/div>\n\t\t\t<div class=\"gb-entry gb-entry_3811 gb-entry-count_16 gwolle_gb_even gwolle-gb-even\">\n\t\t\t\t\t<div class=\"gb-author-info\">\n\t\t\t\t\t<\/div>\n\t\t\t\t\t<div class=\"gb-entry-content\">&bdquo;Ich bin sehr froh dar\u00fcber, dass mein Hausarzt mir empfohlen hat, die notwendige Op durch das Team des Neuro Spine Centers durchf\u00fchren zu lassen! Allen Mitgliedern des Betreuungsteams danke ich f\u00fcr die immer freundliche, stets bereitwillige Hilfe und die Geduld, die Sie mir entgegengebracht haben!\r\nGut finde ich die Informationsbl\u00e4tter, die an alle Patienten gegeben werden!<span>&rdquo; - Gottfried H\u00f6hn, 10.12.2010<\/span>\n\t\t\t\t\t<\/div>\n\t\t\t<\/div>\n\t\t\t<div class=\"gb-entry gb-entry_3810 gb-entry-count_17 gwolle_gb_uneven gwolle-gb-uneven\">\n\t\t\t\t\t<div class=\"gb-author-info\">\n\t\t\t\t\t<\/div>\n\t\t\t\t\t<div class=\"gb-entry-content\">&bdquo;Mit allem sehr zufrieden und kann Sie nur weiter empfehlen!<span>&rdquo; - Anonym, 10.12.2010<\/span>\n\t\t\t\t\t<\/div>\n\t\t\t<\/div>\n\t\t\t<div class=\"gb-entry gb-entry_3809 gb-entry-count_18 gwolle_gb_even gwolle-gb-even\">\n\t\t\t\t\t<div class=\"gb-author-info\">\n\t\t\t\t\t<\/div>\n\t\t\t\t\t<div class=\"gb-entry-content\">&bdquo;Ich war soweit sehr zufrieden!<span>&rdquo; - Monika D\u00f6rr, 10.12.2010<\/span>\n\t\t\t\t\t<\/div>\n\t\t\t<\/div>\n\t\t\t<div class=\"gb-entry gb-entry_3808 gb-entry-count_19 gwolle_gb_uneven gwolle-gb-uneven\">\n\t\t\t\t\t<div class=\"gb-author-info\">\n\t\t\t\t\t<\/div>\n\t\t\t\t\t<div class=\"gb-entry-content\">&bdquo;Das \u00c4rzte- und Schwesternteam ist sehr freundlich und hilfsbereit!\r\nDie Verpflegung ist gegen\u00fcber anderen Krankenh\u00e4usern sehr komfortabel.\r\n(sehr leckeres Essen, Kuchenbuffet,....<span>&rdquo; - Ruppel, Marina, 10.12.2010<\/span>\n\t\t\t\t\t<\/div>\n\t\t\t<\/div>\n\t\t\t<div class=\"gb-entry gb-entry_3807 gb-entry-count_20 gwolle_gb_even gwolle-gb-even\">\n\t\t\t\t\t<div class=\"gb-author-info\">\n\t\t\t\t\t<\/div>\n\t\t\t\t\t<div class=\"gb-entry-content\">&bdquo;Nach dem Vorgespr\u00e4ch mit Dr. Al- Hami und den An\u00e4sthesisten hatte ich so gro\u00dfes Vertrauen gewonnen, dass ich ohne Angst zur Op gekommen bin!\r\nHier ist man Mensch und keine Nummer.\r\nAuch die Schwestern tragen dazu bei, dass man sich wohl f\u00fchlt!\r\nIch kann Sie nur weiter empfehlen!<span>&rdquo; - Marga B\u00fccking, 10.12.2010<\/span>\n\t\t\t\t\t<\/div>\n\t\t\t<\/div>\n\t\t\t<\/div>\n\t\t\t\t<div class=\"page-navigation\">\n\t\t\t\t\t<span class=\"screen-reader-text\">Guestbook list navigation<\/span><span class=\"page-numbers current\">1<\/span><a href=\"https:\/\/www.al-hami.de\/nsc\/gaestebuch-2010\/?pageNum=2\" title=\"Seite 2\">2<\/a><a href=\"https:\/\/www.al-hami.de\/nsc\/gaestebuch-2010\/?pageNum=3\" title=\"Seite 3\">3<\/a><a href=\"https:\/\/www.al-hami.de\/nsc\/gaestebuch-2010\/?pageNum=4\" title=\"Seite 4\">4<\/a><a href=\"https:\/\/www.al-hami.de\/nsc\/gaestebuch-2010\/?pageNum=5\" title=\"Seite 5\">5<\/a><span class=\"page-numbers dots\">...<\/span><a href=\"https:\/\/www.al-hami.de\/nsc\/gaestebuch-2010\/?pageNum=25\" title=\"Seite 25\">25<\/a><a href=\"https:\/\/www.al-hami.de\/nsc\/gaestebuch-2010\/?pageNum=2\" title=\"N\u00e4chste Seite\" rel=\"next\">&rarr;<\/a><\/div>\n\t\t<\/div>\n<\/div><\/section><\/p>\n","protected":false},"excerpt":{"rendered":"","protected":false},"author":8,"featured_media":0,"parent":0,"menu_order":205,"comment_status":"closed","ping_status":"closed","template":"","meta":[],"_links":{"self":[{"href":"https:\/\/www.al-hami.de\/nsc\/wp-json\/wp\/v2\/pages\/1180"}],"collection":[{"href":"https:\/\/www.al-hami.de\/nsc\/wp-json\/wp\/v2\/pages"}],"about":[{"href":"https:\/\/www.al-hami.de\/nsc\/wp-json\/wp\/v2\/types\/page"}],"author":[{"embeddable":true,"href":"https:\/\/www.al-hami.de\/nsc\/wp-json\/wp\/v2\/users\/8"}],"replies":[{"embeddable":true,"href":"https:\/\/www.al-hami.de\/nsc\/wp-json\/wp\/v2\/comments?post=1180"}],"version-history":[{"count":6,"href":"https:\/\/www.al-hami.de\/nsc\/wp-json\/wp\/v2\/pages\/1180\/revisions"}],"predecessor-version":[{"id":2874,"href":"https:\/\/www.al-hami.de\/nsc\/wp-json\/wp\/v2\/pages\/1180\/revisions\/2874"}],"wp:attachment":[{"href":"https:\/\/www.al-hami.de\/nsc\/wp-json\/wp\/v2\/media?parent=1180"}],"curies":[{"name":"wp","href":"https:\/\/api.w.org\/{rel}","templated":true}]}}