{"id":1186,"date":"2017-01-31T13:28:19","date_gmt":"2017-01-31T12:28:19","guid":{"rendered":"http:\/\/neuro-spine-center.com.w0158a2a.kasserver.com\/nsc\/?page_id=1186"},"modified":"2019-01-08T22:53:24","modified_gmt":"2019-01-08T21:53:24","slug":"gaestebuch-2007","status":"publish","type":"page","link":"https:\/\/www.al-hami.de\/nsc\/gaestebuch-2007\/","title":{"rendered":"G\u00e4stebuch 2007"},"content":{"rendered":"<div id='av-layout-grid-1' class='av-layout-grid-container entry-content-wrapper main_color av-flex-cells    avia-builder-el-0  el_before_av_section  avia-builder-el-first  container_wrap sidebar_right' style=' '  >\n<div class=\"flex_cell no_margin av_one_half  avia-builder-el-1  el_before_av_cell_one_half  avia-builder-el-first   avia-full-stretch av-zero-padding \" style='height:500px; min-height:500px;background:url(https:\/\/www.al-hami.de\/nsc\/wp-content\/uploads\/wissenswertes.jpg) top left no-repeat scroll; vertical-align:middle; padding:0px; background-color:#19839a; '><div class='flex_cell_inner' ><\/div><\/div><div class=\"flex_cell no_margin av_one_half  avia-builder-el-2  el_after_av_cell_one_half  avia-builder-el-last   \" style='height:500px; min-height:500px;vertical-align:middle; padding:80px; background-color:#19839a; '><div class='flex_cell_inner' ><p><div style='padding-bottom:25px; color:#ffffff;font-size:34px;' class='av-special-heading av-special-heading-h3 custom-color-heading blockquote modern-quote  avia-builder-el-3  el_before_av_textblock  avia-builder-el-first   av-inherit-size '><h3 class='av-special-heading-tag '  itemprop=\"headline\"  >G\u00e4stebuch 2007<\/h3><div class='special-heading-border'><div class='special-heading-inner-border' style='border-color:#ffffff'><\/div><\/div><\/div><br \/>\n<section class=\"av_textblock_section \"  itemscope=\"itemscope\" itemtype=\"https:\/\/schema.org\/CreativeWork\" ><div class='avia_textblock  av_inherit_color '  style='color:#ffffff; '  itemprop=\"text\" ><p>Wir bedanken uns bei allen Patienten f\u00fcr das entgegengesetzte Vertrauen. Ihre Gesundheit und Ihr Wohlbefinden ist der wahre Lohn unserer Arbeit.<\/p>\n<\/div><\/section><\/p>\n<\/div><\/div>\n<\/div>\n<div id='av_section_1' class='avia-section main_color avia-section-huge avia-no-border-styling avia-bg-style-scroll  avia-builder-el-5  el_after_av_layout_row  el_before_av_textblock   container_wrap sidebar_right' style=' '  ><div class='container' ><div class='template-page content  av-content-small alpha units'><div class='post-entry post-entry-type-page post-entry-1186'><div class='entry-content-wrapper clearfix'>\n<div class='flex_column_table av-equal-height-column-flextable -flextable' style='margin-top:-200px; margin-bottom:0px; '><div class=\"flex_column av_one_third  no_margin flex_column_table_cell av-equal-height-column av-align-top first  avia-builder-el-6  el_before_av_one_third  avia-builder-el-first  \" style='padding:40px; border-radius:0px; '><\/div><div class=\"flex_column av_one_third  no_margin flex_column_table_cell av-equal-height-column av-align-top   avia-builder-el-7  el_after_av_one_third  el_before_av_one_third  \" style='padding:40px; background-color:#27a1bc; border-radius:0px; '><p><span class=\"av_font_icon avia_animate_when_visible avia-icon-animate  av-icon-style-  avia-icon-pos-center \" style=\"color:#ffffff; border-color:#ffffff;\"><span class='av-icon-char' style='font-size:60px;line-height:60px;' aria-hidden='true' data-av_icon='\ue836' data-av_iconfont='entypo-fontello' ><\/span><\/span><br \/>\n<div style='height:20px' class='hr hr-invisible   avia-builder-el-9  el_after_av_font_icon  el_before_av_textblock '><span class='hr-inner ' ><span class='hr-inner-style'><\/span><\/span><\/div><br \/>\n<section class=\"av_textblock_section \"  itemscope=\"itemscope\" itemtype=\"https:\/\/schema.org\/CreativeWork\" ><div class='avia_textblock  av_inherit_color '  style='color:#ffffff; '  itemprop=\"text\" ><h4 style=\"text-align: center;\">Sie haben das Wort<\/h4>\n<p style=\"text-align: center;\">Haben Sie Anregungen, Vorschl\u00e4ge, W\u00fcnsche, Lob aber auch Kritik, so w\u00fcrden wir uns \u00fcber einen Eintrag in unser G\u00e4stebuch freuen. Nur so haben wir die M\u00f6glichkeit uns stetig, zum Wohle der Patienten, zu verbessern.<\/p>\n<\/div><\/section><\/p><\/div><div class=\"flex_column av_one_third  no_margin flex_column_table_cell av-equal-height-column av-align-top   avia-builder-el-11  el_after_av_one_third  el_before_av_hr  \" style='padding:40px; border-radius:0px; '><\/div><\/div><!--close column table wrapper. Autoclose: 1 --><div style='height:20px' class='hr hr-invisible   avia-builder-el-12  el_after_av_one_third  el_before_av_textblock '><span class='hr-inner ' ><span class='hr-inner-style'><\/span><\/span><\/div>\n<section class=\"av_textblock_section \"  itemscope=\"itemscope\" itemtype=\"https:\/\/schema.org\/CreativeWork\" ><div class='avia_textblock  '   itemprop=\"text\" ><p>Unter folgenden Links finden Sie die G\u00e4steb\u00fccher aus den vergangenen Jahren:<br \/>\n<a href=\"\/nsc\/gaestebuch-2019\/\" target=\"_self\">2019<\/a> |<a href=\"\/nsc\/gaestebuch-2018\/\" target=\"_self\">2018<\/a> | <a href=\"\/nsc\/gaestebuch-2017\/\" target=\"_self\">2017<\/a> | <a href=\"\/nsc\/gaestebuch-2016\/\" target=\"_self\">2016<\/a> | <a href=\"\/nsc\/gaestebuch-2015\/\" target=\"_self\">2015<\/a> | <a href=\"\/nsc\/gaestebuch-2014\/\" target=\"_self\">2014<\/a> | <a href=\"\/nsc\/gaestebuch-2013\/\" target=\"_self\">2013<\/a> | <a href=\"\/nsc\/gaestebuch-2012\/\" target=\"_self\">2012<\/a> | <a href=\"\/nsc\/gaestebuch-2011\/\" target=\"_self\">2011<\/a> | <a href=\"\/nsc\/gaestebuch-2010\/\" target=\"_self\">2010<\/a> | <a href=\"\/nsc\/gaestebuch-2009\/\" target=\"_self\">2009<\/a> | <a href=\"\/nsc\/gaestebuch-2008\/\" target=\"_self\">2008<\/a> | <a href=\"\/nsc\/gaestebuch-2007\/\" target=\"_self\">2007<\/a> | <a href=\"\/nsc\/gaestebuch-2006\/\" target=\"_self\">2006<\/a> | <a href=\"\/nsc\/gaestebuch-2005\/\" target=\"_self\">2005<\/a><\/p>\n<\/div><\/section>\n<div style='height:1px; margin-top:-120px'  class='hr hr-invisible   avia-builder-el-14  el_after_av_textblock  avia-builder-el-last '><span class='hr-inner ' ><span class='hr-inner-style'><\/span><\/span><\/div>\n<\/div><\/div><\/div><!-- close content main div --><\/div><\/div><div id='after_section_1' class='main_color av_default_container_wrap container_wrap sidebar_right' style=' '  ><div class='container' ><div class='template-page content  av-content-small alpha units'><div class='post-entry post-entry-type-page post-entry-1186'><div class='entry-content-wrapper clearfix'><section class=\"av_textblock_section \"  itemscope=\"itemscope\" itemtype=\"https:\/\/schema.org\/CreativeWork\" ><div class='avia_textblock  '   itemprop=\"text\" ><div class=\"gwolle-gb\">\n\t\t\t\t<div class=\"page-navigation\">\n\t\t\t\t\t<span class=\"screen-reader-text\">Guestbook list navigation<\/span><span class=\"page-numbers current\">1<\/span><a href=\"https:\/\/www.al-hami.de\/nsc\/gaestebuch-2007\/?pageNum=2\" title=\"Seite 2\">2<\/a><a href=\"https:\/\/www.al-hami.de\/nsc\/gaestebuch-2007\/?pageNum=3\" title=\"Seite 3\">3<\/a><a href=\"https:\/\/www.al-hami.de\/nsc\/gaestebuch-2007\/?pageNum=4\" title=\"Seite 4\">4<\/a><a href=\"https:\/\/www.al-hami.de\/nsc\/gaestebuch-2007\/?pageNum=5\" title=\"Seite 5\">5<\/a><span class=\"page-numbers dots\">...<\/span><a href=\"https:\/\/www.al-hami.de\/nsc\/gaestebuch-2007\/?pageNum=11\" title=\"Seite 11\">11<\/a><a href=\"https:\/\/www.al-hami.de\/nsc\/gaestebuch-2007\/?pageNum=2\" title=\"N\u00e4chste Seite\" rel=\"next\">&rarr;<\/a><\/div>\n\t\t<div class=\"gwolle-gb-read \" data-book_id=\"3\"><div id=\"gwolle-gb-total\">212 Eintr\u00e4ge<\/div><!-- Gwolle-GB Entry: Custom Template Loaded -->\n\t\t\t\t<div class=\"gb-entry gb-entry_2368 gb-entry-count_1 gwolle_gb_uneven gwolle-gb-uneven gwolle_gb_first gwolle-gb-first\">\n\t\t\t\t\t<div class=\"gb-author-info\">\n\t\t\t\t\t<\/div>\n\t\t\t\t\t<div class=\"gb-entry-content\">&bdquo;F&uuml;r Dr. Al-Hami und sein Team, Von weiter Ferne angereist kam ich mit gro&szlig;em Schmerz,h&ouml;rt man doch schon in weitem Kreis:Al-Hami hilft mit Hand und Herz!So wusst auch ich vom Bruder hier vielleicht k&ouml;nnt er auch helfen mir.Gleich im Gespr&auml;ch h&ouml;rt ich ihn sagen:&#034;Ct-Aufnahmen zeigten den Ort, wo Wirbel und Venen falsch lagen,das schaffen wir ganz sch&ouml;n mal fort!In einer Woche sind wir bereit,Sie bekommen ein neues R&uuml;ckenkleid&#034;Die Woche war lang und l&auml;nger mir wurde schon immer b&auml;riger bis endlich der Montag eilte herbei:sedieren,operieren,narkotisieren,tubieren-wissenschaftliche Kunst in richtiger Reich auf h&ouml;hstem Niveau angewandt ist diesen &Auml;rzten wohl bekannt.Viele gute Geister tun mich nun umsorgen am Mittag,Abend und am Morgen,hier f&uuml;hl ich mich so wohl geborgen.Gesunden werde ich nun bald,ich sp&uuml;r es schon:Ich wa mal krank.Daf&uuml;r an alle:Ganz herzlichen Dank!<span>&rdquo; - Dana Haver, Jerusalem, 13.12.2007<\/span>\n\t\t\t\t\t<\/div>\n\t\t\t<\/div>\n\t\t\t<div class=\"gb-entry gb-entry_2369 gb-entry-count_2 gwolle_gb_even gwolle-gb-even\">\n\t\t\t\t\t<div class=\"gb-author-info\">\n\t\t\t\t\t<\/div>\n\t\t\t\t\t<div class=\"gb-entry-content\">&bdquo;Sehr geehrte Neuro-Spine-Center-Team,Sehr geehrte Dr. Al-Hami,auch wenn meine Entlassung am morgigen Freitag noch nicht fest steht-bedingt durch dennicht unkomplizierten Eingriff-m&ouml;chte mich schon jetzt f&uuml;r die hervorragende Betreuung bedanken.Dieses tue ich nicht nur in Hinblick einer wahrscheinlichen,baldigen Wiedersehen in Ihrer Klinik,sondern aus der inneren &Uuml;berzeugung,da&szlig; Sie alles f&uuml;r meine Genesung getan haben um meinem Leben wieder mehr Qualit&auml;t zu verleihen.<span>&rdquo; - Peter Hirschh&auml;user, 13.12.2007<\/span>\n\t\t\t\t\t<\/div>\n\t\t\t<\/div>\n\t\t\t<div class=\"gb-entry gb-entry_2370 gb-entry-count_3 gwolle_gb_uneven gwolle-gb-uneven\">\n\t\t\t\t\t<div class=\"gb-author-info\">\n\t\t\t\t\t<\/div>\n\t\t\t\t\t<div class=\"gb-entry-content\">&bdquo;Ich habe mich im diesem Hause sehr wohl gef&uuml;hlt.Die Op ist problemlos verlaufen.Das Team ist sehr kompetent und stets freundlich.Das Ambiente beruhigt die Seele und tr&auml;gt sehr zum Wohlf&uuml;hlen und genesam bei. Ich w&uuml;rde mich immer wieder f&uuml;r das Neuro-Spine-Center und Dr. Al-Hami entscheiden.Noch einen besonderen Dank an Fr. Dr. David f&uuml;r die sehr verst&auml;ndliche Aufkl&auml;rung und die Schwestern der Station f&uuml;r die gute Pflege.G&uuml;nter Fennel<span>&rdquo; - G&uuml;nter Fennel, 13.12.2007<\/span>\n\t\t\t\t\t<\/div>\n\t\t\t<\/div>\n\t\t\t<div class=\"gb-entry gb-entry_2372 gb-entry-count_4 gwolle_gb_even gwolle-gb-even\">\n\t\t\t\t\t<div class=\"gb-author-info\">\n\t\t\t\t\t<\/div>\n\t\t\t\t\t<div class=\"gb-entry-content\">&bdquo;Sehr geehrte Herr Dr.Al-Hami, Liebes Neuro-Spine-Center Team!Vielen,Vielen Dank an Herrn Dr.Al-Hami mit seinem Op-Team!Vielen Dank Herrn Dr. Untermann,der wieder eine perfekte Narkose verabreicht hat,ich bin jetzt zum dritten Mal hier operiert worden und immer mit der Narkose gut zurecht gekommen,da f&uuml;r meinen besonderen Dank!Auch die 3 Op hat Herr Dr. Al-Hami wieder top hingekriegt,wieder an Lendenwirbel,diesmal links gut verlaufen,kribbeln und Schmerzen im linken Bein weg,jetzt kann es nur aufw&auml;rtsgehen.Vielen Dank auch den freundlichen Schwestern auf der Station f&uuml;r die zu vorkommende Betreuung.Auch nicht zu vergessen die freundliche Damen in der Praxis,vielen Dank f&uuml;r die Betreuung.Ich kann das Neuro-Spine-Center,wie schon oft,immer sehr empfelen.Man kan hier mit den Worten der Telefon werbung ohne &Uuml;bertreibung sagen &#034;Da werden sie geholfen&#034;Alles Gute,fr&ouml;hliche Weihnachten und ein gl&uuml;ckliches Neues Jahr,w&uuml;nscht Ihnen Adam Deberle aus Schl&uuml;chtern<span>&rdquo; - Adam Deberle, 13.12.2007<\/span>\n\t\t\t\t\t<\/div>\n\t\t\t<\/div>\n\t\t\t<div class=\"gb-entry gb-entry_2376 gb-entry-count_5 gwolle_gb_uneven gwolle-gb-uneven\">\n\t\t\t\t\t<div class=\"gb-author-info\">\n\t\t\t\t\t<\/div>\n\t\t\t\t\t<div class=\"gb-entry-content\">&bdquo;Sehr geehrte Dr. Al-Hami,liebes Neuro-Spine-Team!Auf diesem Wege  m&ouml;chte ich mich nochmals bei Ihnen f&uuml;r Alles herzlich bedanken!Wie Sie wissen habe ich lange Zeit darunter gelitten,keine l&auml;ngeren Wege mehr zu Fu&szlig; zur&uuml;cklegen zu k&ouml;nnen.Auch nachts fand im Bett, wegen der andauerndenSchmerzen in R&uuml;cken und Beinen,nur noch selten Ruhe.Dass diese st&auml;ndige Schmerzplage gerade f&uuml;r eine 75j&auml;hrige Frau kein Zuckerschlecken ist,kann sich wohl jeder vorstellen.Meine Bedenken,in meinem Alter noch einer riskanten Wirbels&auml;ulenoperation zuzustimmen,haben Sie jedoch mit Ihrer zuvorkommenden freundlichen Art verstanden zu zerstreuen.Nach dem Eingriff habe ich sofort nach demAufwachen aus der Narkose feststellen k&ouml;nnen,dass ich von wirklich kompetenten Fach&auml;rzten operiert wurde.So konnte ich meine Beine sofort wieder schmerzfrei bewegen und am selben Tag sogar wieder das Gehen ausprobieren.Bereits einige Tage nach dem Eingriff hatte ich w&auml;hrend meiner Entlassung die feste &Uuml;berzeugung,dass von nun an mein zukunftiges Leben f&uuml;r mich wieder leichter und bunter werden w&uuml;rde.Endlich werde ich wieder die n&ouml;tige Selbstsicherheit und Ausdauer beim Gehen und Spazieren haben.Meinem bisherigen verbitterten und schmerzerf&uuml;llten Alltag werde ich nun,dank Ihrer Hilfe,wieder ein frohes und l&auml;chelndes Gesicht aufsetzen,k&ouml;nnen.Vielen Dank daf&uuml;r!\r\n\r\n\r\nlassung<span>&rdquo; - Rosi Scherz, 11.12.2007<\/span>\n\t\t\t\t\t<\/div>\n\t\t\t<\/div>\n\t\t\t<div class=\"gb-entry gb-entry_2375 gb-entry-count_6 gwolle_gb_even gwolle-gb-even\">\n\t\t\t\t\t<div class=\"gb-author-info\">\n\t\t\t\t\t<\/div>\n\t\t\t\t\t<div class=\"gb-entry-content\">&bdquo;Es ist alles sehr in Ordnung.Man kann es jeden empfehlen.Alle freundlich und nett.<span>&rdquo; - Gisela Lapp, 11.12.2007<\/span>\n\t\t\t\t\t<\/div>\n\t\t\t<\/div>\n\t\t\t<div class=\"gb-entry gb-entry_2374 gb-entry-count_7 gwolle_gb_uneven gwolle-gb-uneven\">\n\t\t\t\t\t<div class=\"gb-author-info\">\n\t\t\t\t\t<\/div>\n\t\t\t\t\t<div class=\"gb-entry-content\">&bdquo;Was soll man verbessern,wenn alles schon optimal ist.Mir hat die Umsorgung des Patienten und vor alllem die schmerzfreie Op sehr gut gefallen.Vielen herzlichen Dank f&uuml;r das Geleistete.<span>&rdquo; - A.Farnung, 11.12.2007<\/span>\n\t\t\t\t\t<\/div>\n\t\t\t<\/div>\n\t\t\t<div class=\"gb-entry gb-entry_2373 gb-entry-count_8 gwolle_gb_even gwolle-gb-even\">\n\t\t\t\t\t<div class=\"gb-author-info\">\n\t\t\t\t\t<\/div>\n\t\t\t\t\t<div class=\"gb-entry-content\">&bdquo;Auch mein zweiter Aufenhalt in diesem Jahr im Neuro-Spine Center war wieder super zufriedenstellend. Vielen Dank an Dr. Al-Hami der mir wieder hervoragend geholfen hat, sowie an das Op-Team mit einer unglaublichen An&auml;sthesie -Leistung und pflegerischen Betreuung.Die Betreuung auf der Station wat toll und wirklich erholsam.<span>&rdquo; - Heike M&ouml;ller, 11.12.2007<\/span>\n\t\t\t\t\t<\/div>\n\t\t\t<\/div>\n\t\t\t<div class=\"gb-entry gb-entry_2371 gb-entry-count_9 gwolle_gb_uneven gwolle-gb-uneven\">\n\t\t\t\t\t<div class=\"gb-author-info\">\n\t\t\t\t\t<\/div>\n\t\t\t\t\t<div class=\"gb-entry-content\">&bdquo;Es hat mir sehr gut gefallen und ch w&uuml;sste nicht was man noch verbessern k&ouml;nnte.<span>&rdquo; - R. B&auml;tz, 07.12.2007<\/span>\n\t\t\t\t\t<\/div>\n\t\t\t<\/div>\n\t\t\t<div class=\"gb-entry gb-entry_2367 gb-entry-count_10 gwolle_gb_even gwolle-gb-even\">\n\t\t\t\t\t<div class=\"gb-author-info\">\n\t\t\t\t\t<\/div>\n\t\t\t\t\t<div class=\"gb-entry-content\">&bdquo;Liber Dr. Al-Hami, ich habe jahrelang Schmerzen, das schlimmste war der Schwindel, ausgehalten.Es hat mir kein Arzt geglaubt. Sie haben mich mit der ersten Op schon davon befreit.Mit der zweiten Op haben sie mir meine Schmerzen ganz genommen. Ich habe mich in Ihrem Haus sehr gut betreut und wohlgef&uuml;hlt.Ich m&ouml;chte mich bei dem ganzen Team herzlich bedanken.Sollte ich noch einmal an der Wirbels&auml;ule operiert werden m&uuml;ssen, werde ich wieder kommen.<span>&rdquo; - Gudrun Schr&ouml;der, 29.11.2007<\/span>\n\t\t\t\t\t<\/div>\n\t\t\t<\/div>\n\t\t\t<div class=\"gb-entry gb-entry_2366 gb-entry-count_11 gwolle_gb_uneven gwolle-gb-uneven\">\n\t\t\t\t\t<div class=\"gb-author-info\">\n\t\t\t\t\t<\/div>\n\t\t\t\t\t<div class=\"gb-entry-content\">&bdquo;Ich war erstaunt z&uuml;gig einen Termin f&uuml;r ein Vorgespr&auml;ch und Diagnose zu bekommen. ( auch als Kassenpatient). Termin f&uuml;r Op wurde vereinbart.Nach der Op waren meine Schnerzen weg. Die Op und sonstige Ablauf war sehr gut. Um die folge Anwendungen Reha ect. ist sich auch gek&uuml;mmert worden. Danke an Dr. Al-Hami und sein Team.<span>&rdquo; - U. M&ouml;ller, 29.11.2007<\/span>\n\t\t\t\t\t<\/div>\n\t\t\t<\/div>\n\t\t\t<div class=\"gb-entry gb-entry_2365 gb-entry-count_12 gwolle_gb_even gwolle-gb-even\">\n\t\t\t\t\t<div class=\"gb-author-info\">\n\t\t\t\t\t<\/div>\n\t\t\t\t\t<div class=\"gb-entry-content\">&bdquo;An Dr. Al-Hami und sein Team, hiermit m&ouml;chte ich mich herzlich f&uuml;r die gute Aufnahme und Betreuung bedanken.<span>&rdquo; - Kurt Schneider Zimmer 3, 29.11.2007<\/span>\n\t\t\t\t\t<\/div>\n\t\t\t<\/div>\n\t\t\t<div class=\"gb-entry gb-entry_2364 gb-entry-count_13 gwolle_gb_uneven gwolle-gb-uneven\">\n\t\t\t\t\t<div class=\"gb-author-info\">\n\t\t\t\t\t<\/div>\n\t\t\t\t\t<div class=\"gb-entry-content\">&bdquo;Ich kam mit Schmerzen oh Du Graus, Dr. Al - Hami &#034; holte &#034; sie aus dem Halse raus. 2 Tage sp&auml;ter - oh wie toll, f&uuml;hlte ich mich wunder voll! Danke auch gesamtem Personal f&uuml;r die liebevolle Pflege! Danke<span>&rdquo; - Anonym, 20.11.2007<\/span>\n\t\t\t\t\t<\/div>\n\t\t\t<\/div>\n\t\t\t<div class=\"gb-entry gb-entry_2363 gb-entry-count_14 gwolle_gb_even gwolle-gb-even\">\n\t\t\t\t\t<div class=\"gb-author-info\">\n\t\t\t\t\t<\/div>\n\t\t\t\t\t<div class=\"gb-entry-content\">&bdquo;Hervorragende Aufkl&auml;rung und Behandlung von der Aufnahmeuntersuchung bis zur Entlassung.Das komplette Personal &auml;u&szlig;erst hilfsbereit und freundlich.Die Klinik kann bedenkenlos weiterempfohlen werden.<span>&rdquo; - Anonym, 16.11.2007<\/span>\n\t\t\t\t\t<\/div>\n\t\t\t<\/div>\n\t\t\t<div class=\"gb-entry gb-entry_2362 gb-entry-count_15 gwolle_gb_uneven gwolle-gb-uneven\">\n\t\t\t\t\t<div class=\"gb-author-info\">\n\t\t\t\t\t<\/div>\n\t\t\t\t\t<div class=\"gb-entry-content\">&bdquo;Danke f&uuml;r die schnelle Hilfe.Resepekt f&uuml;r die gute Op Arbeit.Sehr zufrieden mit dem ganzen Team. An&auml;sthasist hervorangend, Man kommt gerne wieder. Ich f&uuml;hlte mich sehr gut betreut. Rasende Schmerzen, wie weggezaubert.Angenehme Atmosph&auml;re.Laute nette Schwestern und Pflegerinnen.Helle, sehr angenehme Zimmer.Ambiente stimmt &uuml;berall.Mahlzeiten kann man nur loben. Ich kann das Neuro-Spine-Center jedem der Schmerzen im Nacken oder R&uuml;ckenbereich hat nur weiterempfehlen. Vielen dank!<span>&rdquo; - Fr. Brigite Schmidt, 16.11.2007<\/span>\n\t\t\t\t\t<\/div>\n\t\t\t<\/div>\n\t\t\t<div class=\"gb-entry gb-entry_2361 gb-entry-count_16 gwolle_gb_even gwolle-gb-even\">\n\t\t\t\t\t<div class=\"gb-author-info\">\n\t\t\t\t\t<\/div>\n\t\t\t\t\t<div class=\"gb-entry-content\">&bdquo;Ich habe mich sehr wohl im Neuro-Spine-Center gef&uuml;hlt. Danke an das ganze Team.Ich werde das Neur-Spine-Center weiter empfehlen! Vielen Dank.<span>&rdquo; - Fr. Pindur, 16.11.2007<\/span>\n\t\t\t\t\t<\/div>\n\t\t\t<\/div>\n\t\t\t<div class=\"gb-entry gb-entry_2360 gb-entry-count_17 gwolle_gb_uneven gwolle-gb-uneven\">\n\t\t\t\t\t<div class=\"gb-author-info\">\n\t\t\t\t\t<\/div>\n\t\t\t\t\t<div class=\"gb-entry-content\">&bdquo;Chapeau! Was da in Fulda mit dem Neuro - Spine - Center auf die Beine gestellt wurde, ist ohneEinschr&auml;nkung aller Ehren wert.Standard, Ausstattung, Technik und vor alem Dingen der Mitarbeitereinsatz vom Chef &uuml;ber Praxis-, Pflege- und technische Personal sind vorbildlich.Solche kompetente und menschlich warme Zuwendung hilft besser als so manche Tropfen, Pillen und Infusionen.<span>&rdquo; - Anonym, 09.11.2007<\/span>\n\t\t\t\t\t<\/div>\n\t\t\t<\/div>\n\t\t\t<div class=\"gb-entry gb-entry_2359 gb-entry-count_18 gwolle_gb_even gwolle-gb-even\">\n\t\t\t\t\t<div class=\"gb-author-info\">\n\t\t\t\t\t<\/div>\n\t\t\t\t\t<div class=\"gb-entry-content\">&bdquo;Hurra, ich kann mich wieder ohne Schmerzen bewegen! F&uuml;r meine erste Operation, an der Halswirbels&auml;ule, m&ouml;chte ich Dr. Al - Hami und seinem Team herzlich danken.<span>&rdquo; - W. Erbe, 08.11.2007<\/span>\n\t\t\t\t\t<\/div>\n\t\t\t<\/div>\n\t\t\t<div class=\"gb-entry gb-entry_2358 gb-entry-count_19 gwolle_gb_uneven gwolle-gb-uneven\">\n\t\t\t\t\t<div class=\"gb-author-info\">\n\t\t\t\t\t<\/div>\n\t\t\t\t\t<div class=\"gb-entry-content\">&bdquo;Vielen Dank f&uuml;r die freundliche Aufnahme und Bechandlung. Besonders erw&auml;hnendswert die Ruche und Ausgeglichenkeit des Personals.<span>&rdquo; - Anonym, 08.11.2007<\/span>\n\t\t\t\t\t<\/div>\n\t\t\t<\/div>\n\t\t\t<div class=\"gb-entry gb-entry_2357 gb-entry-count_20 gwolle_gb_even gwolle-gb-even\">\n\t\t\t\t\t<div class=\"gb-author-info\">\n\t\t\t\t\t<\/div>\n\t\t\t\t\t<div class=\"gb-entry-content\">&bdquo;Liebes Neuro - Spine - Team! Herzlichen Dank f&uuml;r die liebe Betreuung. Ich f&uuml;hlte mich wie ein &#034;Engel auf einer Volke&#034;Ich kann nur sagen einfach &#034; Klasse &#034; !!! Alles Gute.<span>&rdquo; - Erdmute Isert, 08.11.2007<\/span>\n\t\t\t\t\t<\/div>\n\t\t\t<\/div>\n\t\t\t<\/div>\n\t\t\t\t<div class=\"page-navigation\">\n\t\t\t\t\t<span class=\"screen-reader-text\">Guestbook list navigation<\/span><span class=\"page-numbers current\">1<\/span><a href=\"https:\/\/www.al-hami.de\/nsc\/gaestebuch-2007\/?pageNum=2\" title=\"Seite 2\">2<\/a><a href=\"https:\/\/www.al-hami.de\/nsc\/gaestebuch-2007\/?pageNum=3\" title=\"Seite 3\">3<\/a><a href=\"https:\/\/www.al-hami.de\/nsc\/gaestebuch-2007\/?pageNum=4\" title=\"Seite 4\">4<\/a><a href=\"https:\/\/www.al-hami.de\/nsc\/gaestebuch-2007\/?pageNum=5\" title=\"Seite 5\">5<\/a><span class=\"page-numbers dots\">...<\/span><a href=\"https:\/\/www.al-hami.de\/nsc\/gaestebuch-2007\/?pageNum=11\" title=\"Seite 11\">11<\/a><a href=\"https:\/\/www.al-hami.de\/nsc\/gaestebuch-2007\/?pageNum=2\" title=\"N\u00e4chste Seite\" rel=\"next\">&rarr;<\/a><\/div>\n\t\t<\/div>\n<\/div><\/section><\/p>\n","protected":false},"excerpt":{"rendered":"","protected":false},"author":8,"featured_media":0,"parent":0,"menu_order":202,"comment_status":"closed","ping_status":"closed","template":"","meta":[],"_links":{"self":[{"href":"https:\/\/www.al-hami.de\/nsc\/wp-json\/wp\/v2\/pages\/1186"}],"collection":[{"href":"https:\/\/www.al-hami.de\/nsc\/wp-json\/wp\/v2\/pages"}],"about":[{"href":"https:\/\/www.al-hami.de\/nsc\/wp-json\/wp\/v2\/types\/page"}],"author":[{"embeddable":true,"href":"https:\/\/www.al-hami.de\/nsc\/wp-json\/wp\/v2\/users\/8"}],"replies":[{"embeddable":true,"href":"https:\/\/www.al-hami.de\/nsc\/wp-json\/wp\/v2\/comments?post=1186"}],"version-history":[{"count":6,"href":"https:\/\/www.al-hami.de\/nsc\/wp-json\/wp\/v2\/pages\/1186\/revisions"}],"predecessor-version":[{"id":2868,"href":"https:\/\/www.al-hami.de\/nsc\/wp-json\/wp\/v2\/pages\/1186\/revisions\/2868"}],"wp:attachment":[{"href":"https:\/\/www.al-hami.de\/nsc\/wp-json\/wp\/v2\/media?parent=1186"}],"curies":[{"name":"wp","href":"https:\/\/api.w.org\/{rel}","templated":true}]}}