{"id":1190,"date":"2017-01-31T13:29:42","date_gmt":"2017-01-31T12:29:42","guid":{"rendered":"http:\/\/neuro-spine-center.com.w0158a2a.kasserver.com\/nsc\/?page_id=1190"},"modified":"2019-01-08T22:52:30","modified_gmt":"2019-01-08T21:52:30","slug":"gaestebuch-2005","status":"publish","type":"page","link":"https:\/\/www.al-hami.de\/nsc\/gaestebuch-2005\/","title":{"rendered":"G\u00e4stebuch 2005"},"content":{"rendered":"<div id='av-layout-grid-1' class='av-layout-grid-container entry-content-wrapper main_color av-flex-cells    avia-builder-el-0  el_before_av_section  avia-builder-el-first  container_wrap sidebar_right' style=' '  >\n<div class=\"flex_cell no_margin av_one_half  avia-builder-el-1  el_before_av_cell_one_half  avia-builder-el-first   avia-full-stretch av-zero-padding \" style='height:500px; min-height:500px;background:url(https:\/\/www.al-hami.de\/nsc\/wp-content\/uploads\/wissenswertes.jpg) top left no-repeat scroll; vertical-align:middle; padding:0px; background-color:#19839a; '><div class='flex_cell_inner' ><\/div><\/div><div class=\"flex_cell no_margin av_one_half  avia-builder-el-2  el_after_av_cell_one_half  avia-builder-el-last   \" style='height:500px; min-height:500px;vertical-align:middle; padding:80px; background-color:#19839a; '><div class='flex_cell_inner' ><p><div style='padding-bottom:25px; color:#ffffff;font-size:34px;' class='av-special-heading av-special-heading-h3 custom-color-heading blockquote modern-quote  avia-builder-el-3  el_before_av_textblock  avia-builder-el-first   av-inherit-size '><h3 class='av-special-heading-tag '  itemprop=\"headline\"  >G\u00e4stebuch 2005<\/h3><div class='special-heading-border'><div class='special-heading-inner-border' style='border-color:#ffffff'><\/div><\/div><\/div><br \/>\n<section class=\"av_textblock_section \"  itemscope=\"itemscope\" itemtype=\"https:\/\/schema.org\/CreativeWork\" ><div class='avia_textblock  av_inherit_color '  style='color:#ffffff; '  itemprop=\"text\" ><p>Wir bedanken uns bei allen Patienten f\u00fcr das entgegengesetzte Vertrauen. Ihre Gesundheit und Ihr Wohlbefinden ist der wahre Lohn unserer Arbeit.<\/p>\n<\/div><\/section><\/p>\n<\/div><\/div>\n<\/div>\n<div id='av_section_1' class='avia-section main_color avia-section-huge avia-no-border-styling avia-bg-style-scroll  avia-builder-el-5  el_after_av_layout_row  el_before_av_textblock   container_wrap sidebar_right' style=' '  ><div class='container' ><div class='template-page content  av-content-small alpha units'><div class='post-entry post-entry-type-page post-entry-1190'><div class='entry-content-wrapper clearfix'>\n<div class='flex_column_table av-equal-height-column-flextable -flextable' style='margin-top:-200px; margin-bottom:0px; '><div class=\"flex_column av_one_third  no_margin flex_column_table_cell av-equal-height-column av-align-top first  avia-builder-el-6  el_before_av_one_third  avia-builder-el-first  \" style='padding:40px; border-radius:0px; '><\/div><div class=\"flex_column av_one_third  no_margin flex_column_table_cell av-equal-height-column av-align-top   avia-builder-el-7  el_after_av_one_third  el_before_av_one_third  \" style='padding:40px; background-color:#27a1bc; border-radius:0px; '><p><span class=\"av_font_icon avia_animate_when_visible avia-icon-animate  av-icon-style-  avia-icon-pos-center \" style=\"color:#ffffff; border-color:#ffffff;\"><span class='av-icon-char' style='font-size:60px;line-height:60px;' aria-hidden='true' data-av_icon='\ue836' data-av_iconfont='entypo-fontello' ><\/span><\/span><br \/>\n<div style='height:20px' class='hr hr-invisible   avia-builder-el-9  el_after_av_font_icon  el_before_av_textblock '><span class='hr-inner ' ><span class='hr-inner-style'><\/span><\/span><\/div><br \/>\n<section class=\"av_textblock_section \"  itemscope=\"itemscope\" itemtype=\"https:\/\/schema.org\/CreativeWork\" ><div class='avia_textblock  av_inherit_color '  style='color:#ffffff; '  itemprop=\"text\" ><h4 style=\"text-align: center;\">Sie haben das Wort<\/h4>\n<p style=\"text-align: center;\">Haben Sie Anregungen, Vorschl\u00e4ge, W\u00fcnsche, Lob aber auch Kritik, so w\u00fcrden wir uns \u00fcber einen Eintrag in unser G\u00e4stebuch freuen. Nur so haben wir die M\u00f6glichkeit uns stetig, zum Wohle der Patienten, zu verbessern.<\/p>\n<\/div><\/section><\/p><\/div><div class=\"flex_column av_one_third  no_margin flex_column_table_cell av-equal-height-column av-align-top   avia-builder-el-11  el_after_av_one_third  el_before_av_hr  \" style='padding:40px; border-radius:0px; '><\/div><\/div><!--close column table wrapper. Autoclose: 1 --><div style='height:20px' class='hr hr-invisible   avia-builder-el-12  el_after_av_one_third  el_before_av_textblock '><span class='hr-inner ' ><span class='hr-inner-style'><\/span><\/span><\/div>\n<section class=\"av_textblock_section \"  itemscope=\"itemscope\" itemtype=\"https:\/\/schema.org\/CreativeWork\" ><div class='avia_textblock  '   itemprop=\"text\" ><p>Unter folgenden Links finden Sie die G\u00e4steb\u00fccher aus den vergangenen Jahren:<br \/>\n<a href=\"\/nsc\/gaestebuch-2019\/\" target=\"_self\">2019<\/a> |<a href=\"\/nsc\/gaestebuch-2018\/\" target=\"_self\">2018<\/a> | <a href=\"\/nsc\/gaestebuch-2017\/\" target=\"_self\">2017<\/a> | <a href=\"\/nsc\/gaestebuch-2016\/\" target=\"_self\">2016<\/a> | <a href=\"\/nsc\/gaestebuch-2015\/\" target=\"_self\">2015<\/a> | <a href=\"\/nsc\/gaestebuch-2014\/\" target=\"_self\">2014<\/a> | <a href=\"\/nsc\/gaestebuch-2013\/\" target=\"_self\">2013<\/a> | <a href=\"\/nsc\/gaestebuch-2012\/\" target=\"_self\">2012<\/a> | <a href=\"\/nsc\/gaestebuch-2011\/\" target=\"_self\">2011<\/a> | <a href=\"\/nsc\/gaestebuch-2010\/\" target=\"_self\">2010<\/a> | <a href=\"\/nsc\/gaestebuch-2009\/\" target=\"_self\">2009<\/a> | <a href=\"\/nsc\/gaestebuch-2008\/\" target=\"_self\">2008<\/a> | <a href=\"\/nsc\/gaestebuch-2007\/\" target=\"_self\">2007<\/a> | <a href=\"\/nsc\/gaestebuch-2006\/\" target=\"_self\">2006<\/a> | <a href=\"\/nsc\/gaestebuch-2005\/\" target=\"_self\">2005<\/a><\/p>\n<\/div><\/section>\n<div style='height:1px; margin-top:-120px'  class='hr hr-invisible   avia-builder-el-14  el_after_av_textblock  avia-builder-el-last '><span class='hr-inner ' ><span class='hr-inner-style'><\/span><\/span><\/div>\n<\/div><\/div><\/div><!-- close content main div --><\/div><\/div><div id='after_section_1' class='main_color av_default_container_wrap container_wrap sidebar_right' style=' '  ><div class='container' ><div class='template-page content  av-content-small alpha units'><div class='post-entry post-entry-type-page post-entry-1190'><div class='entry-content-wrapper clearfix'><section class=\"av_textblock_section \"  itemscope=\"itemscope\" itemtype=\"https:\/\/schema.org\/CreativeWork\" ><div class='avia_textblock  '   itemprop=\"text\" ><div class=\"gwolle-gb\">\n\t\t\t\t<div class=\"page-navigation\">\n\t\t\t\t\t<span class=\"screen-reader-text\">Guestbook list navigation<\/span><span class=\"page-numbers current\">1<\/span><a href=\"https:\/\/www.al-hami.de\/nsc\/gaestebuch-2005\/?pageNum=2\" title=\"Seite 2\">2<\/a><a href=\"https:\/\/www.al-hami.de\/nsc\/gaestebuch-2005\/?pageNum=3\" title=\"Seite 3\">3<\/a><a href=\"https:\/\/www.al-hami.de\/nsc\/gaestebuch-2005\/?pageNum=4\" title=\"Seite 4\">4<\/a><a href=\"https:\/\/www.al-hami.de\/nsc\/gaestebuch-2005\/?pageNum=5\" title=\"Seite 5\">5<\/a><span class=\"page-numbers dots\">...<\/span><a href=\"https:\/\/www.al-hami.de\/nsc\/gaestebuch-2005\/?pageNum=23\" title=\"Seite 23\">23<\/a><a href=\"https:\/\/www.al-hami.de\/nsc\/gaestebuch-2005\/?pageNum=2\" title=\"N\u00e4chste Seite\" rel=\"next\">&rarr;<\/a><\/div>\n\t\t<div class=\"gwolle-gb-read \" data-book_id=\"1\"><div id=\"gwolle-gb-total\">457 Eintr\u00e4ge<\/div><!-- Gwolle-GB Entry: Custom Template Loaded -->\n\t\t\t\t<div class=\"gb-entry gb-entry_11869 gb-entry-count_1 gwolle_gb_uneven gwolle-gb-uneven gwolle_gb_first gwolle-gb-first\">\n\t\t\t\t\t<div class=\"gb-author-info\">\n\t\t\t\t\t<\/div>\n\t\t\t\t\t<div class=\"gb-entry-content\">&bdquo;Habe mich hier sehr wohl gef\u00fchlt durch die \r\nSchwestern und \u00c4rzte.\r\nW\u00fcrde jederzeit wieder diese Klinik aufsuchen.\r\nVielen Dank an alle\r\nJ. K.<span>&rdquo; , 31.03.2026<\/span>\n\t\t\t\t\t<\/div>\n\t\t\t<\/div>\n\t\t\t<div class=\"gb-entry gb-entry_11868 gb-entry-count_2 gwolle_gb_even gwolle-gb-even\">\n\t\t\t\t\t<div class=\"gb-author-info\">\n\t\t\t\t\t<\/div>\n\t\t\t\t\t<div class=\"gb-entry-content\">&bdquo;Der Umgang mit Patienten war vorbildlich. Alle \u00c4rzte und Schwestern waren immer gut gelaunt und haben sich Zeit f\u00fcr Fragen und \u00e4hnliches genommen. Niemand war gestresst oder pampig. Da k\u00f6nnen sich viele Kliniken eine \r\n&#034;Scheibe abschneiden&#034;.\r\n\r\nAnonym<span>&rdquo; , 31.03.2026<\/span>\n\t\t\t\t\t<\/div>\n\t\t\t<\/div>\n\t\t\t<div class=\"gb-entry gb-entry_11867 gb-entry-count_3 gwolle_gb_uneven gwolle-gb-uneven\">\n\t\t\t\t\t<div class=\"gb-author-info\">\n\t\t\t\t\t<\/div>\n\t\t\t\t\t<div class=\"gb-entry-content\">&bdquo;Bei der  Geb\u00e4ude Eingangst\u00fcr w\u00e4re es angebracht dort mittels eines Sensors die T\u00fcren bedienen zu k\u00f6nnen. Es ist schwer mit Gep\u00e4ck und  medizinische Hilfsmittel (Rollator, St\u00f6cke etc.) in das Geb\u00e4ude zu kommen.\r\nAnsonsten alles TOP!!!<span>&rdquo; , 31.03.2026<\/span>\n\t\t\t\t\t<\/div>\n\t\t\t<\/div>\n\t\t\t<div class=\"gb-entry gb-entry_11866 gb-entry-count_4 gwolle_gb_even gwolle-gb-even\">\n\t\t\t\t\t<div class=\"gb-author-info\">\n\t\t\t\t\t<\/div>\n\t\t\t\t\t<div class=\"gb-entry-content\">&bdquo;Ein gro\u00dfes Dankesch\u00f6n an das Schwesternteam, die mit gro\u00dfem Engagement und sehr gutem pflegerischen Einsatz die Betreuung der Patienten \u00fcbernehmen.\r\nDie hohe Kompetenz des \u00c4rzteteams verdient gro\u00dfe Anerkennung, da sie \u00fcberragenden Einsatz zeigen.<span>&rdquo; , 31.03.2026<\/span>\n\t\t\t\t\t<\/div>\n\t\t\t<\/div>\n\t\t\t<div class=\"gb-entry gb-entry_11865 gb-entry-count_5 gwolle_gb_uneven gwolle-gb-uneven\">\n\t\t\t\t\t<div class=\"gb-author-info\">\n\t\t\t\t\t<\/div>\n\t\t\t\t\t<div class=\"gb-entry-content\">&bdquo;Stressfrei, nicht wie in einem gewohnten Krankenhaus. Sehr nette Leute.\r\nSehr empfehlenswert- gerne wieder\r\nVielen Dank f\u00fcr Alles<span>&rdquo; , 31.03.2026<\/span>\n\t\t\t\t\t<\/div>\n\t\t\t<\/div>\n\t\t\t<div class=\"gb-entry gb-entry_11864 gb-entry-count_6 gwolle_gb_even gwolle-gb-even\">\n\t\t\t\t\t<div class=\"gb-author-info\">\n\t\t\t\t\t<\/div>\n\t\t\t\t\t<div class=\"gb-entry-content\">&bdquo;Alles super. Ich w\u00fcrde jedem empfehlen sich hier operieren zu lassen. Alle sehr freundlich und aufmerksam. Als Angstpatient (wie mich) wird alles gegeben um die Angst zu nehmen. Liebevolle Behandlund auf Station und im OP.\r\n\r\nAnonym<span>&rdquo; , 31.03.2026<\/span>\n\t\t\t\t\t<\/div>\n\t\t\t<\/div>\n\t\t\t<div class=\"gb-entry gb-entry_11863 gb-entry-count_7 gwolle_gb_uneven gwolle-gb-uneven\">\n\t\t\t\t\t<div class=\"gb-author-info\">\n\t\t\t\t\t<\/div>\n\t\t\t\t\t<div class=\"gb-entry-content\">&bdquo;Man ist im Krankenhaus hier gut aufgehoben, die Schwestern sind sehr zuvorkommend.\r\n\r\nAnonym<span>&rdquo; , 31.03.2026<\/span>\n\t\t\t\t\t<\/div>\n\t\t\t<\/div>\n\t\t\t<div class=\"gb-entry gb-entry_11862 gb-entry-count_8 gwolle_gb_even gwolle-gb-even\">\n\t\t\t\t\t<div class=\"gb-author-info\">\n\t\t\t\t\t<\/div>\n\t\t\t\t\t<div class=\"gb-entry-content\">&bdquo;Ich war jetzt nach 2013 zum zweiten Mal hier zur LWS OP.\r\nIch w\u00e4hlte diese Einrichtung, weil ich 2013 sehr zufrieden war.\r\nMeine Schmerzen im R\u00fccken sind schon zu 90% verschwunden .\r\nDer linke Fu\u00df leider noch taub, ws sich hoffentlich noch gibt.\r\n\r\nMfG H.W. aus BSS<span>&rdquo; , 31.03.2026<\/span>\n\t\t\t\t\t<\/div>\n\t\t\t<\/div>\n\t\t\t<div class=\"gb-entry gb-entry_11832 gb-entry-count_9 gwolle_gb_uneven gwolle-gb-uneven\">\n\t\t\t\t\t<div class=\"gb-author-info\">\n\t\t\t\t\t<\/div>\n\t\t\t\t\t<div class=\"gb-entry-content\">&bdquo;Test<span>&rdquo; - kmueller, 22.05.2025<\/span>\n\t\t\t\t\t<\/div>\n\t\t\t<\/div>\n\t\t\t<div class=\"gb-entry gb-entry_11831 gb-entry-count_10 gwolle_gb_even gwolle-gb-even\">\n\t\t\t\t\t<div class=\"gb-author-info\">\n\t\t\t\t\t<\/div>\n\t\t\t\t\t<div class=\"gb-entry-content\">&bdquo;27.03.25 von Anonym\r\nalles perfekt! Man merkt dass der Patient im Vordergrund steht.\r\nMacht weiter so!<span>&rdquo; , 13.05.2025<\/span>\n\t\t\t\t\t<\/div>\n\t\t\t<\/div>\n\t\t\t<div class=\"gb-entry gb-entry_11830 gb-entry-count_11 gwolle_gb_uneven gwolle-gb-uneven\">\n\t\t\t\t\t<div class=\"gb-author-info\">\n\t\t\t\t\t<\/div>\n\t\t\t\t\t<div class=\"gb-entry-content\">&bdquo;26.03.25 von Anonym\r\nIch bin jetzt schon das zweite Mal hier operiert worden und bin nach wie vor begeistert von der wunderbaren Versorgung! Das \u00c4rzteteam ist Klasse - man f\u00fchlt sich in sicheren H\u00e4nden.\r\nDie Schwestern auf der Station sind alle wahnsinnig liebenswert und aufmerksam, freundlich und hilfsbereit. Ich habe mich rund-um wohl gef\u00fchlt.<span>&rdquo; , 13.05.2025<\/span>\n\t\t\t\t\t<\/div>\n\t\t\t<\/div>\n\t\t\t<div class=\"gb-entry gb-entry_11829 gb-entry-count_12 gwolle_gb_even gwolle-gb-even\">\n\t\t\t\t\t<div class=\"gb-author-info\">\n\t\t\t\t\t<\/div>\n\t\t\t\t\t<div class=\"gb-entry-content\">&bdquo;09.04.25 von Anonym\r\nIch habe mich sehr gut aufgehoben gef\u00fchlt! Vielen Dank<span>&rdquo; , 13.05.2025<\/span>\n\t\t\t\t\t<\/div>\n\t\t\t<\/div>\n\t\t\t<div class=\"gb-entry gb-entry_11828 gb-entry-count_13 gwolle_gb_uneven gwolle-gb-uneven\">\n\t\t\t\t\t<div class=\"gb-author-info\">\n\t\t\t\t\t<\/div>\n\t\t\t\t\t<div class=\"gb-entry-content\">&bdquo;04.04.25 von M.S.\r\nDas NSC ist bedingungslos zu empfehlen! \r\nMan f\u00fchlt sich wie in einem 5-Sterne-Hotel<span>&rdquo; , 13.05.2025<\/span>\n\t\t\t\t\t<\/div>\n\t\t\t<\/div>\n\t\t\t<div class=\"gb-entry gb-entry_11827 gb-entry-count_14 gwolle_gb_even gwolle-gb-even\">\n\t\t\t\t\t<div class=\"gb-author-info\">\n\t\t\t\t\t<\/div>\n\t\t\t\t\t<div class=\"gb-entry-content\">&bdquo;08.05.25 von Anonym\r\nVielen lieben Dank f\u00fcr Eure Schnelle Hilfe! \r\nIch bin vom ersten Tag an gut aufgenommen worden und habe mich hier in guten, sicheren H\u00e4nden gewogen.\r\nMir wurde die Klinik empfohlen und das war sehr gut!\r\nBleibt wie Ihr seid und bleibt gesund!<span>&rdquo; , 13.05.2025<\/span>\n\t\t\t\t\t<\/div>\n\t\t\t<\/div>\n\t\t\t<div class=\"gb-entry gb-entry_11697 gb-entry-count_15 gwolle_gb_uneven gwolle-gb-uneven\">\n\t\t\t\t\t<div class=\"gb-author-info\">\n\t\t\t\t\t<\/div>\n\t\t\t\t\t<div class=\"gb-entry-content\">&bdquo;Fernseher rauscht schlimm und keine Bildqualit\u00e4t.\r\nAnonym<span>&rdquo; , 30.11.2024<\/span>\n\t\t\t\t\t<\/div>\n\t\t\t<\/div>\n\t\t\t<div class=\"gb-entry gb-entry_11638 gb-entry-count_16 gwolle_gb_even gwolle-gb-even\">\n\t\t\t\t\t<div class=\"gb-author-info\">\n\t\t\t\t\t<\/div>\n\t\t\t\t\t<div class=\"gb-entry-content\">&bdquo;Es gibt nichts zu verbessern. Alles super! Alle sehr freundlich. Habe mich wieder sehr wohlgef\u00fchlt. \r\nAnonym<span>&rdquo; , 22.08.2024<\/span>\n\t\t\t\t\t<\/div>\n\t\t\t<\/div>\n\t\t\t<div class=\"gb-entry gb-entry_11318 gb-entry-count_17 gwolle_gb_uneven gwolle-gb-uneven\">\n\t\t\t\t\t<div class=\"gb-author-info\">\n\t\t\t\t\t<\/div>\n\t\t\t\t\t<div class=\"gb-entry-content\">&bdquo;Es war ein richtig sch\u00f6ner und guter Aufenthalt.\r\nDas ganze Team hat richtig gute Arbeit geleistet.<span>&rdquo; , 08.11.2023<\/span>\n\t\t\t\t\t<\/div>\n\t\t\t<\/div>\n\t\t\t<div class=\"gb-entry gb-entry_11241 gb-entry-count_18 gwolle_gb_even gwolle-gb-even\">\n\t\t\t\t\t<div class=\"gb-author-info\">\n\t\t\t\t\t<\/div>\n\t\t\t\t\t<div class=\"gb-entry-content\">&bdquo;\u00c4rzte und Krankenschwestern sind sehr aufmerksam. Ich bin sehr zufrieden und empfehlen.\r\n\r\nNataliia K.<span>&rdquo; , 17.07.2023<\/span>\n\t\t\t\t\t<\/div>\n\t\t\t<\/div>\n\t\t\t<div class=\"gb-entry gb-entry_11119 gb-entry-count_19 gwolle_gb_uneven gwolle-gb-uneven\">\n\t\t\t\t\t<div class=\"gb-author-info\">\n\t\t\t\t\t<\/div>\n\t\t\t\t\t<div class=\"gb-entry-content\">&bdquo;Ich f\u00fchlte mich hier vom ersten Termin an immer bestens betreut.\r\nJeder mit dem ich zu tun hatte, wirklich jederzeit kompetent und engagiert.\r\nDanke an alle!\r\n\r\nSchwartz<span>&rdquo; , 03.03.2023<\/span>\n\t\t\t\t\t<\/div>\n\t\t\t<\/div>\n\t\t\t<div class=\"gb-entry gb-entry_11079 gb-entry-count_20 gwolle_gb_even gwolle-gb-even\">\n\t\t\t\t\t<div class=\"gb-author-info\">\n\t\t\t\t\t<\/div>\n\t\t\t\t\t<div class=\"gb-entry-content\">&bdquo;War erneut hier und bin wieder positiv beeindruckt.\r\nEs wird perfekt auf das Krankenbild sowie den Menschen eingegeangen. \u00c4rztliche sowie pflegerische Betreuung perfekt.\r\nJede Frage wird fachgerecht beantwortet.\r\n\r\nS. Diel<span>&rdquo; , 31.01.2023<\/span>\n\t\t\t\t\t<\/div>\n\t\t\t<\/div>\n\t\t\t<\/div>\n\t\t\t\t<div class=\"page-navigation\">\n\t\t\t\t\t<span class=\"screen-reader-text\">Guestbook list navigation<\/span><span class=\"page-numbers current\">1<\/span><a href=\"https:\/\/www.al-hami.de\/nsc\/gaestebuch-2005\/?pageNum=2\" title=\"Seite 2\">2<\/a><a href=\"https:\/\/www.al-hami.de\/nsc\/gaestebuch-2005\/?pageNum=3\" title=\"Seite 3\">3<\/a><a href=\"https:\/\/www.al-hami.de\/nsc\/gaestebuch-2005\/?pageNum=4\" title=\"Seite 4\">4<\/a><a href=\"https:\/\/www.al-hami.de\/nsc\/gaestebuch-2005\/?pageNum=5\" title=\"Seite 5\">5<\/a><span class=\"page-numbers dots\">...<\/span><a href=\"https:\/\/www.al-hami.de\/nsc\/gaestebuch-2005\/?pageNum=23\" title=\"Seite 23\">23<\/a><a href=\"https:\/\/www.al-hami.de\/nsc\/gaestebuch-2005\/?pageNum=2\" title=\"N\u00e4chste Seite\" rel=\"next\">&rarr;<\/a><\/div>\n\t\t<\/div>\n<\/div><\/section><\/p>\n","protected":false},"excerpt":{"rendered":"","protected":false},"author":8,"featured_media":0,"parent":0,"menu_order":200,"comment_status":"closed","ping_status":"closed","template":"","meta":[],"_links":{"self":[{"href":"https:\/\/www.al-hami.de\/nsc\/wp-json\/wp\/v2\/pages\/1190"}],"collection":[{"href":"https:\/\/www.al-hami.de\/nsc\/wp-json\/wp\/v2\/pages"}],"about":[{"href":"https:\/\/www.al-hami.de\/nsc\/wp-json\/wp\/v2\/types\/page"}],"author":[{"embeddable":true,"href":"https:\/\/www.al-hami.de\/nsc\/wp-json\/wp\/v2\/users\/8"}],"replies":[{"embeddable":true,"href":"https:\/\/www.al-hami.de\/nsc\/wp-json\/wp\/v2\/comments?post=1190"}],"version-history":[{"count":6,"href":"https:\/\/www.al-hami.de\/nsc\/wp-json\/wp\/v2\/pages\/1190\/revisions"}],"predecessor-version":[{"id":3639,"href":"https:\/\/www.al-hami.de\/nsc\/wp-json\/wp\/v2\/pages\/1190\/revisions\/3639"}],"wp:attachment":[{"href":"https:\/\/www.al-hami.de\/nsc\/wp-json\/wp\/v2\/media?parent=1190"}],"curies":[{"name":"wp","href":"https:\/\/api.w.org\/{rel}","templated":true}]}}