{"id":1425,"date":"2017-03-28T15:33:49","date_gmt":"2017-03-28T13:33:49","guid":{"rendered":"http:\/\/neuro-spine-center.com.w0158a2a.kasserver.com\/nsc\/?page_id=1425"},"modified":"2017-07-27T16:48:37","modified_gmt":"2017-07-27T14:48:37","slug":"wissenswertes","status":"publish","type":"page","link":"https:\/\/www.al-hami.de\/nsc\/ueber-uns\/wissenswertes\/","title":{"rendered":"Wissenswertes"},"content":{"rendered":"<div id='av-layout-grid-1' class='av-layout-grid-container entry-content-wrapper main_color av-flex-cells    avia-builder-el-0  el_before_av_section  avia-builder-el-first  container_wrap sidebar_right' style=' '  >\n<div class=\"flex_cell no_margin av_one_half  avia-builder-el-1  el_before_av_cell_one_half  avia-builder-el-first   avia-full-stretch av-zero-padding \" style='height:500px; min-height:500px;background:url(https:\/\/www.al-hami.de\/nsc\/wp-content\/uploads\/wissenswertes.jpg) top left no-repeat scroll; vertical-align:middle; padding:0px; background-color:#19839a; '><div class='flex_cell_inner' ><\/div><\/div><div class=\"flex_cell no_margin av_one_half  avia-builder-el-2  el_after_av_cell_one_half  avia-builder-el-last   \" style='height:500px; min-height:500px;vertical-align:middle; padding:80px; background-color:#19839a; '><div class='flex_cell_inner' ><p><div style='padding-bottom:25px; color:#ffffff;font-size:34px;' class='av-special-heading av-special-heading-h3 custom-color-heading blockquote modern-quote  avia-builder-el-3  el_before_av_textblock  avia-builder-el-first   av-inherit-size '><h3 class='av-special-heading-tag '  itemprop=\"headline\"  >Wissenswertes<\/h3><div class='special-heading-border'><div class='special-heading-inner-border' style='border-color:#ffffff'><\/div><\/div><\/div><br \/>\n<section class=\"av_textblock_section \"  itemscope=\"itemscope\" itemtype=\"https:\/\/schema.org\/CreativeWork\" ><div class='avia_textblock  av_inherit_color '  style='color:#ffffff; '  itemprop=\"text\" ><p>Kernst\u00fcck der Klinik ist der Operationsbereich, eingerichtet mit zwei gro\u00dfen, hochmodern ausgestatteten und multimedial vernetzten Operationss\u00e4len als Mittelpunkt.<\/p>\n<\/div><\/section><\/p>\n<\/div><\/div>\n<\/div>\n<div id='av_section_1' class='avia-section main_color avia-section-huge avia-no-border-styling avia-bg-style-scroll  avia-builder-el-5  el_after_av_layout_row  avia-builder-el-last   container_wrap sidebar_right' style=' '  ><div class='container' ><div class='template-page content  av-content-small alpha units'><div class='post-entry post-entry-type-page post-entry-1425'><div class='entry-content-wrapper clearfix'>\n<div class='flex_column_table av-equal-height-column-flextable -flextable' style='margin-top:-200px; margin-bottom:0px; '><div class=\"flex_column av_one_third  no_margin flex_column_table_cell av-equal-height-column av-align-top first  avia-builder-el-6  el_before_av_one_third  avia-builder-el-first  \" style='padding:40px; border-radius:0px; '><\/div><div class=\"flex_column av_one_third  no_margin flex_column_table_cell av-equal-height-column av-align-top   avia-builder-el-7  el_after_av_one_third  el_before_av_one_third  \" style='padding:40px; background-color:#27a1bc; border-radius:0px; '><p><span class=\"av_font_icon avia_animate_when_visible avia-icon-animate  av-icon-style-  avia-icon-pos-center \" style=\"color:#ffffff; border-color:#ffffff;\"><span class='av-icon-char' style='font-size:60px;line-height:60px;' aria-hidden='true' data-av_icon='\uf104' data-av_iconfont='medical' ><\/span><\/span><br \/>\n<div style='height:20px' class='hr hr-invisible   avia-builder-el-9  el_after_av_font_icon  el_before_av_textblock '><span class='hr-inner ' ><span class='hr-inner-style'><\/span><\/span><\/div><br \/>\n<section class=\"av_textblock_section \"  itemscope=\"itemscope\" itemtype=\"https:\/\/schema.org\/CreativeWork\" ><div class='avia_textblock  av_inherit_color '  style='color:#ffffff; '  itemprop=\"text\" ><h4 style=\"text-align: center;\">Wissenswertes<\/h4>\n<p style=\"text-align: center;\">Was Sie unbedingt \u00fcber uns wissen sollten.<\/p>\n<\/div><\/section><\/p><\/div><div class=\"flex_column av_one_third  no_margin flex_column_table_cell av-equal-height-column av-align-top   avia-builder-el-11  el_after_av_one_third  el_before_av_one_full  \" style='padding:40px; border-radius:0px; '><\/div><\/div><!--close column table wrapper. Autoclose: 1 --><div class=\"flex_column av_one_full  av-animated-generic bottom-to-top  flex_column_div av-zero-column-padding first  avia-builder-el-12  el_after_av_one_third  el_before_av_one_third  column-top-margin\" style='border-radius:0px; '><p><div style='padding-bottom:20px; font-size:34px;' class='av-special-heading av-special-heading-h3  blockquote modern-quote  avia-builder-el-13  el_before_av_textblock  avia-builder-el-first   av-inherit-size '><div class ='av-subheading av-subheading_above  ' style='font-size:15px;'><p>Gro\u00dffl\u00e4chig, hochmodern ausgestattet und multimedial vernetzt<\/p>\n<\/div><h3 class='av-special-heading-tag '  itemprop=\"headline\"  >Kernst\u00fcck der Klinik: Der Operationsbereich<\/h3><div class='special-heading-border'><div class='special-heading-inner-border' ><\/div><\/div><\/div><br \/>\n<section class=\"av_textblock_section \"  itemscope=\"itemscope\" itemtype=\"https:\/\/schema.org\/CreativeWork\" ><div class='avia_textblock  '   itemprop=\"text\" ><p>Die Operationss\u00e4le haben eine Fl\u00e4che von 124 und 82 Quadratmetern. Bei den Operationss\u00e4len handelt es sich um S\u00e4le der Raumklasse 1a, die somit die ho\u0308chsten Standards der Hygiene erf\u00fcllen. Sterilisationsabteilung, Einleitungs-, Aufwach- und Intensivbereiche geh\u00f6ren ebenso dazu, wie auch Umkleider\u00e4ume f\u00fcr ambulante Patienten und Personal.<\/p>\n<p>Alle OP-Techniken bis hin zu minimalinvasiven Eingriffen sind m\u00f6glich. Alle Operationen werden ausschlie\u00dflich <strong>mikrochirurgisch<\/strong> und unter <strong>radiologischer Kontrolle<\/strong> durchgef\u00fchrt.<\/p>\n<\/div><\/section><\/p><\/div><div class=\"flex_column av_one_third  av-animated-generic bottom-to-top  flex_column_div av-zero-column-padding first  avia-builder-el-15  el_after_av_one_full  el_before_av_one_third  column-top-margin\" style='border-radius:0px; '><div class='avia-image-container  av-styling-    avia-builder-el-16  avia-builder-el-no-sibling  avia-align-center '  itemprop=\"image\" itemscope=\"itemscope\" itemtype=\"https:\/\/schema.org\/ImageObject\"  ><div class='avia-image-container-inner'><div class='avia-image-overlay-wrap'><a href='https:\/\/www.al-hami.de\/nsc\/wp-content\/uploads\/op_1.jpg' class='avia_image'  ><img class='avia_image ' src='https:\/\/www.al-hami.de\/nsc\/wp-content\/uploads\/op_1.jpg' alt='' title=''  itemprop=\"thumbnailUrl\"  \/><\/a><\/div><\/div><\/div><\/div><div class=\"flex_column av_one_third  av-animated-generic bottom-to-top  flex_column_div av-zero-column-padding   avia-builder-el-17  el_after_av_one_third  el_before_av_one_third  column-top-margin\" style='border-radius:0px; '><div class='avia-image-container  av-styling-    avia-builder-el-18  avia-builder-el-no-sibling  avia-align-center '  itemprop=\"image\" itemscope=\"itemscope\" itemtype=\"https:\/\/schema.org\/ImageObject\"  ><div class='avia-image-container-inner'><div class='avia-image-overlay-wrap'><a href='https:\/\/www.al-hami.de\/nsc\/wp-content\/uploads\/op_2-1.jpg' class='avia_image'  ><img class='avia_image ' src='https:\/\/www.al-hami.de\/nsc\/wp-content\/uploads\/op_2-1.jpg' alt='' title=''  itemprop=\"thumbnailUrl\"  \/><\/a><\/div><\/div><\/div><\/div><div class=\"flex_column av_one_third  av-animated-generic bottom-to-top  flex_column_div av-zero-column-padding   avia-builder-el-19  el_after_av_one_third  el_before_av_hr  column-top-margin\" style='border-radius:0px; '><div class='avia-image-container  av-styling-    avia-builder-el-20  avia-builder-el-no-sibling  avia-align-center '  itemprop=\"image\" itemscope=\"itemscope\" itemtype=\"https:\/\/schema.org\/ImageObject\"  ><div class='avia-image-container-inner'><div class='avia-image-overlay-wrap'><a href='https:\/\/www.al-hami.de\/nsc\/wp-content\/uploads\/al-hami_mikroskop.jpg' class='avia_image'  ><img class='avia_image ' src='https:\/\/www.al-hami.de\/nsc\/wp-content\/uploads\/al-hami_mikroskop.jpg' alt='' title='al-hami_mikroskop'  itemprop=\"thumbnailUrl\"  \/><\/a><\/div><\/div><\/div><\/div><div style='height:30px' class='hr hr-invisible   avia-builder-el-21  el_after_av_one_third  el_before_av_hr '><span class='hr-inner ' ><span class='hr-inner-style'><\/span><\/span><\/div>\n<div  class='hr hr-default   avia-builder-el-22  el_after_av_hr  el_before_av_hr '><span class='hr-inner ' ><span class='hr-inner-style'><\/span><\/span><\/div>\n<div style='height:30px' class='hr hr-invisible   avia-builder-el-23  el_after_av_hr  el_before_av_one_full '><span class='hr-inner ' ><span class='hr-inner-style'><\/span><\/span><\/div>\n<div class=\"flex_column av_one_full  av-animated-generic bottom-to-top  flex_column_div av-zero-column-padding first  avia-builder-el-24  el_after_av_hr  el_before_av_one_fourth  \" style='border-radius:0px; '><p><div style='padding-bottom:20px; font-size:34px;' class='av-special-heading av-special-heading-h3  blockquote modern-quote  avia-builder-el-25  el_before_av_textblock  avia-builder-el-first   av-inherit-size '><div class ='av-subheading av-subheading_above  ' style='font-size:15px;'><p>Gro\u00dffl\u00e4chig, hochmodern ausgestattet und multimedial vernetzt<\/p>\n<\/div><h3 class='av-special-heading-tag '  itemprop=\"headline\"  >Akutstation mit allen wichtigen medizinischen \u00dcberwachungs- und Versorgungsm\u00f6glichkeiten<\/h3><div class='special-heading-border'><div class='special-heading-inner-border' ><\/div><\/div><\/div><br \/>\n<section class=\"av_textblock_section \"  itemscope=\"itemscope\" itemtype=\"https:\/\/schema.org\/CreativeWork\" ><div class='avia_textblock  '   itemprop=\"text\" ><p>Im ersten Stock k\u00f6nnen Patienten und Besucher in einer <strong>Multi-Funktionshalle<\/strong> empfangen werden. Hier ist auch die <strong>20-Betten-Station<\/strong> untergebracht, sowie eine Akutstation mit allen wichtigen <strong>medizinischen \u00dcberwachungs- und Versorgungsm\u00f6glichkeiten<\/strong>.<\/p>\n<p>Es sorgt ausschlie\u00dflich <strong>examiniertes Pflegefachpersonal<\/strong> f\u00fcr die Genesung unserer Patienten. Das besondere Flair des Centers l\u00e4sst die Intention deutlich werden, allen Patienten neben einer optimalen medizinischen Betreuung auch ein <strong>besonderes Klima zur Erholung<\/strong> bieten zu k\u00f6nnen.<\/p>\n<\/div><\/section><\/p><\/div><div class=\"flex_column av_one_fourth  av-animated-generic bottom-to-top  flex_column_div av-zero-column-padding first  avia-builder-el-27  el_after_av_one_full  el_before_av_one_fourth  column-top-margin\" style='border-radius:0px; '><div class='avia-image-container  av-styling-    avia-builder-el-28  avia-builder-el-no-sibling  avia-align-center '  itemprop=\"image\" itemscope=\"itemscope\" itemtype=\"https:\/\/schema.org\/ImageObject\"  ><div class='avia-image-container-inner'><div class='avia-image-overlay-wrap'><a href='https:\/\/www.al-hami.de\/nsc\/wp-content\/uploads\/station_1.jpg' class='avia_image'  ><img class='avia_image ' src='https:\/\/www.al-hami.de\/nsc\/wp-content\/uploads\/station_1.jpg' alt='' title=''  itemprop=\"thumbnailUrl\"  \/><\/a><\/div><\/div><\/div><\/div><div class=\"flex_column av_one_fourth  av-animated-generic bottom-to-top  flex_column_div av-zero-column-padding   avia-builder-el-29  el_after_av_one_fourth  el_before_av_one_fourth  column-top-margin\" style='border-radius:0px; '><div class='avia-image-container  av-styling-    avia-builder-el-30  avia-builder-el-no-sibling  avia-align-center '  itemprop=\"image\" itemscope=\"itemscope\" itemtype=\"https:\/\/schema.org\/ImageObject\"  ><div class='avia-image-container-inner'><div class='avia-image-overlay-wrap'><a href='https:\/\/www.al-hami.de\/nsc\/wp-content\/uploads\/station_2.jpg' class='avia_image'  ><img class='avia_image ' src='https:\/\/www.al-hami.de\/nsc\/wp-content\/uploads\/station_2.jpg' alt='' title=''  itemprop=\"thumbnailUrl\"  \/><\/a><\/div><\/div><\/div><\/div><div class=\"flex_column av_one_fourth  av-animated-generic bottom-to-top  flex_column_div av-zero-column-padding   avia-builder-el-31  el_after_av_one_fourth  el_before_av_one_fourth  column-top-margin\" style='border-radius:0px; '><div class='avia-image-container  av-styling-    avia-builder-el-32  avia-builder-el-no-sibling  avia-align-center '  itemprop=\"image\" itemscope=\"itemscope\" itemtype=\"https:\/\/schema.org\/ImageObject\"  ><div class='avia-image-container-inner'><div class='avia-image-overlay-wrap'><a href='https:\/\/www.al-hami.de\/nsc\/wp-content\/uploads\/stat_3.jpg' class='avia_image'  ><img class='avia_image ' src='https:\/\/www.al-hami.de\/nsc\/wp-content\/uploads\/stat_3.jpg' alt='' title=''  itemprop=\"thumbnailUrl\"  \/><\/a><\/div><\/div><\/div><\/div><div class=\"flex_column av_one_fourth  av-animated-generic bottom-to-top  flex_column_div av-zero-column-padding   avia-builder-el-33  el_after_av_one_fourth  el_before_av_hr  column-top-margin\" style='border-radius:0px; '><div class='avia-image-container  av-styling-    avia-builder-el-34  avia-builder-el-no-sibling  avia-align-center '  itemprop=\"image\" itemscope=\"itemscope\" itemtype=\"https:\/\/schema.org\/ImageObject\"  ><div class='avia-image-container-inner'><div class='avia-image-overlay-wrap'><a href='https:\/\/www.al-hami.de\/nsc\/wp-content\/uploads\/stat_4.jpg' class='avia_image'  ><img class='avia_image ' src='https:\/\/www.al-hami.de\/nsc\/wp-content\/uploads\/stat_4.jpg' alt='' title=''  itemprop=\"thumbnailUrl\"  \/><\/a><\/div><\/div><\/div><\/div><div style='height:30px' class='hr hr-invisible   avia-builder-el-35  el_after_av_one_fourth  el_before_av_hr '><span class='hr-inner ' ><span class='hr-inner-style'><\/span><\/span><\/div>\n<div  class='hr hr-default   avia-builder-el-36  el_after_av_hr  el_before_av_hr '><span class='hr-inner ' ><span class='hr-inner-style'><\/span><\/span><\/div>\n<div style='height:30px' class='hr hr-invisible   avia-builder-el-37  el_after_av_hr  el_before_av_one_full '><span class='hr-inner ' ><span class='hr-inner-style'><\/span><\/span><\/div>\n<div class=\"flex_column av_one_full  av-animated-generic bottom-to-top  flex_column_div av-zero-column-padding first  avia-builder-el-38  el_after_av_hr  el_before_av_one_third  \" style='border-radius:0px; '><p><div style='padding-bottom:20px; font-size:34px;' class='av-special-heading av-special-heading-h3  blockquote modern-quote  avia-builder-el-39  el_before_av_textblock  avia-builder-el-first   av-inherit-size '><div class ='av-subheading av-subheading_above  ' style='font-size:15px;'><p>F\u00fcr die Durchf\u00fchrung ambulanter Eingriffe und CT-gesteuerte therapeutische Verfahren<\/p>\n<\/div><h3 class='av-special-heading-tag '  itemprop=\"headline\"  >Ambulante Behandlung und Computertomographie<\/h3><div class='special-heading-border'><div class='special-heading-inner-border' ><\/div><\/div><\/div><br \/>\n<section class=\"av_textblock_section \"  itemscope=\"itemscope\" itemtype=\"https:\/\/schema.org\/CreativeWork\" ><div class='avia_textblock  '   itemprop=\"text\" ><p>Im Erdgeschoss der Klinik befinden sich unter anderem <strong>Behandlungsr\u00e4ume<\/strong> und ein <strong>ambulanter Operationssaal<\/strong> zur Durchf\u00fchrung von ambulanten Eingriffen unter Einsatz eines Mikroskopes. Hier ist ebenfalls eine ambulante Schmerzbehandlung m\u00f6glich.<\/p>\n<p>Ebenfalls ist im Erdeschoss befindet sich eine <strong>computertomographische Abteilung<\/strong>. Hier werden nicht nur diagnostische, sondern auch minimalinvasive CT-gesteuerte therapeutische Verfahren durchgef\u00fchrt.<\/p>\n<\/div><\/section><\/p><\/div><div class=\"flex_column av_one_third  av-animated-generic bottom-to-top  flex_column_div av-zero-column-padding first  avia-builder-el-41  el_after_av_one_full  el_before_av_one_third  column-top-margin\" style='border-radius:0px; '><div class='avia-image-container  av-styling-    avia-builder-el-42  avia-builder-el-no-sibling  avia-align-center '  itemprop=\"image\" itemscope=\"itemscope\" itemtype=\"https:\/\/schema.org\/ImageObject\"  ><div class='avia-image-container-inner'><div class='avia-image-overlay-wrap'><a href='https:\/\/www.al-hami.de\/nsc\/wp-content\/uploads\/erdgeschoss.jpg' class='avia_image'  ><img class='avia_image ' src='https:\/\/www.al-hami.de\/nsc\/wp-content\/uploads\/erdgeschoss.jpg' alt='' title=''  itemprop=\"thumbnailUrl\"  \/><\/a><\/div><\/div><\/div><\/div><div class=\"flex_column av_one_third  av-animated-generic bottom-to-top  flex_column_div av-zero-column-padding   avia-builder-el-43  el_after_av_one_third  el_before_av_hr  column-top-margin\" style='border-radius:0px; '><div class='avia-image-container  av-styling-    avia-builder-el-44  avia-builder-el-no-sibling  avia-align-center '  itemprop=\"image\" itemscope=\"itemscope\" itemtype=\"https:\/\/schema.org\/ImageObject\"  ><div class='avia-image-container-inner'><div class='avia-image-overlay-wrap'><a href='https:\/\/www.al-hami.de\/nsc\/wp-content\/uploads\/ct_01.jpg' class='avia_image'  ><img class='avia_image ' src='https:\/\/www.al-hami.de\/nsc\/wp-content\/uploads\/ct_01.jpg' alt='' title=''  itemprop=\"thumbnailUrl\"  \/><\/a><\/div><\/div><\/div><\/div><div style='height:30px' class='hr hr-invisible   avia-builder-el-45  el_after_av_one_third  el_before_av_hr '><span class='hr-inner ' ><span class='hr-inner-style'><\/span><\/span><\/div>\n<div  class='hr hr-default   avia-builder-el-46  el_after_av_hr  el_before_av_hr '><span class='hr-inner ' ><span class='hr-inner-style'><\/span><\/span><\/div>\n<div style='height:30px' class='hr hr-invisible   avia-builder-el-47  el_after_av_hr  el_before_av_one_full '><span class='hr-inner ' ><span class='hr-inner-style'><\/span><\/span><\/div>\n<div class=\"flex_column av_one_full  av-animated-generic bottom-to-top  flex_column_div av-zero-column-padding first  avia-builder-el-48  el_after_av_hr  el_before_av_one_fourth  \" style='border-radius:0px; '><p><div style='padding-bottom:20px; font-size:34px;' class='av-special-heading av-special-heading-h3  blockquote modern-quote  avia-builder-el-49  el_before_av_textblock  avia-builder-el-first   av-inherit-size '><div class ='av-subheading av-subheading_above  ' style='font-size:15px;'><p>F\u00fcr die schnelle Genesung unserer Patienten sorgt unser einladendes Ambiente.<\/p>\n<\/div><h3 class='av-special-heading-tag '  itemprop=\"headline\"  >Zum Wohlf\u00fchlen und Entspannen<\/h3><div class='special-heading-border'><div class='special-heading-inner-border' ><\/div><\/div><\/div><br \/>\n<section class=\"av_textblock_section \"  itemscope=\"itemscope\" itemtype=\"https:\/\/schema.org\/CreativeWork\" ><div class='avia_textblock  '   itemprop=\"text\" ><p>F\u00fcr Gespr\u00e4che und Entspannung finden Sie in unserem Haus \u00fcberall <strong>gem\u00fctliche Sitzgelegenheiten<\/strong>, ob in der Klinik, der Lounge oder auf der Station. In unserem <strong>Rosengarten<\/strong> und rund um unser Krankenhaus laden B\u00e4nke zum Verweilen ein.<\/p>\n<\/div><\/section><\/p><\/div><div class=\"flex_column av_one_fourth  av-animated-generic bottom-to-top  flex_column_div av-zero-column-padding first  avia-builder-el-51  el_after_av_one_full  el_before_av_one_fourth  column-top-margin\" style='border-radius:0px; '><div class='avia-image-container  av-styling-    avia-builder-el-52  avia-builder-el-no-sibling  avia-align-center '  itemprop=\"image\" itemscope=\"itemscope\" itemtype=\"https:\/\/schema.org\/ImageObject\"  ><div class='avia-image-container-inner'><div class='avia-image-overlay-wrap'><a href='https:\/\/www.al-hami.de\/nsc\/wp-content\/uploads\/umgebung_01.png' class='avia_image'  ><img class='avia_image ' src='https:\/\/www.al-hami.de\/nsc\/wp-content\/uploads\/umgebung_01.png' alt='' title=''  itemprop=\"thumbnailUrl\"  \/><\/a><\/div><\/div><\/div><\/div><div class=\"flex_column av_one_fourth  av-animated-generic bottom-to-top  flex_column_div av-zero-column-padding   avia-builder-el-53  el_after_av_one_fourth  el_before_av_one_fourth  column-top-margin\" style='border-radius:0px; '><div class='avia-image-container  av-styling-    avia-builder-el-54  avia-builder-el-no-sibling  avia-align-center '  itemprop=\"image\" itemscope=\"itemscope\" itemtype=\"https:\/\/schema.org\/ImageObject\"  ><div class='avia-image-container-inner'><div class='avia-image-overlay-wrap'><a href='https:\/\/www.al-hami.de\/nsc\/wp-content\/uploads\/ambiente_02.jpg' class='avia_image'  ><img class='avia_image ' src='https:\/\/www.al-hami.de\/nsc\/wp-content\/uploads\/ambiente_02.jpg' alt='' title=''  itemprop=\"thumbnailUrl\"  \/><\/a><\/div><\/div><\/div><\/div><div class=\"flex_column av_one_fourth  av-animated-generic bottom-to-top  flex_column_div av-zero-column-padding   avia-builder-el-55  el_after_av_one_fourth  el_before_av_one_fourth  column-top-margin\" style='border-radius:0px; '><div class='avia-image-container  av-styling-    avia-builder-el-56  avia-builder-el-no-sibling  avia-align-center '  itemprop=\"image\" itemscope=\"itemscope\" itemtype=\"https:\/\/schema.org\/ImageObject\"  ><div class='avia-image-container-inner'><div class='avia-image-overlay-wrap'><a href='https:\/\/www.al-hami.de\/nsc\/wp-content\/uploads\/ambiente_03.jpg' class='avia_image'  ><img class='avia_image ' src='https:\/\/www.al-hami.de\/nsc\/wp-content\/uploads\/ambiente_03.jpg' alt='' title=''  itemprop=\"thumbnailUrl\"  \/><\/a><\/div><\/div><\/div><\/div><div class=\"flex_column av_one_fourth  av-animated-generic bottom-to-top  flex_column_div av-zero-column-padding   avia-builder-el-57  el_after_av_one_fourth  avia-builder-el-last  column-top-margin\" style='border-radius:0px; '><div class='avia-image-container  av-styling-    avia-builder-el-58  avia-builder-el-no-sibling  avia-align-center '  itemprop=\"image\" itemscope=\"itemscope\" itemtype=\"https:\/\/schema.org\/ImageObject\"  ><div class='avia-image-container-inner'><div class='avia-image-overlay-wrap'><a href='https:\/\/www.al-hami.de\/nsc\/wp-content\/uploads\/ambiente_04.jpg' class='avia_image'  ><img class='avia_image ' src='https:\/\/www.al-hami.de\/nsc\/wp-content\/uploads\/ambiente_04.jpg' alt='' title=''  itemprop=\"thumbnailUrl\"  \/><\/a><\/div><\/div><\/div><\/div><\/div><\/div><\/div><!-- close content main div --><\/div><\/div><div id='after_section_1' class='main_color av_default_container_wrap container_wrap sidebar_right' style=' '  ><div class='container' ><div class='template-page content  av-content-small alpha units'><div class='post-entry post-entry-type-page post-entry-1425'><div class='entry-content-wrapper clearfix'>\n","protected":false},"excerpt":{"rendered":"","protected":false},"author":8,"featured_media":0,"parent":957,"menu_order":25,"comment_status":"closed","ping_status":"closed","template":"","meta":[],"_links":{"self":[{"href":"https:\/\/www.al-hami.de\/nsc\/wp-json\/wp\/v2\/pages\/1425"}],"collection":[{"href":"https:\/\/www.al-hami.de\/nsc\/wp-json\/wp\/v2\/pages"}],"about":[{"href":"https:\/\/www.al-hami.de\/nsc\/wp-json\/wp\/v2\/types\/page"}],"author":[{"embeddable":true,"href":"https:\/\/www.al-hami.de\/nsc\/wp-json\/wp\/v2\/users\/8"}],"replies":[{"embeddable":true,"href":"https:\/\/www.al-hami.de\/nsc\/wp-json\/wp\/v2\/comments?post=1425"}],"version-history":[{"count":16,"href":"https:\/\/www.al-hami.de\/nsc\/wp-json\/wp\/v2\/pages\/1425\/revisions"}],"predecessor-version":[{"id":3359,"href":"https:\/\/www.al-hami.de\/nsc\/wp-json\/wp\/v2\/pages\/1425\/revisions\/3359"}],"up":[{"embeddable":true,"href":"https:\/\/www.al-hami.de\/nsc\/wp-json\/wp\/v2\/pages\/957"}],"wp:attachment":[{"href":"https:\/\/www.al-hami.de\/nsc\/wp-json\/wp\/v2\/media?parent=1425"}],"curies":[{"name":"wp","href":"https:\/\/api.w.org\/{rel}","templated":true}]}}