{"id":1484,"date":"2017-03-29T14:28:27","date_gmt":"2017-03-29T12:28:27","guid":{"rendered":"http:\/\/neuro-spine-center.com.w0158a2a.kasserver.com\/nsc\/?page_id=1484"},"modified":"2025-02-12T09:24:17","modified_gmt":"2025-02-12T08:24:17","slug":"initiative-qualitaetsmedizin","status":"publish","type":"page","link":"https:\/\/www.al-hami.de\/nsc\/qualitaetsmanagement\/initiative-qualitaetsmedizin\/","title":{"rendered":"Initiative Qualit\u00e4tsmedizin"},"content":{"rendered":"<div id='av-layout-grid-1' class='av-layout-grid-container entry-content-wrapper main_color av-flex-cells    avia-builder-el-0  el_before_av_section  avia-builder-el-first  container_wrap sidebar_right' style=' '  >\n<div class=\"flex_cell no_margin av_one_half  avia-builder-el-1  el_before_av_cell_one_half  avia-builder-el-first   avia-full-stretch av-zero-padding \" style='height:500px; min-height:500px;background:url(https:\/\/www.al-hami.de\/nsc\/wp-content\/uploads\/op_3.jpg) top left no-repeat scroll; vertical-align:middle; padding:0px; background-color:#19839a; '><div class='flex_cell_inner' ><\/div><\/div><div class=\"flex_cell no_margin av_one_half  avia-builder-el-2  el_after_av_cell_one_half  avia-builder-el-last   \" style='height:500px; min-height:500px;vertical-align:middle; padding:80px; background-color:#19839a; '><div class='flex_cell_inner' ><p><div style='padding-bottom:25px; color:#ffffff;font-size:34px;' class='av-special-heading av-special-heading-h3 custom-color-heading blockquote modern-quote  avia-builder-el-3  el_before_av_textblock  avia-builder-el-first  av-inherit-size '><h3 class='av-special-heading-tag '  itemprop=\"headline\"  >Initiative Qualit\u00e4tsmedizin<\/h3><div class='special-heading-border'><div class='special-heading-inner-border' style='border-color:#ffffff'><\/div><\/div><\/div><br \/>\n<section class=\"av_textblock_section \"  itemscope=\"itemscope\" itemtype=\"https:\/\/schema.org\/CreativeWork\" ><div class='avia_textblock  av_inherit_color '  style='color:#ffffff; '  itemprop=\"text\" ><p>Das Neuro-Spine-Center ist Mitglied der Initiative Qualit\u00e4tsmedizin (IQM). IQM ist die erste tr\u00e4ger\u00fcbergreifende Initiative zur medizinischen Qualit\u00e4tssicherung in Deutschland.<\/p>\n<\/div><\/section><\/p>\n<\/div><\/div>\n<\/div>\n<div id='av_section_1' class='avia-section main_color avia-section-huge avia-no-border-styling avia-bg-style-scroll  avia-builder-el-5  el_after_av_layout_row  avia-builder-el-last   container_wrap sidebar_right' style=' '  ><div class='container' ><div class='template-page content  av-content-small alpha units'><div class='post-entry post-entry-type-page post-entry-1484'><div class='entry-content-wrapper clearfix'>\n<div class='flex_column_table av-equal-height-column-flextable -flextable' style='margin-top:-200px; margin-bottom:0px; '><div class=\"flex_column av_one_third  no_margin flex_column_table_cell av-equal-height-column av-align-top first  avia-builder-el-6  el_before_av_one_third  avia-builder-el-first  \" style='padding:40px; border-radius:0px; '><\/div><div class=\"flex_column av_one_third  no_margin flex_column_table_cell av-equal-height-column av-align-top   avia-builder-el-7  el_after_av_one_third  el_before_av_one_third  \" style='padding:40px; background-color:#27a1bc; border-radius:0px; '><p><span class=\"av_font_icon avia_animate_when_visible avia-icon-animate  av-icon-style-  avia-icon-pos-center \" style=\"color:#ffffff; border-color:#ffffff;\"><span class='av-icon-char' style='font-size:60px;line-height:60px;' aria-hidden='true' data-av_icon='\uf10e' data-av_iconfont='medical' ><\/span><\/span><br \/>\n<div style='height:20px' class='hr hr-invisible   avia-builder-el-9  el_after_av_font_icon  el_before_av_textblock '><span class='hr-inner ' ><span class='hr-inner-style'><\/span><\/span><\/div><br \/>\n<section class=\"av_textblock_section \"  itemscope=\"itemscope\" itemtype=\"https:\/\/schema.org\/CreativeWork\" ><div class='avia_textblock  av_inherit_color '  style='color:#ffffff; '  itemprop=\"text\" ><h4 style=\"text-align: center;\">Initiative Qualit\u00e4tsmedizin<\/h4>\n<p style=\"text-align: center;\">Alle IQM-Mitgliedskliniken verfolgen ein gemeinsames Ziel: die kontinuierliche Verbesserung und Sicherung von Qualit\u00e4t in der Medizin.<\/p>\n<\/div><\/section><\/p><\/div><div class=\"flex_column av_one_third  no_margin flex_column_table_cell av-equal-height-column av-align-top   avia-builder-el-11  el_after_av_one_third  el_before_av_one_half  \" style='padding:40px; border-radius:0px; '><\/div><\/div><!--close column table wrapper. Autoclose: 1 --><div class=\"flex_column av_one_half  av-animated-generic bottom-to-top  flex_column_div av-zero-column-padding first  avia-builder-el-12  el_after_av_one_third  el_before_av_one_half  column-top-margin\" style='border-radius:0px; '><p><div style='padding-bottom:20px; font-size:34px;' class='av-special-heading av-special-heading-h3  blockquote modern-quote  avia-builder-el-13  el_before_av_textblock  avia-builder-el-first   av-inherit-size '><div class ='av-subheading av-subheading_above  ' style='font-size:15px;'><p>Regelm\u00e4\u00dfige Information der \u00d6ffentlichkeit \u00fcber medizinische Qualit\u00e4tsdaten<\/p>\n<\/div><h3 class='av-special-heading-tag '  itemprop=\"headline\"  >ENTSCHEIDUNGSHILFE BEI IHRER WAHL EINES KRANKENHAUSES<\/h3><div class='special-heading-border'><div class='special-heading-inner-border' ><\/div><\/div><\/div><br \/>\n<section class=\"av_textblock_section \"  itemscope=\"itemscope\" itemtype=\"https:\/\/schema.org\/CreativeWork\" ><div class='avia_textblock  '   itemprop=\"text\" ><p>Wir erf\u00fcllen damit nicht nur den gesetzlich geforderten Mindeststandard, sondern gehen im Interesse bester Medizin und gr\u00f6\u00dftm\u00f6glicher Patientensicherheit deutlich dar\u00fcber hinaus. Dies beinhaltet auch die regelm\u00e4\u00dfige Information der \u00d6ffentlichkeit \u00fcber medizinische Qualit\u00e4tsdaten.<\/p>\n<p>Trotzdem die Versorgungsqualit\u00e4t in Krankenh\u00e4usern hierzulande ein hohes Niveau erreicht hat, gibt es nach wie vor erhebliche Qualit\u00e4tsunterschiede und Verbesserungspotenzial.<\/p>\n<p>Mit der Ver\u00f6ffentlichung unserer Qualit\u00e4tsergebnisse bieten wir Patienten und Angeh\u00f6rigen, \u00c4rzten und Krankenkassen sowie der interessierten \u00d6ffentlichkeit jederzeit, leicht zug\u00e4nglich und verst\u00e4ndlich eine Entscheidungshilfe bei der Wahl eines Krankenhauses.<\/p>\n<\/div><\/section><\/p><\/div><div class=\"flex_column av_one_half  av-animated-generic bottom-to-top  flex_column_div av-zero-column-padding   avia-builder-el-15  el_after_av_one_half  avia-builder-el-last  column-top-margin\" style='border-radius:0px; '><p><div style='height:115px' class='hr hr-invisible   avia-builder-el-16  el_before_av_textblock  avia-builder-el-first '><span class='hr-inner ' ><span class='hr-inner-style'><\/span><\/span><\/div><br \/>\n<section class=\"av_textblock_section \"  itemscope=\"itemscope\" itemtype=\"https:\/\/schema.org\/CreativeWork\" ><div class='avia_textblock  '   itemprop=\"text\" ><p><strong>Die IQM Methodik zur Verbesserung der medizinischen Qualit\u00e4t basiert auf drei Grunds\u00e4tzen<\/strong><\/p>\n<ul>\n<li>Messung medizinischer Ergebnisqualit\u00e4t auf Basis von Routinedaten<\/li>\n<li>Verbesserung der medizinischen Behandlungsqualit\u00e4t mit Peer Review Verfahren durch die Optimierung von Behandlungsabl\u00e4ufen und \u2013strukturen<\/li>\n<li>Transparenz der erreichten Qualit\u00e4tsergebnisse durch deren Ver\u00f6ffentlichung<\/li>\n<\/ul>\n<\/div><\/section><\/p><\/div><\/div><\/div><\/div><!-- close content main div --><\/div><\/div><div id='after_section_1' class='main_color av_default_container_wrap container_wrap sidebar_right' style=' '  ><div class='container' ><div class='template-page content  av-content-small alpha units'><div class='post-entry post-entry-type-page post-entry-1484'><div class='entry-content-wrapper clearfix'>\n","protected":false},"excerpt":{"rendered":"","protected":false},"author":8,"featured_media":0,"parent":1480,"menu_order":41,"comment_status":"closed","ping_status":"closed","template":"","meta":[],"_links":{"self":[{"href":"https:\/\/www.al-hami.de\/nsc\/wp-json\/wp\/v2\/pages\/1484"}],"collection":[{"href":"https:\/\/www.al-hami.de\/nsc\/wp-json\/wp\/v2\/pages"}],"about":[{"href":"https:\/\/www.al-hami.de\/nsc\/wp-json\/wp\/v2\/types\/page"}],"author":[{"embeddable":true,"href":"https:\/\/www.al-hami.de\/nsc\/wp-json\/wp\/v2\/users\/8"}],"replies":[{"embeddable":true,"href":"https:\/\/www.al-hami.de\/nsc\/wp-json\/wp\/v2\/comments?post=1484"}],"version-history":[{"count":15,"href":"https:\/\/www.al-hami.de\/nsc\/wp-json\/wp\/v2\/pages\/1484\/revisions"}],"predecessor-version":[{"id":6198,"href":"https:\/\/www.al-hami.de\/nsc\/wp-json\/wp\/v2\/pages\/1484\/revisions\/6198"}],"up":[{"embeddable":true,"href":"https:\/\/www.al-hami.de\/nsc\/wp-json\/wp\/v2\/pages\/1480"}],"wp:attachment":[{"href":"https:\/\/www.al-hami.de\/nsc\/wp-json\/wp\/v2\/media?parent=1484"}],"curies":[{"name":"wp","href":"https:\/\/api.w.org\/{rel}","templated":true}]}}