{"id":1528,"date":"2017-03-29T16:39:05","date_gmt":"2017-03-29T14:39:05","guid":{"rendered":"http:\/\/neuro-spine-center.com.w0158a2a.kasserver.com\/nsc\/?page_id=1528"},"modified":"2019-06-04T16:10:08","modified_gmt":"2019-06-04T14:10:08","slug":"impressum","status":"publish","type":"page","link":"https:\/\/www.al-hami.de\/nsc\/impressum\/","title":{"rendered":"Impressum"},"content":{"rendered":"<div style='padding-bottom:10px; ' class='av-special-heading av-special-heading-h3  blockquote modern-quote  avia-builder-el-0  el_before_av_one_half  avia-builder-el-first   '><h3 class='av-special-heading-tag '  itemprop=\"headline\"  >Impressum<\/h3><div class='special-heading-border'><div class='special-heading-inner-border' ><\/div><\/div><\/div>\n<div class=\"flex_column av_one_half  flex_column_div av-zero-column-padding first  avia-builder-el-1  el_after_av_heading  el_before_av_one_half  \" style='border-radius:0px; '><section class=\"av_textblock_section \"  itemscope=\"itemscope\" itemtype=\"https:\/\/schema.org\/CreativeWork\" ><div class='avia_textblock  '   itemprop=\"text\" ><p><strong>Angaben gem\u00e4\u00df \u00a7 5 TMG<\/strong><br \/>\nNeuro Spine Center GmbH<br \/>\nGesch\u00e4ftsf\u00fchrer: Dr. Samir Al-Hami<br \/>\nM\u00fcnsterfeldallee 2<br \/>\n36041 Fulda<\/p>\n<p>Sitz der Gesellschaft: M\u00fcnsterfeldallee 2, 36041 Fulda<\/p>\n<p>Eingetragen im Handelsregister des Amtsgerichts Fulda unter der Nummer<br \/>\nHRB 6879<\/p>\n<p>Umsatzsteuer-Identifikationsnummer gem\u00e4\u00df \u00a727 a Umsatzsteuergesetz:<br \/>\nDE 307 441 197<\/p>\n<p>Aufsichtsbeh\u00f6rde: Hessisches Sozialministerium<\/p>\n<\/div><\/section><\/div>\n<div class=\"flex_column av_one_half  flex_column_div av-zero-column-padding   avia-builder-el-3  el_after_av_one_half  el_before_av_hr  \" style='border-radius:0px; '><section class=\"av_textblock_section \"  itemscope=\"itemscope\" itemtype=\"https:\/\/schema.org\/CreativeWork\" ><div class='avia_textblock  '   itemprop=\"text\" ><p><strong>Kontakt<\/strong><br \/>\nAnsprechpartner: Dr. Samir Al-Hami<br \/>\nTelefon: 0661-58010<br \/>\nTelefax: 0661-5801268<br \/>\nE-Mail: <a href=\"mail&#116;&#111;&#58;&#107;&#108;&#x69;&#x6e;&#x69;&#x6b;&#x6d;&#x61;&#x6e;agem&#101;&#110;&#116;&#64;&#110;&#x65;&#x75;&#x72;&#x6f;&#x2d;&#x73;&#x70;&#x69;ne-c&#101;&#110;&#116;&#101;&#114;&#x2e;&#x63;&#x6f;&#x6d;\">k&#108;&#105;&#x6e;&#x69;km&#97;&#110;&#x61;&#x67;em&#101;&#110;&#x74;&#x40;ne&#117;&#x72;&#x6f;&#x2d;s&#112;&#105;&#x6e;&#x65;&#x2d;c&#101;&#110;&#x74;&#x65;&#x72;&#46;&#99;&#111;&#x6d;<\/a><\/p>\n<\/div><\/section><\/div>\n<div  class='hr hr-default   avia-builder-el-5  el_after_av_one_half  el_before_av_heading '><span class='hr-inner ' ><span class='hr-inner-style'><\/span><\/span><\/div>\n<div style='padding-bottom:10px; ' class='av-special-heading av-special-heading-h3  blockquote modern-quote  avia-builder-el-6  el_after_av_hr  el_before_av_textblock   '><h3 class='av-special-heading-tag '  itemprop=\"headline\"  >Haftungsausschluss (Disclaimer)<\/h3><div class='special-heading-border'><div class='special-heading-inner-border' ><\/div><\/div><\/div>\n<section class=\"av_textblock_section \"  itemscope=\"itemscope\" itemtype=\"https:\/\/schema.org\/CreativeWork\" ><div class='avia_textblock  '   itemprop=\"text\" ><p><strong>Haftung f\u00fcr Inhalte<\/strong><br \/>\nAls Diensteanbieter sind wir gem\u00e4\u00df \u00a7 7 Abs.1 TMG f\u00fcr eigene Inhalte auf diesen Seiten nach den allgemeinen Gesetzen verantwortlich. Nach \u00a7\u00a7 8 bis 10 TMG sind wir als Diensteanbieter jedoch nicht verpflichtet, \u00fcbermittelte oder gespeicherte fremde Informationen zu \u00fcberwachen oder nach Umst\u00e4nden zu forschen, die auf eine rechtswidrige T\u00e4tigkeit hinweisen.<\/p>\n<p>Verpflichtungen zur Entfernung oder Sperrung der Nutzung von Informationen nach den allgemeinen Gesetzen bleiben hiervon unber\u00fchrt. Eine diesbez\u00fcgliche Haftung ist jedoch erst ab dem Zeitpunkt der Kenntnis einer konkreten Rechtsverletzung m\u00f6glich. Bei Bekanntwerden von entsprechenden Rechtsverletzungen werden wir diese Inhalte umgehend entfernen.<\/p>\n<p><strong>Haftung f\u00fcr Links<\/strong><br \/>\nUnser Angebot enth\u00e4lt Links zu externen Webseiten Dritter, auf deren Inhalte wir keinen Einfluss haben. Deshalb k\u00f6nnen wir f\u00fcr diese fremden Inhalte auch keine Gew\u00e4hr \u00fcbernehmen. F\u00fcr die Inhalte der verlinkten Seiten ist stets der jeweilige Anbieter oder Betreiber der Seiten verantwortlich. Die verlinkten Seiten wurden zum Zeitpunkt der Verlinkung auf m\u00f6gliche Rechtsverst\u00f6\u00dfe \u00fcberpr\u00fcft. Rechtswidrige Inhalte waren zum Zeitpunkt der Verlinkung nicht erkennbar. Eine permanente inhaltliche Kontrolle der verlinkten Seiten ist jedoch ohne konkrete Anhaltspunkte einer Rechtsverletzung nicht zumutbar. Bei Bekanntwerden von Rechtsverletzungen werden wir derartige Links umgehend entfernen.<\/p>\n<p><strong>Urheberrecht<\/strong><br \/>\nDie durch die Seitenbetreiber erstellten Inhalte und Werke auf diesen Seiten unterliegen dem deutschen Urheberrecht. Die Vervielf\u00e4ltigung, Bearbeitung, Verbreitung und jede Art der Verwertung au\u00dferhalb der Grenzen des Urheberrechtes bed\u00fcrfen der schriftlichen Zustimmung des jeweiligen Autors bzw. Erstellers. Downloads und Kopien dieser Seite sind nur f\u00fcr den privaten, nicht kommerziellen Gebrauch gestattet. Soweit die Inhalte auf dieser Seite nicht vom Betreiber erstellt wurden, werden die Urheberrechte Dritter beachtet. Insbesondere werden Inhalte Dritter als solche gekennzeichnet. Sollten Sie trotzdem auf eine Urheberrechtsverletzung aufmerksam werden, bitten wir um einen entsprechenden Hinweis. Bei Bekanntwerden von Rechtsverletzungen werden wir derartige Inhalte umgehend entfernen.<\/p>\n<\/div><\/section>\n","protected":false},"excerpt":{"rendered":"","protected":false},"author":8,"featured_media":0,"parent":0,"menu_order":130,"comment_status":"closed","ping_status":"closed","template":"","meta":[],"_links":{"self":[{"href":"https:\/\/www.al-hami.de\/nsc\/wp-json\/wp\/v2\/pages\/1528"}],"collection":[{"href":"https:\/\/www.al-hami.de\/nsc\/wp-json\/wp\/v2\/pages"}],"about":[{"href":"https:\/\/www.al-hami.de\/nsc\/wp-json\/wp\/v2\/types\/page"}],"author":[{"embeddable":true,"href":"https:\/\/www.al-hami.de\/nsc\/wp-json\/wp\/v2\/users\/8"}],"replies":[{"embeddable":true,"href":"https:\/\/www.al-hami.de\/nsc\/wp-json\/wp\/v2\/comments?post=1528"}],"version-history":[{"count":9,"href":"https:\/\/www.al-hami.de\/nsc\/wp-json\/wp\/v2\/pages\/1528\/revisions"}],"predecessor-version":[{"id":1831,"href":"https:\/\/www.al-hami.de\/nsc\/wp-json\/wp\/v2\/pages\/1528\/revisions\/1831"}],"wp:attachment":[{"href":"https:\/\/www.al-hami.de\/nsc\/wp-json\/wp\/v2\/media?parent=1528"}],"curies":[{"name":"wp","href":"https:\/\/api.w.org\/{rel}","templated":true}]}}