{"id":1533,"date":"2017-03-30T12:29:13","date_gmt":"2017-03-30T10:29:13","guid":{"rendered":"http:\/\/neuro-spine-center.com.w0158a2a.kasserver.com\/nsc\/?page_id=1533"},"modified":"2026-01-05T09:46:00","modified_gmt":"2026-01-05T08:46:00","slug":"station","status":"publish","type":"page","link":"https:\/\/www.al-hami.de\/nsc\/ueber-uns\/abteilungen\/station\/","title":{"rendered":"Station"},"content":{"rendered":"<div id='av-layout-grid-1' class='av-layout-grid-container entry-content-wrapper main_color av-flex-cells    avia-builder-el-0  el_before_av_section  avia-builder-el-first  container_wrap sidebar_right' style=' '  >\n<div class=\"flex_cell no_margin av_one_half  avia-builder-el-1  el_before_av_cell_one_half  avia-builder-el-first   avia-full-stretch av-zero-padding \" style='height:500px; min-height:500px;vertical-align:middle; padding:0px; background-color:#19839a; '><div class='flex_cell_inner' ><\/div><\/div><div class=\"flex_cell no_margin av_one_half  avia-builder-el-2  el_after_av_cell_one_half  avia-builder-el-last   \" style='height:500px; min-height:500px;vertical-align:middle; padding:80px; background-color:#19839a; '><div class='flex_cell_inner' ><p><div style='padding-bottom:25px; color:#ffffff;font-size:34px;' class='av-special-heading av-special-heading-h3 custom-color-heading blockquote modern-quote  avia-builder-el-3  el_before_av_textblock  avia-builder-el-first   av-inherit-size '><h3 class='av-special-heading-tag '  itemprop=\"headline\"  >Station<\/h3><div class='special-heading-border'><div class='special-heading-inner-border' style='border-color:#ffffff'><\/div><\/div><\/div><br \/>\n<section class=\"av_textblock_section \"  itemscope=\"itemscope\" itemtype=\"https:\/\/schema.org\/CreativeWork\" ><div class='avia_textblock  av_inherit_color '  style='color:#ffffff; '  itemprop=\"text\" ><p>Auf unserer Station werden die Patienten auf die Operation vorbereitet, ebenso wird hier die postoperative Pflege durchgef\u00fchrt.<\/p>\n<\/div><\/section><br \/>\n<div class=\"flex_column av_three_fifth  flex_column_div av-zero-column-padding first  avia-builder-el-5  el_after_av_textblock  el_before_av_two_fifth  column-top-margin\" style='border-radius:0px; '><section class=\"av_textblock_section \"  itemscope=\"itemscope\" itemtype=\"https:\/\/schema.org\/CreativeWork\" ><div class='avia_textblock  av_inherit_color '  style='color:#ffffff; '  itemprop=\"text\" ><p><strong>Anmeldung<\/strong> \u00fcber die Praxis unter: 0661\/\u00a09019123<\/p>\n<p><strong>Sprechzeiten<\/strong>: Bereitschaft rund um die Uhr<\/p>\n<\/div><\/section><\/div><div class=\"flex_column av_two_fifth  flex_column_div av-zero-column-padding   avia-builder-el-7  el_after_av_three_fifth  avia-builder-el-last  column-top-margin\" style='border-radius:0px; '><section class=\"av_textblock_section \"  itemscope=\"itemscope\" itemtype=\"https:\/\/schema.org\/CreativeWork\" ><div class='avia_textblock  av_inherit_color '  style='color:#ffffff; '  itemprop=\"text\" ><p><strong>Telefon<\/strong>: 0661\/ 5801-111<br \/>\n<strong>Telefax<\/strong>: 0661\/ 5801-159<\/p>\n<\/div><\/section><\/div><\/p>\n<\/div><\/div>\n<\/div>\n<div id='av_section_1' class='avia-section main_color avia-section-huge avia-no-border-styling avia-bg-style-scroll  avia-builder-el-9  el_after_av_layout_row  avia-builder-el-last   container_wrap sidebar_right' style=' '  ><div class='container' ><div class='template-page content  av-content-small alpha units'><div class='post-entry post-entry-type-page post-entry-1533'><div class='entry-content-wrapper clearfix'>\n<div class='flex_column_table av-equal-height-column-flextable -flextable' style='margin-top:-200px; margin-bottom:0px; '><div class=\"flex_column av_one_third  no_margin flex_column_table_cell av-equal-height-column av-align-top first  avia-builder-el-10  el_before_av_one_third  avia-builder-el-first  \" style='padding:40px; border-radius:0px; '><\/div><div class=\"flex_column av_one_third  no_margin flex_column_table_cell av-equal-height-column av-align-top   avia-builder-el-11  el_after_av_one_third  el_before_av_one_third  \" style='padding:40px; background-color:#27a1bc; border-radius:0px; '><p><span class=\"av_font_icon avia_animate_when_visible avia-icon-animate  av-icon-style-  avia-icon-pos-center \" style=\"color:#ffffff; border-color:#ffffff;\"><span class='av-icon-char' style='font-size:60px;line-height:60px;' aria-hidden='true' data-av_icon='\uf126' data-av_iconfont='medical' ><\/span><\/span><br \/>\n<div style='height:20px' class='hr hr-invisible   avia-builder-el-13  el_after_av_font_icon  el_before_av_textblock '><span class='hr-inner ' ><span class='hr-inner-style'><\/span><\/span><\/div><br \/>\n<section class=\"av_textblock_section \"  itemscope=\"itemscope\" itemtype=\"https:\/\/schema.org\/CreativeWork\" ><div class='avia_textblock  av_inherit_color '  style='color:#ffffff; '  itemprop=\"text\" ><h4 style=\"text-align: center;\">Station<\/h4>\n<p style=\"text-align: center;\">Wir haben rund um die Uhr einen Bereitschaftsdienst.<\/p>\n<\/div><\/section><\/p><\/div><div class=\"flex_column av_one_third  no_margin flex_column_table_cell av-equal-height-column av-align-top   avia-builder-el-15  el_after_av_one_third  el_before_av_one_full  \" style='padding:40px; border-radius:0px; '><\/div><\/div><!--close column table wrapper. Autoclose: 1 --><div class=\"flex_column av_one_full  flex_column_div av-zero-column-padding first  avia-builder-el-16  el_after_av_one_third  el_before_av_heading  column-top-margin\" style='border-radius:0px; '><p><div style='padding-bottom:25px; font-size:34px;' class='av-special-heading av-special-heading-h3  blockquote modern-quote  avia-builder-el-17  el_before_av_textblock  avia-builder-el-first   av-inherit-size '><h3 class='av-special-heading-tag '  itemprop=\"headline\"  >Leistungsspektrum<\/h3><div class='special-heading-border'><div class='special-heading-inner-border' ><\/div><\/div><\/div><br \/>\n<section class=\"av_textblock_section \"  itemscope=\"itemscope\" itemtype=\"https:\/\/schema.org\/CreativeWork\" ><div class='avia_textblock  '   itemprop=\"text\" ><ul>\n<li>Auf unserer Station werden die Patienten auf die Operation vorbereitet, ebenso wird hier die postoperative Pflege durchgef\u00fchrt.<\/li>\n<li>Unseren Patienten bieten wir die bestm\u00f6gliche medizinische Versorgung an. \u00dcberwiegend examinierte Mitarbeiter im Bereich Pflege sorgen sich um die Genesung unserer Patienten.<\/li>\n<li>24 Stunden Bereitschaft &#8211; Wir sind stets f\u00fcr alle Patienten da, die sich mit ihren gesundheitlichen Problemen und N\u00f6ten an uns wenden. Unser wichtigstes Ziel ist das Wohlgehen unserer Patienten<\/li>\n<li>Exzellente Kooperation aller Mitarbeiter und ein offenes Vertrauensverh\u00e4ltnis mit unseren Partnern im Gesundheitswesen sind Grundlagen unserer erfolgreichen Arbeit.<\/li>\n<li>Die Patientenzimmer sind hell und freundlich eingerichtet und mit modernster Ausstattung versehen. Wir bieten Ihnen eine Auswahl zwischen Einzel-, Doppel- sowie ein Dreibettzimmern an!<br \/>\nAlle Zimmer verf\u00fcgen \u00fcber komplette medizinische Versorgungsm\u00f6glichkeiten (Sauerstoffversorgung, Absaugtechnik).<\/li>\n<li>In der Lobby erwartet alle Patienten und G\u00e4ste ebenfalls ein Multifunktionsraum mit Gro\u00dfwandprojektion (TV) sowie eine von Zeit zu Zeit wechselnde r\u00fcckengerechte Sitzm\u00f6beleinrichtung. Ebenso wird eine Kunstausstellung geboten, die auch in unregelm\u00e4\u00dfigen Zeitabst\u00e4nden gewechselt wird. Alles in allem bietet die Station des Neuro Spine Centers in Fulda eine hochmoderne medizinische Einheit mit besonderem patientenfreundlichem Ambiente.<\/li>\n<\/ul>\n<\/div><\/section><\/p><\/div><div style='padding-bottom:25px; font-size:34px;' class='av-special-heading av-special-heading-h3  blockquote modern-quote  avia-builder-el-19  el_after_av_one_full  el_before_av_one_fifth   av-inherit-size '><div class ='av-subheading av-subheading_above  ' style='font-size:15px;'><p>\u00dcberwiegend examinierte Mitarbeiter im Bereich Pflege sorgen sich um die Genesung unserer Patienten.<\/p>\n<\/div><h3 class='av-special-heading-tag '  itemprop=\"headline\"  >Unser Mitarbeiter der Station<\/h3><div class='special-heading-border'><div class='special-heading-inner-border' ><\/div><\/div><\/div>\n<div class=\"flex_column av_one_fifth  flex_column_div av-zero-column-padding first  avia-builder-el-20  el_after_av_heading  el_before_av_one_fifth  \" style='border-radius:0px; '><section class='avia-team-member   avia-builder-el-21  avia-builder-el-no-sibling '  itemscope=\"itemscope\" itemtype=\"https:\/\/schema.org\/Person\" ><div class='team-img-container'><img class='avia_image avia_image_team' src='https:\/\/www.al-hami.de\/nsc\/wp-content\/uploads\/mitarbieter_antje-jeschke-223x300.jpg' alt='Antje Jeschke'  itemprop=\"image\"  \/><\/div><h3 class='team-member-name'   itemprop=\"name\" >Antje Jeschke<\/h3><div class='team-member-job-title '   itemprop=\"jobTitle\" >Pflegedienstleitung<\/div><span class='hidden team-member-affiliation'  itemprop=\"affiliation\" >Neuro Spine Center GmbH<\/span><\/section><\/div><div class=\"flex_column av_one_fifth  flex_column_div av-zero-column-padding   avia-builder-el-22  el_after_av_one_fifth  el_before_av_one_fifth  \" style='border-radius:0px; '><section class='avia-team-member   avia-builder-el-23  avia-builder-el-no-sibling '  itemscope=\"itemscope\" itemtype=\"https:\/\/schema.org\/Person\" ><div class='team-img-container'><img class='avia_image avia_image_team' src='https:\/\/www.al-hami.de\/nsc\/wp-content\/uploads\/mitarbeiter_christine-bock.jpg' alt='CHRISTINE BOCK'  itemprop=\"image\"  \/><\/div><h3 class='team-member-name'   itemprop=\"name\" >CHRISTINE BOCK<\/h3><div class='team-member-job-title '   itemprop=\"jobTitle\" >Stationsmitarbeiterin<\/div><span class='hidden team-member-affiliation'  itemprop=\"affiliation\" >Neuro Spine Center GmbH<\/span><\/section><\/div><div class=\"flex_column av_one_fifth  flex_column_div av-zero-column-padding   avia-builder-el-24  el_after_av_one_fifth  el_before_av_one_fifth  \" style='border-radius:0px; '><section class='avia-team-member   avia-builder-el-25  avia-builder-el-no-sibling '  itemscope=\"itemscope\" itemtype=\"https:\/\/schema.org\/Person\" ><div class='team-img-container'><img class='avia_image avia_image_team' src='https:\/\/www.al-hami.de\/nsc\/wp-content\/uploads\/Elke-Walka-218x300.jpg' alt='Elke Walka'  itemprop=\"image\"  \/><\/div><h3 class='team-member-name'   itemprop=\"name\" >Elke Walka<\/h3><div class='team-member-job-title '   itemprop=\"jobTitle\" >Stationsmitarbeiterin<\/div><span class='hidden team-member-affiliation'  itemprop=\"affiliation\" >Neuro Spine Center GmbH<\/span><\/section><\/div><div class=\"flex_column av_one_fifth  flex_column_div av-zero-column-padding   avia-builder-el-26  el_after_av_one_fifth  el_before_av_one_fifth  \" style='border-radius:0px; '><section class='avia-team-member   avia-builder-el-27  avia-builder-el-no-sibling '  itemscope=\"itemscope\" itemtype=\"https:\/\/schema.org\/Person\" ><div class='team-img-container'><img class='avia_image avia_image_team' src='https:\/\/www.al-hami.de\/nsc\/wp-content\/uploads\/Meike-Braehler-1-226x300.jpg' alt='Meike Br\u00e4hler'  itemprop=\"image\"  \/><\/div><h3 class='team-member-name'   itemprop=\"name\" >Meike Br\u00e4hler<\/h3><div class='team-member-job-title '   itemprop=\"jobTitle\" >Stationsmitarbeiterin<\/div><span class='hidden team-member-affiliation'  itemprop=\"affiliation\" >Neuro Spine Center GmbH<\/span><\/section><\/div><div class=\"flex_column av_one_fifth  flex_column_div av-zero-column-padding   avia-builder-el-28  el_after_av_one_fifth  el_before_av_one_fifth  \" style='border-radius:0px; '><section class='avia-team-member   avia-builder-el-29  avia-builder-el-no-sibling '  itemscope=\"itemscope\" itemtype=\"https:\/\/schema.org\/Person\" ><div class='team-img-container'><img class='avia_image avia_image_team' src='https:\/\/www.al-hami.de\/nsc\/wp-content\/uploads\/mitarbeiter_platzhalter-1-223x300.jpg' alt='Lilli Gefel'  itemprop=\"image\"  \/><\/div><h3 class='team-member-name'   itemprop=\"name\" >Lilli Gefel<\/h3><div class='team-member-job-title '   itemprop=\"jobTitle\" >Stationsmitarbeiterin<\/div><span class='hidden team-member-affiliation'  itemprop=\"affiliation\" >Neuro Spine Center GmbH<\/span><\/section><\/div><div class=\"flex_column av_one_fifth  flex_column_div av-zero-column-padding first  avia-builder-el-30  el_after_av_one_fifth  el_before_av_one_fifth  column-top-margin\" style='border-radius:0px; '><section class='avia-team-member   avia-builder-el-31  avia-builder-el-no-sibling '  itemscope=\"itemscope\" itemtype=\"https:\/\/schema.org\/Person\" ><div class='team-img-container'><img class='avia_image avia_image_team' src='https:\/\/www.al-hami.de\/nsc\/wp-content\/uploads\/mitarbeiter_bozena-waniek-223x300.jpg' alt='Bozena Waniek'  itemprop=\"image\"  \/><\/div><h3 class='team-member-name'   itemprop=\"name\" >Bozena Waniek<\/h3><div class='team-member-job-title '   itemprop=\"jobTitle\" >Stationsmitarbeiterin<\/div><span class='hidden team-member-affiliation'  itemprop=\"affiliation\" >Neuro Spine Center GmbH<\/span><\/section><\/div><div class=\"flex_column av_one_fifth  flex_column_div av-zero-column-padding   avia-builder-el-32  el_after_av_one_fifth  avia-builder-el-last  column-top-margin\" style='border-radius:0px; '><section class='avia-team-member   avia-builder-el-33  avia-builder-el-no-sibling '  itemscope=\"itemscope\" itemtype=\"https:\/\/schema.org\/Person\" ><div class='team-img-container'><img class='avia_image avia_image_team' src='https:\/\/www.al-hami.de\/nsc\/wp-content\/uploads\/mitarbeiter_platzhalter-1-223x300.jpg' alt='Sandra Wess'  itemprop=\"image\"  \/><\/div><h3 class='team-member-name'   itemprop=\"name\" >Sandra Wess<\/h3><div class='team-member-job-title '   itemprop=\"jobTitle\" >Stationsmitarbeiterin<\/div><span class='hidden team-member-affiliation'  itemprop=\"affiliation\" >Neuro Spine Center GmbH<\/span><\/section><\/div><\/div><\/div><\/div><!-- close content main div --><\/div><\/div><div id='after_section_1' class='main_color av_default_container_wrap container_wrap sidebar_right' style=' '  ><div class='container' ><div class='template-page content  av-content-small alpha units'><div class='post-entry post-entry-type-page post-entry-1533'><div class='entry-content-wrapper clearfix'>\n","protected":false},"excerpt":{"rendered":"","protected":false},"author":8,"featured_media":0,"parent":1535,"menu_order":3,"comment_status":"closed","ping_status":"closed","template":"","meta":[],"_links":{"self":[{"href":"https:\/\/www.al-hami.de\/nsc\/wp-json\/wp\/v2\/pages\/1533"}],"collection":[{"href":"https:\/\/www.al-hami.de\/nsc\/wp-json\/wp\/v2\/pages"}],"about":[{"href":"https:\/\/www.al-hami.de\/nsc\/wp-json\/wp\/v2\/types\/page"}],"author":[{"embeddable":true,"href":"https:\/\/www.al-hami.de\/nsc\/wp-json\/wp\/v2\/users\/8"}],"replies":[{"embeddable":true,"href":"https:\/\/www.al-hami.de\/nsc\/wp-json\/wp\/v2\/comments?post=1533"}],"version-history":[{"count":99,"href":"https:\/\/www.al-hami.de\/nsc\/wp-json\/wp\/v2\/pages\/1533\/revisions"}],"predecessor-version":[{"id":6381,"href":"https:\/\/www.al-hami.de\/nsc\/wp-json\/wp\/v2\/pages\/1533\/revisions\/6381"}],"up":[{"embeddable":true,"href":"https:\/\/www.al-hami.de\/nsc\/wp-json\/wp\/v2\/pages\/1535"}],"wp:attachment":[{"href":"https:\/\/www.al-hami.de\/nsc\/wp-json\/wp\/v2\/media?parent=1533"}],"curies":[{"name":"wp","href":"https:\/\/api.w.org\/{rel}","templated":true}]}}