{"id":1587,"date":"2017-03-30T14:59:30","date_gmt":"2017-03-30T12:59:30","guid":{"rendered":"http:\/\/neuro-spine-center.com.w0158a2a.kasserver.com\/nsc\/?page_id=1587"},"modified":"2025-12-02T11:00:57","modified_gmt":"2025-12-02T10:00:57","slug":"op","status":"publish","type":"page","link":"https:\/\/www.al-hami.de\/nsc\/ueber-uns\/abteilungen\/op\/","title":{"rendered":"OP"},"content":{"rendered":"<div id='av-layout-grid-1' class='av-layout-grid-container entry-content-wrapper main_color av-flex-cells    avia-builder-el-0  el_before_av_section  avia-builder-el-first  container_wrap sidebar_right' style=' '  >\n<div class=\"flex_cell no_margin av_one_half  avia-builder-el-1  el_before_av_cell_one_half  avia-builder-el-first   avia-full-stretch av-zero-padding \" style='height:500px; min-height:500px;background:url(https:\/\/www.al-hami.de\/nsc\/wp-content\/uploads\/op_3.jpg) top center no-repeat scroll; vertical-align:middle; padding:0px; background-color:#19839a; '><div class='flex_cell_inner' ><\/div><\/div><div class=\"flex_cell no_margin av_one_half  avia-builder-el-2  el_after_av_cell_one_half  avia-builder-el-last   \" style='height:500px; min-height:500px;vertical-align:middle; padding:80px; background-color:#19839a; '><div class='flex_cell_inner' ><p><div style='padding-bottom:25px; color:#ffffff;font-size:34px;' class='av-special-heading av-special-heading-h3 custom-color-heading blockquote modern-quote  avia-builder-el-3  el_before_av_textblock  avia-builder-el-first   av-inherit-size '><h3 class='av-special-heading-tag '  itemprop=\"headline\"  >OP<\/h3><div class='special-heading-border'><div class='special-heading-inner-border' style='border-color:#ffffff'><\/div><\/div><\/div><br \/>\n<section class=\"av_textblock_section \"  itemscope=\"itemscope\" itemtype=\"https:\/\/schema.org\/CreativeWork\" ><div class='avia_textblock  av_inherit_color '  style='color:#ffffff; '  itemprop=\"text\" ><p>Der OP-Bereich des Neuro Spine Centers bildet das Herz der Klinik.<\/p>\n<\/div><\/section><br \/>\n<div style='height:1px; margin-top:-20px'  class='hr hr-invisible   avia-builder-el-5  el_after_av_textblock  el_before_av_three_fifth '><span class='hr-inner ' ><span class='hr-inner-style'><\/span><\/span><\/div><br \/>\n<div class=\"flex_column av_three_fifth  flex_column_div av-zero-column-padding first  avia-builder-el-6  el_after_av_hr  el_before_av_two_fifth  \" style='border-radius:0px; '><section class=\"av_textblock_section \"  itemscope=\"itemscope\" itemtype=\"https:\/\/schema.org\/CreativeWork\" ><div class='avia_textblock  av_inherit_color '  style='color:#ffffff; '  itemprop=\"text\" ><p><strong>Anmeldung<\/strong> \u00fcber die Praxis unter: 0661\/\u00a09019123<\/p>\n<\/div><\/section><\/div><div class=\"flex_column av_two_fifth  flex_column_div av-zero-column-padding   avia-builder-el-8  el_after_av_three_fifth  avia-builder-el-last  \" style='border-radius:0px; '><section class=\"av_textblock_section \"  itemscope=\"itemscope\" itemtype=\"https:\/\/schema.org\/CreativeWork\" ><div class='avia_textblock  av_inherit_color '  style='color:#ffffff; '  itemprop=\"text\" ><p><strong>Telefon<\/strong>: 0661\/ 5801-222<br \/>\n<strong>Telefax<\/strong>: 0661\/ 5801-157<\/p>\n<\/div><\/section><\/div><\/p>\n<\/div><\/div>\n<\/div>\n<div id='av_section_1' class='avia-section main_color avia-section-huge avia-no-border-styling avia-bg-style-scroll  avia-builder-el-10  el_after_av_layout_row  avia-builder-el-last   container_wrap sidebar_right' style=' '  ><div class='container' ><div class='template-page content  av-content-small alpha units'><div class='post-entry post-entry-type-page post-entry-1587'><div class='entry-content-wrapper clearfix'>\n<div class='flex_column_table av-equal-height-column-flextable -flextable' style='margin-top:-200px; margin-bottom:0px; '><div class=\"flex_column av_one_third  no_margin flex_column_table_cell av-equal-height-column av-align-top first  avia-builder-el-11  el_before_av_one_third  avia-builder-el-first  \" style='padding:40px; border-radius:0px; '><\/div><div class=\"flex_column av_one_third  no_margin flex_column_table_cell av-equal-height-column av-align-top   avia-builder-el-12  el_after_av_one_third  el_before_av_one_third  \" style='padding:40px; background-color:#27a1bc; border-radius:0px; '><p><span class=\"av_font_icon avia_animate_when_visible avia-icon-animate  av-icon-style-  avia-icon-pos-center \" style=\"color:#ffffff; border-color:#ffffff;\"><span class='av-icon-char' style='font-size:60px;line-height:60px;' aria-hidden='true' data-av_icon='\uf126' data-av_iconfont='medical' ><\/span><\/span><br \/>\n<div style='height:20px' class='hr hr-invisible   avia-builder-el-14  el_after_av_font_icon  el_before_av_textblock '><span class='hr-inner ' ><span class='hr-inner-style'><\/span><\/span><\/div><br \/>\n<section class=\"av_textblock_section \"  itemscope=\"itemscope\" itemtype=\"https:\/\/schema.org\/CreativeWork\" ><div class='avia_textblock  av_inherit_color '  style='color:#ffffff; '  itemprop=\"text\" ><h4 style=\"text-align: center;\">OP<\/h4>\n<p style=\"text-align: center;\">Operative Behandlung<\/p>\n<\/div><\/section><\/p><\/div><div class=\"flex_column av_one_third  no_margin flex_column_table_cell av-equal-height-column av-align-top   avia-builder-el-16  el_after_av_one_third  el_before_av_one_full  \" style='padding:40px; border-radius:0px; '><\/div><\/div><!--close column table wrapper. Autoclose: 1 --><div class=\"flex_column av_one_full  flex_column_div av-zero-column-padding first  avia-builder-el-17  el_after_av_one_third  el_before_av_hr  column-top-margin\" style='border-radius:0px; '><p><div style='padding-bottom:25px; font-size:34px;' class='av-special-heading av-special-heading-h3  blockquote modern-quote  avia-builder-el-18  el_before_av_textblock  avia-builder-el-first   av-inherit-size '><h3 class='av-special-heading-tag '  itemprop=\"headline\"  >Leistungsspektrum<\/h3><div class='special-heading-border'><div class='special-heading-inner-border' ><\/div><\/div><\/div><br \/>\n<section class=\"av_textblock_section \"  itemscope=\"itemscope\" itemtype=\"https:\/\/schema.org\/CreativeWork\" ><div class='avia_textblock  '   itemprop=\"text\" ><ul>\n<li>Mikrochirurgische-Operationen an der gesamten Wirbels\u00e4ule: Bandscheibenvorf\u00e4lle an der Lendenwirbels\u00e4ule (LWS) und an der Halswirbels\u00e4ule (HWS), R\u00fcckenmarkkanalverengung, Nervenkanalverengung, Dekompression von R\u00fcckenmark und Nerven sowie Entfernung von Tumoren<\/li>\n<li>Perkutane Operationen unter anderem unter Einsatz von Endoskop<\/li>\n<li>Mikrochirurgische Operationen am peripheren Nervensystem<\/li>\n<li>Ambulantes Operieren peripherer Nerven<\/li>\n<li>Computergesteuerte Schmerztherapien<\/li>\n<li>Stabilisierungsoperationen an der Wirbels\u00e4ule<\/li>\n<li>Operation der Halswirbels\u00e4ule mit Implantaten<\/li>\n<li>Lumbale Nukleotomie<\/li>\n<li>Introoperative Schmerztherapie<\/li>\n<\/ul>\n<p>Der OP-Bereich des Neuro Spine Centers bildet das Herz der Klinik. Alle Ger\u00e4tschaften entsprechen dem neusten Stand der Technik, somit ist eine Behandlung des Patienten mit modernsten Mitteln m\u00f6glich.<\/p>\n<p>Direkt neben dem OP-Bereich befindet sich der Aufwachraum, der gleichzeitig eine moderne Intensivstation mit 3 Betten darstellt und die M\u00f6glichkeit der Beatmung \u00fcber l\u00e4ngere Zeit bietet. Die \u00dcberwachung wird von Fachpflegepersonal vorgenommen.<\/p>\n<\/div><\/section><br \/>\n<div  class='hr hr-default   avia-builder-el-20  el_after_av_textblock  el_before_av_heading '><span class='hr-inner ' ><span class='hr-inner-style'><\/span><\/span><\/div><br \/>\n<div style='padding-bottom:25px; font-size:34px;' class='av-special-heading av-special-heading-h3  blockquote modern-quote  avia-builder-el-21  el_after_av_hr  el_before_av_textblock   av-inherit-size '><h3 class='av-special-heading-tag '  itemprop=\"headline\"  >Behandlung<\/h3><div class='special-heading-border'><div class='special-heading-inner-border' ><\/div><\/div><\/div><br \/>\n<section class=\"av_textblock_section \"  itemscope=\"itemscope\" itemtype=\"https:\/\/schema.org\/CreativeWork\" ><div class='avia_textblock  '   itemprop=\"text\" ><p><strong>Modernste medizinische operative Methoden<\/strong><\/p>\n<p>Der operative Schwerpunkt der Klinik ist die minimalinvasive und mikrochirurgische Behandlung der degenerativen Wirbels\u00e4ulenleiden. Die Klinik ist ein anerkanntes Zentrum f\u00fcr komplexe Eingriffe an der Halswirbels\u00e4ule und Lendenwirbels\u00e4ule.<\/p>\n<p>Individuelle Behandlungskonzepte gegen R\u00fcckenschmerzen und alle akuten und chronischen Erkrankungen der Wirbels\u00e4ule \u2013 das k\u00f6nnen wir als spezialisierte Klinik anbieten.<\/p>\n<p>Die hier eingesetzten Operationstechniken erm\u00f6glichen eine sofortige Belastung der Wirbels\u00e4ule, so dass fast alle Patienten bereits am ersten Tag nach dem Eingriff wieder aufstehen k\u00f6nnen. Spezielle krankengymnastische \u00dcbungsbehandlungen stellen die volle Mobilit\u00e4t der Patienten schnellstm\u00f6glich wieder her.<\/p>\n<p><strong>Unsere Behandlungsmethoden im \u00dcberblick<\/strong><\/p>\n<ul>\n<li>Mikrochirurgische operative Behandlung von Bandscheibenvorf\u00e4llen und\/oder Spinalkanalstenosen an der Hals- und Lendenwirbels\u00e4ule<\/li>\n<li>Operation der Halswirbels\u00e4ule und Lendenwirbels\u00e4ule mit Implantaten<\/li>\n<li>Mikrotherapie: Computer- und Bildwandlergest\u00fctzte Infiltrationstechniken ( CT- gesteuerten Facettenblockaden) und minimalinvasive Thermobehandlung der Wirbelgelenke<\/li>\n<li>Operiationen peripherer Nerven (Sulcus-Ulnaris-Syndrom)<\/li>\n<li>Perkutane Nukleotomie<\/li>\n<li>Lumbale Nukleotomie<\/li>\n<li>Wirbels\u00e4ulen-Kathetertechnik<\/li>\n<li>Operationen bei Tumoren und degenerativen Erkrankungen<\/li>\n<li>Multimodale konservative und operativ-invasive Schmerztherapie<\/li>\n<li>Physikalische Therapie<\/li>\n<\/ul>\n<\/div><\/section><\/p><\/div><div  class='hr hr-default   avia-builder-el-23  el_after_av_one_full  el_before_av_heading '><span class='hr-inner ' ><span class='hr-inner-style'><\/span><\/span><\/div>\n<div style='padding-bottom:25px; font-size:34px;' class='av-special-heading av-special-heading-h3  blockquote modern-quote  avia-builder-el-24  el_after_av_hr  el_before_av_one_fifth   av-inherit-size '><h3 class='av-special-heading-tag '  itemprop=\"headline\"  >Unser Mitarbeiter im OP<\/h3><div class='special-heading-border'><div class='special-heading-inner-border' ><\/div><\/div><\/div>\n<div class=\"flex_column av_one_fifth  flex_column_div av-zero-column-padding first  avia-builder-el-25  el_after_av_heading  el_before_av_one_fifth  \" style='border-radius:0px; '><section class='avia-team-member   avia-builder-el-26  avia-builder-el-no-sibling '  itemscope=\"itemscope\" itemtype=\"https:\/\/schema.org\/Person\" ><div class='team-img-container'><img class='avia_image avia_image_team' src='https:\/\/www.al-hami.de\/nsc\/wp-content\/uploads\/mitarbieter_antje-jeschke.jpg' alt='ANTJE JESCHKE'  itemprop=\"image\"  \/><\/div><h3 class='team-member-name'   itemprop=\"name\" >ANTJE JESCHKE<\/h3><div class='team-member-job-title '   itemprop=\"jobTitle\" >OP-Leitung | Pflegedienstleitung<\/div><span class='hidden team-member-affiliation'  itemprop=\"affiliation\" >Neuro Spine Center GmbH<\/span><\/section><\/div><div class=\"flex_column av_one_fifth  flex_column_div av-zero-column-padding   avia-builder-el-27  el_after_av_one_fifth  el_before_av_one_fifth  \" style='border-radius:0px; '><section class='avia-team-member   avia-builder-el-28  avia-builder-el-no-sibling '  itemscope=\"itemscope\" itemtype=\"https:\/\/schema.org\/Person\" ><div class='team-img-container'><img class='avia_image avia_image_team' src='https:\/\/www.al-hami.de\/nsc\/wp-content\/uploads\/Meli.jpg' alt='MELANIE FISCHER'  itemprop=\"image\"  \/><\/div><h3 class='team-member-name'   itemprop=\"name\" >MELANIE FISCHER<\/h3><div class='team-member-job-title '   itemprop=\"jobTitle\" >stellv. OP-Leitung<\/div><span class='hidden team-member-affiliation'  itemprop=\"affiliation\" >Neuro Spine Center GmbH<\/span><\/section><\/div><div class=\"flex_column av_one_fifth  flex_column_div av-zero-column-padding   avia-builder-el-29  el_after_av_one_fifth  el_before_av_one_fifth  \" style='border-radius:0px; '><section class='avia-team-member   avia-builder-el-30  avia-builder-el-no-sibling '  itemscope=\"itemscope\" itemtype=\"https:\/\/schema.org\/Person\" ><div class='team-img-container'><img class='avia_image avia_image_team' src='https:\/\/www.al-hami.de\/nsc\/wp-content\/uploads\/mitarbeiter_lars-kroell.jpg' alt='LARS KR\u00d6LL'  itemprop=\"image\"  \/><\/div><h3 class='team-member-name'   itemprop=\"name\" >LARS KR\u00d6LL<\/h3><div class='team-member-job-title '   itemprop=\"jobTitle\" >Fachkrankenpfleger<\/div><span class='hidden team-member-affiliation'  itemprop=\"affiliation\" >Neuro Spine Center GmbH<\/span><\/section><\/div><div class=\"flex_column av_one_fifth  flex_column_div av-zero-column-padding   avia-builder-el-31  el_after_av_one_fifth  el_before_av_one_fourth  \" style='border-radius:0px; '><\/div><div class=\"flex_column av_one_fourth  flex_column_div av-zero-column-padding first  avia-builder-el-32  el_after_av_one_fifth  avia-builder-el-last  column-top-margin\" style='border-radius:0px; '><\/div><\/div><\/div><\/div><!-- close content main div --><\/div><\/div><div id='after_section_1' class='main_color av_default_container_wrap container_wrap sidebar_right' style=' '  ><div class='container' ><div class='template-page content  av-content-small alpha units'><div class='post-entry post-entry-type-page post-entry-1587'><div class='entry-content-wrapper clearfix'>\n","protected":false},"excerpt":{"rendered":"","protected":false},"author":8,"featured_media":0,"parent":1535,"menu_order":3,"comment_status":"closed","ping_status":"closed","template":"","meta":[],"_links":{"self":[{"href":"https:\/\/www.al-hami.de\/nsc\/wp-json\/wp\/v2\/pages\/1587"}],"collection":[{"href":"https:\/\/www.al-hami.de\/nsc\/wp-json\/wp\/v2\/pages"}],"about":[{"href":"https:\/\/www.al-hami.de\/nsc\/wp-json\/wp\/v2\/types\/page"}],"author":[{"embeddable":true,"href":"https:\/\/www.al-hami.de\/nsc\/wp-json\/wp\/v2\/users\/8"}],"replies":[{"embeddable":true,"href":"https:\/\/www.al-hami.de\/nsc\/wp-json\/wp\/v2\/comments?post=1587"}],"version-history":[{"count":42,"href":"https:\/\/www.al-hami.de\/nsc\/wp-json\/wp\/v2\/pages\/1587\/revisions"}],"predecessor-version":[{"id":6361,"href":"https:\/\/www.al-hami.de\/nsc\/wp-json\/wp\/v2\/pages\/1587\/revisions\/6361"}],"up":[{"embeddable":true,"href":"https:\/\/www.al-hami.de\/nsc\/wp-json\/wp\/v2\/pages\/1535"}],"wp:attachment":[{"href":"https:\/\/www.al-hami.de\/nsc\/wp-json\/wp\/v2\/media?parent=1587"}],"curies":[{"name":"wp","href":"https:\/\/api.w.org\/{rel}","templated":true}]}}