{"id":1648,"date":"2017-03-30T17:23:56","date_gmt":"2017-03-30T15:23:56","guid":{"rendered":"http:\/\/neuro-spine-center.com.w0158a2a.kasserver.com\/nsc\/?page_id=1648"},"modified":"2026-02-16T09:58:58","modified_gmt":"2026-02-16T08:58:58","slug":"anaesthesie","status":"publish","type":"page","link":"https:\/\/www.al-hami.de\/nsc\/ueber-uns\/abteilungen\/anaesthesie\/","title":{"rendered":"An\u00e4sthesie"},"content":{"rendered":"<div id='av-layout-grid-1' class='av-layout-grid-container entry-content-wrapper main_color av-flex-cells    avia-builder-el-0  el_before_av_section  avia-builder-el-first  container_wrap sidebar_right' style=' '  >\n<div class=\"flex_cell no_margin av_one_half  avia-builder-el-1  el_before_av_cell_one_half  avia-builder-el-first   avia-full-stretch av-zero-padding \" style='height:500px; min-height:500px;background: #19839a; vertical-align:middle; padding:0px; background-color:#19839a; '><div class='flex_cell_inner' ><\/div><\/div><div class=\"flex_cell no_margin av_one_half  avia-builder-el-2  el_after_av_cell_one_half  avia-builder-el-last   \" style='height:500px; min-height:500px;vertical-align:middle; padding:80px; background-color:#19839a; '><div class='flex_cell_inner' ><p><div style='padding-bottom:25px; color:#ffffff;font-size:34px;' class='av-special-heading av-special-heading-h3 custom-color-heading blockquote modern-quote  avia-builder-el-3  el_before_av_textblock  avia-builder-el-first   av-inherit-size '><div class ='av-subheading av-subheading_above av_custom_color ' style='font-size:15px;'><p>Das An\u00e4sthesieteam steht Ihnen rund um die Uhr f\u00fcr Fragen und Sorgen zur Verf\u00fcgung.<\/p>\n<\/div><h3 class='av-special-heading-tag '  itemprop=\"headline\"  >An\u00e4sthesie<\/h3><div class='special-heading-border'><div class='special-heading-inner-border' style='border-color:#ffffff'><\/div><\/div><\/div><br \/>\n<section class=\"av_textblock_section \"  itemscope=\"itemscope\" itemtype=\"https:\/\/schema.org\/CreativeWork\" ><div class='avia_textblock  av_inherit_color '  style='color:#ffffff; '  itemprop=\"text\" ><p>Wir sorgen uns vom Vorgespr\u00e4ch \u00fcber die Narkosedurchf\u00fchrung bis hin zu Ihrer Entlassung aus unserer Klinik um unsere Patienten.<\/p>\n<\/div><\/section><\/p>\n<\/div><\/div>\n<\/div>\n<div id='av_section_1' class='avia-section main_color avia-section-huge avia-no-border-styling avia-bg-style-scroll  avia-builder-el-5  el_after_av_layout_row  avia-builder-el-last   container_wrap sidebar_right' style=' '  ><div class='container' ><div class='template-page content  av-content-small alpha units'><div class='post-entry post-entry-type-page post-entry-1648'><div class='entry-content-wrapper clearfix'>\n<div class='flex_column_table av-equal-height-column-flextable -flextable' style='margin-top:-200px; margin-bottom:0px; '><div class=\"flex_column av_one_third  no_margin flex_column_table_cell av-equal-height-column av-align-top first  avia-builder-el-6  el_before_av_one_third  avia-builder-el-first  \" style='padding:40px; border-radius:0px; '><\/div><div class=\"flex_column av_one_third  no_margin flex_column_table_cell av-equal-height-column av-align-top   avia-builder-el-7  el_after_av_one_third  el_before_av_one_third  \" style='padding:40px; background-color:#27a1bc; border-radius:0px; '><p><span class=\"av_font_icon avia_animate_when_visible avia-icon-animate  av-icon-style-  avia-icon-pos-center \" style=\"color:#ffffff; border-color:#ffffff;\"><span class='av-icon-char' style='font-size:60px;line-height:60px;' aria-hidden='true' data-av_icon='\uf126' data-av_iconfont='medical' ><\/span><\/span><br \/>\n<div style='height:20px' class='hr hr-invisible   avia-builder-el-9  el_after_av_font_icon  el_before_av_textblock '><span class='hr-inner ' ><span class='hr-inner-style'><\/span><\/span><\/div><br \/>\n<section class=\"av_textblock_section \"  itemscope=\"itemscope\" itemtype=\"https:\/\/schema.org\/CreativeWork\" ><div class='avia_textblock  av_inherit_color '  style='color:#ffffff; '  itemprop=\"text\" ><h4 style=\"text-align: center;\">An\u00e4sthesie<\/h4>\n<p style=\"text-align: center;\">Schlafen Sie unbesorgt! Wir passen gut auf Sie auf!<\/p>\n<\/div><\/section><\/p><\/div><div class=\"flex_column av_one_third  no_margin flex_column_table_cell av-equal-height-column av-align-top   avia-builder-el-11  el_after_av_one_third  el_before_av_one_full  \" style='padding:40px; border-radius:0px; '><\/div><\/div><!--close column table wrapper. Autoclose: 1 --><div class=\"flex_column av_one_full  flex_column_div av-zero-column-padding first  avia-builder-el-12  el_after_av_one_third  el_before_av_heading  column-top-margin\" style='border-radius:0px; '><p><section class=\"av_textblock_section \"  itemscope=\"itemscope\" itemtype=\"https:\/\/schema.org\/CreativeWork\" ><div class='avia_textblock  '   itemprop=\"text\" ><p>Vom Vorgespr\u00e4ch \u00fcber die Narkosedurchf\u00fchrung bis hin zu Ihrer Entlassung aus unserer Klinik, sorgen wir f\u00fcr Ihre Gesundheit und Sicherheit.<\/p>\n<p>Aufgrund des breiten Erfahrungsspektrums und der modernsten medizintechnischen Ausstattung unserer Abteilung ist es uns m\u00f6glich individuell f\u00fcr Sie die bestm\u00f6gliche Narkose, Betreuung und Schmerztherapie zusammenzustellen.<\/p>\n<\/div><\/section><br \/>\n<div style='padding-bottom:25px; font-size:34px;' class='av-special-heading av-special-heading-h3  blockquote modern-quote  avia-builder-el-14  el_after_av_textblock  el_before_av_textblock   av-inherit-size '><h3 class='av-special-heading-tag '  itemprop=\"headline\"  >Leistungsspektrum<\/h3><div class='special-heading-border'><div class='special-heading-inner-border' ><\/div><\/div><\/div><br \/>\n<section class=\"av_textblock_section \"  itemscope=\"itemscope\" itemtype=\"https:\/\/schema.org\/CreativeWork\" ><div class='avia_textblock  '   itemprop=\"text\" ><p><strong>Unser Spektrum umfasst alle modernsten An\u00e4sthesieleistungen<\/strong><\/p>\n<ul>\n<li>Fach\u00e4rztliche Narkose-Voruntersuchung, -Vorbereitung und -Aufkl\u00e4rung<\/li>\n<li>Pr\u00e4operative Visite auf der Station durch den narkosef\u00fchrenden An\u00e4sthesisten<\/li>\n<li>Durchf\u00fchrung der Narkose unter modernsten Methoden und Sicherheitsstandards (TIVA, Herz- Kreislauf- und Beatmungsmonitoring, atraumatische Fiberoptische Intubation als Standardverfahren)<\/li>\n<li>Individuelle postoperative Schmerztherapie<\/li>\n<li>Postoperative Visite auf Station<\/li>\n<li>Innerklinische Notfallversorgung<\/li>\n<\/ul>\n<p>Alle Ma\u00dfnahmen, von dem Vorgespr\u00e4ch, \u00fcber die Narkose, bis zur Entlassung aus dem Aufwachraum werden von uns pers\u00f6nlich erbracht.<br \/>\nF\u00fcr Sorgen und \u00c4ngste haben wir immer ein offenes Ohr.<\/p>\n<\/div><\/section><\/p><\/div><div style='padding-bottom:25px; font-size:34px;' class='av-special-heading av-special-heading-h3  blockquote modern-quote  avia-builder-el-16  el_after_av_one_full  el_before_av_one_third   av-inherit-size '><h3 class='av-special-heading-tag '  itemprop=\"headline\"  >Unser Team der An\u00e4sthesie<\/h3><div class='special-heading-border'><div class='special-heading-inner-border' ><\/div><\/div><\/div>\n<div class=\"flex_column av_one_third  flex_column_div av-zero-column-padding first  avia-builder-el-17  el_after_av_heading  el_before_av_one_third  \" style='border-radius:0px; '><section class='avia-team-member   avia-builder-el-18  avia-builder-el-no-sibling '  itemscope=\"itemscope\" itemtype=\"https:\/\/schema.org\/Person\" ><div class='team-img-container'><img class='avia_image avia_image_team' src='https:\/\/www.al-hami.de\/nsc\/wp-content\/uploads\/mitarbeiter_schmidt.jpg' alt='DR. MED. ALEXANDER SCHMIDT'  itemprop=\"image\"  \/><\/div><h3 class='team-member-name'   itemprop=\"name\" >DR. MED. ALEXANDER SCHMIDT<\/h3><div class='team-member-job-title '   itemprop=\"jobTitle\" >Facharzt f\u00fcr An\u00e4sthesiologie<\/div><div class='team-member-description '  itemprop=\"description\"  ><p>Zusatzqualifikationen: Notfallmedizin<\/p>\n<\/div><span class='hidden team-member-affiliation'  itemprop=\"affiliation\" >Neuro Spine Center GmbH<\/span><\/section><\/div><div class=\"flex_column av_one_third  flex_column_div av-zero-column-padding   avia-builder-el-19  el_after_av_one_third  el_before_av_one_third  \" style='border-radius:0px; '><\/div><div class=\"flex_column av_one_third  flex_column_div av-zero-column-padding   avia-builder-el-20  el_after_av_one_third  el_before_av_one_fifth  \" style='border-radius:0px; '><\/div><div class=\"flex_column av_one_fifth  flex_column_div av-zero-column-padding first  avia-builder-el-21  el_after_av_one_third  el_before_av_one_fifth  column-top-margin\" style='border-radius:0px; '><section class='avia-team-member   avia-builder-el-22  avia-builder-el-no-sibling '  itemscope=\"itemscope\" itemtype=\"https:\/\/schema.org\/Person\" ><div class='team-img-container'><img class='avia_image avia_image_team' src='https:\/\/www.al-hami.de\/nsc\/wp-content\/uploads\/IMG-20221213-WA0026-740x1030.jpg' alt='Judith Seifert'  itemprop=\"image\"  \/><\/div><h3 class='team-member-name'   itemprop=\"name\" >Judith Seifert<\/h3><div class='team-member-job-title '   itemprop=\"jobTitle\" >Gesundheits- und Krankenpflegerin<\/div><span class='hidden team-member-affiliation'  itemprop=\"affiliation\" >Neuro Spine Center GmbH<\/span><\/section><\/div><div class=\"flex_column av_one_fifth  flex_column_div av-zero-column-padding   avia-builder-el-23  el_after_av_one_fifth  el_before_av_one_fifth  column-top-margin\" style='border-radius:0px; '><section class='avia-team-member   avia-builder-el-24  avia-builder-el-no-sibling '  itemscope=\"itemscope\" itemtype=\"https:\/\/schema.org\/Person\" ><div class='team-img-container'><img class='avia_image avia_image_team av-team-img-original' src='https:\/\/www.al-hami.de\/nsc\/wp-content\/uploads\/Pelzelbauer-Bewerb-3-217x300.jpg' alt='Christine Pelzlbauer'  itemprop=\"image\"  \/><\/div><h3 class='team-member-name'   itemprop=\"name\" >Christine Pelzlbauer<\/h3><div class='team-member-job-title '   itemprop=\"jobTitle\" >Gesundheits- und Krankenpflegerin<\/div><span class='hidden team-member-affiliation'  itemprop=\"affiliation\" >Neuro Spine Center GmbH<\/span><\/section><\/div><div class=\"flex_column av_one_fifth  flex_column_div av-zero-column-padding   avia-builder-el-25  el_after_av_one_fifth  el_before_av_one_fifth  column-top-margin\" style='border-radius:0px; '><section class='avia-team-member   avia-builder-el-26  avia-builder-el-no-sibling '  itemscope=\"itemscope\" itemtype=\"https:\/\/schema.org\/Person\" ><div class='team-img-container'><img class='avia_image avia_image_team av-team-img-original' src='https:\/\/www.al-hami.de\/nsc\/wp-content\/uploads\/menz_emil-223x300.jpg' alt='Emil Menz'  itemprop=\"image\"  \/><\/div><h3 class='team-member-name'   itemprop=\"name\" >Emil Menz<\/h3><div class='team-member-job-title '   itemprop=\"jobTitle\" >Gesundheits- und Krankenpfleger <\/div><span class='hidden team-member-affiliation'  itemprop=\"affiliation\" >Neuro Spine Center GmbH<\/span><\/section><\/div><div class=\"flex_column av_one_fifth  flex_column_div av-zero-column-padding   avia-builder-el-27  el_after_av_one_fifth  el_before_av_one_fifth  column-top-margin\" style='border-radius:0px; '><section class='avia-team-member   avia-builder-el-28  avia-builder-el-no-sibling '  itemscope=\"itemscope\" itemtype=\"https:\/\/schema.org\/Person\" ><div class='team-img-container'><img class='avia_image avia_image_team av-team-img-original' src='https:\/\/www.al-hami.de\/nsc\/wp-content\/uploads\/mitarbeiter_platzhalter-1-223x300.jpg' alt='Kerstin Kurzenknabe'  itemprop=\"image\"  \/><\/div><h3 class='team-member-name'   itemprop=\"name\" >Kerstin Kurzenknabe<\/h3><div class='team-member-job-title '   itemprop=\"jobTitle\" >Gesundheits- und Krankenpflegerin<\/div><span class='hidden team-member-affiliation'  itemprop=\"affiliation\" >Neuro Spine Center GmbH<\/span><\/section><\/div><div class=\"flex_column av_one_fifth  flex_column_div av-zero-column-padding   avia-builder-el-29  el_after_av_one_fifth  avia-builder-el-last  column-top-margin\" style='border-radius:0px; '><section class='avia-team-member   avia-builder-el-30  avia-builder-el-no-sibling '  itemscope=\"itemscope\" itemtype=\"https:\/\/schema.org\/Person\" ><div class='team-img-container'><img class='avia_image avia_image_team av-team-img-original' src='https:\/\/www.al-hami.de\/nsc\/wp-content\/uploads\/mitarbeiter_platzhalter-1.jpg' alt='ALICE BOSHELL'  itemprop=\"image\"  \/><\/div><h3 class='team-member-name'   itemprop=\"name\" >ALICE BOSHELL<\/h3><div class='team-member-job-title '   itemprop=\"jobTitle\" >Aushilfskraft Aufwachraum<\/div><span class='hidden team-member-affiliation'  itemprop=\"affiliation\" >Neuro Spine Center GmbH<\/span><\/section><\/div><\/div><\/div><\/div><!-- close content main div --><\/div><\/div><div id='after_section_1' class='main_color av_default_container_wrap container_wrap sidebar_right' style=' '  ><div class='container' ><div class='template-page content  av-content-small alpha units'><div class='post-entry post-entry-type-page post-entry-1648'><div class='entry-content-wrapper clearfix'>\n","protected":false},"excerpt":{"rendered":"","protected":false},"author":8,"featured_media":0,"parent":1535,"menu_order":3,"comment_status":"closed","ping_status":"closed","template":"","meta":[],"_links":{"self":[{"href":"https:\/\/www.al-hami.de\/nsc\/wp-json\/wp\/v2\/pages\/1648"}],"collection":[{"href":"https:\/\/www.al-hami.de\/nsc\/wp-json\/wp\/v2\/pages"}],"about":[{"href":"https:\/\/www.al-hami.de\/nsc\/wp-json\/wp\/v2\/types\/page"}],"author":[{"embeddable":true,"href":"https:\/\/www.al-hami.de\/nsc\/wp-json\/wp\/v2\/users\/8"}],"replies":[{"embeddable":true,"href":"https:\/\/www.al-hami.de\/nsc\/wp-json\/wp\/v2\/comments?post=1648"}],"version-history":[{"count":45,"href":"https:\/\/www.al-hami.de\/nsc\/wp-json\/wp\/v2\/pages\/1648\/revisions"}],"predecessor-version":[{"id":6423,"href":"https:\/\/www.al-hami.de\/nsc\/wp-json\/wp\/v2\/pages\/1648\/revisions\/6423"}],"up":[{"embeddable":true,"href":"https:\/\/www.al-hami.de\/nsc\/wp-json\/wp\/v2\/pages\/1535"}],"wp:attachment":[{"href":"https:\/\/www.al-hami.de\/nsc\/wp-json\/wp\/v2\/media?parent=1648"}],"curies":[{"name":"wp","href":"https:\/\/api.w.org\/{rel}","templated":true}]}}