{"id":1662,"date":"2017-03-30T17:35:05","date_gmt":"2017-03-30T15:35:05","guid":{"rendered":"http:\/\/neuro-spine-center.com.w0158a2a.kasserver.com\/nsc\/?page_id=1662"},"modified":"2017-03-30T17:38:35","modified_gmt":"2017-03-30T15:38:35","slug":"patienteninformation","status":"publish","type":"page","link":"https:\/\/www.al-hami.de\/nsc\/ueber-uns\/abteilungen\/anaesthesie\/patienteninformation\/","title":{"rendered":"Patienteninformation"},"content":{"rendered":"<div id='av-layout-grid-1' class='av-layout-grid-container entry-content-wrapper main_color av-flex-cells    avia-builder-el-0  el_before_av_section  avia-builder-el-first  container_wrap sidebar_right' style=' '  >\n<div class=\"flex_cell no_margin av_one_half  avia-builder-el-1  el_before_av_cell_one_half  avia-builder-el-first   avia-full-stretch av-zero-padding \" style='height:500px; min-height:500px;background:url(https:\/\/www.al-hami.de\/nsc\/wp-content\/uploads\/op_2-1.jpg) top center no-repeat scroll; vertical-align:middle; padding:0px; background-color:#19839a; '><div class='flex_cell_inner' ><\/div><\/div><div class=\"flex_cell no_margin av_one_half  avia-builder-el-2  el_after_av_cell_one_half  avia-builder-el-last   \" style='height:500px; min-height:500px;vertical-align:middle; padding:80px; background-color:#19839a; '><div class='flex_cell_inner' ><p><div style='padding-bottom:25px; color:#ffffff;font-size:34px;' class='av-special-heading av-special-heading-h3 custom-color-heading blockquote modern-quote  avia-builder-el-3  el_before_av_textblock  avia-builder-el-first  av-inherit-size '><h3 class='av-special-heading-tag '  itemprop=\"headline\"  >Patienteninformation zur An\u00e4sthesie<\/h3><div class='special-heading-border'><div class='special-heading-inner-border' style='border-color:#ffffff'><\/div><\/div><\/div><br \/>\n<section class=\"av_textblock_section \"  itemscope=\"itemscope\" itemtype=\"https:\/\/schema.org\/CreativeWork\" ><div class='avia_textblock  av_inherit_color '  style='color:#ffffff; '  itemprop=\"text\" ><p>Ihnen steht eine Operation bevor. Das ist f\u00fcr Sie eine ungewohnte Situation, aber kein Grund zur Sorge. Nehmen Sie sich ein paar Minuten Zeit und lesen Sie die folgenden Informationen gut durch.<\/p>\n<\/div><\/section><\/p>\n<\/div><\/div>\n<\/div>\n<div id='av_section_1' class='avia-section main_color avia-section-huge avia-no-border-styling avia-bg-style-scroll  avia-builder-el-5  el_after_av_layout_row  avia-builder-el-last   container_wrap sidebar_right' style=' '  ><div class='container' ><div class='template-page content  av-content-small alpha units'><div class='post-entry post-entry-type-page post-entry-1662'><div class='entry-content-wrapper clearfix'>\n<div class='flex_column_table av-equal-height-column-flextable -flextable' style='margin-top:-200px; margin-bottom:0px; '><div class=\"flex_column av_one_third  no_margin flex_column_table_cell av-equal-height-column av-align-top first  avia-builder-el-6  el_before_av_one_third  avia-builder-el-first  \" style='padding:40px; border-radius:0px; '><\/div><div class=\"flex_column av_one_third  no_margin flex_column_table_cell av-equal-height-column av-align-top   avia-builder-el-7  el_after_av_one_third  el_before_av_one_third  \" style='padding:40px; background-color:#27a1bc; border-radius:0px; '><p><span class=\"av_font_icon avia_animate_when_visible avia-icon-animate  av-icon-style-  avia-icon-pos-center \" style=\"color:#ffffff; border-color:#ffffff;\"><span class='av-icon-char' style='font-size:60px;line-height:60px;' aria-hidden='true' data-av_icon='\uf126' data-av_iconfont='medical' ><\/span><\/span><br \/>\n<div style='height:20px' class='hr hr-invisible   avia-builder-el-9  el_after_av_font_icon  el_before_av_textblock '><span class='hr-inner ' ><span class='hr-inner-style'><\/span><\/span><\/div><br \/>\n<section class=\"av_textblock_section \"  itemscope=\"itemscope\" itemtype=\"https:\/\/schema.org\/CreativeWork\" ><div class='avia_textblock  av_inherit_color '  style='color:#ffffff; '  itemprop=\"text\" ><h4 style=\"text-align: center;\">Patienteninformation<\/h4>\n<p style=\"text-align: center;\">Schlafen Sie unbesorgt! Wir passen gut auf Sie auf!<\/p>\n<\/div><\/section><\/p><\/div><div class=\"flex_column av_one_third  no_margin flex_column_table_cell av-equal-height-column av-align-top   avia-builder-el-11  el_after_av_one_third  el_before_av_one_full  \" style='padding:40px; border-radius:0px; '><\/div><\/div><!--close column table wrapper. Autoclose: 1 --><div class=\"flex_column av_one_full  flex_column_div av-zero-column-padding first  avia-builder-el-12  el_after_av_one_third  avia-builder-el-last  column-top-margin\" style='border-radius:0px; '><section class=\"av_textblock_section \"  itemscope=\"itemscope\" itemtype=\"https:\/\/schema.org\/CreativeWork\" ><div class='avia_textblock  '   itemprop=\"text\" ><p>In der An\u00e4sthesieabteilung des Neuro\u2013Spine-Center werden s\u00e4mtliche Ma\u00dfnahmen ausschlie\u00dflich von erfahrenen Fach\u00e4rzten f\u00fcr An\u00e4sthesie durchgef\u00fchrt. Vom Vorgespr\u00e4ch bis zur Nachbesprechung sind Sie in professionellen H\u00e4nden. Vielfach erprobte Abl\u00e4ufe, eine strenge Anpassung an den aktuellen Stand der Wissenschaft und modernste Ger\u00e4te garantieren Ihnen ein hohes Ma\u00df an Sicherheit. Vertrauen Sie uns.<\/p>\n<p><b>Bitte beachten Sie:<\/b> Diese Informationen ersetzen nicht die schriftliche Aufkl\u00e4rung, sowie das Aufkl\u00e4rungsgespr\u00e4ch durch Ihren An\u00e4sthesisten!<\/p>\n<p><b>Was bedeutet An\u00e4sthesie?<\/b><\/p>\n<p>Das Wort An\u00e4sthesie (<i>griechisch<\/i>) bedeutet Empfindungslosigkeit bzw. Bet\u00e4ubung. Die in unserem Haus fast ausschlie\u00dflich genutzt An\u00e4sthesieform ist die Vollnarkose. Hier wird der Patient in einen vor\u00fcbergehenden Zustand der Bewusstlosigkeit (k\u00fcnstlicher Schlaf) versetzt. Das Schmerzempfinden im gesamten K\u00f6rper wird ausgeschaltet. Die Vollnarkose wird von uns in der Form einer <b>TIVA<\/b> (Totale intraven\u00f6se An\u00e4sthesie) durchgef\u00fchrt.<br \/>\nDiese moderne Narkoseform verzichtet auf die Verwendung gasf\u00f6rmiger Narkosemittel. Ihr Vorteil: Sie schlafen schnell und tief ein, sp\u00fcren w\u00e4hrend der Operation nichts und wachen rasch und angenehm wieder auf.<\/p>\n<p><b>Pr\u00e4medikation<\/b> \u2013 Vorgespr\u00e4ch mit Ihrem An\u00e4sthesisten<\/p>\n<p>Das Pr\u00e4medikationsgespr\u00e4ch dient zu Ihrer Information und zu der Ihres An\u00e4sthesisten. So wird gew\u00e4hrleistet, dass die Narkose f\u00fcr Sie angenehm und mit gr\u00f6\u00dftm\u00f6glicher Sicherheit verl\u00e4uft. Um unsere Arbeit speziell auf Ihre Bed\u00fcrfnisse ausrichten zu k\u00f6nnen, ben\u00f6tigen wir Ihre Hilfe. Der An\u00e4sthesist muss sich einen genauen \u00dcberblick \u00fcber Ihren Gesundheitszustand machen.<br \/>\nDazu erhalten Sie einen Fragebogen (Anamnesebogen zur An\u00e4sthesie): Die Fragen sind allgemeinverst\u00e4ndlich gehalten und <i>m\u00fcssen<\/i> bitte vor dem Gespr\u00e4ch mit Ihrem Narkosearzt <i>alle<\/i> beantwortet werden. Der Narkosearzt der Ihre Narkose durchf\u00fchrt, bespricht mit Ihnen den Ablauf. Sie werden auch \u00fcber die Risiken der Narkose aufgekl\u00e4rt.<\/p>\n<p><b>Ankunft im OP<\/b><\/p>\n<p>Die Schwestern der Station bringen Sie zur\u00a0Operation in den OP \u2013 Bereich. Dort werden Sie von Ihrem An\u00e4sthesisten und der Pflegekraft in Empfang genommen. Im Vorbereitungsraum wird ein EKG aufgeklebt, das die Regelm\u00e4\u00dfigkeit des Herzens \u00fcberwacht. Ein Clip an Ihrem Finger misst die Sauerstoffkonzentration im Blut. Der Blutdruck wird mit einer automatischen Manschette gemessen. Alle Lebenswichtigen Organsysteme werden (durch dieses Monitoring) engmaschig \u00fcberwacht. Die Gabe von Medikamenten erfolgt \u00fcber eine Infusion am Unterarm.<\/p>\n<p><b>Narkoseeinleitung<\/b><\/p>\n<p>\u00dcber den ven\u00f6sen Zugang (Infusion) verabreichen wir die Narkosemittel. Sie schlafen sanft und angenehm ein. Nachdem Sie eingeschlafen sind, wird Ihre Atmung durch einen Tubus (ein Silikonschlauch, welcher in die Luftr\u00f6hre eingelegt wird) gesichert.<\/p>\n<p><b>W\u00e4hrend der Operation<\/b><\/p>\n<p>F\u00fcr die Dauer der Operation wird durch den An\u00e4sthesisten die Narkose aufrecht gehalten. Fortw\u00e4hrend werden alle wichtigen Organfunktionen \u00fcberwacht und gegebenenfalls korrigiert.<\/p>\n<p><b>Nach der Operation<\/b><\/p>\n<p>Nach dem Ende der Operation werden wir Sie in den Aufwachraum bringen. Dort werden Sie unter der Aufsicht einer erfahrenen Schwester und Ihres Narkosearztes binnen weniger Minuten wieder vollst\u00e4ndig erwachen.<\/p>\n<p>Vor der Verlegung auf die Station erfolgt eine abschlie\u00dfende Untersuchung durch Ihren An\u00e4sthesisten. Dieser verschreibt Ihnen Medikamente gegen die Schmerzen, f\u00fcr die unmittelbare Zeitspanne nach dem Eingriff bis zum n\u00e4chsten Morgen. Im Regelfall k\u00f6nnen Sie unmittelbar nach Ihrer R\u00fcckkehr auf die Station wieder etwas trinken.<\/p>\n<p>W\u00e4hrend der Visite auf der Station\u00a0wird sich der An\u00e4sthesist nach Ihrem Wohlbefinden erkundigen und sich \u00fcber m\u00f6glicherweise auftretende Beschwerden informieren. Diese Gelegenheit k\u00f6nnen Sie gern nutzen: Sagen Sie uns, was Ihnen gut gefallen hat. Oder auch, was Ihnen nicht so gut gefallen hat.<\/p>\n<p><b>Haben Sie Fragen? Unser Team hat stets ein offenes Ohr f\u00fcr Sie.<\/b><\/p>\n<\/div><\/section><\/div><\/div><\/div><\/div><!-- close content main div --><\/div><\/div><div id='after_section_1' class='main_color av_default_container_wrap container_wrap sidebar_right' style=' '  ><div class='container' ><div class='template-page content  av-content-small alpha units'><div class='post-entry post-entry-type-page post-entry-1662'><div class='entry-content-wrapper clearfix'>\n","protected":false},"excerpt":{"rendered":"","protected":false},"author":8,"featured_media":0,"parent":1648,"menu_order":3,"comment_status":"closed","ping_status":"closed","template":"","meta":[],"_links":{"self":[{"href":"https:\/\/www.al-hami.de\/nsc\/wp-json\/wp\/v2\/pages\/1662"}],"collection":[{"href":"https:\/\/www.al-hami.de\/nsc\/wp-json\/wp\/v2\/pages"}],"about":[{"href":"https:\/\/www.al-hami.de\/nsc\/wp-json\/wp\/v2\/types\/page"}],"author":[{"embeddable":true,"href":"https:\/\/www.al-hami.de\/nsc\/wp-json\/wp\/v2\/users\/8"}],"replies":[{"embeddable":true,"href":"https:\/\/www.al-hami.de\/nsc\/wp-json\/wp\/v2\/comments?post=1662"}],"version-history":[{"count":3,"href":"https:\/\/www.al-hami.de\/nsc\/wp-json\/wp\/v2\/pages\/1662\/revisions"}],"predecessor-version":[{"id":6036,"href":"https:\/\/www.al-hami.de\/nsc\/wp-json\/wp\/v2\/pages\/1662\/revisions\/6036"}],"up":[{"embeddable":true,"href":"https:\/\/www.al-hami.de\/nsc\/wp-json\/wp\/v2\/pages\/1648"}],"wp:attachment":[{"href":"https:\/\/www.al-hami.de\/nsc\/wp-json\/wp\/v2\/media?parent=1662"}],"curies":[{"name":"wp","href":"https:\/\/api.w.org\/{rel}","templated":true}]}}