{"id":1840,"date":"2017-03-31T14:52:11","date_gmt":"2017-03-31T12:52:11","guid":{"rendered":"http:\/\/www.al-hami.de\/nsc\/?page_id=1840"},"modified":"2017-03-31T15:19:26","modified_gmt":"2017-03-31T13:19:26","slug":"diagnostik","status":"publish","type":"page","link":"https:\/\/www.al-hami.de\/nsc\/patienteninformationen\/diagnostik\/","title":{"rendered":"Diagnostik"},"content":{"rendered":"<div id='av-layout-grid-1' class='av-layout-grid-container entry-content-wrapper main_color av-flex-cells    avia-builder-el-0  el_before_av_section  avia-builder-el-first  container_wrap sidebar_right' style=' '  >\n<div class=\"flex_cell no_margin av_one_half  avia-builder-el-1  el_before_av_cell_one_half  avia-builder-el-first   avia-full-stretch av-zero-padding \" style='height:500px; min-height:500px;background:url(https:\/\/www.al-hami.de\/nsc\/wp-content\/uploads\/ct_01.jpg) top left no-repeat scroll; vertical-align:middle; padding:0px; background-color:#19839a; '><div class='flex_cell_inner' ><\/div><\/div><div class=\"flex_cell no_margin av_one_half  avia-builder-el-2  el_after_av_cell_one_half  avia-builder-el-last   \" style='height:500px; min-height:500px;vertical-align:middle; padding:80px; background-color:#19839a; '><div class='flex_cell_inner' ><p><div style='padding-bottom:25px; color:#ffffff;font-size:34px;' class='av-special-heading av-special-heading-h3 custom-color-heading blockquote modern-quote  avia-builder-el-3  el_before_av_textblock  avia-builder-el-first   av-inherit-size '><h3 class='av-special-heading-tag '  itemprop=\"headline\"  >Diagnostik<\/h3><div class='special-heading-border'><div class='special-heading-inner-border' style='border-color:#ffffff'><\/div><\/div><\/div><br \/>\n<section class=\"av_textblock_section \"  itemscope=\"itemscope\" itemtype=\"https:\/\/schema.org\/CreativeWork\" ><div class='avia_textblock  av_inherit_color '  style='color:#ffffff; '  itemprop=\"text\" ><p>Vor jeder sachgerechten Beratung steht eine intensive und differenzierte Diagnostik des jeweiligen Krankheitsbildes.<\/p>\n<\/div><\/section><\/p>\n<\/div><\/div><\/div><div id='av_section_1' class='avia-section main_color avia-section-huge avia-no-border-styling avia-bg-style-scroll  avia-builder-el-5  el_after_av_layout_row  avia-builder-el-last   container_wrap sidebar_right' style=' '  ><div class='container' ><div class='template-page content  av-content-small alpha units'><div class='post-entry post-entry-type-page post-entry-1840'><div class='entry-content-wrapper clearfix'>\n<div class='flex_column_table av-equal-height-column-flextable -flextable' style='margin-top:-200px; margin-bottom:0px; '><div class=\"flex_column av_one_third  no_margin flex_column_table_cell av-equal-height-column av-align-top first  avia-builder-el-6  el_before_av_one_third  avia-builder-el-first  \" style='padding:40px; border-radius:0px; '><\/div><div class=\"flex_column av_one_third  no_margin flex_column_table_cell av-equal-height-column av-align-top   avia-builder-el-7  el_after_av_one_third  el_before_av_one_third  \" style='padding:40px; background-color:#27a1bc; border-radius:0px; '><p><span class=\"av_font_icon avia_animate_when_visible avia-icon-animate  av-icon-style-  avia-icon-pos-center \" style=\"color:#ffffff; border-color:#ffffff;\"><span class='av-icon-char' style='font-size:60px;line-height:60px;' aria-hidden='true' data-av_icon='\uf104' data-av_iconfont='medical' ><\/span><\/span><br \/>\n<div style='height:20px' class='hr hr-invisible   avia-builder-el-9  el_after_av_font_icon  el_before_av_textblock '><span class='hr-inner ' ><span class='hr-inner-style'><\/span><\/span><\/div><br \/>\n<section class=\"av_textblock_section \"  itemscope=\"itemscope\" itemtype=\"https:\/\/schema.org\/CreativeWork\" ><div class='avia_textblock  av_inherit_color '  style='color:#ffffff; '  itemprop=\"text\" ><h4 style=\"text-align: center;\">Diagnostik<\/h4>\n<p style=\"text-align: center;\">F\u00fcr eine individuell angepasste und erfolgreiche Therapie<\/p>\n<\/div><\/section><\/p><\/div><div class=\"flex_column av_one_third  no_margin flex_column_table_cell av-equal-height-column av-align-top   avia-builder-el-11  el_after_av_one_third  el_before_av_one_full  \" style='padding:40px; border-radius:0px; '><\/div><\/div><!--close column table wrapper. Autoclose: 1 --><div class=\"flex_column av_one_full  av-animated-generic bottom-to-top  flex_column_div av-zero-column-padding first  avia-builder-el-12  el_after_av_one_third  el_before_av_one_full  column-top-margin\" style='border-radius:0px; '><p><div style='padding-bottom:20px; font-size:34px;' class='av-special-heading av-special-heading-h3  blockquote modern-quote  avia-builder-el-13  el_before_av_textblock  avia-builder-el-first   av-inherit-size '><h3 class='av-special-heading-tag '  itemprop=\"headline\"  >Diagnostik<\/h3><div class='special-heading-border'><div class='special-heading-inner-border' ><\/div><\/div><\/div><br \/>\n<section class=\"av_textblock_section \"  itemscope=\"itemscope\" itemtype=\"https:\/\/schema.org\/CreativeWork\" ><div class='avia_textblock  '   itemprop=\"text\" ><p><img decoding=\"async\" loading=\"lazy\" class=\"alignleft size-full wp-image-1846\" src=\"http:\/\/www.al-hami.de\/nsc\/wp-content\/uploads\/diagnostik.png\" alt=\"\" width=\"174\" height=\"270\" \/>Vor jeder sachgerechten Beratung steht eine intensive und differenzierte Diagnostik des jeweiligen Krankheitsbildes. Nur so ist eine individuelle, den medizinischen und sozialen Bedingungen angepasste und erfolgreiche Therapie m\u00f6glich.<\/p>\n<p>Im Bereich der diagnostischen Verfahren stehen uns hierbei neben den \u00fcblichen Untersuchungsmethoden und der Anamneseerhebung auch die manualtherapeutische Funktionsanalyse und elektrophysiologische Diagnostik in unserer Praxis zu Verf\u00fcgung. In Zusammenarbeit mit unseren Kooperationspartnern wird dieses Angebot um zahlreiche, auch invasive diagnostische M\u00f6glichkeiten erweitert.<\/p>\n<p>Nach Abschlu\u00df der Diagnostik entscheiden wir gemeinsam mit den Patienten \u00fcber das zu diesem Zeitpunkt optimale Therapieverfahren. Nur durch einen engen Patient-Arzt-Kontakt sind wir in der Lage, die Therapie bei Bedarf an die ge\u00e4nderten Bed\u00fcrfnisse der Patienten anzupassen. In der Regel erfolgt eine individuelle Betreuung unserer Patienten jeweils durch ein und denselben Arzt unserer Klinik.<\/p>\n<p>Zu der Vorstellung sollten unbedingt Bilder der durchgef\u00fchrten Schnittbilddiagnostik (CT\/MRT) und der R\u00f6ntgendiagnostik, am besten als Film oder Hardcopy, mitgebracht werden.<\/p>\n<\/div><\/section><\/p><\/div><div class=\"flex_column av_one_full  av-animated-generic bottom-to-top  flex_column_div av-zero-column-padding first  avia-builder-el-15  el_after_av_one_full  avia-builder-el-last  column-top-margin\" style='border-radius:0px; '><p><div style='padding-bottom:20px; font-size:34px;' class='av-special-heading av-special-heading-h3  blockquote modern-quote  avia-builder-el-16  el_before_av_textblock  avia-builder-el-first   av-inherit-size '><h3 class='av-special-heading-tag '  itemprop=\"headline\"  >Krankheitsbilder<\/h3><div class='special-heading-border'><div class='special-heading-inner-border' ><\/div><\/div><\/div><br \/>\n<section class=\"av_textblock_section \"  itemscope=\"itemscope\" itemtype=\"https:\/\/schema.org\/CreativeWork\" ><div class='avia_textblock  '   itemprop=\"text\" ><ul>\n<li><b>degenerative Erkrankung der Wirbels\u00e4ule<br \/>\n<\/b>Zu den degenerativen Erkrankungen der Hals-, Brust- und Lendenwirbels\u00e4ule z\u00e4hlen u. a. das Bandscheibenleiden (z. B.: Bandscheibenvorfall), die Einengung des Spinalkanals (Stenose), das Wirbelgleiten (Spondyloslisthesis) und die Verschlei\u00dferkrankung der kleinen Wirbelgelenke (Facettengelenksarthrose).<\/li>\n<\/ul>\n<ul>\n<li><b>Trauma der Wirbels\u00e4ule und des R\u00fcckenmarks<br \/>\n<\/b>Den Verletzungen der Hals-, Brust- und Lendenwirbels\u00e4ule geht meist eine mehr oder minder starke Gewalteinwirkung voraus, die mit einer solchen Kraft auf die Wirbels\u00e4ule einwirkt, dass diese ihr nicht standhalten kann und nachgibt \/ bricht. Dieses Nachgeben kann auch im Rahmen der altersbedingten Knochenerweichung (Osteoporose) auftreten. In einem solchen Fall bedarf es meist keiner gro\u00dfen Krafteinwirkung.<br \/>\nJe nach Ausma\u00df der Krafteinwirkung kommt es zur Mitverletzung des R\u00fcckenmarks und \/ oder der Nervenstrukturen.<\/li>\n<\/ul>\n<ul>\n<li><b>Tumoren der Wirbels\u00e4ule und des R\u00fcckenmarks<br \/>\n<\/b>Die tumorbedingten Erkrankungen der Hals-, Brust- und Lendenwirbels\u00e4ule haben ihren Ursprung entweder direkt in der Wirbels\u00e4ule, dem R\u00fcckenmark (z.B.: Gliome) und seinen H\u00fcllstrukturen (z.B.: Menigeom, Neurinom) oder sind als Tochtergeschwulst bereits als eine Absiedlung (Metastase) von Tumoren zu sehen, die ihren urspr\u00fcnglichen Sitz, an einem anderen Ort im K\u00f6rper haben.<\/li>\n<\/ul>\n<ul>\n<li><b>Entz\u00fcndung der Wirbels\u00e4ule<br \/>\n<\/b>Die entz\u00fcndlichen Erkrankungen der Hals-, Brust- und Lendenwirbels\u00e4ule befallen die Bandscheibe (Diszitis), den Wirbelk\u00f6rper (Spondylitis), den Spinalkanal (z. B. als epiduraler Absze\u00df), die umgebenden Weichteile oder eine Kombination der Vorgenannten (z. B.: Spondylodiszitis).<\/li>\n<\/ul>\n<ul>\n<li><b>chronische Schmerzsyndrome der Wirbels\u00e4ule<\/b><\/li>\n<\/ul>\n<\/div><\/section><br \/>\n<div style='padding-bottom:20px; font-size:34px;' class='av-special-heading av-special-heading-h3  blockquote modern-quote  avia-builder-el-18  el_after_av_textblock  el_before_av_textblock   av-inherit-size '><h3 class='av-special-heading-tag '  itemprop=\"headline\"  >Bildgebende Diagnostik<\/h3><div class='special-heading-border'><div class='special-heading-inner-border' ><\/div><\/div><\/div><br \/>\n<section class=\"av_textblock_section \"  itemscope=\"itemscope\" itemtype=\"https:\/\/schema.org\/CreativeWork\" ><div class='avia_textblock  '   itemprop=\"text\" ><p><strong>Computertomografie<br \/>\n<\/strong>Die Computertomografie (CT) ist eine schnelle und nicht-invasive Untersuchung zur Diagnostik bei<\/p>\n<ul>\n<li>intrakraniellen Blutungen, Infektionen, Tumoren, Fehlbildungen, Hirnkammererweiterung (Hydrozephalus) und Sch\u00e4del-Hirn-Trauma<\/li>\n<li>degenerativen oder verletzungsbedingten Wirbels\u00e4ulenerkrankungen.<\/li>\n<\/ul>\n<p>Es handelt sich um ein auf einer rotierenden R\u00f6ntgenuntersuchung basierendes Schnittbildverfahren. Die Messergebnisse werden computergest\u00fctzt aufgearbeitet und liefern so sehr schnell eine hoch aufl\u00f6sende Darstellung von Sch\u00e4del, Gehirn und Wirbels\u00e4ule.<\/p>\n<p>Kontrastmittel-unterst\u00fctzte Untersuchungen erbringen zus\u00e4tzliche Informationen bei Tumorerkrankungen, Infektionen und zur Darstellung von Gef\u00e4\u00dferkrankungen des Gehirns.<\/p>\n<p><strong>Magnetresonanztomografie (Kernspintomografie)<br \/>\n<\/strong>Die Magnetresonanztomografie (MRT) ist eine auf Magnetfeldern basierende, ebenfalls nicht-invasive Untersuchung, welche einen deutlich h\u00f6heren Zeitbedarf hat und deshalb f\u00fcr Notfallsituationen eher ungeeignet ist. Die Dom\u00e4ne des MRT ist die Diagnostik folgender Erkrankungen:<\/p>\n<ul>\n<li>bei Tumoren, Blutungen, Infektion und Fehlbildungen des ZNS (Zentrales Nervensystem, also Gehirn und R\u00fcckenmark)<\/li>\n<li>der degenerativen oder verletzungsbedingten Wirbels\u00e4ulenerkrankungen unter besonderer Ber\u00fccksichtigung des R\u00fcckenmarks und der Nervenwurzeln.<\/li>\n<\/ul>\n<p>Die MRT-Untersuchung ist somit die Untersuchung der Wahl zur Darstellung des ZNS und seiner Erkrankungen. Die genaue anatomische Darstellung liefert wichtige Information zur Vorbereitung neurochirurgischer Eingriffe. Spezielle Untersuchungssequenzen liefern zus\u00e4tzliche Informationen bei Durchblutungsst\u00f6rungen des Gehirns, bei Tumorerkrankungen und bei Hirnwasserabflussst\u00f6rungen.<\/p>\n<p><strong>Myelografie<br \/>\n<\/strong>Die Myelografie dient dazu, \u00fcber eine F\u00fcllung des Wirbelkanals mit Kontrastmittel die vom R\u00fcckenmark ausgehenden Nervenwurzeln indirekt darzustellen. Bei der Myelografie wird Kontrastmittel \u00fcber eine feine Punktion im Bereich der Lendenwirbels\u00e4ule in den Wirbelkanal gespritzt wird und anschlie\u00dfend eine R\u00f6ntgenuntersuchung und eine CT-Untersuchung (siehe oben) durchgef\u00fchrt. Diese Untersuchung dient zur Operations-Planung bei komplexeren Erkrankungen der Wirbels\u00e4ule.<\/p>\n<\/div><\/section><\/p><\/div>\n<\/div><\/div><\/div><!-- close content main div --><\/div><\/div><div id='after_section_1' class='main_color av_default_container_wrap container_wrap sidebar_right' style=' '  ><div class='container' ><div class='template-page content  av-content-small alpha units'><div class='post-entry post-entry-type-page post-entry-1840'><div class='entry-content-wrapper clearfix'><\/p>\n","protected":false},"excerpt":{"rendered":"","protected":false},"author":8,"featured_media":0,"parent":1842,"menu_order":71,"comment_status":"closed","ping_status":"closed","template":"","meta":[],"_links":{"self":[{"href":"https:\/\/www.al-hami.de\/nsc\/wp-json\/wp\/v2\/pages\/1840"}],"collection":[{"href":"https:\/\/www.al-hami.de\/nsc\/wp-json\/wp\/v2\/pages"}],"about":[{"href":"https:\/\/www.al-hami.de\/nsc\/wp-json\/wp\/v2\/types\/page"}],"author":[{"embeddable":true,"href":"https:\/\/www.al-hami.de\/nsc\/wp-json\/wp\/v2\/users\/8"}],"replies":[{"embeddable":true,"href":"https:\/\/www.al-hami.de\/nsc\/wp-json\/wp\/v2\/comments?post=1840"}],"version-history":[{"count":6,"href":"https:\/\/www.al-hami.de\/nsc\/wp-json\/wp\/v2\/pages\/1840\/revisions"}],"predecessor-version":[{"id":1844,"href":"https:\/\/www.al-hami.de\/nsc\/wp-json\/wp\/v2\/pages\/1840\/revisions\/1844"}],"up":[{"embeddable":true,"href":"https:\/\/www.al-hami.de\/nsc\/wp-json\/wp\/v2\/pages\/1842"}],"wp:attachment":[{"href":"https:\/\/www.al-hami.de\/nsc\/wp-json\/wp\/v2\/media?parent=1840"}],"curies":[{"name":"wp","href":"https:\/\/api.w.org\/{rel}","templated":true}]}}