{"id":1849,"date":"2017-03-31T15:14:30","date_gmt":"2017-03-31T13:14:30","guid":{"rendered":"http:\/\/www.al-hami.de\/nsc\/?page_id=1849"},"modified":"2022-05-30T14:46:08","modified_gmt":"2022-05-30T12:46:08","slug":"therapie","status":"publish","type":"page","link":"https:\/\/www.al-hami.de\/nsc\/patienteninformationen\/therapie\/","title":{"rendered":"Therapie"},"content":{"rendered":"<div id='av-layout-grid-1' class='av-layout-grid-container entry-content-wrapper main_color av-flex-cells    avia-builder-el-0  el_before_av_section  avia-builder-el-first  container_wrap sidebar_right' style=' '  >\n<div class=\"flex_cell no_margin av_one_half  avia-builder-el-1  el_before_av_cell_one_half  avia-builder-el-first   avia-full-stretch av-zero-padding \" style='height:500px; min-height:500px;background:url(https:\/\/www.al-hami.de\/nsc\/wp-content\/uploads\/behandlungsspektrum.png) top left no-repeat scroll; vertical-align:middle; padding:0px; background-color:#19839a; '><div class='flex_cell_inner' ><\/div><\/div><div class=\"flex_cell no_margin av_one_half  avia-builder-el-2  el_after_av_cell_one_half  avia-builder-el-last   \" style='height:500px; min-height:500px;vertical-align:middle; padding:80px; background-color:#19839a; '><div class='flex_cell_inner' ><p><div style='padding-bottom:25px; color:#ffffff;font-size:34px;' class='av-special-heading av-special-heading-h3 custom-color-heading blockquote modern-quote  avia-builder-el-3  el_before_av_textblock  avia-builder-el-first   av-inherit-size '><h3 class='av-special-heading-tag '  itemprop=\"headline\"  >Therapie<\/h3><div class='special-heading-border'><div class='special-heading-inner-border' style='border-color:#ffffff'><\/div><\/div><\/div><br \/>\n<section class=\"av_textblock_section \"  itemscope=\"itemscope\" itemtype=\"https:\/\/schema.org\/CreativeWork\" ><div class='avia_textblock  av_inherit_color '  style='color:#ffffff; '  itemprop=\"text\" ><p>Der operative Schwerpunkt der Klinik ist die minimalinvasive und mikrochirurgische Behandlung der degenerativen Wirbels\u00e4ulenleiden.<\/p>\n<\/div><\/section><\/p>\n<\/div><\/div>\n<\/div>\n<div id='av_section_1' class='avia-section main_color avia-section-huge avia-no-border-styling avia-bg-style-scroll  avia-builder-el-5  el_after_av_layout_row  avia-builder-el-last   container_wrap sidebar_right' style=' '  ><div class='container' ><div class='template-page content  av-content-small alpha units'><div class='post-entry post-entry-type-page post-entry-1849'><div class='entry-content-wrapper clearfix'>\n<div class='flex_column_table av-equal-height-column-flextable -flextable' style='margin-top:-200px; margin-bottom:0px; '><div class=\"flex_column av_one_third  no_margin flex_column_table_cell av-equal-height-column av-align-top first  avia-builder-el-6  el_before_av_one_third  avia-builder-el-first  \" style='padding:40px; border-radius:0px; '><\/div><div class=\"flex_column av_one_third  no_margin flex_column_table_cell av-equal-height-column av-align-top   avia-builder-el-7  el_after_av_one_third  el_before_av_one_third  \" style='padding:40px; background-color:#27a1bc; border-radius:0px; '><p><span class=\"av_font_icon avia_animate_when_visible avia-icon-animate  av-icon-style-  avia-icon-pos-center \" style=\"color:#ffffff; border-color:#ffffff;\"><span class='av-icon-char' style='font-size:60px;line-height:60px;' aria-hidden='true' data-av_icon='\uf104' data-av_iconfont='medical' ><\/span><\/span><br \/>\n<div style='height:20px' class='hr hr-invisible   avia-builder-el-9  el_after_av_font_icon  el_before_av_textblock '><span class='hr-inner ' ><span class='hr-inner-style'><\/span><\/span><\/div><br \/>\n<section class=\"av_textblock_section \"  itemscope=\"itemscope\" itemtype=\"https:\/\/schema.org\/CreativeWork\" ><div class='avia_textblock  av_inherit_color '  style='color:#ffffff; '  itemprop=\"text\" ><h4 style=\"text-align: center;\">Therapie<\/h4>\n<\/div><\/section><\/p><\/div><div class=\"flex_column av_one_third  no_margin flex_column_table_cell av-equal-height-column av-align-top   avia-builder-el-11  el_after_av_one_third  el_before_av_one_full  \" style='padding:40px; border-radius:0px; '><\/div><\/div><!--close column table wrapper. Autoclose: 1 --><div class=\"flex_column av_one_full  av-animated-generic bottom-to-top  flex_column_div av-zero-column-padding first  avia-builder-el-12  el_after_av_one_third  avia-builder-el-last  column-top-margin\" style='border-radius:0px; '><section class=\"av_textblock_section \"  itemscope=\"itemscope\" itemtype=\"https:\/\/schema.org\/CreativeWork\" ><div class='avia_textblock  '   itemprop=\"text\" ><p><strong>Modernste medizinische operative Methoden<\/strong><\/p>\n<p>Der operative Schwerpunkt der Klinik ist die minimalinvasive und mikrochirurgische Behandlung der degenerativen Wirbels\u00e4ulenleiden. Die Klinik ist ein anerkanntes Zentrum f\u00fcr komplexe Eingriffe an der Halswirbels\u00e4ule und Lendenwirbels\u00e4ule.<\/p>\n<p>Individuelle Behandlungskonzepte gegen R\u00fcckenschmerzen und alle akuten und chronischen Erkrankungen der Wirbels\u00e4ule \u2013 das k\u00f6nnen wir als spezialisierte Klinik anbieten.<\/p>\n<p>Die hier eingesetzten Operationstechniken erm\u00f6glichen eine sofortige Belastung der Wirbels\u00e4ule, so dass fast alle Patienten bereits am ersten Tag nach dem Eingriff wieder aufstehen k\u00f6nnen. Spezielle krankengymnastische \u00dcbungsbehandlungen stellen die volle Mobilit\u00e4t der Patienten schnellstm\u00f6glich wieder her.<\/p>\n<p><strong>Unsere Behandlungsmethoden im \u00dcberblick<\/strong><\/p>\n<ul>\n<li>Mikrochirurgische operative Behandlung von Bandscheibenvorf\u00e4llen und\/oder Spinalkanalstenosen an der Hals- und Lendenwirbels\u00e4ule<\/li>\n<li>Operation der Halswirbels\u00e4ule und Lendenwirbels\u00e4ule mit Implantaten<\/li>\n<li>Mikrotherapie: Computer- und Bildwandlergest\u00fctzte Infiltrationstechniken und minimalinvasive Thermobehandlung der Wirbelgelenke<\/li>\n<li>Operationen peripherer Nerven (Sulcus-Ulnaris-Syndrom)<\/li>\n<li>Perkutane Nukleotomie<\/li>\n<li>Lumbale Nukleotomie<\/li>\n<li>Wirbels\u00e4ulen-Kathetertechnik<\/li>\n<li>Operationen bei Tumoren und degenerativen Erkrankungen<\/li>\n<li>Multimodale konservative und operativ-invasive Schmerztherapie<\/li>\n<\/ul>\n<\/div><\/section><\/div><\/div><\/div><\/div><!-- close content main div --><\/div><\/div><div id='after_section_1' class='main_color av_default_container_wrap container_wrap sidebar_right' style=' '  ><div class='container' ><div class='template-page content  av-content-small alpha units'><div class='post-entry post-entry-type-page post-entry-1849'><div class='entry-content-wrapper clearfix'>\n","protected":false},"excerpt":{"rendered":"","protected":false},"author":8,"featured_media":0,"parent":1842,"menu_order":72,"comment_status":"closed","ping_status":"closed","template":"","meta":[],"_links":{"self":[{"href":"https:\/\/www.al-hami.de\/nsc\/wp-json\/wp\/v2\/pages\/1849"}],"collection":[{"href":"https:\/\/www.al-hami.de\/nsc\/wp-json\/wp\/v2\/pages"}],"about":[{"href":"https:\/\/www.al-hami.de\/nsc\/wp-json\/wp\/v2\/types\/page"}],"author":[{"embeddable":true,"href":"https:\/\/www.al-hami.de\/nsc\/wp-json\/wp\/v2\/users\/8"}],"replies":[{"embeddable":true,"href":"https:\/\/www.al-hami.de\/nsc\/wp-json\/wp\/v2\/comments?post=1849"}],"version-history":[{"count":5,"href":"https:\/\/www.al-hami.de\/nsc\/wp-json\/wp\/v2\/pages\/1849\/revisions"}],"predecessor-version":[{"id":5436,"href":"https:\/\/www.al-hami.de\/nsc\/wp-json\/wp\/v2\/pages\/1849\/revisions\/5436"}],"up":[{"embeddable":true,"href":"https:\/\/www.al-hami.de\/nsc\/wp-json\/wp\/v2\/pages\/1842"}],"wp:attachment":[{"href":"https:\/\/www.al-hami.de\/nsc\/wp-json\/wp\/v2\/media?parent=1849"}],"curies":[{"name":"wp","href":"https:\/\/api.w.org\/{rel}","templated":true}]}}