{"id":1859,"date":"2017-03-31T15:39:53","date_gmt":"2017-03-31T13:39:53","guid":{"rendered":"http:\/\/www.al-hami.de\/nsc\/?page_id=1859"},"modified":"2017-03-31T15:43:56","modified_gmt":"2017-03-31T13:43:56","slug":"operative-behandlung","status":"publish","type":"page","link":"https:\/\/www.al-hami.de\/nsc\/patienteninformationen\/therapie\/operative-behandlung\/","title":{"rendered":"Operative Behandlung"},"content":{"rendered":"<div id='av-layout-grid-1' class='av-layout-grid-container entry-content-wrapper main_color av-flex-cells    avia-builder-el-0  el_before_av_section  avia-builder-el-first  container_wrap sidebar_right' style=' '  >\n<div class=\"flex_cell no_margin av_one_half  avia-builder-el-1  el_before_av_cell_one_half  avia-builder-el-first   avia-full-stretch \" style='height:500px; min-height:500px;background:url(https:\/\/www.al-hami.de\/nsc\/wp-content\/uploads\/op_3.jpg) top left no-repeat scroll; vertical-align:middle; padding:80px; background-color:#19839a; '><div class='flex_cell_inner' ><\/div><\/div><div class=\"flex_cell no_margin av_one_half  avia-builder-el-2  el_after_av_cell_one_half  avia-builder-el-last   avia-full-stretch \" style='height:500px; min-height:500px;vertical-align:middle; padding:80px; background-color:#19839a; '><div class='flex_cell_inner' ><p><div style='padding-bottom:25px; color:#ffffff;font-size:34px;' class='av-special-heading av-special-heading-h3 custom-color-heading blockquote modern-quote  avia-builder-el-3  el_before_av_textblock  avia-builder-el-first   av-inherit-size '><h3 class='av-special-heading-tag '  itemprop=\"headline\"  >Operative Behandlung<\/h3><div class='special-heading-border'><div class='special-heading-inner-border' style='border-color:#ffffff'><\/div><\/div><\/div><br \/>\n<section class=\"av_textblock_section \"  itemscope=\"itemscope\" itemtype=\"https:\/\/schema.org\/CreativeWork\" ><div class='avia_textblock  av_inherit_color '  style='color:#ffffff; '  itemprop=\"text\" ><p>Ist die Entscheidung f\u00fcr eine station\u00e4re Behandlung gefallen, werden Sie in der Neurochirurgischen Klinik im <strong>Neuro Spine Center Dr. Al-Hami<\/strong> aufgenommen. Hier werden die mit Ihnen in der Praxis besprochenen Therapien durchgef\u00fchrt.<\/p>\n<\/div><\/section><\/p>\n<\/div><\/div><\/div><div id='av_section_1' class='avia-section main_color avia-section-huge avia-no-border-styling avia-bg-style-scroll  avia-builder-el-5  el_after_av_layout_row  el_before_av_hr   container_wrap sidebar_right' style=' '  ><div class='container' ><div class='template-page content  av-content-small alpha units'><div class='post-entry post-entry-type-page post-entry-1859'><div class='entry-content-wrapper clearfix'>\n<div class='flex_column_table av-equal-height-column-flextable -flextable' style='margin-top:-200px; margin-bottom:0px; '><div class=\"flex_column av_one_third  no_margin flex_column_table_cell av-equal-height-column av-align-top first  avia-builder-el-6  el_before_av_one_third  avia-builder-el-first  \" style='padding:40px; border-radius:0px; '><\/div><div class=\"flex_column av_one_third  no_margin flex_column_table_cell av-equal-height-column av-align-top   avia-builder-el-7  el_after_av_one_third  el_before_av_one_third  \" style='padding:40px; background-color:#27a1bc; border-radius:0px; '><p><span class=\"av_font_icon avia_animate_when_visible avia-icon-animate  av-icon-style-  avia-icon-pos-center \" style=\"color:#ffffff; border-color:#ffffff;\"><span class='av-icon-char' style='font-size:60px;line-height:60px;' aria-hidden='true' data-av_icon='\uf124' data-av_iconfont='medical' ><\/span><\/span><br \/>\n<div style='height:20px' class='hr hr-invisible   avia-builder-el-9  el_after_av_font_icon  el_before_av_textblock '><span class='hr-inner ' ><span class='hr-inner-style'><\/span><\/span><\/div><br \/>\n<section class=\"av_textblock_section \"  itemscope=\"itemscope\" itemtype=\"https:\/\/schema.org\/CreativeWork\" ><div class='avia_textblock  av_inherit_color '  style='color:#ffffff; '  itemprop=\"text\" ><h4 style=\"text-align: center;\">operative Behandlung<\/h4>\n<p style=\"text-align: center;\">Der operative Schwerpunkt der Klinik ist die minimalinvasive und mikrochirurgische Behandlung der degenerativen Wirbels\u00e4ulenleiden.<\/p>\n<\/div><\/section><\/p><\/div><div class=\"flex_column av_one_third  no_margin flex_column_table_cell av-equal-height-column av-align-top   avia-builder-el-11  el_after_av_one_third  el_before_av_one_full  \" style='padding:40px; border-radius:0px; '><\/div><\/div><!--close column table wrapper. Autoclose: 1 --><div class=\"flex_column av_one_full  av-animated-generic bottom-to-top  flex_column_div av-zero-column-padding first  avia-builder-el-12  el_after_av_one_third  el_before_av_hr  column-top-margin\" style='border-radius:0px; '><div style='padding-bottom:0px; font-size:34px;' class='av-special-heading av-special-heading-h3  blockquote modern-quote  avia-builder-el-13  avia-builder-el-no-sibling   av-inherit-size '><div class ='av-subheading av-subheading_above  ' style='font-size:15px;'><p>Weitere Informationen erhalten Sie auf der <a href=\"http:\/\/www.neuro-spine-center.com\" target=\"_blank\">Internetseite des Neuro Spine Centers<\/a><\/p>\n<\/div><h3 class='av-special-heading-tag '  itemprop=\"headline\"  >Operatives Behandlungsspektrum<br \/>\ndes Neuro Spine Centers Dr. Al-Hami<\/h3><div class='special-heading-border'><div class='special-heading-inner-border' ><\/div><\/div><\/div><\/div><div style='height:10px' class='hr hr-invisible   avia-builder-el-14  el_after_av_one_full  el_before_av_one_full '><span class='hr-inner ' ><span class='hr-inner-style'><\/span><\/span><\/div>\n<div class=\"flex_column av_one_full  av-animated-generic bottom-to-top  flex_column_div av-zero-column-padding first  avia-builder-el-15  el_after_av_hr  el_before_av_one_half  \" style='border-radius:0px; '><section class=\"av_textblock_section \"  itemscope=\"itemscope\" itemtype=\"https:\/\/schema.org\/CreativeWork\" ><div class='avia_textblock  '   itemprop=\"text\" ><p>Individuelle Behandlungskonzepte gegen R\u00fcckenschmerzen und alle akuten und chronischen Erkrankungen der Wirbels\u00e4ule \u2013 das k\u00f6nnen wir als spezialisierte Klinik anbieten.<\/p>\n<p>Die hier eingesetzten Operationstechniken erm\u00f6glichen eine sofortige Belastung der Wirbels\u00e4ule, sodass fast alle Patienten bereits am ersten Tag nach dem Eingriff wieder aufstehen k\u00f6nnen. Spezielle krankengymnastische \u00dcbungsbehandlungen stellen die volle Mobilit\u00e4t der Patienten schnellstm\u00f6glich wieder her.<\/p>\n<\/div><\/section><\/div><div class=\"flex_column av_one_half  av-animated-generic bottom-to-top  flex_column_div av-zero-column-padding first  avia-builder-el-17  el_after_av_one_full  el_before_av_one_half  column-top-margin\" style='border-radius:0px; '><section class=\"av_textblock_section \"  itemscope=\"itemscope\" itemtype=\"https:\/\/schema.org\/CreativeWork\" ><div class='avia_textblock  '   itemprop=\"text\" ><p><strong>Operative Behandlungsmethoden im \u00dcberblick:<\/strong><\/p>\n<ul>\n<li>Mikrochirurgische operative Behandlung von Bandscheibenvorf\u00e4llen und\/oder Spinalkanalstenosen an der Hals- und Lendenwirbels\u00e4ule<\/li>\n<li>Operationen der Halswirbels\u00e4ule und Lendenwirbels\u00e4ule mit Implantaten<\/li>\n<li>Mikrotherapie: Computer- und Bildwandlergest\u00fctzte Infiltrationstechniken ( CT- gesteuerten Facettenblockaden) und minimalinvasive Thermobehandlung der Wirbelgelenke<\/li>\n<\/ul>\n<\/div><\/section><\/div><div class=\"flex_column av_one_half  av-animated-generic bottom-to-top  flex_column_div av-zero-column-padding   avia-builder-el-19  el_after_av_one_half  avia-builder-el-last  column-top-margin\" style='border-radius:0px; '><section class=\"av_textblock_section \"  itemscope=\"itemscope\" itemtype=\"https:\/\/schema.org\/CreativeWork\" ><div class='avia_textblock  '   itemprop=\"text\" ><ul>\n<li>Operiationen peripherer Nerven (Sulcus-Ulnaris-Syndrom)<\/li>\n<li>Perkutane Nukleotomie<\/li>\n<li>Lumbale Nukleotomie<\/li>\n<li>Wirbels\u00e4ulen-Kathetertechnik<\/li>\n<li>Stabilisierung bei schmerzhaften Bewegungssegmenten oder Wirbelgleiten<\/li>\n<li>Operationen bei Tumoren und degenerativen Erkrankungen<\/li>\n<li>Multimodale konservative und operativ-invasive Schmerztherapie<\/li>\n<\/ul>\n<\/div><\/section><\/div>\n<\/div><\/div><\/div><!-- close content main div --><\/div><\/div><div id='after_section_1' class='main_color av_default_container_wrap container_wrap sidebar_right' style=' '  ><div class='container' ><div class='template-page content  av-content-small alpha units'><div class='post-entry post-entry-type-page post-entry-1859'><div class='entry-content-wrapper clearfix'><\/p>\n<div  class='hr hr-default   avia-builder-el-21  el_after_av_section  avia-builder-el-no-sibling '><span class='hr-inner ' ><span class='hr-inner-style'><\/span><\/span><\/div>\n","protected":false},"excerpt":{"rendered":"","protected":false},"author":8,"featured_media":0,"parent":1849,"menu_order":722,"comment_status":"closed","ping_status":"closed","template":"","meta":[],"_links":{"self":[{"href":"https:\/\/www.al-hami.de\/nsc\/wp-json\/wp\/v2\/pages\/1859"}],"collection":[{"href":"https:\/\/www.al-hami.de\/nsc\/wp-json\/wp\/v2\/pages"}],"about":[{"href":"https:\/\/www.al-hami.de\/nsc\/wp-json\/wp\/v2\/types\/page"}],"author":[{"embeddable":true,"href":"https:\/\/www.al-hami.de\/nsc\/wp-json\/wp\/v2\/users\/8"}],"replies":[{"embeddable":true,"href":"https:\/\/www.al-hami.de\/nsc\/wp-json\/wp\/v2\/comments?post=1859"}],"version-history":[{"count":5,"href":"https:\/\/www.al-hami.de\/nsc\/wp-json\/wp\/v2\/pages\/1859\/revisions"}],"predecessor-version":[{"id":1861,"href":"https:\/\/www.al-hami.de\/nsc\/wp-json\/wp\/v2\/pages\/1859\/revisions\/1861"}],"up":[{"embeddable":true,"href":"https:\/\/www.al-hami.de\/nsc\/wp-json\/wp\/v2\/pages\/1849"}],"wp:attachment":[{"href":"https:\/\/www.al-hami.de\/nsc\/wp-json\/wp\/v2\/media?parent=1859"}],"curies":[{"name":"wp","href":"https:\/\/api.w.org\/{rel}","templated":true}]}}