{"id":2660,"date":"2018-09-05T19:37:57","date_gmt":"2018-09-05T17:37:57","guid":{"rendered":"https:\/\/www.al-hami.de\/nsc\/?page_id=2660"},"modified":"2020-10-15T14:24:17","modified_gmt":"2020-10-15T12:24:17","slug":"aktuelles-veranstaltungen","status":"publish","type":"page","link":"https:\/\/www.al-hami.de\/nsc\/aktuelles\/aktuelles-veranstaltungen\/","title":{"rendered":"Aktuelles"},"content":{"rendered":"<div id='av-layout-grid-1' class='av-layout-grid-container entry-content-wrapper main_color av-flex-cells    avia-builder-el-0  el_before_av_section  avia-builder-el-first  container_wrap sidebar_right' style=' '  >\n<div class=\"flex_cell no_margin av_one_half  avia-builder-el-1  el_before_av_cell_one_half  avia-builder-el-first   avia-full-stretch av-zero-padding \" style='height:500px; min-height:500px;background:url(https:\/\/www.al-hami.de\/nsc\/wp-content\/uploads\/110701_Aussenansicht.jpg) top left no-repeat scroll; vertical-align:middle; padding:0px; background-color:#19839a; '><div class='flex_cell_inner' ><\/div><\/div><div class=\"flex_cell no_margin av_one_half  avia-builder-el-2  el_after_av_cell_one_half  avia-builder-el-last   \" style='height:500px; min-height:500px;vertical-align:middle; padding:80px; background-color:#19839a; '><div class='flex_cell_inner' ><p><div style='padding-bottom:25px; color:#ffffff;font-size:34px;' class='av-special-heading av-special-heading-h3 custom-color-heading blockquote modern-quote  avia-builder-el-3  el_before_av_textblock  avia-builder-el-first  av-inherit-size '><div class ='av-subheading av-subheading_above av_custom_color ' style='font-size:15px;'><p>Aus dem Neuro Spine Center<\/p>\n<\/div><h3 class='av-special-heading-tag '  itemprop=\"headline\"  >Aktuelles<\/h3><div class='special-heading-border'><div class='special-heading-inner-border' style='border-color:#ffffff'><\/div><\/div><\/div><br \/>\n<section class=\"av_textblock_section \"  itemscope=\"itemscope\" itemtype=\"https:\/\/schema.org\/CreativeWork\" ><div class='avia_textblock  av_inherit_color '  style='color:#ffffff; '  itemprop=\"text\" ><p>Wir halten Sie auf dem Laufenden. In unserer Rubrik &#8220;Aktuelles&#8221; erfahren Sie das Neueste rund um unsere Veranstaltungen, Mitarbeiter und Medienberichte.<\/p>\n<\/div><\/section><\/p>\n<\/div><\/div>\n<\/div>\n<div id='av_section_1' class='avia-section main_color avia-section-huge avia-no-border-styling avia-bg-style-scroll  avia-builder-el-5  el_after_av_layout_row  el_before_av_hr   container_wrap sidebar_right' style=' '  ><div class='container' ><div class='template-page content  av-content-small alpha units'><div class='post-entry post-entry-type-page post-entry-2660'><div class='entry-content-wrapper clearfix'>\n<div class='flex_column_table av-equal-height-column-flextable -flextable' style='margin-top:-200px; margin-bottom:0px; '><div class=\"flex_column av_one_third  no_margin flex_column_table_cell av-equal-height-column av-align-top first  avia-builder-el-6  el_before_av_one_third  avia-builder-el-first  \" style='padding:40px; background-color:#27a1bc; border-radius:0px; '><p><span class=\"av_font_icon avia_animate_when_visible avia-icon-animate  av-icon-style-  avia-icon-pos-center \" style=\"color:#ffffff; border-color:#ffffff;\"><span class='av-icon-char' style='font-size:60px;line-height:60px;' aria-hidden='true' data-av_icon='\ue808' data-av_iconfont='entypo-fontello' ><\/span><\/span><br \/>\n<div style='height:20px' class='hr hr-invisible   avia-builder-el-8  el_after_av_font_icon  el_before_av_textblock '><span class='hr-inner ' ><span class='hr-inner-style'><\/span><\/span><\/div><br \/>\n<section class=\"av_textblock_section \"  itemscope=\"itemscope\" itemtype=\"https:\/\/schema.org\/CreativeWork\" ><div class='avia_textblock  av_inherit_color '  style='color:#ffffff; '  itemprop=\"text\" ><h4 style=\"text-align: center;\">Veranstaltungen<\/h4>\n<p style=\"text-align: center;\">Informationen zu unseren bevorstehenden Veranstaltungen finden Sie hier.<\/p>\n<\/div><\/section><br \/>\n<div style='height:50px' class='hr hr-invisible   avia-builder-el-10  el_after_av_textblock  el_before_av_button '><span class='hr-inner ' ><span class='hr-inner-style'><\/span><\/span><\/div><br \/>\n<div class='avia-button-wrap avia-button-center  avia-builder-el-11  el_after_av_hr  avia-builder-el-last '><a href='https:\/\/www.al-hami.de\/nsc\/aktuelles\/aktuelles-veranstaltungen\/'  class='avia-button   avia-icon_select-no avia-color-light avia-size-medium avia-position-center '   ><span class='avia_iconbox_title' >Veranstaltungen<\/span><\/a><\/div><\/p><\/div><div class=\"flex_column av_one_third  no_margin flex_column_table_cell av-equal-height-column av-align-top   avia-builder-el-12  el_after_av_one_third  el_before_av_one_third  \" style='padding:40px; background-color:#47b6cf; border-radius:0px; '><p><span class=\"av_font_icon avia_animate_when_visible avia-icon-animate  av-icon-style-  avia-icon-pos-center \" style=\"color:#ffffff; border-color:#ffffff;\"><span class='av-icon-char' style='font-size:60px;line-height:60px;' aria-hidden='true' data-av_icon='\ue84d' data-av_iconfont='entypo-fontello' ><\/span><\/span><br \/>\n<div style='height:20px' class='hr hr-invisible   avia-builder-el-14  el_after_av_font_icon  el_before_av_textblock '><span class='hr-inner ' ><span class='hr-inner-style'><\/span><\/span><\/div><br \/>\n<section class=\"av_textblock_section \"  itemscope=\"itemscope\" itemtype=\"https:\/\/schema.org\/CreativeWork\" ><div class='avia_textblock  av_inherit_color '  style='color:#ffffff; '  itemprop=\"text\" ><h4 style=\"text-align: center;\">Medienberichte<\/h4>\n<p style=\"text-align: center;\">Berichte \u00fcber unsere Klinik, welche durch die Medien ver\u00f6ffentlicht wurden.<\/p>\n<\/div><\/section><br \/>\n<div style='height:75px' class='hr hr-invisible   avia-builder-el-16  el_after_av_textblock  el_before_av_button '><span class='hr-inner ' ><span class='hr-inner-style'><\/span><\/span><\/div><br \/>\n<div class='avia-button-wrap avia-button-center  avia-builder-el-17  el_after_av_hr  avia-builder-el-last '><a href='https:\/\/www.al-hami.de\/nsc\/aktuelles\/aktuelles-medienberichte\/'  class='avia-button   avia-icon_select-no avia-color-light avia-size-medium avia-position-center '   ><span class='avia_iconbox_title' >Medienberichte<\/span><\/a><\/div><\/p><\/div><div class=\"flex_column av_one_third  no_margin flex_column_table_cell av-equal-height-column av-align-top   avia-builder-el-18  el_after_av_one_third  el_before_av_hr  \" style='padding:40px; background-color:#69bbce; border-radius:0px; '><p><span class=\"av_font_icon avia_animate_when_visible avia-icon-animate  av-icon-style-  avia-icon-pos-center \" style=\"color:#ffffff; border-color:#ffffff;\"><span class='av-icon-char' style='font-size:60px;line-height:60px;' aria-hidden='true' data-av_icon='\uf113' data-av_iconfont='medical' ><\/span><\/span><br \/>\n<div style='height:20px' class='hr hr-invisible   avia-builder-el-20  el_after_av_font_icon  el_before_av_textblock '><span class='hr-inner ' ><span class='hr-inner-style'><\/span><\/span><\/div><br \/>\n<section class=\"av_textblock_section \"  itemscope=\"itemscope\" itemtype=\"https:\/\/schema.org\/CreativeWork\" ><div class='avia_textblock  av_inherit_color '  style='color:#ffffff; '  itemprop=\"text\" ><h4 style=\"text-align: center;\">Auszeichnungen<\/h4>\n<p style=\"text-align: center;\">Wir unterziehen uns regelm\u00e4\u00dfig strengen Pr\u00fcfungen, deren Ergebnisse wir Ihnen an dieser Stelle pr\u00e4sentieren.<\/p>\n<\/div><\/section><br \/>\n<div style='height:20px' class='hr hr-invisible   avia-builder-el-22  el_after_av_textblock  el_before_av_button '><span class='hr-inner ' ><span class='hr-inner-style'><\/span><\/span><\/div><br \/>\n<div class='avia-button-wrap avia-button-center  avia-builder-el-23  el_after_av_hr  avia-builder-el-last '><a href='https:\/\/www.al-hami.de\/nsc\/aktuelles\/aktuelles-auszeichnungen\/'  class='avia-button   avia-icon_select-no avia-color-light avia-size-medium avia-position-center '   ><span class='avia_iconbox_title' >Auszeichnungen<\/span><\/a><\/div><\/p><\/div><\/div><!--close column table wrapper. Autoclose: 1 --><div style='height:100px' class='hr hr-invisible   avia-builder-el-24  el_after_av_one_third  el_before_av_blog '><span class='hr-inner ' ><span class='hr-inner-style'><\/span><\/span><\/div>\n<div class='av-alb-blogposts template-blog  '  itemscope=\"itemscope\" itemtype=\"https:\/\/schema.org\/Blog\" ><article class='post-entry post-entry-type-standard post-entry-3545 post-loop-1 post-parity-odd single-big  post-3545 post type-post status-publish format-standard hentry category-veranstaltungen'  itemscope=\"itemscope\" itemtype=\"https:\/\/schema.org\/BlogPosting\" ><div class='blog-meta'><\/div><div class='entry-content-wrapper clearfix standard-content'><header class=\"entry-content-header\"><h2 class='post-title entry-title'  itemprop=\"headline\" >\t<a href='https:\/\/www.al-hami.de\/nsc\/veranstaltung-mit-andreas-englisch-und-p-dr-norbert-hofmann-am-25-02-2019-2-2-2-2\/' rel='bookmark' title='Permanenter Link zu: Die Zukunft des Gesundheitssystems in Deutschland Versicherte und Arbeitgeber m\u00fcssen mehr Einfl uss haben'>Die Zukunft des Gesundheitssystems in Deutschland Versicherte und Arbeitgeber m\u00fcssen mehr Einfl uss haben\t\t\t<span class='post-format-icon minor-meta'><\/span>\t<\/a><\/h2><span class='post-meta-infos'><time class='date-container minor-meta updated' >12. November 2019<\/time><span class='text-sep text-sep-date'>\/<\/span><span class=\"blog-categories minor-meta\">in <a href=\"https:\/\/www.al-hami.de\/nsc\/category\/veranstaltungen\/\" rel=\"tag\">Veranstaltungen<\/a> <\/span><span class=\"text-sep text-sep-cat\">\/<\/span><span class=\"blog-author minor-meta\">von <span class=\"entry-author-link\" ><span class=\"vcard author\"><span class=\"fn\"><a href=\"https:\/\/www.al-hami.de\/nsc\/author\/haas\/\" title=\"Beitr\u00e4ge von Haas\" rel=\"author\">Haas<\/a><\/span><\/span><\/span><\/span><\/span><\/header><div class=\"entry-content\"  itemprop=\"text\" ><p><img decoding=\"async\" loading=\"lazy\" class=\"aligncenter wp-image-3548 size-full\" src=\"https:\/\/www.al-hami.de\/nsc\/wp-content\/uploads\/Unbenannt-7.jpg\" alt=\"\" width=\"1073\" height=\"780\" srcset=\"https:\/\/www.al-hami.de\/nsc\/wp-content\/uploads\/Unbenannt-7.jpg 1073w, https:\/\/www.al-hami.de\/nsc\/wp-content\/uploads\/Unbenannt-7-300x218.jpg 300w, https:\/\/www.al-hami.de\/nsc\/wp-content\/uploads\/Unbenannt-7-768x558.jpg 768w, https:\/\/www.al-hami.de\/nsc\/wp-content\/uploads\/Unbenannt-7-1030x749.jpg 1030w, https:\/\/www.al-hami.de\/nsc\/wp-content\/uploads\/Unbenannt-7-705x512.jpg 705w, https:\/\/www.al-hami.de\/nsc\/wp-content\/uploads\/Unbenannt-7-450x327.jpg 450w\" sizes=\"(max-width: 1073px) 100vw, 1073px\" \/><\/p>\n<\/div><footer class=\"entry-footer\"><\/footer><div class='post_delimiter'><\/div><\/div><div class='post_author_timeline'><\/div><span class='hidden'>\n\t\t\t<span class='av-structured-data'  itemprop=\"image\" itemscope=\"itemscope\" itemtype=\"https:\/\/schema.org\/ImageObject\"  itemprop='image'>\n\t\t\t\t\t   <span itemprop='url' >https:\/\/www.al-hami.de\/nsc\/wp-content\/uploads\/nsc_logo.png<\/span>\n\t\t\t\t\t   <span itemprop='height' >0<\/span>\n\t\t\t\t\t   <span itemprop='width' >0<\/span>\n\t\t\t\t  <\/span><span class='av-structured-data'  itemprop=\"publisher\" itemtype=\"https:\/\/schema.org\/Organization\" itemscope=\"itemscope\" >\n\t\t\t\t<span itemprop='name'>Haas<\/span>\n\t\t\t\t<span itemprop='logo' itemscope itemtype='https:\/\/schema.org\/ImageObject'>\n\t\t\t\t   <span itemprop='url'>https:\/\/www.al-hami.de\/nsc\/wp-content\/uploads\/nsc_logo.png<\/span>\n\t\t\t\t <\/span>\n\t\t\t  <\/span><span class='av-structured-data'  itemprop=\"author\" itemscope=\"itemscope\" itemtype=\"https:\/\/schema.org\/Person\" ><span itemprop='name'>Haas<\/span><\/span><span class='av-structured-data'  itemprop=\"datePublished\" datetime=\"2019-11-12T08:56:35+01:00\" >2019-11-12 08:56:35<\/span><span class='av-structured-data'  itemprop=\"dateModified\" itemtype=\"https:\/\/schema.org\/dateModified\" >2019-11-12 08:56:35<\/span><span class='av-structured-data'  itemprop=\"mainEntityOfPage\" itemtype=\"https:\/\/schema.org\/mainEntityOfPage\" ><span itemprop='name'>Die Zukunft des Gesundheitssystems in Deutschland Versicherte und Arbeitgeber m\u00fcssen mehr Einfl uss haben<\/span><\/span><\/span><\/article><article class='post-entry post-entry-type-standard post-entry-3540 post-loop-2 post-parity-even single-big  post-3540 post type-post status-publish format-standard hentry category-veranstaltungen'  itemscope=\"itemscope\" itemtype=\"https:\/\/schema.org\/BlogPosting\" ><div class='blog-meta'><\/div><div class='entry-content-wrapper clearfix standard-content'><header class=\"entry-content-header\"><h2 class='post-title entry-title'  itemprop=\"headline\" >\t<a href='https:\/\/www.al-hami.de\/nsc\/veranstaltung-mit-andreas-englisch-und-p-dr-norbert-hofmann-am-25-02-2019-2-2-2\/' rel='bookmark' title='Permanenter Link zu: Vortrag von Dr. Al-Hami am Montag, 18.11.2019 um 17:00 Uhr'>Vortrag von Dr. Al-Hami am Montag, 18.11.2019 um 17:00 Uhr\t\t\t<span class='post-format-icon minor-meta'><\/span>\t<\/a><\/h2><span class='post-meta-infos'><time class='date-container minor-meta updated' >8. November 2019<\/time><span class='text-sep text-sep-date'>\/<\/span><span class=\"blog-categories minor-meta\">in <a href=\"https:\/\/www.al-hami.de\/nsc\/category\/veranstaltungen\/\" rel=\"tag\">Veranstaltungen<\/a> <\/span><span class=\"text-sep text-sep-cat\">\/<\/span><span class=\"blog-author minor-meta\">von <span class=\"entry-author-link\" ><span class=\"vcard author\"><span class=\"fn\"><a href=\"https:\/\/www.al-hami.de\/nsc\/author\/haas\/\" title=\"Beitr\u00e4ge von Haas\" rel=\"author\">Haas<\/a><\/span><\/span><\/span><\/span><\/span><\/header><div class=\"entry-content\"  itemprop=\"text\" ><p><img decoding=\"async\" loading=\"lazy\" class=\"alignnone wp-image-3541 aligncenter\" src=\"https:\/\/www.al-hami.de\/nsc\/wp-content\/uploads\/Anzeige-Vortrag-18.11.2019-300x300.jpg\" alt=\"\" width=\"690\" height=\"690\" srcset=\"https:\/\/www.al-hami.de\/nsc\/wp-content\/uploads\/Anzeige-Vortrag-18.11.2019-300x300.jpg 300w, https:\/\/www.al-hami.de\/nsc\/wp-content\/uploads\/Anzeige-Vortrag-18.11.2019-80x80.jpg 80w, https:\/\/www.al-hami.de\/nsc\/wp-content\/uploads\/Anzeige-Vortrag-18.11.2019-768x768.jpg 768w, https:\/\/www.al-hami.de\/nsc\/wp-content\/uploads\/Anzeige-Vortrag-18.11.2019-1030x1030.jpg 1030w, https:\/\/www.al-hami.de\/nsc\/wp-content\/uploads\/Anzeige-Vortrag-18.11.2019-36x36.jpg 36w, https:\/\/www.al-hami.de\/nsc\/wp-content\/uploads\/Anzeige-Vortrag-18.11.2019-180x180.jpg 180w, https:\/\/www.al-hami.de\/nsc\/wp-content\/uploads\/Anzeige-Vortrag-18.11.2019-1500x1500.jpg 1500w, https:\/\/www.al-hami.de\/nsc\/wp-content\/uploads\/Anzeige-Vortrag-18.11.2019-705x705.jpg 705w, https:\/\/www.al-hami.de\/nsc\/wp-content\/uploads\/Anzeige-Vortrag-18.11.2019-120x120.jpg 120w, https:\/\/www.al-hami.de\/nsc\/wp-content\/uploads\/Anzeige-Vortrag-18.11.2019-450x450.jpg 450w, https:\/\/www.al-hami.de\/nsc\/wp-content\/uploads\/Anzeige-Vortrag-18.11.2019.jpg 1776w\" sizes=\"(max-width: 690px) 100vw, 690px\" \/><\/p>\n<\/div><footer class=\"entry-footer\"><\/footer><div class='post_delimiter'><\/div><\/div><div class='post_author_timeline'><\/div><span class='hidden'>\n\t\t\t<span class='av-structured-data'  itemprop=\"image\" itemscope=\"itemscope\" itemtype=\"https:\/\/schema.org\/ImageObject\"  itemprop='image'>\n\t\t\t\t\t   <span itemprop='url' >https:\/\/www.al-hami.de\/nsc\/wp-content\/uploads\/nsc_logo.png<\/span>\n\t\t\t\t\t   <span itemprop='height' >0<\/span>\n\t\t\t\t\t   <span itemprop='width' >0<\/span>\n\t\t\t\t  <\/span><span class='av-structured-data'  itemprop=\"publisher\" itemtype=\"https:\/\/schema.org\/Organization\" itemscope=\"itemscope\" >\n\t\t\t\t<span itemprop='name'>Haas<\/span>\n\t\t\t\t<span itemprop='logo' itemscope itemtype='https:\/\/schema.org\/ImageObject'>\n\t\t\t\t   <span itemprop='url'>https:\/\/www.al-hami.de\/nsc\/wp-content\/uploads\/nsc_logo.png<\/span>\n\t\t\t\t <\/span>\n\t\t\t  <\/span><span class='av-structured-data'  itemprop=\"author\" itemscope=\"itemscope\" itemtype=\"https:\/\/schema.org\/Person\" ><span itemprop='name'>Haas<\/span><\/span><span class='av-structured-data'  itemprop=\"datePublished\" datetime=\"2019-11-08T11:47:12+01:00\" >2019-11-08 11:47:12<\/span><span class='av-structured-data'  itemprop=\"dateModified\" itemtype=\"https:\/\/schema.org\/dateModified\" >2019-11-08 11:47:12<\/span><span class='av-structured-data'  itemprop=\"mainEntityOfPage\" itemtype=\"https:\/\/schema.org\/mainEntityOfPage\" ><span itemprop='name'>Vortrag von Dr. Al-Hami am Montag, 18.11.2019 um 17:00 Uhr<\/span><\/span><\/span><\/article><article class='post-entry post-entry-type-standard post-entry-3478 post-loop-3 post-parity-odd post-entry-last single-big  post-3478 post type-post status-publish format-standard hentry category-veranstaltungen'  itemscope=\"itemscope\" itemtype=\"https:\/\/schema.org\/BlogPosting\" ><div class='blog-meta'><\/div><div class='entry-content-wrapper clearfix standard-content'><header class=\"entry-content-header\"><h2 class='post-title entry-title'  itemprop=\"headline\" >\t<a href='https:\/\/www.al-hami.de\/nsc\/veranstaltung-mit-andreas-englisch-und-p-dr-norbert-hofmann-am-25-02-2019-2-2\/' rel='bookmark' title='Permanenter Link zu: Familienadventsfeier am 3. Advent'>Familienadventsfeier am 3. Advent\t\t\t<span class='post-format-icon minor-meta'><\/span>\t<\/a><\/h2><span class='post-meta-infos'><time class='date-container minor-meta updated' >21. Oktober 2019<\/time><span class='text-sep text-sep-date'>\/<\/span><span class=\"blog-categories minor-meta\">in <a href=\"https:\/\/www.al-hami.de\/nsc\/category\/veranstaltungen\/\" rel=\"tag\">Veranstaltungen<\/a> <\/span><span class=\"text-sep text-sep-cat\">\/<\/span><span class=\"blog-author minor-meta\">von <span class=\"entry-author-link\" ><span class=\"vcard author\"><span class=\"fn\"><a href=\"https:\/\/www.al-hami.de\/nsc\/author\/haas\/\" title=\"Beitr\u00e4ge von Haas\" rel=\"author\">Haas<\/a><\/span><\/span><\/span><\/span><\/span><\/header><div class=\"entry-content\"  itemprop=\"text\" ><div id=\"attachment_3479\" style=\"width: 2023px\" class=\"wp-caption aligncenter\"><img aria-describedby=\"caption-attachment-3479\" decoding=\"async\" loading=\"lazy\" class=\"wp-image-3479 size-full\" src=\"https:\/\/www.al-hami.de\/nsc\/wp-content\/uploads\/IMG_1431.jpg\" alt=\"\" width=\"2013\" height=\"1516\" srcset=\"https:\/\/www.al-hami.de\/nsc\/wp-content\/uploads\/IMG_1431.jpg 2013w, https:\/\/www.al-hami.de\/nsc\/wp-content\/uploads\/IMG_1431-300x226.jpg 300w, https:\/\/www.al-hami.de\/nsc\/wp-content\/uploads\/IMG_1431-768x578.jpg 768w, https:\/\/www.al-hami.de\/nsc\/wp-content\/uploads\/IMG_1431-1030x776.jpg 1030w, https:\/\/www.al-hami.de\/nsc\/wp-content\/uploads\/IMG_1431-1500x1130.jpg 1500w, https:\/\/www.al-hami.de\/nsc\/wp-content\/uploads\/IMG_1431-705x531.jpg 705w, https:\/\/www.al-hami.de\/nsc\/wp-content\/uploads\/IMG_1431-450x339.jpg 450w\" sizes=\"(max-width: 2013px) 100vw, 2013px\" \/><p id=\"caption-attachment-3479\" class=\"wp-caption-text\">\u00a0<\/p><\/div>\n<\/div><footer class=\"entry-footer\"><\/footer><div class='post_delimiter'><\/div><\/div><div class='post_author_timeline'><\/div><span class='hidden'>\n\t\t\t<span class='av-structured-data'  itemprop=\"image\" itemscope=\"itemscope\" itemtype=\"https:\/\/schema.org\/ImageObject\"  itemprop='image'>\n\t\t\t\t\t   <span itemprop='url' >https:\/\/www.al-hami.de\/nsc\/wp-content\/uploads\/nsc_logo.png<\/span>\n\t\t\t\t\t   <span itemprop='height' >0<\/span>\n\t\t\t\t\t   <span itemprop='width' >0<\/span>\n\t\t\t\t  <\/span><span class='av-structured-data'  itemprop=\"publisher\" itemtype=\"https:\/\/schema.org\/Organization\" itemscope=\"itemscope\" >\n\t\t\t\t<span itemprop='name'>Haas<\/span>\n\t\t\t\t<span itemprop='logo' itemscope itemtype='https:\/\/schema.org\/ImageObject'>\n\t\t\t\t   <span itemprop='url'>https:\/\/www.al-hami.de\/nsc\/wp-content\/uploads\/nsc_logo.png<\/span>\n\t\t\t\t <\/span>\n\t\t\t  <\/span><span class='av-structured-data'  itemprop=\"author\" itemscope=\"itemscope\" itemtype=\"https:\/\/schema.org\/Person\" ><span itemprop='name'>Haas<\/span><\/span><span class='av-structured-data'  itemprop=\"datePublished\" datetime=\"2019-10-21T17:15:08+02:00\" >2019-10-21 17:15:08<\/span><span class='av-structured-data'  itemprop=\"dateModified\" itemtype=\"https:\/\/schema.org\/dateModified\" >2019-10-21 17:15:08<\/span><span class='av-structured-data'  itemprop=\"mainEntityOfPage\" itemtype=\"https:\/\/schema.org\/mainEntityOfPage\" ><span itemprop='name'>Familienadventsfeier am 3. Advent<\/span><\/span><\/span><\/article><div class='single-big'><nav class='pagination'><span class='pagination-meta'>Seite 1 von 5<\/span><span class='current'>1<\/span><a href='https:\/\/www.al-hami.de\/nsc\/wp-json\/wp\/v2\/pages\/2660\/page\/2\/' class='inactive next_page' >2<\/a><a href='https:\/\/www.al-hami.de\/nsc\/wp-json\/wp\/v2\/pages\/2660\/page\/3\/' class='inactive' >3<\/a><a href='https:\/\/www.al-hami.de\/nsc\/wp-json\/wp\/v2\/pages\/2660\/page\/4\/' class='inactive' >4<\/a><a href='https:\/\/www.al-hami.de\/nsc\/wp-json\/wp\/v2\/pages\/2660\/page\/5\/' class='inactive' >5<\/a><\/nav>\n<\/div><\/div>\n<\/div><\/div><\/div><!-- close content main div --><\/div><\/div><div id='after_section_1' class='main_color av_default_container_wrap container_wrap sidebar_right' style=' '  ><div class='container' ><div class='template-page content  av-content-small alpha units'><div class='post-entry post-entry-type-page post-entry-2660'><div class='entry-content-wrapper clearfix'><div  class='hr hr-default  '><span class='hr-inner ' ><span class='hr-inner-style'><\/span><\/span><\/div><\/p>\n","protected":false},"excerpt":{"rendered":"","protected":false},"author":8,"featured_media":0,"parent":2645,"menu_order":20,"comment_status":"closed","ping_status":"closed","template":"","meta":[],"_links":{"self":[{"href":"https:\/\/www.al-hami.de\/nsc\/wp-json\/wp\/v2\/pages\/2660"}],"collection":[{"href":"https:\/\/www.al-hami.de\/nsc\/wp-json\/wp\/v2\/pages"}],"about":[{"href":"https:\/\/www.al-hami.de\/nsc\/wp-json\/wp\/v2\/types\/page"}],"author":[{"embeddable":true,"href":"https:\/\/www.al-hami.de\/nsc\/wp-json\/wp\/v2\/users\/8"}],"replies":[{"embeddable":true,"href":"https:\/\/www.al-hami.de\/nsc\/wp-json\/wp\/v2\/comments?post=2660"}],"version-history":[{"count":6,"href":"https:\/\/www.al-hami.de\/nsc\/wp-json\/wp\/v2\/pages\/2660\/revisions"}],"predecessor-version":[{"id":4280,"href":"https:\/\/www.al-hami.de\/nsc\/wp-json\/wp\/v2\/pages\/2660\/revisions\/4280"}],"up":[{"embeddable":true,"href":"https:\/\/www.al-hami.de\/nsc\/wp-json\/wp\/v2\/pages\/2645"}],"wp:attachment":[{"href":"https:\/\/www.al-hami.de\/nsc\/wp-json\/wp\/v2\/media?parent=2660"}],"curies":[{"name":"wp","href":"https:\/\/api.w.org\/{rel}","templated":true}]}}