{"id":2709,"date":"2018-09-08T10:03:36","date_gmt":"2018-09-08T08:03:36","guid":{"rendered":"https:\/\/www.al-hami.de\/nsc\/?page_id=2709"},"modified":"2020-10-15T14:25:03","modified_gmt":"2020-10-15T12:25:03","slug":"aktuelles-auszeichnungen","status":"publish","type":"page","link":"https:\/\/www.al-hami.de\/nsc\/aktuelles\/aktuelles-auszeichnungen\/","title":{"rendered":"Aktuelles"},"content":{"rendered":"<div id='av-layout-grid-1' class='av-layout-grid-container entry-content-wrapper main_color av-flex-cells    avia-builder-el-0  el_before_av_section  avia-builder-el-first  container_wrap sidebar_right' style=' '  >\n<div class=\"flex_cell no_margin av_one_half  avia-builder-el-1  el_before_av_cell_one_half  avia-builder-el-first   avia-full-stretch av-zero-padding \" style='height:500px; min-height:500px;background:url(https:\/\/www.al-hami.de\/nsc\/wp-content\/uploads\/110701_Aussenansicht.jpg) top left no-repeat scroll; vertical-align:middle; padding:0px; background-color:#19839a; '><div class='flex_cell_inner' ><\/div><\/div><div class=\"flex_cell no_margin av_one_half  avia-builder-el-2  el_after_av_cell_one_half  avia-builder-el-last   \" style='height:500px; min-height:500px;vertical-align:middle; padding:80px; background-color:#19839a; '><div class='flex_cell_inner' ><p><div style='padding-bottom:25px; color:#ffffff;font-size:34px;' class='av-special-heading av-special-heading-h3 custom-color-heading blockquote modern-quote  avia-builder-el-3  el_before_av_textblock  avia-builder-el-first  av-inherit-size '><div class ='av-subheading av-subheading_above av_custom_color ' style='font-size:15px;'><p>Aus dem Neuro Spine Center<\/p>\n<\/div><h3 class='av-special-heading-tag '  itemprop=\"headline\"  >Aktuelles<\/h3><div class='special-heading-border'><div class='special-heading-inner-border' style='border-color:#ffffff'><\/div><\/div><\/div><br \/>\n<section class=\"av_textblock_section \"  itemscope=\"itemscope\" itemtype=\"https:\/\/schema.org\/CreativeWork\" ><div class='avia_textblock  av_inherit_color '  style='color:#ffffff; '  itemprop=\"text\" ><p>Wir halten Sie auf dem Laufenden. In unserer Rubrik &#8220;Aktuelles&#8221; erfahren Sie das Neueste rund um unsere Veranstaltungen, Mitarbeiter und Medienberichte.<\/p>\n<\/div><\/section><\/p>\n<\/div><\/div>\n<\/div>\n<div id='av_section_1' class='avia-section main_color avia-section-huge avia-no-border-styling avia-bg-style-scroll  avia-builder-el-5  el_after_av_layout_row  el_before_av_hr   container_wrap sidebar_right' style=' '  ><div class='container' ><div class='template-page content  av-content-small alpha units'><div class='post-entry post-entry-type-page post-entry-2709'><div class='entry-content-wrapper clearfix'>\n<div class='flex_column_table av-equal-height-column-flextable -flextable' style='margin-top:-200px; margin-bottom:0px; '><div class=\"flex_column av_one_third  no_margin flex_column_table_cell av-equal-height-column av-align-top first  avia-builder-el-6  el_before_av_one_third  avia-builder-el-first  \" style='padding:40px; background-color:#27a1bc; border-radius:0px; '><p><span class=\"av_font_icon avia_animate_when_visible avia-icon-animate  av-icon-style-  avia-icon-pos-center \" style=\"color:#ffffff; border-color:#ffffff;\"><span class='av-icon-char' style='font-size:60px;line-height:60px;' aria-hidden='true' data-av_icon='\ue808' data-av_iconfont='entypo-fontello' ><\/span><\/span><br \/>\n<div style='height:20px' class='hr hr-invisible   avia-builder-el-8  el_after_av_font_icon  el_before_av_textblock '><span class='hr-inner ' ><span class='hr-inner-style'><\/span><\/span><\/div><br \/>\n<section class=\"av_textblock_section \"  itemscope=\"itemscope\" itemtype=\"https:\/\/schema.org\/CreativeWork\" ><div class='avia_textblock  av_inherit_color '  style='color:#ffffff; '  itemprop=\"text\" ><h4 style=\"text-align: center;\">Veranstaltungen<\/h4>\n<p style=\"text-align: center;\">Informationen zu unseren bevorstehenden Veranstaltungen finden Sie hier.<\/p>\n<\/div><\/section><br \/>\n<div style='height:50px' class='hr hr-invisible   avia-builder-el-10  el_after_av_textblock  el_before_av_button '><span class='hr-inner ' ><span class='hr-inner-style'><\/span><\/span><\/div><br \/>\n<div class='avia-button-wrap avia-button-center  avia-builder-el-11  el_after_av_hr  avia-builder-el-last '><a href='https:\/\/www.al-hami.de\/nsc\/aktuelles\/aktuelles-veranstaltungen\/'  class='avia-button   avia-icon_select-no avia-color-light avia-size-medium avia-position-center '   ><span class='avia_iconbox_title' >Veranstaltungen<\/span><\/a><\/div><\/p><\/div><div class=\"flex_column av_one_third  no_margin flex_column_table_cell av-equal-height-column av-align-top   avia-builder-el-12  el_after_av_one_third  el_before_av_one_third  \" style='padding:40px; background-color:#47b6cf; border-radius:0px; '><p><span class=\"av_font_icon avia_animate_when_visible avia-icon-animate  av-icon-style-  avia-icon-pos-center \" style=\"color:#ffffff; border-color:#ffffff;\"><span class='av-icon-char' style='font-size:60px;line-height:60px;' aria-hidden='true' data-av_icon='\ue84d' data-av_iconfont='entypo-fontello' ><\/span><\/span><br \/>\n<div style='height:20px' class='hr hr-invisible   avia-builder-el-14  el_after_av_font_icon  el_before_av_textblock '><span class='hr-inner ' ><span class='hr-inner-style'><\/span><\/span><\/div><br \/>\n<section class=\"av_textblock_section \"  itemscope=\"itemscope\" itemtype=\"https:\/\/schema.org\/CreativeWork\" ><div class='avia_textblock  av_inherit_color '  style='color:#ffffff; '  itemprop=\"text\" ><h4 style=\"text-align: center;\">Medienberichte<\/h4>\n<p style=\"text-align: center;\">Berichte \u00fcber unsere Klinik, welche durch die Medien ver\u00f6ffentlicht wurden.<\/p>\n<\/div><\/section><br \/>\n<div style='height:75px' class='hr hr-invisible   avia-builder-el-16  el_after_av_textblock  el_before_av_button '><span class='hr-inner ' ><span class='hr-inner-style'><\/span><\/span><\/div><br \/>\n<div class='avia-button-wrap avia-button-center  avia-builder-el-17  el_after_av_hr  avia-builder-el-last '><a href='https:\/\/www.al-hami.de\/nsc\/aktuelles\/aktuelles-medienberichte\/'  class='avia-button   avia-icon_select-no avia-color-light avia-size-medium avia-position-center '   ><span class='avia_iconbox_title' >Medienberichte<\/span><\/a><\/div><\/p><\/div><div class=\"flex_column av_one_third  no_margin flex_column_table_cell av-equal-height-column av-align-top   avia-builder-el-18  el_after_av_one_third  el_before_av_hr  \" style='padding:40px; background-color:#69bbce; border-radius:0px; '><p><span class=\"av_font_icon avia_animate_when_visible avia-icon-animate  av-icon-style-  avia-icon-pos-center \" style=\"color:#ffffff; border-color:#ffffff;\"><span class='av-icon-char' style='font-size:60px;line-height:60px;' aria-hidden='true' data-av_icon='\uf113' data-av_iconfont='medical' ><\/span><\/span><br \/>\n<div style='height:20px' class='hr hr-invisible   avia-builder-el-20  el_after_av_font_icon  el_before_av_textblock '><span class='hr-inner ' ><span class='hr-inner-style'><\/span><\/span><\/div><br \/>\n<section class=\"av_textblock_section \"  itemscope=\"itemscope\" itemtype=\"https:\/\/schema.org\/CreativeWork\" ><div class='avia_textblock  av_inherit_color '  style='color:#ffffff; '  itemprop=\"text\" ><h4 style=\"text-align: center;\">Auszeichnungen<\/h4>\n<p style=\"text-align: center;\">Wir unterziehen uns regelm\u00e4\u00dfig strengen Pr\u00fcfungen, deren Ergebnisse wir Ihnen an dieser Stelle pr\u00e4sentieren.<\/p>\n<\/div><\/section><br \/>\n<div style='height:20px' class='hr hr-invisible   avia-builder-el-22  el_after_av_textblock  el_before_av_button '><span class='hr-inner ' ><span class='hr-inner-style'><\/span><\/span><\/div><br \/>\n<div class='avia-button-wrap avia-button-center  avia-builder-el-23  el_after_av_hr  avia-builder-el-last '><a href='https:\/\/www.al-hami.de\/nsc\/aktuelles\/aktuelles-auszeichnungen\/'  class='avia-button   avia-icon_select-no avia-color-light avia-size-medium avia-position-center '   ><span class='avia_iconbox_title' >Auszeichnungen<\/span><\/a><\/div><\/p><\/div><\/div><!--close column table wrapper. Autoclose: 1 --><div style='height:100px' class='hr hr-invisible   avia-builder-el-24  el_after_av_one_third  el_before_av_blog '><span class='hr-inner ' ><span class='hr-inner-style'><\/span><\/span><\/div>\n<div class='av-alb-blogposts template-blog  '  itemscope=\"itemscope\" itemtype=\"https:\/\/schema.org\/Blog\" ><article class='post-entry post-entry-type-standard post-entry-2713 post-loop-1 post-parity-odd post-entry-last single-big with-slider post-2713 post type-post status-publish format-standard has-post-thumbnail hentry category-auszeichnungen'  itemscope=\"itemscope\" itemtype=\"https:\/\/schema.org\/BlogPosting\" ><div class=\"big-preview single-big\"><a href=\"https:\/\/www.al-hami.de\/nsc\/offenes-mrt\/\" title=\"Offenes MRT: Erste offene Kernspintomographie in der Region Fulda\/Osthessen\"><img width=\"845\" height=\"321\" src=\"https:\/\/www.al-hami.de\/nsc\/wp-content\/uploads\/al-hami_open-mrt-845x321.jpg\" class=\"attachment-entry_with_sidebar size-entry_with_sidebar wp-post-image\" alt=\"\" decoding=\"async\" loading=\"lazy\" \/><\/a><\/div><div class='blog-meta'><\/div><div class='entry-content-wrapper clearfix standard-content'><header class=\"entry-content-header\"><h2 class='post-title entry-title'  itemprop=\"headline\" >\t<a href='https:\/\/www.al-hami.de\/nsc\/offenes-mrt\/' rel='bookmark' title='Permanenter Link zu: Offenes MRT: Erste offene Kernspintomographie in der Region Fulda\/Osthessen'>Offenes MRT: Erste offene Kernspintomographie in der Region Fulda\/Osthessen\t\t\t<span class='post-format-icon minor-meta'><\/span>\t<\/a><\/h2><span class='post-meta-infos'><time class='date-container minor-meta updated' >8. September 2018<\/time><span class='text-sep text-sep-date'>\/<\/span><span class=\"blog-categories minor-meta\">in <a href=\"https:\/\/www.al-hami.de\/nsc\/category\/auszeichnungen\/\" rel=\"tag\">Auszeichnungen<\/a> <\/span><span class=\"text-sep text-sep-cat\">\/<\/span><span class=\"blog-author minor-meta\">von <span class=\"entry-author-link\" ><span class=\"vcard author\"><span class=\"fn\"><a href=\"https:\/\/www.al-hami.de\/nsc\/author\/haas\/\" title=\"Beitr\u00e4ge von Haas\" rel=\"author\">Haas<\/a><\/span><\/span><\/span><\/span><\/span><\/header><div class=\"entry-content\"  itemprop=\"text\" ><p>Im Bereich Strahlenschutz unterzieht sich das NSC regelm\u00e4\u00dfig strengen Pr\u00fcfungen durch die \u00c4rztl. Stelle f\u00fcr Qualit\u00e4tssicherung bzgl. R\u00f6ntgeneinrichtungen &#038; R\u00f6ntgenanwendungen. Gepr\u00fcft wird die Qualit\u00e4tssicherung von R\u00f6ntgeneinrichtungen zur Untersuchung am Menschen nach Paragraph 17a der R\u00d6V.<\/p>\n<p>Zur Verleihung des Zertifikats &#8220;R\u00f6ntgenqualit\u00e4t&#8221; muss mindestens Qualit\u00e4tsstufe 2 erreicht werden. Das NSC erhielt in allen gepr\u00fcften Teilbereichen, bzgl. unserer mobilen R\u00f6ntgeneinheit, die Qualit\u00e4tsstufe 1.<\/p>\n<div class=\"read-more-link\"><a href=\"https:\/\/www.al-hami.de\/nsc\/offenes-mrt\/\" class=\"more-link\">Weiterlesen<span class=\"more-link-arrow\"><\/span><\/a><\/div>\n<\/div><footer class=\"entry-footer\"><\/footer><div class='post_delimiter'><\/div><\/div><div class='post_author_timeline'><\/div><span class='hidden'>\n\t\t\t<span class='av-structured-data'  itemprop=\"image\" itemscope=\"itemscope\" itemtype=\"https:\/\/schema.org\/ImageObject\"  itemprop='image'>\n\t\t\t\t\t   <span itemprop='url' >https:\/\/www.al-hami.de\/nsc\/wp-content\/uploads\/al-hami_open-mrt.jpg<\/span>\n\t\t\t\t\t   <span itemprop='height' >800<\/span>\n\t\t\t\t\t   <span itemprop='width' >1180<\/span>\n\t\t\t\t  <\/span><span class='av-structured-data'  itemprop=\"publisher\" itemtype=\"https:\/\/schema.org\/Organization\" itemscope=\"itemscope\" >\n\t\t\t\t<span itemprop='name'>Haas<\/span>\n\t\t\t\t<span itemprop='logo' itemscope itemtype='https:\/\/schema.org\/ImageObject'>\n\t\t\t\t   <span itemprop='url'>https:\/\/www.al-hami.de\/nsc\/wp-content\/uploads\/nsc_logo.png<\/span>\n\t\t\t\t <\/span>\n\t\t\t  <\/span><span class='av-structured-data'  itemprop=\"author\" itemscope=\"itemscope\" itemtype=\"https:\/\/schema.org\/Person\" ><span itemprop='name'>Haas<\/span><\/span><span class='av-structured-data'  itemprop=\"datePublished\" datetime=\"2018-09-08T10:11:08+02:00\" >2018-09-08 10:11:08<\/span><span class='av-structured-data'  itemprop=\"dateModified\" itemtype=\"https:\/\/schema.org\/dateModified\" >2020-10-20 11:10:03<\/span><span class='av-structured-data'  itemprop=\"mainEntityOfPage\" itemtype=\"https:\/\/schema.org\/mainEntityOfPage\" ><span itemprop='name'>Offenes MRT: Erste offene Kernspintomographie in der Region Fulda\/Osthessen<\/span><\/span><\/span><\/article><div class='single-big'><\/div><\/div>\n<\/div><\/div><\/div><!-- close content main div --><\/div><\/div><div id='after_section_1' class='main_color av_default_container_wrap container_wrap sidebar_right' style=' '  ><div class='container' ><div class='template-page content  av-content-small alpha units'><div class='post-entry post-entry-type-page post-entry-2709'><div class='entry-content-wrapper clearfix'><div  class='hr hr-default  '><span class='hr-inner ' ><span class='hr-inner-style'><\/span><\/span><\/div><\/p>\n","protected":false},"excerpt":{"rendered":"","protected":false},"author":8,"featured_media":0,"parent":2645,"menu_order":20,"comment_status":"closed","ping_status":"closed","template":"","meta":[],"_links":{"self":[{"href":"https:\/\/www.al-hami.de\/nsc\/wp-json\/wp\/v2\/pages\/2709"}],"collection":[{"href":"https:\/\/www.al-hami.de\/nsc\/wp-json\/wp\/v2\/pages"}],"about":[{"href":"https:\/\/www.al-hami.de\/nsc\/wp-json\/wp\/v2\/types\/page"}],"author":[{"embeddable":true,"href":"https:\/\/www.al-hami.de\/nsc\/wp-json\/wp\/v2\/users\/8"}],"replies":[{"embeddable":true,"href":"https:\/\/www.al-hami.de\/nsc\/wp-json\/wp\/v2\/comments?post=2709"}],"version-history":[{"count":6,"href":"https:\/\/www.al-hami.de\/nsc\/wp-json\/wp\/v2\/pages\/2709\/revisions"}],"predecessor-version":[{"id":4283,"href":"https:\/\/www.al-hami.de\/nsc\/wp-json\/wp\/v2\/pages\/2709\/revisions\/4283"}],"up":[{"embeddable":true,"href":"https:\/\/www.al-hami.de\/nsc\/wp-json\/wp\/v2\/pages\/2645"}],"wp:attachment":[{"href":"https:\/\/www.al-hami.de\/nsc\/wp-json\/wp\/v2\/media?parent=2709"}],"curies":[{"name":"wp","href":"https:\/\/api.w.org\/{rel}","templated":true}]}}