{"id":2855,"date":"2019-01-08T22:47:37","date_gmt":"2019-01-08T21:47:37","guid":{"rendered":"https:\/\/www.al-hami.de\/nsc\/?page_id=2855"},"modified":"2021-08-04T15:27:42","modified_gmt":"2021-08-04T13:27:42","slug":"gaestebuch-2019","status":"publish","type":"page","link":"https:\/\/www.al-hami.de\/nsc\/gaestebuch-2019\/","title":{"rendered":"G\u00e4stebuch 2019"},"content":{"rendered":"<div id='av-layout-grid-1' class='av-layout-grid-container entry-content-wrapper main_color av-flex-cells    avia-builder-el-0  el_before_av_section  avia-builder-el-first  container_wrap sidebar_right' style=' '  >\n<div class=\"flex_cell no_margin av_one_half  avia-builder-el-1  el_before_av_cell_one_half  avia-builder-el-first   avia-full-stretch av-zero-padding \" style='height:500px; min-height:500px;background:url(https:\/\/www.al-hami.de\/nsc\/wp-content\/uploads\/wissenswertes.jpg) top left no-repeat scroll; vertical-align:middle; padding:0px; background-color:#19839a; '><div class='flex_cell_inner' ><\/div><\/div><div class=\"flex_cell no_margin av_one_half  avia-builder-el-2  el_after_av_cell_one_half  avia-builder-el-last   \" style='height:500px; min-height:500px;vertical-align:middle; padding:80px; background-color:#19839a; '><div class='flex_cell_inner' ><p><div style='padding-bottom:25px; color:#ffffff;font-size:34px;' class='av-special-heading av-special-heading-h3 custom-color-heading blockquote modern-quote  avia-builder-el-3  el_before_av_textblock  avia-builder-el-first  av-inherit-size '><h3 class='av-special-heading-tag '  itemprop=\"headline\"  >G\u00e4stebuch 2019<\/h3><div class='special-heading-border'><div class='special-heading-inner-border' style='border-color:#ffffff'><\/div><\/div><\/div><br \/>\n<section class=\"av_textblock_section \"  itemscope=\"itemscope\" itemtype=\"https:\/\/schema.org\/CreativeWork\" ><div class='avia_textblock  av_inherit_color '  style='color:#ffffff; '  itemprop=\"text\" ><p>Wir bedanken uns bei allen Patienten f\u00fcr das entgegengesetzte Vertrauen. Ihre Gesundheit und Ihr Wohlbefinden ist der wahre Lohn unserer Arbeit.<\/p>\n<\/div><\/section><\/p>\n<\/div><\/div>\n<\/div>\n<div id='av_section_1' class='avia-section main_color avia-section-huge avia-no-border-styling avia-bg-style-scroll  avia-builder-el-5  el_after_av_layout_row  el_before_av_textblock   container_wrap sidebar_right' style=' '  ><div class='container' ><div class='template-page content  av-content-small alpha units'><div class='post-entry post-entry-type-page post-entry-2855'><div class='entry-content-wrapper clearfix'>\n<div class='flex_column_table av-equal-height-column-flextable -flextable' style='margin-top:-200px; margin-bottom:0px; '><div class=\"flex_column av_one_third  no_margin flex_column_table_cell av-equal-height-column av-align-top first  avia-builder-el-6  el_before_av_one_third  avia-builder-el-first  \" style='padding:40px; border-radius:0px; '><\/div><div class=\"flex_column av_one_third  no_margin flex_column_table_cell av-equal-height-column av-align-top   avia-builder-el-7  el_after_av_one_third  el_before_av_one_third  \" style='padding:40px; background-color:#27a1bc; border-radius:0px; '><p><span class=\"av_font_icon avia_animate_when_visible avia-icon-animate  av-icon-style-  avia-icon-pos-center \" style=\"color:#ffffff; border-color:#ffffff;\"><span class='av-icon-char' style='font-size:60px;line-height:60px;' aria-hidden='true' data-av_icon='\ue836' data-av_iconfont='entypo-fontello' ><\/span><\/span><br \/>\n<div style='height:20px' class='hr hr-invisible   avia-builder-el-9  el_after_av_font_icon  el_before_av_textblock '><span class='hr-inner ' ><span class='hr-inner-style'><\/span><\/span><\/div><br \/>\n<section class=\"av_textblock_section \"  itemscope=\"itemscope\" itemtype=\"https:\/\/schema.org\/CreativeWork\" ><div class='avia_textblock  av_inherit_color '  style='color:#ffffff; '  itemprop=\"text\" ><h4 style=\"text-align: center;\">Sie haben das Wort<\/h4>\n<p style=\"text-align: center;\">Haben Sie Anregungen, Vorschl\u00e4ge, W\u00fcnsche, Lob aber auch Kritik, so w\u00fcrden wir uns \u00fcber einen Eintrag in unser G\u00e4stebuch freuen. Nur so haben wir die M\u00f6glichkeit uns stetig, zum Wohle der Patienten, zu verbessern.<\/p>\n<\/div><\/section><\/p><\/div><div class=\"flex_column av_one_third  no_margin flex_column_table_cell av-equal-height-column av-align-top   avia-builder-el-11  el_after_av_one_third  el_before_av_hr  \" style='padding:40px; border-radius:0px; '><\/div><\/div><!--close column table wrapper. Autoclose: 1 --><div style='height:20px' class='hr hr-invisible   avia-builder-el-12  el_after_av_one_third  el_before_av_textblock '><span class='hr-inner ' ><span class='hr-inner-style'><\/span><\/span><\/div>\n<section class=\"av_textblock_section \"  itemscope=\"itemscope\" itemtype=\"https:\/\/schema.org\/CreativeWork\" ><div class='avia_textblock  '   itemprop=\"text\" ><p>Unter folgenden Links finden Sie die G\u00e4steb\u00fccher aus den vergangenen Jahren:<br \/>\n<a href=\"https:\/\/www.al-hami.de\/nsc\/gaestebuch-2021\/\">2021<\/a> | <a href=\"https:\/\/www.al-hami.de\/nsc\/gaestebuch-2020\/\" target=\"_self\" rel=\"noopener\">2020<\/a> |\u00a02019 |<a href=\"https:\/\/www.al-hami.de\/nsc\/gaestebuch-2018\/\" target=\"_self\" rel=\"noopener\">2018<\/a> | <a href=\"https:\/\/www.al-hami.de\/nsc\/gaestebuch-2017\/\" target=\"_self\" rel=\"noopener\">2017<\/a> | <a href=\"https:\/\/www.al-hami.de\/nsc\/gaestebuch-2016\/\" target=\"_self\" rel=\"noopener\">2016<\/a> | <a href=\"https:\/\/www.al-hami.de\/nsc\/gaestebuch-2015\/\" target=\"_self\" rel=\"noopener\">2015<\/a> | <a href=\"https:\/\/www.al-hami.de\/nsc\/gaestebuch-2014\/\" target=\"_self\" rel=\"noopener\">2014<\/a> | <a href=\"https:\/\/www.al-hami.de\/nsc\/gaestebuch-2013\/\" target=\"_self\" rel=\"noopener\">2013<\/a> | <a href=\"https:\/\/www.al-hami.de\/nsc\/gaestebuch-2012\/\" target=\"_self\" rel=\"noopener\">2012<\/a> | <a href=\"https:\/\/www.al-hami.de\/nsc\/gaestebuch-2011\/\" target=\"_self\" rel=\"noopener\">2011<\/a> | <a href=\"https:\/\/www.al-hami.de\/nsc\/gaestebuch-2010\/\" target=\"_self\" rel=\"noopener\">2010<\/a> | <a href=\"\/nsc\/gaestebuch-2009\/\" target=\"_self\" rel=\"noopener\">2009<\/a> | <a href=\"https:\/\/www.al-hami.de\/nsc\/gaestebuch-2008\/\" target=\"_self\" rel=\"noopener\">2008<\/a> | <a href=\"https:\/\/www.al-hami.de\/nsc\/gaestebuch-2007\/\" target=\"_self\" rel=\"noopener\">2007<\/a> | <a href=\"https:\/\/www.al-hami.de\/nsc\/gaestebuch-2006\/\" target=\"_self\" rel=\"noopener\">2006<\/a> | <a href=\"https:\/\/www.al-hami.de\/nsc\/gaestebuch-2005\/\" target=\"_self\" rel=\"noopener\">2005<\/a><\/p>\n<\/div><\/section>\n<\/div><\/div><\/div><!-- close content main div --><\/div><\/div><div id='after_section_1' class='main_color av_default_container_wrap container_wrap sidebar_right' style=' '  ><div class='container' ><div class='template-page content  av-content-small alpha units'><div class='post-entry post-entry-type-page post-entry-2855'><div class='entry-content-wrapper clearfix'><section class=\"av_textblock_section \"  itemscope=\"itemscope\" itemtype=\"https:\/\/schema.org\/CreativeWork\" ><div class='avia_textblock  '   itemprop=\"text\" ><div class=\"gwolle-gb\"><div class=\"gwolle_gb_messages_top_container\"><\/div>\n\t\t\t<div class=\"gwolle-gb-write-button\">\n\t\t\t\t<input type=\"button\" name=\"gwolle-gb-write-button\" class=\"button btn btn-default \" value=\"&raquo; Neuen Eintrag schreiben\" \/>\n\t\t\t<\/div>\n\t\t\t<form action=\"#\" method=\"POST\" class=\"gwolle-gb-write gwolle-gb-hide gwolle-gb-float gwolle_gb_form_ajax gwolle-gb-form-ajax\">\n\t\t\t\t<h3>Einen neuen Eintrag f\u00fcr das G\u00e4stebuch schreiben<\/h3>\n\t\t\t\t<button type=\"button\" class=\"gb-notice-dismiss\">x<span class=\"screen-reader-text\">Dieses Formular ausblenden<\/span><\/button>\n\t\t\t\n\t\t\t\t<input type=\"hidden\" name=\"gwolle_gb_function\" class=\"gwolle_gb_function\" value=\"add_entry\" \/><input type=\"hidden\" name=\"gwolle_gb_book_id\" class=\"gwolle_gb_book_id\" value=\"15\" \/><div class=\"gwolle_gb_605d611dd0599d223844f0f164db1eda\">\n\t\t\t\t<div class=\"label\"><label for=\"gwolle_gb_605d611dd0599d223844f0f164db1eda\" class=\"text-info\">Name *<\/label><\/div>\n\t\t\t\t<div class=\"input\"><input class=\"wp-exclude-emoji gwolle_gb_605d611dd0599d223844f0f164db1eda\" value=\"\" type=\"text\" name=\"gwolle_gb_605d611dd0599d223844f0f164db1eda\" required \/><\/div>\n\t\t\t<\/div>\n\t\t\t<div class=\"clearBoth\">&nbsp;<\/div><div class=\"gwolle_gb_7ccaca6cccbcb6a41595626e43f4fa9b\">\n\t\t\t\t\t<div class=\"label\"><label for=\"gwolle_gb_7ccaca6cccbcb6a41595626e43f4fa9b\" class=\"text-info\">Ort<\/label><\/div>\n\t\t\t\t\t<div class=\"input\"><input class=\"wp-exclude-emoji gwolle_gb_7ccaca6cccbcb6a41595626e43f4fa9b\" value=\"\" type=\"text\" name=\"gwolle_gb_7ccaca6cccbcb6a41595626e43f4fa9b\" \/><\/div>\n\t\t\t\t<\/div>\n\t\t\t\t<div class=\"clearBoth\">&nbsp;<\/div><div class=\"gwolle_gb_8352e5b37d35a09d5ea56b0b087016e5\">\n\t\t\t\t<div class=\"label\"><label for=\"gwolle_gb_8352e5b37d35a09d5ea56b0b087016e5\" class=\"text-info\">E-Mail *<\/label><\/div>\n\t\t\t\t<div class=\"input\"><input class=\"gwolle_gb_8352e5b37d35a09d5ea56b0b087016e5\" value=\"\" type=\"text\" name=\"gwolle_gb_8352e5b37d35a09d5ea56b0b087016e5\" required \/><\/div>\n\t\t\t<\/div>\n\t\t\t<div class=\"clearBoth\">&nbsp;<\/div><div class=\"gwolle_gb_725fb5b81fdab6b2c212b9970dc16a5b\">\n\t\t\t\t<div class=\"label\"><label for=\"gwolle_gb_725fb5b81fdab6b2c212b9970dc16a5b\" class=\"text-info\">Website<\/label><\/div>\n\t\t\t\t<div class=\"input\"><input class=\"gwolle_gb_725fb5b81fdab6b2c212b9970dc16a5b\" value=\"\" type=\"text\" name=\"gwolle_gb_725fb5b81fdab6b2c212b9970dc16a5b\" \/><\/div>\n\t\t\t<\/div>\n\t\t\t<div class=\"clearBoth\">&nbsp;<\/div>\n\t\t\t<div class=\"gwolle_gb_eebab8d4ae5112a2b4f082beec77b3ef\" style=\"display:none;\">\n\t\t\t\t<div class=\"label\">\n\t\t\t\t\t<label for=\"gwolle_gb_eebab8d4ae5112a2b4f082beec77b3ef\" class=\"text-primary\">Hier nichts eingeben<\/label>\n\t\t\t\t\t<label for=\"gwolle_gb_cc138dedda8871225ec2cdb9e0b91f08\" class=\"text-primary\">Hier nichts eingeben<\/label>\n\t\t\t\t<\/div>\n\t\t\t\t<div class=\"input\">\n\t\t\t\t\t<input value=\"63\" type=\"text\" name=\"gwolle_gb_eebab8d4ae5112a2b4f082beec77b3ef\" class=\"gwolle_gb_eebab8d4ae5112a2b4f082beec77b3ef\" \/>\n\t\t\t\t\t<input value=\"\" type=\"text\" name=\"gwolle_gb_cc138dedda8871225ec2cdb9e0b91f08\" class=\"gwolle_gb_cc138dedda8871225ec2cdb9e0b91f08\" \/>\n\t\t\t\t<\/div>\n\t\t\t<\/div>\n\t\t\t<div class=\"clearBoth\"><\/div>\n\t\t\t<div class=\"gwolle_gb_c15124ca096a531079f1de0cb7b38cf7\" style=\"display:none;\">\n\t\t\t\t<div class=\"label\">\n\t\t\t\t\t<label for=\"gwolle_gb_c15124ca096a531079f1de0cb7b38cf7\" class=\"text-primary\">Hier nichts eingeben<\/label>\n\t\t\t\t\t<label for=\"gwolle_gb_a1df69a0a56924a6b022b82d59fe4667\" class=\"text-primary\">Hier nichts eingeben<\/label>\n\t\t\t\t<\/div>\n\t\t\t\t<div class=\"input\">\n\t\t\t\t\t<input value=\"93897\" type=\"text\" name=\"gwolle_gb_c15124ca096a531079f1de0cb7b38cf7\" class=\"gwolle_gb_c15124ca096a531079f1de0cb7b38cf7\" \/>\n\t\t\t\t\t<input value=\"93897\" type=\"text\" name=\"gwolle_gb_a1df69a0a56924a6b022b82d59fe4667\" class=\"gwolle_gb_a1df69a0a56924a6b022b82d59fe4667\" \/>\n\t\t\t\t<\/div>\n\t\t\t<\/div>\n\t\t\t<div class=\"clearBoth\"><\/div><div class=\"gwolle_gb_content\">\n\t\t\t\t<div class=\"label\"><label for=\"gwolle_gb_content\" class=\"text-info\">G\u00e4stebucheintrag *<\/label><\/div>\n\t\t\t\t<div class=\"input\"><textarea name=\"gwolle_gb_content\" class=\"gwolle_gb_content wp-exclude-emoji\" required ><\/textarea><\/div>\n\t\t\t\t<\/div>\n\t\t\t<div class=\"clearBoth\">&nbsp;<\/div><input type=\"hidden\" class=\"gwolle_gb_e39eedcb076580731e85ab862f9cec48\" name=\"gwolle_gb_e39eedcb076580731e85ab862f9cec48\" value=\"c8668023b9\" \/>\n\t\t\t<div class=\"gwolle_gb_messages_bottom_container\"><\/div>\n\n\t\t\t<noscript><div class=\"no-js\">Warnung: Dieses Formular kann nur verwendet werden, wenn in deinem Browser JavaScript aktiviert ist.<\/div><\/noscript>\n\n\t\t\t<div class=\"gwolle_gb_submit\">\n\t\t\t\t<div class=\"label gwolle-gb-invisible text-muted\">&nbsp;<\/div>\n\t\t\t\t<div class=\"input\">\n\t\t\t\t\t<input type=\"submit\" name=\"gwolle_gb_submit\" class=\"gwolle_gb_submit button btn btn-primary \" value=\"Absenden\" \/>\n\t\t\t\t\t<span class=\"gwolle_gb_submit_ajax_icon\"><\/span>\n\t\t\t\n\t\t\t\t<\/div>\n\t\t\t<\/div>\n\t\t\t<div class=\"clearBoth\">&nbsp;<\/div>\n\n\t\t\t<div class=\"gwolle_gb_notice\">\n\t\t\t\tMit * gekennzeichnete Felder sind erforderlich.<br \/>\r\nDeine E-Mail-Adresse wird nicht ver\u00f6ffentlicht.<br \/>\r\nEs ist m\u00f6glich, dass dein Eintrag im G\u00e4stebuch erst sichtbar ist, nachdem wir ihn \u00fcberpr\u00fcft haben.<br \/>\r\nWir behalten uns vor, Eintr\u00e4ge zu bearbeiten, zu l\u00f6schen oder nicht zu ver\u00f6ffentlichen.\n\t\t\t<\/div><\/form>\n\t\t\t\t<div class=\"page-navigation\">\n\t\t\t\t\t<span class=\"screen-reader-text\">Guestbook list navigation<\/span><span class=\"page-numbers current\">1<\/span><a href=\"https:\/\/www.al-hami.de\/nsc\/gaestebuch-2019\/?pageNum=2\" title=\"Seite 2\">2<\/a><a href=\"https:\/\/www.al-hami.de\/nsc\/gaestebuch-2019\/?pageNum=3\" title=\"Seite 3\">3<\/a><a href=\"https:\/\/www.al-hami.de\/nsc\/gaestebuch-2019\/?pageNum=4\" title=\"Seite 4\">4<\/a><a href=\"https:\/\/www.al-hami.de\/nsc\/gaestebuch-2019\/?pageNum=5\" title=\"Seite 5\">5<\/a><span class=\"page-numbers dots\">...<\/span><a href=\"https:\/\/www.al-hami.de\/nsc\/gaestebuch-2019\/?pageNum=21\" title=\"Seite 21\">21<\/a><a href=\"https:\/\/www.al-hami.de\/nsc\/gaestebuch-2019\/?pageNum=2\" title=\"N\u00e4chste Seite\" rel=\"next\">&rarr;<\/a><\/div>\n\t\t<div class=\"gwolle-gb-read \" data-book_id=\"15\"><div id=\"gwolle-gb-total\">407 Eintr\u00e4ge<\/div><!-- Gwolle-GB Entry: Custom Template Loaded -->\n\t\t\t\t<div class=\"gb-entry gb-entry_10068 gb-entry-count_1 gwolle_gb_uneven gwolle-gb-uneven gwolle_gb_first gwolle-gb-first\">\n\t\t\t\t\t<div class=\"gb-author-info\">\n\t\t\t\t\t<\/div>\n\t\t\t\t\t<div class=\"gb-entry-content\">&bdquo;Ausgezeichnete, kompetente medizinische Betreuung. Gro\u00dfz\u00fcgige R\u00e4umlichkeiten. Sehr freundliche Betreuung. Deutliche Aufkl\u00e4rung. Komfortable Unterbringung und Verpflegung.<span>&rdquo; , 07.12.2019<\/span>\n\t\t\t\t\t<\/div>\n\t\t\t<\/div>\n\t\t\t<div class=\"gb-entry gb-entry_10067 gb-entry-count_2 gwolle_gb_even gwolle-gb-even\">\n\t\t\t\t\t<div class=\"gb-author-info\">\n\t\t\t\t\t<\/div>\n\t\t\t\t\t<div class=\"gb-entry-content\">&bdquo;Ich war von der Aufnahme bis zur Entlassung sehr zufrieden. Ich w\u00fcrde diese Klinik weiter empfehlen, bei Familie, Bekennten und Verwandten.<span>&rdquo; , 07.12.2019<\/span>\n\t\t\t\t\t<\/div>\n\t\t\t<\/div>\n\t\t\t<div class=\"gb-entry gb-entry_10066 gb-entry-count_3 gwolle_gb_uneven gwolle-gb-uneven\">\n\t\t\t\t\t<div class=\"gb-author-info\">\n\t\t\t\t\t<\/div>\n\t\t\t\t\t<div class=\"gb-entry-content\">&bdquo;Vom Gespr\u00e4ch bis hin zur OP, Betreuung und Entlassung ist eine sehr gute und liebe Betreuung. Ist nur zu empfehlen.<span>&rdquo; , 07.12.2019<\/span>\n\t\t\t\t\t<\/div>\n\t\t\t<\/div>\n\t\t\t<div class=\"gb-entry gb-entry_10065 gb-entry-count_4 gwolle_gb_even gwolle-gb-even\">\n\t\t\t\t\t<div class=\"gb-author-info\">\n\t\t\t\t\t<\/div>\n\t\t\t\t\t<div class=\"gb-entry-content\">&bdquo;Bin zum 3. Mal hier und kann es nur weiter empfehlen. Rundum zufrieden vom \u00c4rzteteam sowie Schwestern, OP-Team und Reinigungskr\u00e4ften. Immer ein gutes Wort und Zeit f\u00fcr den Patienten.<span>&rdquo; , 07.12.2019<\/span>\n\t\t\t\t\t<\/div>\n\t\t\t<\/div>\n\t\t\t<div class=\"gb-entry gb-entry_10064 gb-entry-count_5 gwolle_gb_uneven gwolle-gb-uneven\">\n\t\t\t\t\t<div class=\"gb-author-info\">\n\t\t\t\t\t<\/div>\n\t\t\t\t\t<div class=\"gb-entry-content\">&bdquo;Im Bad k\u00f6nnten ein paar Haken f\u00fcr Waschlappen befestigt werden. So sind die Zimmer sehr sch\u00f6n gestaltet. Ist mehr Urlaubsgef\u00fchl, als Krankenhaus! Sehr angenehm, kann man gut genie\u00dfen. Die Ledercouch sieht zwar sehr sch\u00f6n aus, zum Liegen aber sehr unangenehm.\r\nDie Schwestern haben immer ein offenes Ohr und sind alle sehr nett.<span>&rdquo; , 07.12.2019<\/span>\n\t\t\t\t\t<\/div>\n\t\t\t<\/div>\n\t\t\t<div class=\"gb-entry gb-entry_10063 gb-entry-count_6 gwolle_gb_even gwolle-gb-even\">\n\t\t\t\t\t<div class=\"gb-author-info\">\n\t\t\t\t\t<\/div>\n\t\t\t\t\t<div class=\"gb-entry-content\">&bdquo;Alle sind besonders nett gewesen. Mehr als 100 % zufrieden, sehr nette \u00c4rzte! Wirklich eine Luxusklinik!<span>&rdquo; , 07.12.2019<\/span>\n\t\t\t\t\t<\/div>\n\t\t\t<\/div>\n\t\t\t<div class=\"gb-entry gb-entry_10062 gb-entry-count_7 gwolle_gb_uneven gwolle-gb-uneven\">\n\t\t\t\t\t<div class=\"gb-author-info\">\n\t\t\t\t\t<\/div>\n\t\t\t\t\t<div class=\"gb-entry-content\">&bdquo;Hr. Eid - Weltklasse!<span>&rdquo; , 07.12.2019<\/span>\n\t\t\t\t\t<\/div>\n\t\t\t<\/div>\n\t\t\t<div class=\"gb-entry gb-entry_10061 gb-entry-count_8 gwolle_gb_even gwolle-gb-even\">\n\t\t\t\t\t<div class=\"gb-author-info\">\n\t\t\t\t\t<\/div>\n\t\t\t\t\t<div class=\"gb-entry-content\">&bdquo;Super Leistung bei allem, 10 von 10 Punkten!<span>&rdquo; , 07.12.2019<\/span>\n\t\t\t\t\t<\/div>\n\t\t\t<\/div>\n\t\t\t<div class=\"gb-entry gb-entry_10060 gb-entry-count_9 gwolle_gb_uneven gwolle-gb-uneven\">\n\t\t\t\t\t<div class=\"gb-author-info\">\n\t\t\t\t\t<\/div>\n\t\t\t\t\t<div class=\"gb-entry-content\">&bdquo;\u00c4u\u00dferst freundliche Aufnahme, das Personal ist h\u00f6flich, freundlich und sehr hilfsbereit, immer ansprechbar. Ausstattung und Verpflegung haben den Standard eines Wellnesshotels. Auf die W\u00fcnsche der Patienten wird freundlich und umgehend reagiert. Medizinische Betreuung ist umfangreich und kompetent.\r\nDiese Klinik ist unbedingt zu empfehlen!\r\nVon mir w\u00fcrde diese Klinik 5 Sterne erhalten!<span>&rdquo; , 07.12.2019<\/span>\n\t\t\t\t\t<\/div>\n\t\t\t<\/div>\n\t\t\t<div class=\"gb-entry gb-entry_10059 gb-entry-count_10 gwolle_gb_even gwolle-gb-even\">\n\t\t\t\t\t<div class=\"gb-author-info\">\n\t\t\t\t\t<\/div>\n\t\t\t\t\t<div class=\"gb-entry-content\">&bdquo;Ich bin sehr mit dem Team des Neuro-Spine-Center zufrieden. Ich habe mich richtig geborgen gef\u00fchlt.<span>&rdquo; , 07.12.2019<\/span>\n\t\t\t\t\t<\/div>\n\t\t\t<\/div>\n\t\t\t<div class=\"gb-entry gb-entry_10058 gb-entry-count_11 gwolle_gb_uneven gwolle-gb-uneven\">\n\t\t\t\t\t<div class=\"gb-author-info\">\n\t\t\t\t\t<\/div>\n\t\t\t\t\t<div class=\"gb-entry-content\">&bdquo;Der Aufenthalt war stressfrei.\r\nDank den kompetenten \u00c4rzte\/An\u00e4sthesisten\r\nLobenswert ist auch die Sauberkeit!<span>&rdquo; , 07.12.2019<\/span>\n\t\t\t\t\t<\/div>\n\t\t\t<\/div>\n\t\t\t<div class=\"gb-entry gb-entry_10057 gb-entry-count_12 gwolle_gb_even gwolle-gb-even\">\n\t\t\t\t\t<div class=\"gb-author-info\">\n\t\t\t\t\t<\/div>\n\t\t\t\t\t<div class=\"gb-entry-content\">&bdquo;Die spezialisierte Fachklinik ist \u00e4u\u00dferst kompetent. Sehr gute, qualifizierte und erfahrene Fach\u00e4rzte. Hervorragende Atmosph\u00e4re und sehr nettes und kompetentes Pflegepersonal.<span>&rdquo; , 07.12.2019<\/span>\n\t\t\t\t\t<\/div>\n\t\t\t<\/div>\n\t\t\t<div class=\"gb-entry gb-entry_10056 gb-entry-count_13 gwolle_gb_uneven gwolle-gb-uneven\">\n\t\t\t\t\t<div class=\"gb-author-info\">\n\t\t\t\t\t<\/div>\n\t\t\t\t\t<div class=\"gb-entry-content\">&bdquo;Das Neuro-Spine-Center Dr. Al-Hami, vertreten durch Herrn Eid, hat von Beginn an \u00fcberzeugt. Hr. Eid war der 4. Arzt, der sich meine MRT-Bilder angesehen hat. Die ersten 3 haben die Bilder der Lendenwirbel als unauff\u00e4llig bewertet. Hr. Eid hat die richtige Diagnose innerhalb weniger Minuten gestellt. Die Begleitung bis zur OP war mehr als \u00fcberzeugend. Das Stationsteam ist kompetent und freundlich.<span>&rdquo; , 07.12.2019<\/span>\n\t\t\t\t\t<\/div>\n\t\t\t<\/div>\n\t\t\t<div class=\"gb-entry gb-entry_10055 gb-entry-count_14 gwolle_gb_even gwolle-gb-even\">\n\t\t\t\t\t<div class=\"gb-author-info\">\n\t\t\t\t\t<\/div>\n\t\t\t\t\t<div class=\"gb-entry-content\">&bdquo;Es war alles in bester Ordnung.\r\nBesser k\u00f6nnte es nicht sein!<span>&rdquo; , 07.12.2019<\/span>\n\t\t\t\t\t<\/div>\n\t\t\t<\/div>\n\t\t\t<div class=\"gb-entry gb-entry_10054 gb-entry-count_15 gwolle_gb_uneven gwolle-gb-uneven\">\n\t\t\t\t\t<div class=\"gb-author-info\">\n\t\t\t\t\t<\/div>\n\t\t\t\t\t<div class=\"gb-entry-content\">&bdquo;Hatte jahrelang Probleme!\r\nUnd wenn es jetzt wirklich das war, was hier gefunden wurde, danke ich euch von ganzem Herzen!<span>&rdquo; , 07.12.2019<\/span>\n\t\t\t\t\t<\/div>\n\t\t\t<\/div>\n\t\t\t<div class=\"gb-entry gb-entry_10053 gb-entry-count_16 gwolle_gb_even gwolle-gb-even\">\n\t\t\t\t\t<div class=\"gb-author-info\">\n\t\t\t\t\t<\/div>\n\t\t\t\t\t<div class=\"gb-entry-content\">&bdquo;Sehr geehrtes Team,\r\nich kam als sehr \u00e4ngstlicher Patient und wurde super aufgenommen und all meine \u00c4ngste wurden ernst genommen. Ob \u00c4rzte, Schwestern oder Sekretariat.\r\nMan f\u00fchlt sich sicher und wohl, kein Vergleich zu anderen Kliniken. Auch das Ambiente, die Sauberkeit und Ausstattung. Jeder ist bem\u00fcht und zeigt das auch mit L\u00e4cheln im Gesicht, selbst die Nachtschwester. Diese Klinik mit ihrem Team ist absolut zu empfehlen.<span>&rdquo; , 07.12.2019<\/span>\n\t\t\t\t\t<\/div>\n\t\t\t<\/div>\n\t\t\t<div class=\"gb-entry gb-entry_10048 gb-entry-count_17 gwolle_gb_uneven gwolle-gb-uneven\">\n\t\t\t\t\t<div class=\"gb-author-info\">\n\t\t\t\t\t<\/div>\n\t\t\t\t\t<div class=\"gb-entry-content\">&bdquo;Ausschlaggebend f\u00fcr die Entscheidung zur OP hier, war das sehr gute Aufkl\u00e4rungs- und Beratungsgespr\u00e4ch durch Dr. Evangelou ( Er nahm sich Zeit und erl\u00e4uterte verst\u00e4ndlich und fachlich versiert)\r\nInsgesamt sehr gute Kontakte mit dem An\u00e4sthesisten, sehr gut beratend.\r\nPflegepersonal sehr nett, hilfsbereit, umsorgend.\r\nAlles TOP!!!<span>&rdquo; , 21.11.2019<\/span>\n\t\t\t\t\t<\/div>\n\t\t\t<\/div>\n\t\t\t<div class=\"gb-entry gb-entry_10047 gb-entry-count_18 gwolle_gb_even gwolle-gb-even\">\n\t\t\t\t\t<div class=\"gb-author-info\">\n\t\t\t\t\t<\/div>\n\t\t\t\t\t<div class=\"gb-entry-content\">&bdquo;Es w\u00e4re sch\u00f6n, wenn man w\u00fcsste, zu welchem Zeitpunkt man zur OP kommt und dann auch entsprechend kommen kann. Von Fr\u00fch um 7 Uhr da sein u. um 16 Uhr OP ist eine lange Zeit, da h\u00e4tte vielleicht auch 13 Uhr zur Anmeldung gereicht.<span>&rdquo; , 21.11.2019<\/span>\n\t\t\t\t\t<\/div>\n\t\t\t\t\t<div class=\"gb-entry-admin_reply\">\n\t\t\t\t\t\t<div class=\"gb-admin_reply_uid gb-admin-reply-uid\">\n\t\t\t\t\t\t\t<em>Administrator-Antwort:<\/em>\n\t\t\t\t\t\t<\/div> \n\t\t\t\t\t\t<div class=\"gb-admin_reply_content gb-admin-reply-content\">\n\t\t\t\t\t\tLieber Patient!\r\nAus organisatorischen Gr\u00fcnden ist eine \u00fcber den Tag verteilte Aufnahme leider nicht m\u00f6glich. Der OP-Plan wird von unseren \u00c4rzten morgens anhand wichtiger Faktoren gemacht, daher ist es wichtig, dass alle OP-Patienten um 7 Uhr anwesend sind. \r\nWir hoffen auf Ihr Verst\u00e4ndnis.\n\t\t\t\t\t\t<\/div>\n\t\t\t\t\t<\/div>\n\t\t\t<\/div>\n\t\t\t<div class=\"gb-entry gb-entry_10046 gb-entry-count_19 gwolle_gb_uneven gwolle-gb-uneven\">\n\t\t\t\t\t<div class=\"gb-author-info\">\n\t\t\t\t\t<\/div>\n\t\t\t\t\t<div class=\"gb-entry-content\">&bdquo;Sehr nettes Pflegepersonal und \u00c4rzteteam<span>&rdquo; , 21.11.2019<\/span>\n\t\t\t\t\t<\/div>\n\t\t\t<\/div>\n\t\t\t<div class=\"gb-entry gb-entry_10045 gb-entry-count_20 gwolle_gb_even gwolle-gb-even\">\n\t\t\t\t\t<div class=\"gb-author-info\">\n\t\t\t\t\t<\/div>\n\t\t\t\t\t<div class=\"gb-entry-content\">&bdquo;Hallo\r\nIch kann nur positives sagen, w\u00fcrde jeder Zeit wieder kommen.\r\nLG an Fr. Dr. David und an alle die mich betreut haben<span>&rdquo; , 21.11.2019<\/span>\n\t\t\t\t\t<\/div>\n\t\t\t<\/div>\n\t\t\t<\/div>\n\t\t\t\t<div class=\"page-navigation\">\n\t\t\t\t\t<span class=\"screen-reader-text\">Guestbook list navigation<\/span><span class=\"page-numbers current\">1<\/span><a href=\"https:\/\/www.al-hami.de\/nsc\/gaestebuch-2019\/?pageNum=2\" title=\"Seite 2\">2<\/a><a href=\"https:\/\/www.al-hami.de\/nsc\/gaestebuch-2019\/?pageNum=3\" title=\"Seite 3\">3<\/a><a href=\"https:\/\/www.al-hami.de\/nsc\/gaestebuch-2019\/?pageNum=4\" title=\"Seite 4\">4<\/a><a href=\"https:\/\/www.al-hami.de\/nsc\/gaestebuch-2019\/?pageNum=5\" title=\"Seite 5\">5<\/a><span class=\"page-numbers dots\">...<\/span><a href=\"https:\/\/www.al-hami.de\/nsc\/gaestebuch-2019\/?pageNum=21\" title=\"Seite 21\">21<\/a><a href=\"https:\/\/www.al-hami.de\/nsc\/gaestebuch-2019\/?pageNum=2\" title=\"N\u00e4chste Seite\" rel=\"next\">&rarr;<\/a><\/div>\n\t\t<\/div>\n<\/div><\/section><\/p>\n","protected":false},"excerpt":{"rendered":"","protected":false},"author":8,"featured_media":0,"parent":0,"menu_order":100,"comment_status":"closed","ping_status":"closed","template":"","meta":[],"_links":{"self":[{"href":"https:\/\/www.al-hami.de\/nsc\/wp-json\/wp\/v2\/pages\/2855"}],"collection":[{"href":"https:\/\/www.al-hami.de\/nsc\/wp-json\/wp\/v2\/pages"}],"about":[{"href":"https:\/\/www.al-hami.de\/nsc\/wp-json\/wp\/v2\/types\/page"}],"author":[{"embeddable":true,"href":"https:\/\/www.al-hami.de\/nsc\/wp-json\/wp\/v2\/users\/8"}],"replies":[{"embeddable":true,"href":"https:\/\/www.al-hami.de\/nsc\/wp-json\/wp\/v2\/comments?post=2855"}],"version-history":[{"count":6,"href":"https:\/\/www.al-hami.de\/nsc\/wp-json\/wp\/v2\/pages\/2855\/revisions"}],"predecessor-version":[{"id":5839,"href":"https:\/\/www.al-hami.de\/nsc\/wp-json\/wp\/v2\/pages\/2855\/revisions\/5839"}],"wp:attachment":[{"href":"https:\/\/www.al-hami.de\/nsc\/wp-json\/wp\/v2\/media?parent=2855"}],"curies":[{"name":"wp","href":"https:\/\/api.w.org\/{rel}","templated":true}]}}