{"id":4815,"date":"2021-08-04T15:26:17","date_gmt":"2021-08-04T13:26:17","guid":{"rendered":"https:\/\/www.al-hami.de\/nsc\/?page_id=4815"},"modified":"2021-08-04T15:26:17","modified_gmt":"2021-08-04T13:26:17","slug":"gaestebuch-2021","status":"publish","type":"page","link":"https:\/\/www.al-hami.de\/nsc\/gaestebuch-2021\/","title":{"rendered":"G\u00e4stebuch 2021"},"content":{"rendered":"<div id='av-layout-grid-1' class='av-layout-grid-container entry-content-wrapper main_color av-flex-cells    avia-builder-el-0  el_before_av_section  avia-builder-el-first  container_wrap sidebar_right' style=' '  >\n<div class=\"flex_cell no_margin av_one_half  avia-builder-el-1  el_before_av_cell_one_half  avia-builder-el-first   avia-full-stretch av-zero-padding \" style='height:500px; min-height:500px;background:url(https:\/\/www.al-hami.de\/nsc\/wp-content\/uploads\/wissenswertes.jpg) top left no-repeat scroll; vertical-align:middle; padding:0px; background-color:#19839a; '><div class='flex_cell_inner' ><\/div><\/div><div class=\"flex_cell no_margin av_one_half  avia-builder-el-2  el_after_av_cell_one_half  avia-builder-el-last   \" style='height:500px; min-height:500px;vertical-align:middle; padding:80px; background-color:#19839a; '><div class='flex_cell_inner' ><p><div style='padding-bottom:25px; color:#ffffff;font-size:34px;' class='av-special-heading av-special-heading-h3 custom-color-heading blockquote modern-quote  avia-builder-el-3  el_before_av_textblock  avia-builder-el-first  av-inherit-size '><h3 class='av-special-heading-tag '  itemprop=\"headline\"  >G\u00e4stebuch 2021<\/h3><div class='special-heading-border'><div class='special-heading-inner-border' style='border-color:#ffffff'><\/div><\/div><\/div><br \/>\n<section class=\"av_textblock_section \"  itemscope=\"itemscope\" itemtype=\"https:\/\/schema.org\/CreativeWork\" ><div class='avia_textblock  av_inherit_color '  style='color:#ffffff; '  itemprop=\"text\" ><p>Wir bedanken uns bei allen Patienten f\u00fcr das entgegengebrachte Vertrauen. Ihre Gesundheit und Ihr Wohlbefinden ist der wahre Lohn unserer Arbeit.<\/p>\n<\/div><\/section><\/p>\n<\/div><\/div><\/div><div id='av_section_1' class='avia-section main_color avia-section-huge avia-no-border-styling avia-bg-style-scroll  avia-builder-el-5  el_after_av_layout_row  el_before_av_textblock   container_wrap sidebar_right' style=' '  ><div class='container' ><div class='template-page content  av-content-small alpha units'><div class='post-entry post-entry-type-page post-entry-4815'><div class='entry-content-wrapper clearfix'>\n<div class='flex_column_table av-equal-height-column-flextable -flextable' style='margin-top:-200px; margin-bottom:0px; '><div class=\"flex_column av_one_third  no_margin flex_column_table_cell av-equal-height-column av-align-top first  avia-builder-el-6  el_before_av_one_third  avia-builder-el-first  \" style='padding:40px; border-radius:0px; '><\/div><div class=\"flex_column av_one_third  no_margin flex_column_table_cell av-equal-height-column av-align-top   avia-builder-el-7  el_after_av_one_third  el_before_av_one_third  \" style='padding:40px; background-color:#27a1bc; border-radius:0px; '><p><span class=\"av_font_icon avia_animate_when_visible avia-icon-animate  av-icon-style-  avia-icon-pos-center \" style=\"color:#ffffff; border-color:#ffffff;\"><span class='av-icon-char' style='font-size:60px;line-height:60px;' aria-hidden='true' data-av_icon='\ue836' data-av_iconfont='entypo-fontello' ><\/span><\/span><br \/>\n<div style='height:20px' class='hr hr-invisible   avia-builder-el-9  el_after_av_font_icon  el_before_av_textblock '><span class='hr-inner ' ><span class='hr-inner-style'><\/span><\/span><\/div><br \/>\n<section class=\"av_textblock_section \"  itemscope=\"itemscope\" itemtype=\"https:\/\/schema.org\/CreativeWork\" ><div class='avia_textblock  av_inherit_color '  style='color:#ffffff; '  itemprop=\"text\" ><h4 style=\"text-align: center;\">Sie haben das Wort<\/h4>\n<p style=\"text-align: center;\">Haben Sie Anregungen, Vorschl\u00e4ge, W\u00fcnsche, Lob aber auch Kritik, so w\u00fcrden wir uns \u00fcber einen Eintrag in unser G\u00e4stebuch freuen. Nur so haben wir die M\u00f6glichkeit uns stetig, zum Wohle der Patienten, zu verbessern.<\/p>\n<\/div><\/section><\/p><\/div><div class=\"flex_column av_one_third  no_margin flex_column_table_cell av-equal-height-column av-align-top   avia-builder-el-11  el_after_av_one_third  el_before_av_hr  \" style='padding:40px; border-radius:0px; '><\/div><\/div><!--close column table wrapper. Autoclose: 1 --><div style='height:20px' class='hr hr-invisible   avia-builder-el-12  el_after_av_one_third  el_before_av_textblock '><span class='hr-inner ' ><span class='hr-inner-style'><\/span><\/span><\/div>\n<section class=\"av_textblock_section \"  itemscope=\"itemscope\" itemtype=\"https:\/\/schema.org\/CreativeWork\" ><div class='avia_textblock  '   itemprop=\"text\" ><p>Unter folgenden Links finden Sie die G\u00e4steb\u00fccher aus den vergangenen Jahren:<br \/>\n2021 | <a href=\"https:\/\/www.al-hami.de\/nsc\/gaestebuch-2020\/\" target=\"_self\" rel=\"noopener\">2020<\/a> |\u00a0<a href=\"https:\/\/www.al-hami.de\/nsc\/gaestebuch-2019\/\" target=\"_self\" rel=\"noopener\">2019<\/a> |<a href=\"https:\/\/www.al-hami.de\/nsc\/gaestebuch-2018\/\" target=\"_self\" rel=\"noopener\">2018<\/a> | <a href=\"https:\/\/www.al-hami.de\/nsc\/gaestebuch-2017\/\" target=\"_self\" rel=\"noopener\">2017<\/a> | <a href=\"https:\/\/www.al-hami.de\/nsc\/gaestebuch-2016\/\" target=\"_self\" rel=\"noopener\">2016<\/a> | <a href=\"https:\/\/www.al-hami.de\/nsc\/gaestebuch-2015\/\" target=\"_self\" rel=\"noopener\">2015<\/a> | <a href=\"https:\/\/www.al-hami.de\/nsc\/gaestebuch-2014\/\" target=\"_self\" rel=\"noopener\">2014<\/a> | <a href=\"https:\/\/www.al-hami.de\/nsc\/gaestebuch-2013\/\" target=\"_self\" rel=\"noopener\">2013<\/a> | <a href=\"https:\/\/www.al-hami.de\/nsc\/gaestebuch-2012\/\" target=\"_self\" rel=\"noopener\">2012<\/a> | <a href=\"https:\/\/www.al-hami.de\/nsc\/gaestebuch-2011\/\" target=\"_self\" rel=\"noopener\">2011<\/a> | <a href=\"https:\/\/www.al-hami.de\/nsc\/gaestebuch-2010\/\" target=\"_self\" rel=\"noopener\">2010<\/a> | <a href=\"\/nsc\/gaestebuch-2009\/\" target=\"_self\" rel=\"noopener\">2009<\/a> | <a href=\"https:\/\/www.al-hami.de\/nsc\/gaestebuch-2008\/\" target=\"_self\" rel=\"noopener\">2008<\/a> | <a href=\"https:\/\/www.al-hami.de\/nsc\/gaestebuch-2007\/\" target=\"_self\" rel=\"noopener\">2007<\/a> | <a href=\"https:\/\/www.al-hami.de\/nsc\/gaestebuch-2006\/\" target=\"_self\" rel=\"noopener\">2006<\/a> | <a href=\"https:\/\/www.al-hami.de\/nsc\/gaestebuch-2005\/\" target=\"_self\" rel=\"noopener\">2005<\/a><\/p>\n<\/div><\/section>\n<\/div><\/div><\/div><!-- close content main div --><\/div><\/div><div id='after_section_1' class='main_color av_default_container_wrap container_wrap sidebar_right' style=' '  ><div class='container' ><div class='template-page content  av-content-small alpha units'><div class='post-entry post-entry-type-page post-entry-4815'><div class='entry-content-wrapper clearfix'><section class=\"av_textblock_section \"  itemscope=\"itemscope\" itemtype=\"https:\/\/schema.org\/CreativeWork\" ><div class='avia_textblock  '   itemprop=\"text\" ><div class=\"gwolle-gb\"><div class=\"gwolle_gb_messages_top_container\"><\/div>\n\t\t\t<div class=\"gwolle-gb-write-button\">\n\t\t\t\t<input type=\"button\" name=\"gwolle-gb-write-button\" class=\"button btn btn-default \" value=\"&raquo; Neuen Eintrag schreiben\" \/>\n\t\t\t<\/div>\n\t\t\t<form action=\"#\" method=\"POST\" class=\"gwolle-gb-write gwolle-gb-hide gwolle-gb-float gwolle_gb_form_ajax gwolle-gb-form-ajax\">\n\t\t\t\t<h3>Einen neuen Eintrag f\u00fcr das G\u00e4stebuch schreiben<\/h3>\n\t\t\t\t<button type=\"button\" class=\"gb-notice-dismiss\">x<span class=\"screen-reader-text\">Dieses Formular ausblenden<\/span><\/button>\n\t\t\t\n\t\t\t\t<input type=\"hidden\" name=\"gwolle_gb_function\" class=\"gwolle_gb_function\" value=\"add_entry\" \/><input type=\"hidden\" name=\"gwolle_gb_book_id\" class=\"gwolle_gb_book_id\" value=\"17\" \/><div class=\"gwolle_gb_605d611dd0599d223844f0f164db1eda\">\n\t\t\t\t<div class=\"label\"><label for=\"gwolle_gb_605d611dd0599d223844f0f164db1eda\" class=\"text-info\">Name *<\/label><\/div>\n\t\t\t\t<div class=\"input\"><input class=\"wp-exclude-emoji gwolle_gb_605d611dd0599d223844f0f164db1eda\" value=\"\" type=\"text\" name=\"gwolle_gb_605d611dd0599d223844f0f164db1eda\" required \/><\/div>\n\t\t\t<\/div>\n\t\t\t<div class=\"clearBoth\">&nbsp;<\/div><div class=\"gwolle_gb_7ccaca6cccbcb6a41595626e43f4fa9b\">\n\t\t\t\t\t<div class=\"label\"><label for=\"gwolle_gb_7ccaca6cccbcb6a41595626e43f4fa9b\" class=\"text-info\">Ort<\/label><\/div>\n\t\t\t\t\t<div class=\"input\"><input class=\"wp-exclude-emoji gwolle_gb_7ccaca6cccbcb6a41595626e43f4fa9b\" value=\"\" type=\"text\" name=\"gwolle_gb_7ccaca6cccbcb6a41595626e43f4fa9b\" \/><\/div>\n\t\t\t\t<\/div>\n\t\t\t\t<div class=\"clearBoth\">&nbsp;<\/div><div class=\"gwolle_gb_8352e5b37d35a09d5ea56b0b087016e5\">\n\t\t\t\t<div class=\"label\"><label for=\"gwolle_gb_8352e5b37d35a09d5ea56b0b087016e5\" class=\"text-info\">E-Mail *<\/label><\/div>\n\t\t\t\t<div class=\"input\"><input class=\"gwolle_gb_8352e5b37d35a09d5ea56b0b087016e5\" value=\"\" type=\"text\" name=\"gwolle_gb_8352e5b37d35a09d5ea56b0b087016e5\" required \/><\/div>\n\t\t\t<\/div>\n\t\t\t<div class=\"clearBoth\">&nbsp;<\/div><div class=\"gwolle_gb_725fb5b81fdab6b2c212b9970dc16a5b\">\n\t\t\t\t<div class=\"label\"><label for=\"gwolle_gb_725fb5b81fdab6b2c212b9970dc16a5b\" class=\"text-info\">Website<\/label><\/div>\n\t\t\t\t<div class=\"input\"><input class=\"gwolle_gb_725fb5b81fdab6b2c212b9970dc16a5b\" value=\"\" type=\"text\" name=\"gwolle_gb_725fb5b81fdab6b2c212b9970dc16a5b\" \/><\/div>\n\t\t\t<\/div>\n\t\t\t<div class=\"clearBoth\">&nbsp;<\/div>\n\t\t\t<div class=\"gwolle_gb_eebab8d4ae5112a2b4f082beec77b3ef\" style=\"display:none;\">\n\t\t\t\t<div class=\"label\">\n\t\t\t\t\t<label for=\"gwolle_gb_eebab8d4ae5112a2b4f082beec77b3ef\" class=\"text-primary\">Hier nichts eingeben<\/label>\n\t\t\t\t\t<label for=\"gwolle_gb_cc138dedda8871225ec2cdb9e0b91f08\" class=\"text-primary\">Hier nichts eingeben<\/label>\n\t\t\t\t<\/div>\n\t\t\t\t<div class=\"input\">\n\t\t\t\t\t<input value=\"63\" type=\"text\" name=\"gwolle_gb_eebab8d4ae5112a2b4f082beec77b3ef\" class=\"gwolle_gb_eebab8d4ae5112a2b4f082beec77b3ef\" \/>\n\t\t\t\t\t<input value=\"\" type=\"text\" name=\"gwolle_gb_cc138dedda8871225ec2cdb9e0b91f08\" class=\"gwolle_gb_cc138dedda8871225ec2cdb9e0b91f08\" \/>\n\t\t\t\t<\/div>\n\t\t\t<\/div>\n\t\t\t<div class=\"clearBoth\"><\/div>\n\t\t\t<div class=\"gwolle_gb_c15124ca096a531079f1de0cb7b38cf7\" style=\"display:none;\">\n\t\t\t\t<div class=\"label\">\n\t\t\t\t\t<label for=\"gwolle_gb_c15124ca096a531079f1de0cb7b38cf7\" class=\"text-primary\">Hier nichts eingeben<\/label>\n\t\t\t\t\t<label for=\"gwolle_gb_a1df69a0a56924a6b022b82d59fe4667\" class=\"text-primary\">Hier nichts eingeben<\/label>\n\t\t\t\t<\/div>\n\t\t\t\t<div class=\"input\">\n\t\t\t\t\t<input value=\"32228\" type=\"text\" name=\"gwolle_gb_c15124ca096a531079f1de0cb7b38cf7\" class=\"gwolle_gb_c15124ca096a531079f1de0cb7b38cf7\" \/>\n\t\t\t\t\t<input value=\"32228\" type=\"text\" name=\"gwolle_gb_a1df69a0a56924a6b022b82d59fe4667\" class=\"gwolle_gb_a1df69a0a56924a6b022b82d59fe4667\" \/>\n\t\t\t\t<\/div>\n\t\t\t<\/div>\n\t\t\t<div class=\"clearBoth\"><\/div><div class=\"gwolle_gb_content\">\n\t\t\t\t<div class=\"label\"><label for=\"gwolle_gb_content\" class=\"text-info\">G\u00e4stebucheintrag *<\/label><\/div>\n\t\t\t\t<div class=\"input\"><textarea name=\"gwolle_gb_content\" class=\"gwolle_gb_content wp-exclude-emoji\" required ><\/textarea><\/div>\n\t\t\t\t<\/div>\n\t\t\t<div class=\"clearBoth\">&nbsp;<\/div><input type=\"hidden\" class=\"gwolle_gb_e39eedcb076580731e85ab862f9cec48\" name=\"gwolle_gb_e39eedcb076580731e85ab862f9cec48\" value=\"1bd397920d\" \/>\n\t\t\t<div class=\"gwolle_gb_messages_bottom_container\"><\/div>\n\n\t\t\t<noscript><div class=\"no-js\">Warnung: Dieses Formular kann nur verwendet werden, wenn in deinem Browser JavaScript aktiviert ist.<\/div><\/noscript>\n\n\t\t\t<div class=\"gwolle_gb_submit\">\n\t\t\t\t<div class=\"label gwolle-gb-invisible text-muted\">&nbsp;<\/div>\n\t\t\t\t<div class=\"input\">\n\t\t\t\t\t<input type=\"submit\" name=\"gwolle_gb_submit\" class=\"gwolle_gb_submit button btn btn-primary \" value=\"Absenden\" \/>\n\t\t\t\t\t<span class=\"gwolle_gb_submit_ajax_icon\"><\/span>\n\t\t\t\n\t\t\t\t<\/div>\n\t\t\t<\/div>\n\t\t\t<div class=\"clearBoth\">&nbsp;<\/div>\n\n\t\t\t<div class=\"gwolle_gb_notice\">\n\t\t\t\tMit * gekennzeichnete Felder sind erforderlich.<br \/>\r\nDeine E-Mail-Adresse wird nicht ver\u00f6ffentlicht.<br \/>\r\nEs ist m\u00f6glich, dass dein Eintrag im G\u00e4stebuch erst sichtbar ist, nachdem wir ihn \u00fcberpr\u00fcft haben.<br \/>\r\nWir behalten uns vor, Eintr\u00e4ge zu bearbeiten, zu l\u00f6schen oder nicht zu ver\u00f6ffentlichen.\n\t\t\t<\/div><\/form>\n\t\t\t\t<div class=\"page-navigation\">\n\t\t\t\t\t<span class=\"screen-reader-text\">Guestbook list navigation<\/span><span class=\"page-numbers current\">1<\/span><a href=\"https:\/\/www.al-hami.de\/nsc\/gaestebuch-2021\/?pageNum=2\" title=\"Seite 2\">2<\/a><a href=\"https:\/\/www.al-hami.de\/nsc\/gaestebuch-2021\/?pageNum=3\" title=\"Seite 3\">3<\/a><a href=\"https:\/\/www.al-hami.de\/nsc\/gaestebuch-2021\/?pageNum=4\" title=\"Seite 4\">4<\/a><a href=\"https:\/\/www.al-hami.de\/nsc\/gaestebuch-2021\/?pageNum=5\" title=\"Seite 5\">5<\/a><span class=\"page-numbers dots\">...<\/span><a href=\"https:\/\/www.al-hami.de\/nsc\/gaestebuch-2021\/?pageNum=15\" title=\"Seite 15\">15<\/a><a href=\"https:\/\/www.al-hami.de\/nsc\/gaestebuch-2021\/?pageNum=2\" title=\"N\u00e4chste Seite\" rel=\"next\">&rarr;<\/a><\/div>\n\t\t<div class=\"gwolle-gb-read \" data-book_id=\"17\"><div id=\"gwolle-gb-total\">290 Eintr\u00e4ge<\/div><!-- Gwolle-GB Entry: Custom Template Loaded -->\n\t\t\t\t<div class=\"gb-entry gb-entry_10869 gb-entry-count_1 gwolle_gb_uneven gwolle-gb-uneven gwolle_gb_first gwolle-gb-first\">\n\t\t\t\t\t<div class=\"gb-author-info\">\n\t\t\t\t\t<\/div>\n\t\t\t\t\t<div class=\"gb-entry-content\">&bdquo;Ein gro\u00dfes Lob an das gesamte Team. Ich f\u00fchlte mich hier sehr gut aufgehoben und kompetent versorgt. Ich kann diese Klinik nur w\u00e4rmstens empfehlen. Ein sch\u00f6nes Weihnachtsfest und ein herzliches &#034;Danke&#034;.<span>&rdquo; , 15.12.2021<\/span>\n\t\t\t\t\t<\/div>\n\t\t\t<\/div>\n\t\t\t<div class=\"gb-entry gb-entry_10868 gb-entry-count_2 gwolle_gb_even gwolle-gb-even\">\n\t\t\t\t\t<div class=\"gb-author-info\">\n\t\t\t\t\t<\/div>\n\t\t\t\t\t<div class=\"gb-entry-content\">&bdquo;Ich bin nicht so die Schreiberin, die alles zu Papier bringt. Aber aus tiefsten Herzen kann ich sagen, dass man sehr hilfsbereit war und ich w\u00fcrde jederzeit wieder in diese Klinik gehen. Danke an das gesamte Team und die \u00c4rzte. Frohe Weihnachten. M.E.<span>&rdquo; , 15.12.2021<\/span>\n\t\t\t\t\t<\/div>\n\t\t\t<\/div>\n\t\t\t<div class=\"gb-entry gb-entry_10871 gb-entry-count_3 gwolle_gb_uneven gwolle-gb-uneven\">\n\t\t\t\t\t<div class=\"gb-author-info\">\n\t\t\t\t\t<\/div>\n\t\t\t\t\t<div class=\"gb-entry-content\">&bdquo;Mit meinen 80 Jahren habe ich schon einige OP`s hinter mir aber so etwas super tolles ist mir noch nie vorgekommen. Ob Operateur oder Narkosearzt sowie Schwestern sind nicht zu toppen. Hier ist der Patient K\u00f6nig. Vielen lieben Dank f\u00fcr die hervorragende geleistete Arbeit.<span>&rdquo; , 14.12.2021<\/span>\n\t\t\t\t\t<\/div>\n\t\t\t<\/div>\n\t\t\t<div class=\"gb-entry gb-entry_10870 gb-entry-count_4 gwolle_gb_even gwolle-gb-even\">\n\t\t\t\t\t<div class=\"gb-author-info\">\n\t\t\t\t\t<\/div>\n\t\t\t\t\t<div class=\"gb-entry-content\">&bdquo;Sehr ansprechendes Ambiente, sowie sehr nettes und freundliches Pflegepersonal. Au\u00dferdem besch\u00e4ftigt das Neuro Spine Center \u00c4rzte mit sehr gro\u00dfer Fachkompetenz. Bin rundum zufrieden gewesen und w\u00fcrde es jederzeit weiterempfehlen.<span>&rdquo; , 13.12.2021<\/span>\n\t\t\t\t\t<\/div>\n\t\t\t<\/div>\n\t\t\t<div class=\"gb-entry gb-entry_10895 gb-entry-count_5 gwolle_gb_uneven gwolle-gb-uneven\">\n\t\t\t\t\t<div class=\"gb-author-info\">\n\t\t\t\t\t<\/div>\n\t\t\t\t\t<div class=\"gb-entry-content\">&bdquo;Wertes Team, vielen lieben Dank f\u00fcr die sehr gute, kompetente Behandlung.<span>&rdquo; , 10.12.2021<\/span>\n\t\t\t\t\t<\/div>\n\t\t\t<\/div>\n\t\t\t<div class=\"gb-entry gb-entry_10896 gb-entry-count_6 gwolle_gb_even gwolle-gb-even\">\n\t\t\t\t\t<div class=\"gb-author-info\">\n\t\t\t\t\t<\/div>\n\t\t\t\t\t<div class=\"gb-entry-content\">&bdquo;\u00dcber das NSC kann ich nur Positives berichten. Immer zuvorkommendes und freundliches Personal, was auch auf das \u00c4rzteteam zutrifft. Vielen Dank!<span>&rdquo; , 08.12.2021<\/span>\n\t\t\t\t\t<\/div>\n\t\t\t<\/div>\n\t\t\t<div class=\"gb-entry gb-entry_10866 gb-entry-count_7 gwolle_gb_uneven gwolle-gb-uneven\">\n\t\t\t\t\t<div class=\"gb-author-info\">\n\t\t\t\t\t<\/div>\n\t\t\t\t\t<div class=\"gb-entry-content\">&bdquo;Ich war sehr zufrieden mit allem. Die \u00c4rzte haben goldene H\u00e4nde. S.<span>&rdquo; , 08.12.2021<\/span>\n\t\t\t\t\t<\/div>\n\t\t\t<\/div>\n\t\t\t<div class=\"gb-entry gb-entry_10861 gb-entry-count_8 gwolle_gb_even gwolle-gb-even\">\n\t\t\t\t\t<div class=\"gb-author-info\">\n\t\t\t\t\t<\/div>\n\t\t\t\t\t<div class=\"gb-entry-content\">&bdquo;Sehr guter Ablauf vom Vorgespr\u00e4ch bis zur OP! Pflegerische Behandlung der Schwestern sehr gut! Essen und Zimmer hervorragend!\r\n\r\nM.<span>&rdquo; , 07.12.2021<\/span>\n\t\t\t\t\t<\/div>\n\t\t\t<\/div>\n\t\t\t<div class=\"gb-entry gb-entry_10897 gb-entry-count_9 gwolle_gb_uneven gwolle-gb-uneven\">\n\t\t\t\t\t<div class=\"gb-author-info\">\n\t\t\t\t\t<\/div>\n\t\t\t\t\t<div class=\"gb-entry-content\">&bdquo;Es war auf jeden Fall die richtige Entscheidung sich bei Ihnen operieren zu lassen. Bin mit allem sehr zufrieden und die Betreuung ist echt top (Schwes. Julia :)) Also ich werde sie auf alle F\u00e4lle weiter empfehlen und w\u00fcnsche dem ganzen Team alles Gute. \ud83d\ude42<span>&rdquo; , 07.12.2021<\/span>\n\t\t\t\t\t<\/div>\n\t\t\t<\/div>\n\t\t\t<div class=\"gb-entry gb-entry_10865 gb-entry-count_10 gwolle_gb_even gwolle-gb-even\">\n\t\t\t\t\t<div class=\"gb-author-info\">\n\t\t\t\t\t<\/div>\n\t\t\t\t\t<div class=\"gb-entry-content\">&bdquo;Positiv: Super gestylte Klinik inkl. ger\u00e4umigen Pat.-Zimmer mit sehr viel wohlf\u00fchleffekt-sowie ein super \u00c4rzteteam und Pflegepersonal. Das kann man sich in anderen Krankenh\u00e4usern nur w\u00fcnschen! Tr\u00e4gt absolut zum Heilungsprozess bei! Vielen Dank daf\u00fcr!\r\nNegativ: Zum weiteren Wohlbefinden nach einer Wirbels\u00e4ulenop w\u00fcrde sicherlich eine orthop.\/ergon. Gesundheitsliege beitragen-statt der niedrigen weichen Ledercouch.\r\nAuch daf\u00fcr herzlichen Dank im voraus!<span>&rdquo; , 03.12.2021<\/span>\n\t\t\t\t\t<\/div>\n\t\t\t<\/div>\n\t\t\t<div class=\"gb-entry gb-entry_10864 gb-entry-count_11 gwolle_gb_uneven gwolle-gb-uneven\">\n\t\t\t\t\t<div class=\"gb-author-info\">\n\t\t\t\t\t<\/div>\n\t\t\t\t\t<div class=\"gb-entry-content\">&bdquo;Vielen Dank f\u00fcr den angenehmen Aufenthalt und die liebevolle Betreuung. Ich habe mich hier sehr wohl gef\u00fchlt, die Ruhe und die sehr gute Betreuung sehr genossen. Die Freundlichkeit der \u00c4rzte und des gesamten Teams haben f\u00fcr eine angenehme Atmosph\u00e4re gesorgt und hatten jederzeit ein offenes Ohr.<span>&rdquo; , 03.12.2021<\/span>\n\t\t\t\t\t<\/div>\n\t\t\t<\/div>\n\t\t\t<div class=\"gb-entry gb-entry_10862 gb-entry-count_12 gwolle_gb_even gwolle-gb-even\">\n\t\t\t\t\t<div class=\"gb-author-info\">\n\t\t\t\t\t<\/div>\n\t\t\t\t\t<div class=\"gb-entry-content\">&bdquo;Alle von mir begangenen R\u00e4ume oder Fl\u00e4chen sind sehr gro\u00dfz\u00fcgig angelegt. Die Gr\u00f6\u00dfe der Fl\u00e4chen gibt einen ein befreiendes Gef\u00fchl. Einrichtungen sind sehr stilvoll und vermitteln eine besondere Atmosph\u00e4re. Sehr gut!<span>&rdquo; , 01.12.2021<\/span>\n\t\t\t\t\t<\/div>\n\t\t\t<\/div>\n\t\t\t<div class=\"gb-entry gb-entry_10883 gb-entry-count_13 gwolle_gb_uneven gwolle-gb-uneven\">\n\t\t\t\t\t<div class=\"gb-author-info\">\n\t\t\t\t\t<\/div>\n\t\t\t\t\t<div class=\"gb-entry-content\">&bdquo;Der gro\u00dfz\u00fcgige Empfang mit interessanter\/sch\u00f6ner Deko, Ausstattung, im Anmeldebereich, Klinikempfangsraum, dem Zimmern nimmt Engegef\u00fchl und beruhigt. Der Aufenthalt ist entspannt und begleitet von freundlichen Personal und aufmerksamen \u00c4rzten. All das tr\u00e4gt zur guten Erholung nach der OP bei. Danke.\r\nKlasse Klinik! Kann man empfehlen.<span>&rdquo; , 30.11.2021<\/span>\n\t\t\t\t\t<\/div>\n\t\t\t<\/div>\n\t\t\t<div class=\"gb-entry gb-entry_10873 gb-entry-count_14 gwolle_gb_even gwolle-gb-even\">\n\t\t\t\t\t<div class=\"gb-author-info\">\n\t\t\t\t\t<\/div>\n\t\t\t\t\t<div class=\"gb-entry-content\">&bdquo;Es war ein sehr angenehmer Aufenthalt hier. Die \u00c4rzte sehr freundlich und die Schwestern auch. Es wird einem jeder Wunsch erf\u00fcllt. Vielen lieben Dank f\u00fcr die rundum nette Betreuung.<span>&rdquo; , 30.11.2021<\/span>\n\t\t\t\t\t<\/div>\n\t\t\t<\/div>\n\t\t\t<div class=\"gb-entry gb-entry_10841 gb-entry-count_15 gwolle_gb_uneven gwolle-gb-uneven\">\n\t\t\t\t\t<div class=\"gb-author-info\">\n\t\t\t\t\t<\/div>\n\t\t\t\t\t<div class=\"gb-entry-content\">&bdquo;Ich m\u00f6chte mich bei allen \u00c4rzten und Pflegepersonal rechtherzlich bedanken. Sie waren alle sehr zuvorkommend und nett. Sowas habe ich schon lange nicht mehr erlebt. Besonders m\u00f6chte ich mich bei den \u00c4rzten bedanken, dass Sie mir so schnell geholfen haben. Denn ich litt wochenlang sehr, sehr starken Schmerzen. Vielen, vielen Dank CW<span>&rdquo; , 27.11.2021<\/span>\n\t\t\t\t\t<\/div>\n\t\t\t<\/div>\n\t\t\t<div class=\"gb-entry gb-entry_10836 gb-entry-count_16 gwolle_gb_even gwolle-gb-even\">\n\t\t\t\t\t<div class=\"gb-author-info\">\n\t\t\t\t\t<\/div>\n\t\t\t\t\t<div class=\"gb-entry-content\">&bdquo;Bin von Anfang an mit Personal und den behandelnden \u00c4rzten zufrieden. Danke an Alle f\u00fcr den Aufenthalt und das sch\u00f6ne Ambiente\r\n\r\nM.D.<span>&rdquo; , 26.11.2021<\/span>\n\t\t\t\t\t<\/div>\n\t\t\t<\/div>\n\t\t\t<div class=\"gb-entry gb-entry_10838 gb-entry-count_17 gwolle_gb_uneven gwolle-gb-uneven\">\n\t\t\t\t\t<div class=\"gb-author-info\">\n\t\t\t\t\t<\/div>\n\t\t\t\t\t<div class=\"gb-entry-content\">&bdquo;Ich hatte gro\u00dfe Angst mich an der Wirbels\u00e4ule operieren zu lassen. Hr. Eid war sehr locker beim Vorgespr\u00e4ch so, dass er mir die Angst etwas genommen hat. Die OP ist super verlaufen und ich habe 1 Tag nach der OP kaum Schmerzen. Ich bin sehr zufrieden und w\u00fcrde es zu jeder Zeit wieder tun. Nur diesmal w\u00fcrde ich nicht so lange warten, sondern gleich einer OP zustimmen. Es gibt von meiner Seite nichts negatives hier. Danke Euch. Ihr seid ein super Team.\r\n\r\nSch.<span>&rdquo; , 25.11.2021<\/span>\n\t\t\t\t\t<\/div>\n\t\t\t<\/div>\n\t\t\t<div class=\"gb-entry gb-entry_10837 gb-entry-count_18 gwolle_gb_even gwolle-gb-even\">\n\t\t\t\t\t<div class=\"gb-author-info\">\n\t\t\t\t\t<\/div>\n\t\t\t\t\t<div class=\"gb-entry-content\">&bdquo;Alles Perfekt!!\r\nDANKE \r\n\r\nG.A.<span>&rdquo; , 25.11.2021<\/span>\n\t\t\t\t\t<\/div>\n\t\t\t<\/div>\n\t\t\t<div class=\"gb-entry gb-entry_10856 gb-entry-count_19 gwolle_gb_uneven gwolle-gb-uneven\">\n\t\t\t\t\t<div class=\"gb-author-info\">\n\t\t\t\t\t<\/div>\n\t\t\t\t\t<div class=\"gb-entry-content\">&bdquo;Ich war sehr angenehm \u00fcberrascht. Wurde von Dr. Evangelou zu meiner vollsten Zufriedenheit operiert. F\u00fchlte mich durch das Pflegeteam auf Station gut versorgt.\r\n\r\nG.M<span>&rdquo; , 24.11.2021<\/span>\n\t\t\t\t\t<\/div>\n\t\t\t<\/div>\n\t\t\t<div class=\"gb-entry gb-entry_10859 gb-entry-count_20 gwolle_gb_even gwolle-gb-even\">\n\t\t\t\t\t<div class=\"gb-author-info\">\n\t\t\t\t\t<\/div>\n\t\t\t\t\t<div class=\"gb-entry-content\">&bdquo;Ich bin froh bei Ihnen so &#034;schnell&#034; behandelt worden zu sein. Ich hatte 1 Woche Dauerschmerzen und seid der OP bin ich &#034;schmerzfrei&#034; DANKE.\r\nIch denke wir sehen uns bei der n\u00e4chsten OP wieder.\r\n\r\nA.G.<span>&rdquo; , 23.11.2021<\/span>\n\t\t\t\t\t<\/div>\n\t\t\t<\/div>\n\t\t\t<\/div>\n\t\t\t\t<div class=\"page-navigation\">\n\t\t\t\t\t<span class=\"screen-reader-text\">Guestbook list navigation<\/span><span class=\"page-numbers current\">1<\/span><a href=\"https:\/\/www.al-hami.de\/nsc\/gaestebuch-2021\/?pageNum=2\" title=\"Seite 2\">2<\/a><a href=\"https:\/\/www.al-hami.de\/nsc\/gaestebuch-2021\/?pageNum=3\" title=\"Seite 3\">3<\/a><a href=\"https:\/\/www.al-hami.de\/nsc\/gaestebuch-2021\/?pageNum=4\" title=\"Seite 4\">4<\/a><a href=\"https:\/\/www.al-hami.de\/nsc\/gaestebuch-2021\/?pageNum=5\" title=\"Seite 5\">5<\/a><span class=\"page-numbers dots\">...<\/span><a href=\"https:\/\/www.al-hami.de\/nsc\/gaestebuch-2021\/?pageNum=15\" title=\"Seite 15\">15<\/a><a href=\"https:\/\/www.al-hami.de\/nsc\/gaestebuch-2021\/?pageNum=2\" title=\"N\u00e4chste Seite\" rel=\"next\">&rarr;<\/a><\/div>\n\t\t<\/div>\n<\/div><\/section><\/p>\n","protected":false},"excerpt":{"rendered":"","protected":false},"author":8,"featured_media":0,"parent":0,"menu_order":100,"comment_status":"closed","ping_status":"closed","template":"","meta":[],"_links":{"self":[{"href":"https:\/\/www.al-hami.de\/nsc\/wp-json\/wp\/v2\/pages\/4815"}],"collection":[{"href":"https:\/\/www.al-hami.de\/nsc\/wp-json\/wp\/v2\/pages"}],"about":[{"href":"https:\/\/www.al-hami.de\/nsc\/wp-json\/wp\/v2\/types\/page"}],"author":[{"embeddable":true,"href":"https:\/\/www.al-hami.de\/nsc\/wp-json\/wp\/v2\/users\/8"}],"replies":[{"embeddable":true,"href":"https:\/\/www.al-hami.de\/nsc\/wp-json\/wp\/v2\/comments?post=4815"}],"version-history":[{"count":2,"href":"https:\/\/www.al-hami.de\/nsc\/wp-json\/wp\/v2\/pages\/4815\/revisions"}],"predecessor-version":[{"id":6163,"href":"https:\/\/www.al-hami.de\/nsc\/wp-json\/wp\/v2\/pages\/4815\/revisions\/6163"}],"wp:attachment":[{"href":"https:\/\/www.al-hami.de\/nsc\/wp-json\/wp\/v2\/media?parent=4815"}],"curies":[{"name":"wp","href":"https:\/\/api.w.org\/{rel}","templated":true}]}}