{"id":6396,"date":"2026-01-27T08:52:18","date_gmt":"2026-01-27T07:52:18","guid":{"rendered":"https:\/\/www.al-hami.de\/nsc\/?page_id=6396"},"modified":"2026-01-27T08:56:22","modified_gmt":"2026-01-27T07:56:22","slug":"gaestebuch-2026","status":"publish","type":"page","link":"https:\/\/www.al-hami.de\/nsc\/gaestebuch-2026\/","title":{"rendered":"G\u00e4stebuch 2026"},"content":{"rendered":"<div id='av-layout-grid-1' class='av-layout-grid-container entry-content-wrapper main_color av-flex-cells    avia-builder-el-0  el_before_av_section  avia-builder-el-first  container_wrap sidebar_right' style=' '  >\n<div class=\"flex_cell no_margin av_one_half  avia-builder-el-1  el_before_av_cell_one_half  avia-builder-el-first   avia-full-stretch av-zero-padding \" style='height:500px; min-height:500px;background:url(https:\/\/www.al-hami.de\/nsc\/wp-content\/uploads\/wissenswertes.jpg) top left no-repeat scroll; vertical-align:middle; padding:0px; background-color:#19839a; '><div class='flex_cell_inner' ><\/div><\/div><div class=\"flex_cell no_margin av_one_half  avia-builder-el-2  el_after_av_cell_one_half  avia-builder-el-last   \" style='height:500px; min-height:500px;vertical-align:middle; padding:80px; background-color:#19839a; '><div class='flex_cell_inner' ><p><div style='padding-bottom:25px; color:#ffffff;font-size:34px;' class='av-special-heading av-special-heading-h3 custom-color-heading blockquote modern-quote  avia-builder-el-3  el_before_av_textblock  avia-builder-el-first  av-inherit-size '><h3 class='av-special-heading-tag '  itemprop=\"headline\"  >G\u00e4stebuch 2026<\/h3><div class='special-heading-border'><div class='special-heading-inner-border' style='border-color:#ffffff'><\/div><\/div><\/div><br \/>\n<section class=\"av_textblock_section \"  itemscope=\"itemscope\" itemtype=\"https:\/\/schema.org\/CreativeWork\" ><div class='avia_textblock  av_inherit_color '  style='color:#ffffff; '  itemprop=\"text\" ><p>Wir bedanken uns bei allen Patienten f\u00fcr das entgegengebrachte Vertrauen. Ihre Gesundheit und Ihr Wohlbefinden ist der wahre Lohn unserer Arbeit.<\/p>\n<\/div><\/section><\/p>\n<\/div><\/div>\n<\/div>\n<div id='av_section_1' class='avia-section main_color avia-section-huge avia-no-border-styling avia-bg-style-scroll  avia-builder-el-5  el_after_av_layout_row  el_before_av_textblock   container_wrap sidebar_right' style=' '  ><div class='container' ><div class='template-page content  av-content-small alpha units'><div class='post-entry post-entry-type-page post-entry-6396'><div class='entry-content-wrapper clearfix'>\n<div class='flex_column_table av-equal-height-column-flextable -flextable' style='margin-top:-200px; margin-bottom:0px; '><div class=\"flex_column av_one_third  no_margin flex_column_table_cell av-equal-height-column av-align-top first  avia-builder-el-6  el_before_av_one_third  avia-builder-el-first  \" style='padding:40px; border-radius:0px; '><\/div><div class=\"flex_column av_one_third  no_margin flex_column_table_cell av-equal-height-column av-align-top   avia-builder-el-7  el_after_av_one_third  el_before_av_one_third  \" style='padding:40px; background-color:#27a1bc; border-radius:0px; '><p><span class=\"av_font_icon avia_animate_when_visible avia-icon-animate  av-icon-style-  avia-icon-pos-center \" style=\"color:#ffffff; border-color:#ffffff;\"><span class='av-icon-char' style='font-size:60px;line-height:60px;' aria-hidden='true' data-av_icon='\ue836' data-av_iconfont='entypo-fontello' ><\/span><\/span><br \/>\n<div style='height:20px' class='hr hr-invisible   avia-builder-el-9  el_after_av_font_icon  el_before_av_textblock '><span class='hr-inner ' ><span class='hr-inner-style'><\/span><\/span><\/div><br \/>\n<section class=\"av_textblock_section \"  itemscope=\"itemscope\" itemtype=\"https:\/\/schema.org\/CreativeWork\" ><div class='avia_textblock  av_inherit_color '  style='color:#ffffff; '  itemprop=\"text\" ><h4 style=\"text-align: center;\">Sie haben das Wort<\/h4>\n<p style=\"text-align: center;\">Haben Sie Anregungen, Vorschl\u00e4ge, W\u00fcnsche, Lob aber auch Kritik, so w\u00fcrden wir uns \u00fcber einen Eintrag in unser G\u00e4stebuch freuen. Nur so haben wir die M\u00f6glichkeit uns stetig, zum Wohle der Patienten, zu verbessern.<\/p>\n<\/div><\/section><\/p><\/div><div class=\"flex_column av_one_third  no_margin flex_column_table_cell av-equal-height-column av-align-top   avia-builder-el-11  el_after_av_one_third  el_before_av_hr  \" style='padding:40px; border-radius:0px; '><\/div><\/div><!--close column table wrapper. Autoclose: 1 --><div style='height:20px' class='hr hr-invisible   avia-builder-el-12  el_after_av_one_third  el_before_av_textblock '><span class='hr-inner ' ><span class='hr-inner-style'><\/span><\/span><\/div>\n<section class=\"av_textblock_section \"  itemscope=\"itemscope\" itemtype=\"https:\/\/schema.org\/CreativeWork\" ><div class='avia_textblock  '   itemprop=\"text\" ><p>Unter folgenden Links finden Sie die G\u00e4steb\u00fccher aus den vergangenen Jahren:<br \/>\n<a href=\"https:\/\/www.al-hami.de\/nsc\/gaestebuch-2025\/\">2025<\/a> |\u00a0<a href=\"https:\/\/www.al-hami.de\/nsc\/gaestebuch-2024\">2024<\/a> | <a href=\"https:\/\/www.al-hami.de\/nsc\/gaestebuch-2023\/\">2023<\/a> | <a href=\"https:\/\/www.al-hami.de\/nsc\/gaestebuch-2022\">2022<\/a> | <a href=\"https:\/\/www.al-hami.de\/nsc\/gaestebuch-2021\/\">2021<\/a> | <a href=\"https:\/\/www.al-hami.de\/nsc\/gaestebuch-2020\/\" target=\"_self\" rel=\"noopener\">2020<\/a> |\u00a0<a href=\"https:\/\/www.al-hami.de\/nsc\/gaestebuch-2019\/\" target=\"_self\" rel=\"noopener\">2019<\/a> |<a href=\"https:\/\/www.al-hami.de\/nsc\/gaestebuch-2018\/\" target=\"_self\" rel=\"noopener\">2018<\/a> | <a href=\"https:\/\/www.al-hami.de\/nsc\/gaestebuch-2017\/\" target=\"_self\" rel=\"noopener\">2017<\/a> | <a href=\"https:\/\/www.al-hami.de\/nsc\/gaestebuch-2016\/\" target=\"_self\" rel=\"noopener\">2016<\/a> | <a href=\"https:\/\/www.al-hami.de\/nsc\/gaestebuch-2015\/\" target=\"_self\" rel=\"noopener\">2015<\/a> | <a href=\"https:\/\/www.al-hami.de\/nsc\/gaestebuch-2014\/\" target=\"_self\" rel=\"noopener\">2014<\/a> | <a href=\"https:\/\/www.al-hami.de\/nsc\/gaestebuch-2013\/\" target=\"_self\" rel=\"noopener\">2013<\/a> | <a href=\"https:\/\/www.al-hami.de\/nsc\/gaestebuch-2012\/\" target=\"_self\" rel=\"noopener\">2012<\/a> | <a href=\"https:\/\/www.al-hami.de\/nsc\/gaestebuch-2011\/\" target=\"_self\" rel=\"noopener\">2011<\/a> | <a href=\"https:\/\/www.al-hami.de\/nsc\/gaestebuch-2010\/\" target=\"_self\" rel=\"noopener\">2010<\/a> | <a href=\"\/nsc\/gaestebuch-2009\/\" target=\"_self\" rel=\"noopener\">2009<\/a> | <a href=\"https:\/\/www.al-hami.de\/nsc\/gaestebuch-2008\/\" target=\"_self\" rel=\"noopener\">2008<\/a> | <a href=\"https:\/\/www.al-hami.de\/nsc\/gaestebuch-2007\/\" target=\"_self\" rel=\"noopener\">2007<\/a> | <a href=\"https:\/\/www.al-hami.de\/nsc\/gaestebuch-2006\/\" target=\"_self\" rel=\"noopener\">2006<\/a> | <a href=\"https:\/\/www.al-hami.de\/nsc\/gaestebuch-2005\/\" target=\"_self\" rel=\"noopener\">2005<\/a><\/p>\n<\/div><\/section>\n<\/div><\/div><\/div><!-- close content main div --><\/div><\/div><div id='after_section_1' class='main_color av_default_container_wrap container_wrap sidebar_right' style=' '  ><div class='container' ><div class='template-page content  av-content-small alpha units'><div class='post-entry post-entry-type-page post-entry-6396'><div class='entry-content-wrapper clearfix'>\n<section class=\"av_textblock_section \"  itemscope=\"itemscope\" itemtype=\"https:\/\/schema.org\/CreativeWork\" ><div class='avia_textblock  '   itemprop=\"text\" ><div class=\"gwolle-gb\"><div class=\"gwolle_gb_messages_top_container\"><\/div>\n\t\t\t<div class=\"gwolle-gb-write-button\">\n\t\t\t\t<input type=\"button\" name=\"gwolle-gb-write-button\" class=\"button btn btn-default \" value=\"&raquo; Neuen Eintrag schreiben\" \/>\n\t\t\t<\/div>\n\t\t\t<form action=\"#\" method=\"POST\" class=\"gwolle-gb-write gwolle-gb-hide gwolle-gb-float gwolle_gb_form_ajax gwolle-gb-form-ajax\">\n\t\t\t\t<h3>Einen neuen Eintrag f\u00fcr das G\u00e4stebuch schreiben<\/h3>\n\t\t\t\t<button type=\"button\" class=\"gb-notice-dismiss\">x<span class=\"screen-reader-text\">Dieses Formular ausblenden<\/span><\/button>\n\t\t\t\n\t\t\t\t<input type=\"hidden\" name=\"gwolle_gb_function\" class=\"gwolle_gb_function\" value=\"add_entry\" \/><input type=\"hidden\" name=\"gwolle_gb_book_id\" class=\"gwolle_gb_book_id\" value=\"2026\" \/><div class=\"gwolle_gb_605d611dd0599d223844f0f164db1eda\">\n\t\t\t\t<div class=\"label\"><label for=\"gwolle_gb_605d611dd0599d223844f0f164db1eda\" class=\"text-info\">Name *<\/label><\/div>\n\t\t\t\t<div class=\"input\"><input class=\"wp-exclude-emoji gwolle_gb_605d611dd0599d223844f0f164db1eda\" value=\"\" type=\"text\" name=\"gwolle_gb_605d611dd0599d223844f0f164db1eda\" required \/><\/div>\n\t\t\t<\/div>\n\t\t\t<div class=\"clearBoth\">&nbsp;<\/div><div class=\"gwolle_gb_7ccaca6cccbcb6a41595626e43f4fa9b\">\n\t\t\t\t\t<div class=\"label\"><label for=\"gwolle_gb_7ccaca6cccbcb6a41595626e43f4fa9b\" class=\"text-info\">Ort<\/label><\/div>\n\t\t\t\t\t<div class=\"input\"><input class=\"wp-exclude-emoji gwolle_gb_7ccaca6cccbcb6a41595626e43f4fa9b\" value=\"\" type=\"text\" name=\"gwolle_gb_7ccaca6cccbcb6a41595626e43f4fa9b\" \/><\/div>\n\t\t\t\t<\/div>\n\t\t\t\t<div class=\"clearBoth\">&nbsp;<\/div><div class=\"gwolle_gb_8352e5b37d35a09d5ea56b0b087016e5\">\n\t\t\t\t<div class=\"label\"><label for=\"gwolle_gb_8352e5b37d35a09d5ea56b0b087016e5\" class=\"text-info\">E-Mail *<\/label><\/div>\n\t\t\t\t<div class=\"input\"><input class=\"gwolle_gb_8352e5b37d35a09d5ea56b0b087016e5\" value=\"\" type=\"text\" name=\"gwolle_gb_8352e5b37d35a09d5ea56b0b087016e5\" required \/><\/div>\n\t\t\t<\/div>\n\t\t\t<div class=\"clearBoth\">&nbsp;<\/div><div class=\"gwolle_gb_725fb5b81fdab6b2c212b9970dc16a5b\">\n\t\t\t\t<div class=\"label\"><label for=\"gwolle_gb_725fb5b81fdab6b2c212b9970dc16a5b\" class=\"text-info\">Website<\/label><\/div>\n\t\t\t\t<div class=\"input\"><input class=\"gwolle_gb_725fb5b81fdab6b2c212b9970dc16a5b\" value=\"\" type=\"text\" name=\"gwolle_gb_725fb5b81fdab6b2c212b9970dc16a5b\" \/><\/div>\n\t\t\t<\/div>\n\t\t\t<div class=\"clearBoth\">&nbsp;<\/div>\n\t\t\t<div class=\"gwolle_gb_eebab8d4ae5112a2b4f082beec77b3ef\" style=\"display:none;\">\n\t\t\t\t<div class=\"label\">\n\t\t\t\t\t<label for=\"gwolle_gb_eebab8d4ae5112a2b4f082beec77b3ef\" class=\"text-primary\">Hier nichts eingeben<\/label>\n\t\t\t\t\t<label for=\"gwolle_gb_cc138dedda8871225ec2cdb9e0b91f08\" class=\"text-primary\">Hier nichts eingeben<\/label>\n\t\t\t\t<\/div>\n\t\t\t\t<div class=\"input\">\n\t\t\t\t\t<input value=\"63\" type=\"text\" name=\"gwolle_gb_eebab8d4ae5112a2b4f082beec77b3ef\" class=\"gwolle_gb_eebab8d4ae5112a2b4f082beec77b3ef\" \/>\n\t\t\t\t\t<input value=\"\" type=\"text\" name=\"gwolle_gb_cc138dedda8871225ec2cdb9e0b91f08\" class=\"gwolle_gb_cc138dedda8871225ec2cdb9e0b91f08\" \/>\n\t\t\t\t<\/div>\n\t\t\t<\/div>\n\t\t\t<div class=\"clearBoth\"><\/div>\n\t\t\t<div class=\"gwolle_gb_c15124ca096a531079f1de0cb7b38cf7\" style=\"display:none;\">\n\t\t\t\t<div class=\"label\">\n\t\t\t\t\t<label for=\"gwolle_gb_c15124ca096a531079f1de0cb7b38cf7\" class=\"text-primary\">Hier nichts eingeben<\/label>\n\t\t\t\t\t<label for=\"gwolle_gb_a1df69a0a56924a6b022b82d59fe4667\" class=\"text-primary\">Hier nichts eingeben<\/label>\n\t\t\t\t<\/div>\n\t\t\t\t<div class=\"input\">\n\t\t\t\t\t<input value=\"33543\" type=\"text\" name=\"gwolle_gb_c15124ca096a531079f1de0cb7b38cf7\" class=\"gwolle_gb_c15124ca096a531079f1de0cb7b38cf7\" \/>\n\t\t\t\t\t<input value=\"33543\" type=\"text\" name=\"gwolle_gb_a1df69a0a56924a6b022b82d59fe4667\" class=\"gwolle_gb_a1df69a0a56924a6b022b82d59fe4667\" \/>\n\t\t\t\t<\/div>\n\t\t\t<\/div>\n\t\t\t<div class=\"clearBoth\"><\/div><div class=\"gwolle_gb_content\">\n\t\t\t\t<div class=\"label\"><label for=\"gwolle_gb_content\" class=\"text-info\">G\u00e4stebucheintrag *<\/label><\/div>\n\t\t\t\t<div class=\"input\"><textarea name=\"gwolle_gb_content\" class=\"gwolle_gb_content wp-exclude-emoji\" required ><\/textarea><\/div>\n\t\t\t\t<\/div>\n\t\t\t<div class=\"clearBoth\">&nbsp;<\/div><input type=\"hidden\" class=\"gwolle_gb_e39eedcb076580731e85ab862f9cec48\" name=\"gwolle_gb_e39eedcb076580731e85ab862f9cec48\" value=\"d168cc11a5\" \/>\n\t\t\t<div class=\"gwolle_gb_messages_bottom_container\"><\/div>\n\n\t\t\t<noscript><div class=\"no-js\">Warnung: Dieses Formular kann nur verwendet werden, wenn in deinem Browser JavaScript aktiviert ist.<\/div><\/noscript>\n\n\t\t\t<div class=\"gwolle_gb_submit\">\n\t\t\t\t<div class=\"label gwolle-gb-invisible text-muted\">&nbsp;<\/div>\n\t\t\t\t<div class=\"input\">\n\t\t\t\t\t<input type=\"submit\" name=\"gwolle_gb_submit\" class=\"gwolle_gb_submit button btn btn-primary \" value=\"Absenden\" \/>\n\t\t\t\t\t<span class=\"gwolle_gb_submit_ajax_icon\"><\/span>\n\t\t\t\n\t\t\t\t<\/div>\n\t\t\t<\/div>\n\t\t\t<div class=\"clearBoth\">&nbsp;<\/div>\n\n\t\t\t<div class=\"gwolle_gb_notice\">\n\t\t\t\tMit * gekennzeichnete Felder sind erforderlich.<br \/>\r\nDeine E-Mail-Adresse wird nicht ver\u00f6ffentlicht.<br \/>\r\nEs ist m\u00f6glich, dass dein Eintrag im G\u00e4stebuch erst sichtbar ist, nachdem wir ihn \u00fcberpr\u00fcft haben.<br \/>\r\nWir behalten uns vor, Eintr\u00e4ge zu bearbeiten, zu l\u00f6schen oder nicht zu ver\u00f6ffentlichen.\n\t\t\t<\/div><\/form><div class=\"gwolle-gb-read \" data-book_id=\"2026\"><div id=\"gwolle-gb-total\">9 Eintr\u00e4ge<\/div><!-- Gwolle-GB Entry: Custom Template Loaded -->\n\t\t\t\t<div class=\"gb-entry gb-entry_11872 gb-entry-count_1 gwolle_gb_uneven gwolle-gb-uneven gwolle_gb_first gwolle-gb-first\">\n\t\t\t\t\t<div class=\"gb-author-info\">\n\t\t\t\t\t<\/div>\n\t\t\t\t\t<div class=\"gb-entry-content\">&bdquo;Ich habe mich von Anfang an sehr wohl im NSC gef\u00fchlt. Besonders die einf\u00fchlsame und menschliche Art meines behandelnden Arztes Hr. Eid m\u00f6chte ich hervorheben. Auch alle anderen \u00c4rzte und das Pflegepersonal sind sehr freundlich und aufmerksam. Hier f\u00fchlt man sich als Patient wahrgenommen. Die R\u00e4umlichkeiten sind sehr gro\u00dfz\u00fcgig und es ist sehr ruhig, das macht den Aufenthalt sehr angenehm. Das NSC werde ich weiterempfehlen. \r\n... noch ein kleiner Verbesserungsvorschlag : Ein kleines Wandregal im Bad mit 3-4 F\u00e4chern w\u00e4re sch\u00f6n, um dort die eigenen Waschutensilien aufzubewahren. ( f\u00fcr jeden Pat. eins ).\r\nH.S.<span>&rdquo; , 20.04.2026<\/span>\n\t\t\t\t\t<\/div>\n\t\t\t<\/div>\n\t\t\t<div class=\"gb-entry gb-entry_11871 gb-entry-count_2 gwolle_gb_even gwolle-gb-even\">\n\t\t\t\t\t<div class=\"gb-author-info\">\n\t\t\t\t\t<\/div>\n\t\t\t\t\t<div class=\"gb-entry-content\">&bdquo;Bin das zweite mal zur OP hier, komme etwa 300 km extra angereist. Habe aus meiner Region schon einige Fremde hier her empfohlen die auch hier opiert wurden. \r\nAnonym<span>&rdquo; , 01.04.2026<\/span>\n\t\t\t\t\t<\/div>\n\t\t\t<\/div>\n\t\t\t<div class=\"gb-entry gb-entry_11860 gb-entry-count_3 gwolle_gb_uneven gwolle-gb-uneven\">\n\t\t\t\t\t<div class=\"gb-author-info\">\n\t\t\t\t\t<\/div>\n\t\t\t\t\t<div class=\"gb-entry-content\">&bdquo;Sehr nette Mitarbeiter und \u00c4rzte, alle sind sehr menschlich und nehmen sich Zeit f\u00fcr Fragen und \u00c4ngste, sehr gut ist das man den Operierenden Arzt vor der OP und nach pers\u00f6nlich spricht.\r\nAnonym<span>&rdquo; , 23.03.2026<\/span>\n\t\t\t\t\t<\/div>\n\t\t\t<\/div>\n\t\t\t<div class=\"gb-entry gb-entry_11859 gb-entry-count_4 gwolle_gb_even gwolle-gb-even\">\n\t\t\t\t\t<div class=\"gb-author-info\">\n\t\t\t\t\t<\/div>\n\t\t\t\t\t<div class=\"gb-entry-content\">&bdquo;Ich bin jetzt das zweite mak hier und es ist ein tolles \u00c4rzteteam und Pflegeteam. Man f\u00fchlt sich gut aufgehoben, wie im Hotel. Die fachliche Kompetenz, soweit ich das beurteilen darf, ist sehr gut. Darum empfehle ich diese Klinik auch immer weiter.\r\nAnonym<span>&rdquo; , 05.03.2026<\/span>\n\t\t\t\t\t<\/div>\n\t\t\t<\/div>\n\t\t\t<div class=\"gb-entry gb-entry_11858 gb-entry-count_5 gwolle_gb_uneven gwolle-gb-uneven\">\n\t\t\t\t\t<div class=\"gb-author-info\">\n\t\t\t\t\t<\/div>\n\t\t\t\t\t<div class=\"gb-entry-content\">&bdquo;Alle waren sehr freundlich und hilfsbereit. Ich habe mich sehr wohl gef\u00fchlt, da der Umgang sehr respektvoll und wertsch\u00e4tzend war. \r\nAnonym<span>&rdquo; , 02.03.2026<\/span>\n\t\t\t\t\t<\/div>\n\t\t\t<\/div>\n\t\t\t<div class=\"gb-entry gb-entry_11853 gb-entry-count_6 gwolle_gb_even gwolle-gb-even\">\n\t\t\t\t\t<div class=\"gb-author-info\">\n\t\t\t\t\t<\/div>\n\t\t\t\t\t<div class=\"gb-entry-content\">&bdquo;Ich war im November 2025 schon mal hier und kann mich nur wiederholen, denn leider habe ich die M\u00f6glichkeit diese Klinik mit anderen zu vergleichen, eine au\u00dferordentlich KOMPETENTE Klinik mit excellentem Fachpersonal. Freundlich, hilfsbereit, bestens organisiert, wenn es sein muss immer wieder. Vielen Dank\r\nB.N.<span>&rdquo; , 13.02.2026<\/span>\n\t\t\t\t\t<\/div>\n\t\t\t<\/div>\n\t\t\t<div class=\"gb-entry gb-entry_11852 gb-entry-count_7 gwolle_gb_uneven gwolle-gb-uneven\">\n\t\t\t\t\t<div class=\"gb-author-info\">\n\t\t\t\t\t<\/div>\n\t\t\t\t\t<div class=\"gb-entry-content\">&bdquo;Ich habe von Anfang an ein sehr gutes Gef\u00fchl gehabt. Ich f\u00fchlte mich sehr gut aufgehoben, betreut und werde das Neuro-Spine-Center 100% weiterempfehlen. Alle \u00c4rzte und Schwestern haben einen sehr guten Job gemacht. Top!Top!\r\nAnonym<span>&rdquo; , 02.02.2026<\/span>\n\t\t\t\t\t<\/div>\n\t\t\t<\/div>\n\t\t\t<div class=\"gb-entry gb-entry_11851 gb-entry-count_8 gwolle_gb_even gwolle-gb-even\">\n\t\t\t\t\t<div class=\"gb-author-info\">\n\t\t\t\t\t<\/div>\n\t\t\t\t\t<div class=\"gb-entry-content\">&bdquo;Habe mich hier sehr wohl gef\u00fchlt, wenn es erforderlich ist, w\u00fcrde ich mich jederzeit f\u00fcr diese Klinik wieder entscheiden, da ich rundum zufrieden war,\r\nDanke\r\nanonym<span>&rdquo; , 20.01.2026<\/span>\n\t\t\t\t\t<\/div>\n\t\t\t<\/div>\n\t\t\t<div class=\"gb-entry gb-entry_11850 gb-entry-count_9 gwolle_gb_uneven gwolle-gb-uneven\">\n\t\t\t\t\t<div class=\"gb-author-info\">\n\t\t\t\t\t<\/div>\n\t\t\t\t\t<div class=\"gb-entry-content\">&bdquo;Vielen lieben Dank an die \u00c4rzte und das Team vom Neuro-Spine-Center \/ Praxis. Durch ihre liebevolle und professionelle Art habe ich mich sehr gut aufgehoben gef\u00fchlt. Aber auch das Einf\u00fchlungsverm\u00f6gen und die Freundlichkeit hat mir sehr gut getan. F\u00fcr die Zukunft w\u00fcnsche ich Ihnen allen vom Herzen alles Liebe und gute. \r\nAnonym<span>&rdquo; , 19.01.2026<\/span>\n\t\t\t\t\t<\/div>\n\t\t\t<\/div>\n\t\t\t<\/div><\/div>\n<\/div><\/section>\n","protected":false},"excerpt":{"rendered":"","protected":false},"author":10,"featured_media":0,"parent":0,"menu_order":100,"comment_status":"closed","ping_status":"closed","template":"","meta":[],"_links":{"self":[{"href":"https:\/\/www.al-hami.de\/nsc\/wp-json\/wp\/v2\/pages\/6396"}],"collection":[{"href":"https:\/\/www.al-hami.de\/nsc\/wp-json\/wp\/v2\/pages"}],"about":[{"href":"https:\/\/www.al-hami.de\/nsc\/wp-json\/wp\/v2\/types\/page"}],"author":[{"embeddable":true,"href":"https:\/\/www.al-hami.de\/nsc\/wp-json\/wp\/v2\/users\/10"}],"replies":[{"embeddable":true,"href":"https:\/\/www.al-hami.de\/nsc\/wp-json\/wp\/v2\/comments?post=6396"}],"version-history":[{"count":3,"href":"https:\/\/www.al-hami.de\/nsc\/wp-json\/wp\/v2\/pages\/6396\/revisions"}],"predecessor-version":[{"id":6398,"href":"https:\/\/www.al-hami.de\/nsc\/wp-json\/wp\/v2\/pages\/6396\/revisions\/6398"}],"wp:attachment":[{"href":"https:\/\/www.al-hami.de\/nsc\/wp-json\/wp\/v2\/media?parent=6396"}],"curies":[{"name":"wp","href":"https:\/\/api.w.org\/{rel}","templated":true}]}}