{"id":954,"date":"2016-07-15T14:19:56","date_gmt":"2016-07-15T12:19:56","guid":{"rendered":"http:\/\/test.kriesi.at\/enfold-medical\/?page_id=954"},"modified":"2019-06-20T12:46:54","modified_gmt":"2019-06-20T10:46:54","slug":"kontakt","status":"publish","type":"page","link":"https:\/\/www.al-hami.de\/nsc\/kontakt\/","title":{"rendered":"Kontakt"},"content":{"rendered":"<div id='av_section_1' class='avia-section main_color avia-section-default avia-no-border-styling avia-full-stretch avia-bg-style-scroll  avia-builder-el-0  el_before_av_layout_row  avia-builder-el-first   av-minimum-height av-minimum-height-custom container_wrap sidebar_right' style='background-repeat: no-repeat; background-image: url(https:\/\/www.al-hami.de\/nsc\/wp-content\/uploads\/Anfahrt_NSC.jpg);background-attachment: scroll; background-position: center center;  '  data-section-bg-repeat='stretch'><div class='container' style='height:500px'><main  role=\"main\" itemprop=\"mainContentOfPage\"  class='template-page content  av-content-small alpha units'><div class='post-entry post-entry-type-page post-entry-954'><div class='entry-content-wrapper clearfix'>\n<\/div><\/div><\/main><!-- close content main element --><\/div><\/div><div id='av-layout-grid-1' class='av-layout-grid-container entry-content-wrapper main_color av-fixed-cells    avia-builder-el-1  el_after_av_section  el_before_av_section  submenu-not-first container_wrap sidebar_right' style=' '  >\n<div class=\"flex_cell no_margin av_one_half  avia-builder-el-2  el_before_av_cell_one_half  avia-builder-el-first   \" style='vertical-align:top; padding:9px 0px 0px 0px ; background-color:#1d8ea7; '><div class='flex_cell_inner' ><\/div><\/div><div class=\"flex_cell no_margin av_one_half  avia-builder-el-3  el_after_av_cell_one_half  avia-builder-el-last   \" style='vertical-align:top; padding:9px 0px 0px 0px ; background-color:#47b6cf; '><div class='flex_cell_inner' ><\/div><\/div>\n<\/div>\n<div id='av_section_2' class='avia-section main_color avia-section-huge avia-no-border-styling avia-bg-style-scroll  avia-builder-el-4  el_after_av_layout_row  avia-builder-el-last   container_wrap sidebar_right' style=' '  ><div class='container' ><div class='template-page content  av-content-small alpha units'><div class='post-entry post-entry-type-page post-entry-954'><div class='entry-content-wrapper clearfix'>\n<div class='flex_column_table av-equal-height-column-flextable -flextable' style='margin-top:-200px; margin-bottom:0px; '><div class=\"flex_column av_one_third  no_margin flex_column_table_cell av-equal-height-column av-align-top first  avia-builder-el-5  el_before_av_one_third  avia-builder-el-first  \" style='padding:40px; border-radius:0px; '><\/div><div class=\"flex_column av_one_third  no_margin flex_column_table_cell av-equal-height-column av-align-top   avia-builder-el-6  el_after_av_one_third  el_before_av_one_third  \" style='padding:40px; background-color:#27a1bc; border-radius:0px; '><p><span class=\"av_font_icon avia_animate_when_visible avia-icon-animate  av-icon-style-  avia-icon-pos-center \" style=\"color:#ffffff; border-color:#ffffff;\"><span class='av-icon-char' style='font-size:60px;line-height:60px;' aria-hidden='true' data-av_icon='\uf107' data-av_iconfont='medical' ><\/span><\/span><br \/>\n<div style='height:20px' class='hr hr-invisible   avia-builder-el-8  el_after_av_font_icon  el_before_av_textblock '><span class='hr-inner ' ><span class='hr-inner-style'><\/span><\/span><\/div><br \/>\n<section class=\"av_textblock_section \"  itemscope=\"itemscope\" itemtype=\"https:\/\/schema.org\/CreativeWork\" ><div class='avia_textblock  av_inherit_color '  style='color:#ffffff; '  itemprop=\"text\" ><h4 style=\"text-align: center;\">Kontakt<\/h4>\n<p style=\"text-align: center;\">Wir sind f\u00fcr Sie da. Schreiben Sie uns!<\/p>\n<\/div><\/section><br \/>\n<div style='height:8px' class='hr hr-invisible   avia-builder-el-10  el_after_av_textblock  avia-builder-el-last '><span class='hr-inner ' ><span class='hr-inner-style'><\/span><\/span><\/div><\/p><\/div><div class=\"flex_column av_one_third  no_margin flex_column_table_cell av-equal-height-column av-align-top   avia-builder-el-11  el_after_av_one_third  el_before_av_one_half  \" style='padding:40px; border-radius:0px; '><\/div><\/div><!--close column table wrapper. Autoclose: 1 --><div class=\"flex_column av_one_half  av-animated-generic bottom-to-top  flex_column_div av-zero-column-padding first  avia-builder-el-12  el_after_av_one_third  el_before_av_one_half  column-top-margin\" style='border-radius:0px; '><p><div style='padding-bottom:20px; font-size:34px;' class='av-special-heading av-special-heading-h3  blockquote modern-quote  avia-builder-el-13  el_before_av_contact  avia-builder-el-first   av-inherit-size '><div class ='av-subheading av-subheading_above  ' style='font-size:15px;'><p>Schreiben Sie uns, wenn Sie ein Anliegen haben. Wir werden uns umgehend bei Ihnen melden.<\/p>\n<\/div><h3 class='av-special-heading-tag '  itemprop=\"headline\"  >KONTAKTFORMULAR<\/h3><div class='special-heading-border'><div class='special-heading-inner-border' ><\/div><\/div><\/div><br \/>\n<form action=\"https:\/\/www.al-hami.de\/nsc\/kontakt\/\" method=\"post\"  class=\"avia_ajax_form av-form-labels-hidden   avia-builder-el-14  el_after_av_heading  avia-builder-el-last   \" data-avia-form-id=\"1\" data-avia-redirect=''><fieldset><p class=' first_form  form_element form_element_half' id='element_avia_1_1'> <input name=\"avia_1_1\" class=\"text_input is_empty\" type=\"text\" id=\"avia_1_1\" value=\"\"  placeholder='Name*'\/><\/p><p class=' form_element form_element_half' id='element_avia_2_1'> <input name=\"avia_2_1\" class=\"text_input is_email\" type=\"text\" id=\"avia_2_1\" value=\"\"  placeholder='E-Mail*'\/><\/p><p class=' first_form  form_element form_fullwidth' id='element_avia_3_1'> <input name=\"avia_3_1\" class=\"text_input is_empty\" type=\"text\" id=\"avia_3_1\" value=\"\"  placeholder='Betreff*'\/><\/p><p class=' first_form  form_element form_fullwidth' id='element_avia_4_1'>\t <textarea  placeholder='Ihre Nachricht*' name=\"avia_4_1\" class=\"text_area is_empty\" cols=\"40\" rows=\"7\" id=\"avia_4_1\" ><\/textarea><\/p><div id='avia_5_1' class='av-form-text'><p>\n<strong>Datenschutzhinweis:<\/strong> Wenn Sie uns per Kontaktformular Anfragen zukommen lassen, werden Ihre Angaben aus dem Anfrageformular inklusive der von Ihnen dort angegebenen Kontaktdaten zwecks Bearbeitung der Anfrage und f\u00fcr den Fall von Anschlussfragen bei uns gespeichert. Diese Daten geben wir nicht ohne Ihre Einwilligung weiter. Weitere Details finden Sie in der Datenschutzerkl\u00e4rung!<\/p>\n<\/div><p class=' first_form  form_element form_fullwidth av-last-visible-form-element' id='element_avia_6_1'>    <input  name=\"avia_6_1\" class=\"input_checkbox is_empty\" type=\"checkbox\" id=\"avia_6_1\" value=\"true\"\/><label class=\"input_checkbox_label\" for=\"avia_6_1\">Der Datenspeicherung der Daten aus diesem Kontaktformular stimme ich hiermit ausdr\u00fccklich zu. <abbr class=\"required\" title=\"ben\u00f6tigt\">*<\/abbr><\/label><\/p><p class=\"hidden\"><input type=\"text\" name=\"avia_7_1\" class=\"hidden \" id=\"avia_7_1\" value=\"\" \/><\/p><p class=\"form_element \"><input type=\"hidden\" value=\"1\" name=\"avia_generated_form1\" \/><input type=\"submit\" value=\"Anfrage absenden\" class=\"button\"  data-sending-label=\"Sende\"\/><\/p><\/fieldset><\/form><div id=\"ajaxresponse_1\" class=\"ajaxresponse ajaxresponse_1 hidden\"><\/div><\/p><\/div><div class=\"flex_column av_one_half  av-animated-generic bottom-to-top  flex_column_div av-zero-column-padding   avia-builder-el-15  el_after_av_one_half  avia-builder-el-last  column-top-margin\" style='border-radius:0px; '><p><div style='padding-bottom:20px; font-size:34px;' class='av-special-heading av-special-heading-h3  blockquote modern-quote  avia-builder-el-16  el_before_av_textblock  avia-builder-el-first   av-inherit-size '><h3 class='av-special-heading-tag '  itemprop=\"headline\"  >Wo Sie uns finden<\/h3><div class='special-heading-border'><div class='special-heading-inner-border' ><\/div><\/div><\/div><br \/>\n<section class=\"av_textblock_section \"  itemscope=\"itemscope\" itemtype=\"https:\/\/schema.org\/CreativeWork\" ><div class='avia_textblock  '   itemprop=\"text\" ><p><strong>M\u00fcnsterfeldallee 2<\/strong><br \/>\n36041 Fulda, Hessen, Deutschland<\/p>\n<p><strong>E-Mail: &#x6b;&#108;i&#x6e;&#x69;&#107;m&#x61;&#110;a&#x67;&#x65;&#109;e&#x6e;&#116;&#64;&#x6e;&#x65;&#117;r&#x6f;&#x2d;&#115;&#x70;&#x69;&#110;e&#x2d;&#x63;&#101;n&#x74;&#101;r&#x2e;&#x63;&#111;m<\/strong><br \/>\nTelefon: +49 (0)661 &#8211; 5801-0<\/p>\n<\/div><\/section><br \/>\n<div style='height:15px' class='hr hr-invisible   avia-builder-el-18  el_after_av_textblock  el_before_av_textblock '><span class='hr-inner ' ><span class='hr-inner-style'><\/span><\/span><\/div><br \/>\n<section class=\"av_textblock_section \"  itemscope=\"itemscope\" itemtype=\"https:\/\/schema.org\/CreativeWork\" ><div class='avia_textblock  '   itemprop=\"text\" ><p><strong>M\u00f6chten Sie einen Termin vereinbaren?<\/strong><\/p>\n<p>Die Terminvereinbarung erlaubt uns l\u00e4ngere individuelle Gespr\u00e4che und gibt uns zus\u00e4tzlich Zeit, spezielle Fragen zu beantworten und die Konzentration auf die Pers\u00f6nlichkeit zu erh\u00f6hen. Dadurch k\u00f6nnen Therapiekonzepte <strong>optimal auf Ihre Bed\u00fcrfnisse abgestimmt<\/strong> werden.<\/p>\n<p>Die Terminvergabe und Beratung erfolgt separat durch unsere Praxis und \u00fcber speziell geschultes Personal.<\/p>\n<p>Vereinbaren Sie bitte einen Termin unter der Nummer 0661 \u2013 9019-123 oder \u00fcber das <a href=\"http:\/\/www.al-hami.de\/prx\/kontakt\/\" target=\"_blank\" rel=\"noopener noreferrer\">Kontaktformular der Praxis<\/a>.<\/p>\n<\/div><\/section><\/p><\/div>\n<\/div><\/div><\/div><!-- close content main div --><\/div><\/div><div id='after_section_2' class='main_color av_default_container_wrap container_wrap sidebar_right' style=' '  ><div class='container' ><div class='template-page content  av-content-small alpha units'><div class='post-entry post-entry-type-page post-entry-954'><div class='entry-content-wrapper clearfix'>\n","protected":false},"excerpt":{"rendered":"","protected":false},"author":8,"featured_media":0,"parent":0,"menu_order":110,"comment_status":"closed","ping_status":"closed","template":"","meta":[],"_links":{"self":[{"href":"https:\/\/www.al-hami.de\/nsc\/wp-json\/wp\/v2\/pages\/954"}],"collection":[{"href":"https:\/\/www.al-hami.de\/nsc\/wp-json\/wp\/v2\/pages"}],"about":[{"href":"https:\/\/www.al-hami.de\/nsc\/wp-json\/wp\/v2\/types\/page"}],"author":[{"embeddable":true,"href":"https:\/\/www.al-hami.de\/nsc\/wp-json\/wp\/v2\/users\/8"}],"replies":[{"embeddable":true,"href":"https:\/\/www.al-hami.de\/nsc\/wp-json\/wp\/v2\/comments?post=954"}],"version-history":[{"count":24,"href":"https:\/\/www.al-hami.de\/nsc\/wp-json\/wp\/v2\/pages\/954\/revisions"}],"predecessor-version":[{"id":5844,"href":"https:\/\/www.al-hami.de\/nsc\/wp-json\/wp\/v2\/pages\/954\/revisions\/5844"}],"wp:attachment":[{"href":"https:\/\/www.al-hami.de\/nsc\/wp-json\/wp\/v2\/media?parent=954"}],"curies":[{"name":"wp","href":"https:\/\/api.w.org\/{rel}","templated":true}]}}