{"id":959,"date":"2016-07-15T14:20:26","date_gmt":"2016-07-15T12:20:26","guid":{"rendered":"http:\/\/test.kriesi.at\/enfold-medical\/?page_id=959"},"modified":"2025-11-13T15:36:00","modified_gmt":"2025-11-13T14:36:00","slug":"karriere","status":"publish","type":"page","link":"https:\/\/www.al-hami.de\/nsc\/karriere\/","title":{"rendered":"Karriere"},"content":{"rendered":"<div id='av-layout-grid-1' class='av-layout-grid-container entry-content-wrapper main_color av-flex-cells    avia-builder-el-0  el_before_av_section  avia-builder-el-first  container_wrap sidebar_right' style=' '  >\n<div class=\"flex_cell no_margin av_one_half  avia-builder-el-1  el_before_av_cell_one_half  avia-builder-el-first   avia-full-stretch \" style='height:500px; min-height:500px;vertical-align:middle; padding:80px; background-color:#19839a; '><div class='flex_cell_inner' ><p><div style='padding-bottom:25px; color:#ffffff;font-size:34px;' class='av-special-heading av-special-heading-h3 custom-color-heading blockquote modern-quote  avia-builder-el-2  el_before_av_textblock  avia-builder-el-first   av-inherit-size '><div class ='av-subheading av-subheading_above av_custom_color ' style='font-size:15px;'><p>Ihre Karriere im Neuro Spine Center<\/p>\n<\/div><h3 class='av-special-heading-tag '  itemprop=\"headline\"  >Wir haben offene Stellen zu vergeben. Bewerben Sie sich jetzt!<\/h3><div class='special-heading-border'><div class='special-heading-inner-border' style='border-color:#ffffff'><\/div><\/div><\/div><br \/>\n<section class=\"av_textblock_section \"  itemscope=\"itemscope\" itemtype=\"https:\/\/schema.org\/CreativeWork\" ><div class='avia_textblock  av_inherit_color '  style='color:#ffffff; '  itemprop=\"text\" ><p>Wir freuen uns \u00fcber Ihre aussagekr\u00e4ftigen Bewerbungsunterlagen.<\/p>\n<\/div><\/section><\/p>\n<\/div><\/div><div class=\"flex_cell no_margin av_one_half  avia-builder-el-4  el_after_av_cell_one_half  avia-builder-el-last   avia-full-stretch av-zero-padding \" style='height:500px; min-height:500px;background:url(https:\/\/www.al-hami.de\/nsc\/wp-content\/uploads\/110701_Aussenansicht-1030x686.jpg) center center no-repeat scroll; vertical-align:middle; padding:0px; background-color:#19839a; '><div class='flex_cell_inner' ><\/div><\/div>\n<\/div>\n<div id='av_section_1' class='avia-section main_color avia-section-huge avia-no-border-styling avia-bg-style-scroll  avia-builder-el-5  el_after_av_layout_row  el_before_av_layout_row   container_wrap sidebar_right' style=' '  ><div class='container' ><div class='template-page content  av-content-small alpha units'><div class='post-entry post-entry-type-page post-entry-959'><div class='entry-content-wrapper clearfix'>\n<div class='flex_column_table av-equal-height-column-flextable -flextable' style='margin-top:-200px; margin-bottom:0px; '><div class=\"flex_column av_one_third  no_margin flex_column_table_cell av-equal-height-column av-align-top first  avia-builder-el-6  el_before_av_one_third  avia-builder-el-first  \" style='padding:40px; border-radius:0px; '><\/div><div class=\"flex_column av_one_third  no_margin flex_column_table_cell av-equal-height-column av-align-top   avia-builder-el-7  el_after_av_one_third  el_before_av_one_third  \" style='padding:40px; background-color:#27a1bc; border-radius:0px; '><p><span class=\"av_font_icon avia_animate_when_visible avia-icon-animate  av-icon-style-  avia-icon-pos-center \" style=\"color:#ffffff; border-color:#ffffff;\"><span class='av-icon-char' style='font-size:60px;line-height:60px;' aria-hidden='true' data-av_icon='\uf133' data-av_iconfont='medical' ><\/span><\/span><br \/>\n<div style='height:20px' class='hr hr-invisible   avia-builder-el-9  el_after_av_font_icon  el_before_av_textblock '><span class='hr-inner ' ><span class='hr-inner-style'><\/span><\/span><\/div><br \/>\n<section class=\"av_textblock_section \"  itemscope=\"itemscope\" itemtype=\"https:\/\/schema.org\/CreativeWork\" ><div class='avia_textblock  av_inherit_color '  style='color:#ffffff; '  itemprop=\"text\" ><h4 style=\"text-align: center;\">Aktuelle Stellenangebote<\/h4>\n<\/div><\/section><\/p><\/div><div class=\"flex_column av_one_third  no_margin flex_column_table_cell av-equal-height-column av-align-top   avia-builder-el-11  el_after_av_one_third  avia-builder-el-last  \" style='padding:40px; border-radius:0px; '><\/div><\/div><!--close column table wrapper. Autoclose: 1 -->\n\n<\/div><\/div><\/div><!-- close content main div --><\/div><\/div><div id='av-layout-grid-2' class='av-layout-grid-container entry-content-wrapper main_color av-flex-cells    avia-builder-el-12  el_after_av_section  el_before_av_layout_row  submenu-not-first container_wrap sidebar_right' style=' '  >\n<div class=\"flex_cell no_margin av_one_full  avia-builder-el-13  avia-builder-el-no-sibling   \" style='height:500px; min-height:500px;background: #19839a; vertical-align:middle; padding:80px; background-color:#19839a; '><div class='flex_cell_inner' ><p><div style='padding-bottom:10px; color:#ffffff;font-size:34px;' class='av-special-heading av-special-heading-h3 custom-color-heading blockquote modern-quote  avia-builder-el-14  el_before_av_textblock  avia-builder-el-first   av-inherit-size '><div class ='av-subheading av-subheading_above av_custom_color ' style='font-size:15px;'><p>Wir suchen ab sofort eine\/n<\/p>\n<\/div><h3 class='av-special-heading-tag '  itemprop=\"headline\"  >Leitender Arzt f\u00fcr An\u00e4sthesie (M\/W\/D)<\/h3><div class='special-heading-border'><div class='special-heading-inner-border' style='border-color:#ffffff'><\/div><\/div><\/div><br \/>\n<section class=\"av_textblock_section \"  itemscope=\"itemscope\" itemtype=\"https:\/\/schema.org\/CreativeWork\" ><div class='avia_textblock  av_inherit_color '  style='color:#ffffff; '  itemprop=\"text\" ><p>Zur Verst\u00e4rkung unseres Teams suchen wir einen Leitenden Arzt f\u00fcr An\u00e4sthesie (M\/W\/D).<\/p>\n<p>Bei Interesse bewerben Sie sich bitte unter &#x73;&#46;&#x61;&#108;&#x68;&#97;m&#x69;&#64;&#x61;&#111;&#x6c;&#46;c&#x6f;&#109;.<\/p>\n<\/div><\/section><\/p>\n<\/div><\/div>\n<\/div>\n<div id='av-layout-grid-3' class='av-layout-grid-container entry-content-wrapper main_color av-flex-cells    avia-builder-el-16  el_after_av_layout_row  el_before_av_hr  submenu-not-first container_wrap sidebar_right' style=' '  >\n<div class=\"flex_cell no_margin av_one_full  avia-builder-el-17  avia-builder-el-no-sibling   \" style='height:500px; min-height:500px;background: #19839a; vertical-align:middle; padding:80px; background-color:#19839a; '><div class='flex_cell_inner' ><p><div style='padding-bottom:10px; color:#ffffff;font-size:34px;' class='av-special-heading av-special-heading-h3 custom-color-heading blockquote modern-quote  avia-builder-el-18  el_before_av_textblock  avia-builder-el-first  av-inherit-size '><div class ='av-subheading av-subheading_above av_custom_color ' style='font-size:15px;'><p>Wir suchen ab sofort eine\/n<\/p>\n<\/div><h3 class='av-special-heading-tag '  itemprop=\"headline\"  >Gesundheits- und Krankenpfleger f\u00fcr Station und OP (M\/W\/D)<\/h3><div class='special-heading-border'><div class='special-heading-inner-border' style='border-color:#ffffff'><\/div><\/div><\/div><br \/>\n<section class=\"av_textblock_section \"  itemscope=\"itemscope\" itemtype=\"https:\/\/schema.org\/CreativeWork\" ><div class='avia_textblock  av_inherit_color '  style='color:#ffffff; '  itemprop=\"text\" ><p>Zur Verst\u00e4rkung unseres Teams suchen wir Gesundheits- und Krankenpfleger (m\/w\/d) f\u00fcr unsere Station und f\u00fcr unseren OP.<\/p>\n<p>Bei Interesse bewerben Sie sich bitte unter <a href=\"mailto:bewerbungen&#64;neuro&#45;&#115;&#112;&#105;&#110;&#101;&#45;&#99;&#101;&#110;&#116;&#101;&#114;&#46;&#99;&#111;&#109;\">bew&#101;&#114;&#98;&#117;&#x6e;&#x67;&#x65;&#x6e;&#x40;&#x6e;&#x65;uro&#45;&#115;&#112;&#105;&#110;&#x65;&#x2d;&#x63;&#x65;&#x6e;&#x74;er&#46;c&#111;&#109;<\/a><\/p>\n<\/div><\/section><\/p>\n<\/div><\/div><\/div><div id='after_submenu_3' class='main_color av_default_container_wrap container_wrap sidebar_right' style=' '  ><div class='container' ><div class='template-page content  av-content-small alpha units'><div class='post-entry post-entry-type-page post-entry-959'><div class='entry-content-wrapper clearfix'><div style='height:20px' class='hr hr-invisible   avia-builder-el-20  el_after_av_layout_row  avia-builder-el-no-sibling '><span class='hr-inner ' ><span class='hr-inner-style'><\/span><\/span><\/div><\/p>\n","protected":false},"excerpt":{"rendered":"","protected":false},"author":8,"featured_media":0,"parent":0,"menu_order":40,"comment_status":"closed","ping_status":"closed","template":"","meta":[],"_links":{"self":[{"href":"https:\/\/www.al-hami.de\/nsc\/wp-json\/wp\/v2\/pages\/959"}],"collection":[{"href":"https:\/\/www.al-hami.de\/nsc\/wp-json\/wp\/v2\/pages"}],"about":[{"href":"https:\/\/www.al-hami.de\/nsc\/wp-json\/wp\/v2\/types\/page"}],"author":[{"embeddable":true,"href":"https:\/\/www.al-hami.de\/nsc\/wp-json\/wp\/v2\/users\/8"}],"replies":[{"embeddable":true,"href":"https:\/\/www.al-hami.de\/nsc\/wp-json\/wp\/v2\/comments?post=959"}],"version-history":[{"count":127,"href":"https:\/\/www.al-hami.de\/nsc\/wp-json\/wp\/v2\/pages\/959\/revisions"}],"predecessor-version":[{"id":6349,"href":"https:\/\/www.al-hami.de\/nsc\/wp-json\/wp\/v2\/pages\/959\/revisions\/6349"}],"wp:attachment":[{"href":"https:\/\/www.al-hami.de\/nsc\/wp-json\/wp\/v2\/media?parent=959"}],"curies":[{"name":"wp","href":"https:\/\/api.w.org\/{rel}","templated":true}]}}